{"id":33897,"date":"2025-03-08T20:20:48","date_gmt":"2025-03-08T19:20:48","guid":{"rendered":"https:\/\/agadopro-academy.com\/?post_type=product&#038;p=33897"},"modified":"2025-04-21T16:37:22","modified_gmt":"2025-04-21T14:37:22","slug":"digitalizacio-3-9","status":"publish","type":"product","link":"https:\/\/agadopro-academy.com\/hu\/termek\/digitalizacio-3-9\/","title":{"rendered":"Digitaliz\u00e1ci\u00f3 3.9"},"content":{"rendered":"<h1 data-start=\"919\" data-end=\"1184\"><strong data-start=\"919\" data-end=\"1004\">\u00dcdv\u00f6z\u00f6lj\u00fck a \u201eDigitaliz\u00e1ci\u00f3 3.9 \u2013 Kritikus l\u00e9p\u00e9sek az Ipar 4.0 el\u0151tt\u201d programban!<\/strong> \ud83d\ude80<\/h1>\n<p class=\"\" data-start=\"919\" data-end=\"1184\"><br data-start=\"1007\" data-end=\"1010\" \/>Egy gyakorlatorient\u00e1lt fejleszt\u00e9si csomag olyan v\u00e1llalatoknak, akik nemcsak \u201edigitaliz\u00e1lni\u201d akarnak, hanem el\u0151sz\u00f6r stabil alapokat k\u00edv\u00e1nnak teremteni a szervezeti m\u0171k\u00f6d\u00e9sben.<\/p>\n<p class=\"\" data-start=\"1186\" data-end=\"1461\">Ez a program olyan szakembereknek \u00e9s d\u00f6nt\u00e9shoz\u00f3knak sz\u00f3l, akik felismerik, hogy a val\u00f3di v\u00e1ltoz\u00e1s bel\u00fclr\u0151l indul.<br data-start=\"1299\" data-end=\"1302\" \/>Struktur\u00e1lt modulokon, gyakorlati feladatokon \u00e9s szem\u00e9lyre szabott tan\u00e1csad\u00e1son kereszt\u00fcl vezetj\u00fck v\u00e9gig a r\u00e9sztvev\u0151ket a tudatos szervezeti felk\u00e9sz\u00fcl\u00e9s \u00fatj\u00e1n.<\/p>\n<p class=\"\" data-start=\"1463\" data-end=\"1556\">\ud83d\udc65 <strong data-start=\"1466\" data-end=\"1496\">Csoportl\u00e9tsz\u00e1m: max. 12 f\u0151<\/strong><br data-start=\"1496\" data-end=\"1499\" \/>Kis l\u00e9tsz\u00e1m, egy\u00e9ni figyelem \u00e9s biztons\u00e1gos tanul\u00e1si t\u00e9r.<\/p>\n<p class=\"\" data-start=\"1558\" data-end=\"1675\">\ud83d\udd37 <strong data-start=\"1561\" data-end=\"1603\">7 hetes online k\u00e9pz\u00e9s (heti 1\u00d790 perc)<\/strong><br data-start=\"1603\" data-end=\"1606\" \/>Minden h\u00e9ten \u00faj t\u00e9mak\u00f6rt dolgozunk fel \u2013 \u00e9l\u0151 p\u00e9ld\u00e1kkal, interakt\u00edvan.<\/p>\n<p class=\"\" data-start=\"1677\" data-end=\"1711\"><strong data-start=\"1677\" data-end=\"1711\">Tematika \u2013 7 h\u00e9t, 7 kulcst\u00e9ma:<\/strong><\/p>\n<p class=\"\" data-start=\"1713\" data-end=\"2062\">1\ufe0f\u20e3 Szervezeti strukt\u00fara, csapatmunka \u00e9s kommunik\u00e1ci\u00f3<br data-start=\"1766\" data-end=\"1769\" \/>2\ufe0f\u20e3 Performance Control System \u00e9s felel\u0151ss\u00e9gi logika<br data-start=\"1821\" data-end=\"1824\" \/>3\ufe0f\u20e3 KPI-ok meghat\u00e1roz\u00e1sa, prioriz\u00e1l\u00e1s \u00e9s vizualiz\u00e1l\u00e1s<br data-start=\"1877\" data-end=\"1880\" \/>4\ufe0f\u20e3 Dashboardok \u00e9s adatvez\u00e9relt d\u00f6nt\u00e9shozatal<br data-start=\"1925\" data-end=\"1928\" \/>5\ufe0f\u20e3 Folyamatfejleszt\u00e9s \u00e9s hat\u00e9konys\u00e1gn\u00f6vel\u00e9s<br data-start=\"1972\" data-end=\"1975\" \/>6\ufe0f\u20e3 Probl\u00e9mamegold\u00e1s \u00e9s folyamatos fejl\u0151d\u00e9s<br data-start=\"2018\" data-end=\"2021\" \/>7\ufe0f\u20e3 T\u00e1mogat\u00f3 vezet\u00e9s \u00e9s v\u00e1ltoz\u00e1skezel\u00e9s<\/p>\n<p class=\"\" data-start=\"2064\" data-end=\"2111\"><span style=\"color: #ff0000;\">\ud83c\udf81 <strong data-start=\"2067\" data-end=\"2111\">Csomagaj\u00e1nlat \u2013 gyakorlati t\u00e1mogat\u00e1ssal:<\/strong><\/span><\/p>\n<p class=\"\" data-start=\"2113\" data-end=\"2254\">\u2b50 <strong data-start=\"2115\" data-end=\"2163\">3 alkalmas egy\u00e9ni tan\u00e1csad\u00e1s (1 \u00f3ra\/alkalom)<\/strong><br data-start=\"2163\" data-end=\"2166\" \/>\u2013 Konkr\u00e9t szervezeti kih\u00edv\u00e1sok elemz\u00e9se<br data-start=\"2205\" data-end=\"2208\" \/>\u2013 Strat\u00e9gi\u00e1k testreszab\u00e1sa \u00e9s visszajelz\u00e9sek<\/p>\n<p class=\"\" data-start=\"2256\" data-end=\"2354\">\u2b50 <strong data-start=\"2258\" data-end=\"2289\">3 h\u00f3napos MentoRING-program<\/strong><br data-start=\"2289\" data-end=\"2292\" \/>\u2013 Ut\u00f3k\u00f6vet\u00e9s, tapasztalatmegoszt\u00e1s \u00e9s megval\u00f3s\u00edt\u00e1s-t\u00e1mogat\u00e1s<\/p>\n<p class=\"\" data-start=\"2356\" data-end=\"2619\">\ud83c\udfaf <strong data-start=\"2359\" data-end=\"2378\">Kinek aj\u00e1nljuk?<\/strong><br data-start=\"2378\" data-end=\"2381\" \/>\ud83d\udd39 Minden ter\u00fclet vezet\u0151inek (termel\u00e9s, logisztika, adminisztr\u00e1ci\u00f3)<br data-start=\"2452\" data-end=\"2455\" \/>\ud83d\udd39 Olyan c\u00e9geknek, akik digitaliz\u00e1ci\u00f3 el\u0151tt rendszert \u00e9s folyamatot akarnak \u00e9p\u00edteni<br data-start=\"2538\" data-end=\"2541\" \/>\ud83d\udd39 D\u00f6nt\u00e9shoz\u00f3knak, akik val\u00f3di eredm\u00e9nyeket \u00e9s nem csak adatokat szeretn\u00e9nek<\/p>\n<p class=\"\" data-start=\"2621\" data-end=\"2699\">\ud83d\udcc5 <strong>Indul\u00e1s: 2025. m\u00e1jus 19. h\u00e9tf\u0151<\/strong><br data-start=\"2648\" data-end=\"2651\" \/><strong>\u23f3 Id\u0151tartam: kb. 3 h\u00f3nap + 3 h\u00f3nap k\u00f6vet\u00e9s<\/strong><\/p>\n<p class=\"\" data-start=\"2701\" data-end=\"2781\">\u2705 <strong data-start=\"2703\" data-end=\"2718\">Eredm\ufffd\ufffdnyek:<\/strong> \u00e1tl\u00e1that\u00f3 m\u0171k\u00f6d\u00e9s, m\u00e9rhet\u0151 teljes\u00edtm\u00e9ny, elk\u00f6telezett csapatok<\/p>\n<p class=\"\" data-start=\"2783\" data-end=\"2937\">\ud83d\ude80 <strong data-start=\"2786\" data-end=\"2868\">Ez t\u00f6bb mint k\u00e9pz\u00e9s \u2013 ez egy strat\u00e9giai eszk\u00f6z a sikeres digit\u00e1lis \u00e1tmenethez!<\/strong><br data-start=\"2868\" data-end=\"2871\" \/>\ud83d\udc49 Jelentkezzen most, \u00e9s alapozza meg c\u00e9ge digitaliz\u00e1ci\u00f3s j\u00f6v\u0151j\u00e9t!<\/p>\n","protected":false},"excerpt":{"rendered":"<h1 data-start=\"919\" data-end=\"1184\"><strong data-start=\"919\" data-end=\"1004\">Digitaliz\u00e1ci\u00f3 3.9 \u2013 Kritikus l\u00e9p\u00e9sek az Ipar 4.0 el\u0151tt<\/strong><\/h1>\n<p class=\"\" data-start=\"87\" data-end=\"381\">Ez a program azoknak sz\u00f3l, akik a digitaliz\u00e1ci\u00f3t nem puszt\u00e1n technol\u00f3giai fejleszt\u00e9sk\u00e9nt, hanem \u00e1tfog\u00f3 szervezeti \u00e1talakul\u00e1sk\u00e9nt \u00e9rtik.<br data-start=\"222\" data-end=\"225\" \/>Seg\u00edt\u00fcnk abban, hogy csapata, folyamatai \u00e9s d\u00f6nt\u00e9shozatali strukt\u00far\u00e1i val\u00f3ban felk\u00e9sz\u00fcltek legyenek \u2013 m\u00e9g miel\u0151tt komoly technol\u00f3giai beruh\u00e1z\u00e1sokba kezdene.<\/p>\n<p data-start=\"383\" data-end=\"505\">\ud83d\udcc5 <strong>Indul\u00e1s: 2025. m\u00e1jus 19. h\u00e9tf\u0151<\/strong><br data-start=\"2648\" data-end=\"2651\" \/><strong>\u23f3 Id\u0151tartam: kb. 3 h\u00f3nap + 3 h\u00f3nap k\u00f6vet\u00e9s<\/strong><\/p>\n<p class=\"\" data-start=\"383\" data-end=\"505\">\u2705 Struktur\u00e1lt m\u0171k\u00f6d\u00e9s<br data-start=\"404\" data-end=\"407\" \/>\u2705 Tiszta felel\u0151ss\u00e9gi k\u00f6r\u00f6k<br data-start=\"433\" data-end=\"436\" \/>\u2705 Haszn\u00e1lhat\u00f3 KPI-ok \u00e9s dashboardok<br data-start=\"471\" data-end=\"474\" \/>\u2705 Motiv\u00e1lt, elk\u00f6telezett csapat<\/p>\n<p class=\"\" data-start=\"507\" data-end=\"614\">\ud83c\udfaf Azoknak a c\u00e9geknek, akik nem a probl\u00e9m\u00e1k elfed\u00e9s\u00e9re, hanem azok megold\u00e1s\u00e1ra haszn\u00e1lj\u00e1k a digitaliz\u00e1ci\u00f3t.<\/p>\n<hr class=\"\" data-start=\"616\" data-end=\"619\" \/>\n<p class=\"\" data-start=\"621\" data-end=\"804\">\ud83c\udf81 <strong data-start=\"624\" data-end=\"673\">Csomagaj\u00e1nlat a fenntarthat\u00f3 megval\u00f3s\u00edt\u00e1s\u00e9rt:<\/strong><br data-start=\"673\" data-end=\"676\" \/>\ud83d\udd39 7 \u00e9l\u0151 online modul (90 perc\/modul)<br data-start=\"713\" data-end=\"716\" \/>\ud83d\udd39 3 egy\u00e9ni tan\u00e1csad\u00e1si alkalom<br data-start=\"747\" data-end=\"750\" \/>\ud83d\udd39 3 h\u00f3napos MentoRING-program gyakorlati t\u00e1mogat\u00e1ssal<\/p>\n<p class=\"\" data-start=\"806\" data-end=\"879\">\ud83d\udc49 Csatlakozzon most, \u00e9s tegye szervezet\u00e9t val\u00f3ban digitaliz\u00e1ci\u00f3-k\u00e9pess\u00e9!<\/p>\n","protected":false},"featured_media":33245,"comment_status":"open","ping_status":"closed","template":"","meta":{"pmpro_default_level":""},"product_brand":[],"product_cat":[2737,1959,1970,2835,2591,2836,2855,2853,1958,1967],"product_tag":[2249,2258,2248,2916,2250,2080,2044,2256,2261,2252,2917,2201],"class_list":{"0":"post-33897","1":"product","2":"type-product","3":"status-publish","4":"has-post-thumbnail","6":"product_cat-consulting-2","7":"product_cat-csomag-ajanlatok","8":"product_cat-gyartasfejlesztes","9":"product_cat-helyszin","10":"product_cat-magyar","11":"product_cat-online","12":"product_cat-projekt-tamogato-tanacsadas","13":"product_cat-tanacsadas","14":"product_cat-tanfolyamok","15":"product_cat-uzlet-es-management","16":"product_tag-1to1-coaching-hu","17":"product_tag-bizalomepites","18":"product_tag-coaching-hu","19":"product_tag-digitalizacio","20":"product_tag-egyeni-coaching","21":"product_tag-keszsegfejlesztes","22":"product_tag-kommunikacios-keszsegek","23":"product_tag-szemelyes-celok","24":"product_tag-szemelyes-fejlodes","25":"product_tag-szemelyes-novekedes","26":"product_tag-szervezetfejlesztes","27":"product_tag-vezetoi-kepzes","28":"pmpro-has-access","30":"first","31":"instock","32":"virtual","33":"sold-individually","34":"taxable","35":"purchasable","36":"product-type-course"},"yoast_head":"<!-- This site is optimized with the Yoast SEO plugin v25.8 - https:\/\/yoast.com\/wordpress\/plugins\/seo\/ -->\n<title>Digitaliz\u00e1ci\u00f3 3.9 - AgadoPro-Academy<\/title>\n<meta name=\"description\" content=\"Ker\u00fclje el a digitaliz\u00e1ci\u00f3 buktat\u00f3it! Tanulja meg, hogyan alak\u00edthat ki hat\u00e9kony, adatalap\u00fa folyamatokat, \u00e9s \u00e9rjen el val\u00f3di \u00fczleti eredm\u00e9nyeket!\" \/>\n<meta name=\"robots\" content=\"index, follow, max-snippet:-1, max-image-preview:large, max-video-preview:-1\" \/>\n<link rel=\"canonical\" href=\"https:\/\/agadopro-academy.com\/hu\/termek\/digitalizacio-3-9\/\" \/>\n<meta property=\"og:locale\" content=\"hu_HU\" \/>\n<meta property=\"og:type\" content=\"article\" \/>\n<meta property=\"og:title\" content=\"Digitaliz\u00e1ci\u00f3 3.9 - AgadoPro-Academy\" \/>\n<meta property=\"og:description\" content=\"Ker\u00fclje el a digitaliz\u00e1ci\u00f3 buktat\u00f3it! Tanulja meg, hogyan alak\u00edthat ki hat\u00e9kony, adatalap\u00fa folyamatokat, \u00e9s \u00e9rjen el val\u00f3di \u00fczleti eredm\u00e9nyeket!\" \/>\n<meta property=\"og:url\" content=\"https:\/\/agadopro-academy.com\/hu\/termek\/digitalizacio-3-9\/\" \/>\n<meta property=\"og:site_name\" content=\"AgadoPro-Academy\" \/>\n<meta property=\"article:modified_time\" content=\"2025-04-21T14:37:22+00:00\" \/>\n<meta property=\"og:image\" content=\"https:\/\/agadopro-academy.com\/wp-content\/uploads\/2025\/03\/Bejegyzesekhez-kep-2-40.jpg\" \/>\n\t<meta property=\"og:image:width\" content=\"1920\" \/>\n\t<meta property=\"og:image:height\" content=\"1080\" \/>\n\t<meta property=\"og:image:type\" content=\"image\/jpeg\" \/>\n<script type=\"application\/ld+json\" class=\"yoast-schema-graph\">{\"@context\":\"https:\/\/schema.org\",\"@graph\":[{\"@type\":\"WebPage\",\"@id\":\"https:\/\/agadopro-academy.com\/hu\/termek\/digitalizacio-3-9\/\",\"url\":\"https:\/\/agadopro-academy.com\/hu\/termek\/digitalizacio-3-9\/\",\"name\":\"Digitaliz\u00e1ci\u00f3 3.9 - AgadoPro-Academy\",\"isPartOf\":{\"@id\":\"https:\/\/agadopro-academy.com\/hu\/#website\"},\"primaryImageOfPage\":{\"@id\":\"https:\/\/agadopro-academy.com\/hu\/termek\/digitalizacio-3-9\/#primaryimage\"},\"image\":{\"@id\":\"https:\/\/agadopro-academy.com\/hu\/termek\/digitalizacio-3-9\/#primaryimage\"},\"thumbnailUrl\":\"https:\/\/i0.wp.com\/agadopro-academy.com\/wp-content\/uploads\/2025\/03\/Bejegyzesekhez-kep-2-40.jpg?fit=1920%2C1080&ssl=1\",\"datePublished\":\"2025-03-08T19:20:48+00:00\",\"dateModified\":\"2025-04-21T14:37:22+00:00\",\"description\":\"Ker\u00fclje el a digitaliz\u00e1ci\u00f3 buktat\u00f3it! Tanulja meg, hogyan alak\u00edthat ki hat\u00e9kony, adatalap\u00fa folyamatokat, \u00e9s \u00e9rjen el val\u00f3di \u00fczleti eredm\u00e9nyeket!\",\"breadcrumb\":{\"@id\":\"https:\/\/agadopro-academy.com\/hu\/termek\/digitalizacio-3-9\/#breadcrumb\"},\"inLanguage\":\"hu\",\"potentialAction\":[{\"@type\":\"ReadAction\",\"target\":[\"https:\/\/agadopro-academy.com\/hu\/termek\/digitalizacio-3-9\/\"]}]},{\"@type\":\"ImageObject\",\"inLanguage\":\"hu\",\"@id\":\"https:\/\/agadopro-academy.com\/hu\/termek\/digitalizacio-3-9\/#primaryimage\",\"url\":\"https:\/\/i0.wp.com\/agadopro-academy.com\/wp-content\/uploads\/2025\/03\/Bejegyzesekhez-kep-2-40.jpg?fit=1920%2C1080&ssl=1\",\"contentUrl\":\"https:\/\/i0.wp.com\/agadopro-academy.com\/wp-content\/uploads\/2025\/03\/Bejegyzesekhez-kep-2-40.jpg?fit=1920%2C1080&ssl=1\",\"width\":1920,\"height\":1080},{\"@type\":\"BreadcrumbList\",\"@id\":\"https:\/\/agadopro-academy.com\/hu\/termek\/digitalizacio-3-9\/#breadcrumb\",\"itemListElement\":[{\"@type\":\"ListItem\",\"position\":1,\"name\":\"F\u0151oldal\",\"item\":\"https:\/\/agadopro-academy.com\/hu\/fooldal\/\"},{\"@type\":\"ListItem\",\"position\":2,\"name\":\"Shop\",\"item\":\"https:\/\/agadopro-academy.com\/hu\/shop\/\"},{\"@type\":\"ListItem\",\"position\":3,\"name\":\"Digitaliz\u00e1ci\u00f3 3.9\"}]},{\"@type\":\"WebSite\",\"@id\":\"https:\/\/agadopro-academy.com\/hu\/#website\",\"url\":\"https:\/\/agadopro-academy.com\/hu\/\",\"name\":\"AgadoPro-Academy\",\"description\":\"Empowering Minds, Unlocking Potential\",\"publisher\":{\"@id\":\"https:\/\/agadopro-academy.com\/hu\/#organization\"},\"potentialAction\":[{\"@type\":\"SearchAction\",\"target\":{\"@type\":\"EntryPoint\",\"urlTemplate\":\"https:\/\/agadopro-academy.com\/hu\/?s={search_term_string}\"},\"query-input\":{\"@type\":\"PropertyValueSpecification\",\"valueRequired\":true,\"valueName\":\"search_term_string\"}}],\"inLanguage\":\"hu\"},{\"@type\":\"Organization\",\"@id\":\"https:\/\/agadopro-academy.com\/hu\/#organization\",\"name\":\"AgadoPro-Akad\u00e9mia\",\"url\":\"https:\/\/agadopro-academy.com\/hu\/\",\"logo\":{\"@type\":\"ImageObject\",\"inLanguage\":\"hu\",\"@id\":\"https:\/\/agadopro-academy.com\/hu\/#\/schema\/logo\/image\/\",\"url\":\"https:\/\/i0.wp.com\/agadopro-academy.com\/wp-content\/uploads\/2024\/11\/image003-e1732794537988.png?fit=500%2C207&ssl=1\",\"contentUrl\":\"https:\/\/i0.wp.com\/agadopro-academy.com\/wp-content\/uploads\/2024\/11\/image003-e1732794537988.png?fit=500%2C207&ssl=1\",\"width\":500,\"height\":207,\"caption\":\"AgadoPro-Akad\u00e9mia\"},\"image\":{\"@id\":\"https:\/\/agadopro-academy.com\/hu\/#\/schema\/logo\/image\/\"},\"sameAs\":[\"https:\/\/www.linkedin.com\/company\/agadopro-academy\/about\/?viewAsMember=true\"]}]}<\/script>\n<!-- \/ Yoast SEO plugin. -->","yoast_head_json":{"title":"Digitaliz\u00e1ci\u00f3 3.9 - AgadoPro-Academy","description":"Ker\u00fclje el a digitaliz\u00e1ci\u00f3 buktat\u00f3it! Tanulja meg, hogyan alak\u00edthat ki hat\u00e9kony, adatalap\u00fa folyamatokat, \u00e9s \u00e9rjen el val\u00f3di \u00fczleti eredm\u00e9nyeket!","robots":{"index":"index","follow":"follow","max-snippet":"max-snippet:-1","max-image-preview":"max-image-preview:large","max-video-preview":"max-video-preview:-1"},"canonical":"https:\/\/agadopro-academy.com\/hu\/termek\/digitalizacio-3-9\/","og_locale":"hu_HU","og_type":"article","og_title":"Digitaliz\u00e1ci\u00f3 3.9 - AgadoPro-Academy","og_description":"Ker\u00fclje el a digitaliz\u00e1ci\u00f3 buktat\u00f3it! Tanulja meg, hogyan alak\u00edthat ki hat\u00e9kony, adatalap\u00fa folyamatokat, \u00e9s \u00e9rjen el val\u00f3di \u00fczleti eredm\u00e9nyeket!","og_url":"https:\/\/agadopro-academy.com\/hu\/termek\/digitalizacio-3-9\/","og_site_name":"AgadoPro-Academy","article_modified_time":"2025-04-21T14:37:22+00:00","og_image":[{"width":1920,"height":1080,"url":"https:\/\/agadopro-academy.com\/wp-content\/uploads\/2025\/03\/Bejegyzesekhez-kep-2-40.jpg","type":"image\/jpeg"}],"schema":{"@context":"https:\/\/schema.org","@graph":[{"@type":"WebPage","@id":"https:\/\/agadopro-academy.com\/hu\/termek\/digitalizacio-3-9\/","url":"https:\/\/agadopro-academy.com\/hu\/termek\/digitalizacio-3-9\/","name":"Digitaliz\u00e1ci\u00f3 3.9 - AgadoPro-Academy","isPartOf":{"@id":"https:\/\/agadopro-academy.com\/hu\/#website"},"primaryImageOfPage":{"@id":"https:\/\/agadopro-academy.com\/hu\/termek\/digitalizacio-3-9\/#primaryimage"},"image":{"@id":"https:\/\/agadopro-academy.com\/hu\/termek\/digitalizacio-3-9\/#primaryimage"},"thumbnailUrl":"https:\/\/i0.wp.com\/agadopro-academy.com\/wp-content\/uploads\/2025\/03\/Bejegyzesekhez-kep-2-40.jpg?fit=1920%2C1080&ssl=1","datePublished":"2025-03-08T19:20:48+00:00","dateModified":"2025-04-21T14:37:22+00:00","description":"Ker\u00fclje el a digitaliz\u00e1ci\u00f3 buktat\u00f3it! Tanulja meg, hogyan alak\u00edthat ki hat\u00e9kony, adatalap\u00fa folyamatokat, \u00e9s \u00e9rjen el val\u00f3di \u00fczleti eredm\u00e9nyeket!","breadcrumb":{"@id":"https:\/\/agadopro-academy.com\/hu\/termek\/digitalizacio-3-9\/#breadcrumb"},"inLanguage":"hu","potentialAction":[{"@type":"ReadAction","target":["https:\/\/agadopro-academy.com\/hu\/termek\/digitalizacio-3-9\/"]}]},{"@type":"ImageObject","inLanguage":"hu","@id":"https:\/\/agadopro-academy.com\/hu\/termek\/digitalizacio-3-9\/#primaryimage","url":"https:\/\/i0.wp.com\/agadopro-academy.com\/wp-content\/uploads\/2025\/03\/Bejegyzesekhez-kep-2-40.jpg?fit=1920%2C1080&ssl=1","contentUrl":"https:\/\/i0.wp.com\/agadopro-academy.com\/wp-content\/uploads\/2025\/03\/Bejegyzesekhez-kep-2-40.jpg?fit=1920%2C1080&ssl=1","width":1920,"height":1080},{"@type":"BreadcrumbList","@id":"https:\/\/agadopro-academy.com\/hu\/termek\/digitalizacio-3-9\/#breadcrumb","itemListElement":[{"@type":"ListItem","position":1,"name":"F\u0151oldal","item":"https:\/\/agadopro-academy.com\/hu\/fooldal\/"},{"@type":"ListItem","position":2,"name":"Shop","item":"https:\/\/agadopro-academy.com\/hu\/shop\/"},{"@type":"ListItem","position":3,"name":"Digitaliz\u00e1ci\u00f3 3.9"}]},{"@type":"WebSite","@id":"https:\/\/agadopro-academy.com\/hu\/#website","url":"https:\/\/agadopro-academy.com\/hu\/","name":"AgadoPro-Academy","description":"Empowering Minds, Unlocking Potential","publisher":{"@id":"https:\/\/agadopro-academy.com\/hu\/#organization"},"potentialAction":[{"@type":"SearchAction","target":{"@type":"EntryPoint","urlTemplate":"https:\/\/agadopro-academy.com\/hu\/?s={search_term_string}"},"query-input":{"@type":"PropertyValueSpecification","valueRequired":true,"valueName":"search_term_string"}}],"inLanguage":"hu"},{"@type":"Organization","@id":"https:\/\/agadopro-academy.com\/hu\/#organization","name":"AgadoPro-Akad\u00e9mia","url":"https:\/\/agadopro-academy.com\/hu\/","logo":{"@type":"ImageObject","inLanguage":"hu","@id":"https:\/\/agadopro-academy.com\/hu\/#\/schema\/logo\/image\/","url":"https:\/\/i0.wp.com\/agadopro-academy.com\/wp-content\/uploads\/2024\/11\/image003-e1732794537988.png?fit=500%2C207&ssl=1","contentUrl":"https:\/\/i0.wp.com\/agadopro-academy.com\/wp-content\/uploads\/2024\/11\/image003-e1732794537988.png?fit=500%2C207&ssl=1","width":500,"height":207,"caption":"AgadoPro-Akad\u00e9mia"},"image":{"@id":"https:\/\/agadopro-academy.com\/hu\/#\/schema\/logo\/image\/"},"sameAs":["https:\/\/www.linkedin.com\/company\/agadopro-academy\/about\/?viewAsMember=true"]}]}},"jetpack_sharing_enabled":true,"jetpack-related-posts":[],"_links":{"self":[{"href":"https:\/\/agadopro-academy.com\/hu\/wp-json\/wp\/v2\/product\/33897","targetHints":{"allow":["GET"]}}],"collection":[{"href":"https:\/\/agadopro-academy.com\/hu\/wp-json\/wp\/v2\/product"}],"about":[{"href":"https:\/\/agadopro-academy.com\/hu\/wp-json\/wp\/v2\/types\/product"}],"replies":[{"embeddable":true,"href":"https:\/\/agadopro-academy.com\/hu\/wp-json\/wp\/v2\/comments?post=33897"}],"version-history":[{"count":14,"href":"https:\/\/agadopro-academy.com\/hu\/wp-json\/wp\/v2\/product\/33897\/revisions"}],"predecessor-version":[{"id":38314,"href":"https:\/\/agadopro-academy.com\/hu\/wp-json\/wp\/v2\/product\/33897\/revisions\/38314"}],"wp:featuredmedia":[{"embeddable":true,"href":"https:\/\/agadopro-academy.com\/hu\/wp-json\/wp\/v2\/media\/33245"}],"wp:attachment":[{"href":"https:\/\/agadopro-academy.com\/hu\/wp-json\/wp\/v2\/media?parent=33897"}],"wp:term":[{"taxonomy":"product_brand","embeddable":true,"href":"https:\/\/agadopro-academy.com\/hu\/wp-json\/wp\/v2\/product_brand?post=33897"},{"taxonomy":"product_cat","embeddable":true,"href":"https:\/\/agadopro-academy.com\/hu\/wp-json\/wp\/v2\/product_cat?post=33897"},{"taxonomy":"product_tag","embeddable":true,"href":"https:\/\/agadopro-academy.com\/hu\/wp-json\/wp\/v2\/product_tag?post=33897"}],"curies":[{"name":"wp","href":"https:\/\/api.w.org\/{rel}","templated":true}]}}