{"id":33317,"date":"2025-03-05T20:44:17","date_gmt":"2025-03-05T19:44:17","guid":{"rendered":"https:\/\/agadopro-academy.com\/?post_type=product&#038;p=33317"},"modified":"2025-03-24T18:20:06","modified_gmt":"2025-03-24T17:20:06","slug":"3-oras-tanacsadas-gyakorlatias-es-egyenre-szabott-megoldasok","status":"publish","type":"product","link":"https:\/\/agadopro-academy.com\/hu\/termek\/3-oras-tanacsadas-gyakorlatias-es-egyenre-szabott-megoldasok\/","title":{"rendered":"3 \u00f3r\u00e1s projektalap\u00fa tan\u00e1csad\u00e1si csomag: Er\u0151s\u00edtse csapat\u00e1t szak\u00e9rt\u0151i t\u00e1mogat\u00e1ssal!"},"content":{"rendered":"<h1 data-start=\"0\" data-end=\"66\">\ud83d\udca1 <strong data-start=\"3\" data-end=\"64\">Eg\u00e9sz\u00edtse ki k\u00e9pz\u00e9s\u00e9t gyakorlati szak\u00e9rt\u0151i tan\u00e1csad\u00e1ssal!<\/strong><\/h1>\n<p data-start=\"68\" data-end=\"248\">Fedezze fel <strong data-start=\"80\" data-end=\"127\">3 \u00f3r\u00e1s projektalap\u00fa tan\u00e1csad\u00e1si csomagunkat<\/strong>, amely seg\u00edt \u00d6nnek <strong data-start=\"147\" data-end=\"196\">a tanultak azonnali gyakorlati alkalmaz\u00e1s\u00e1ban<\/strong> \u00e9s <strong data-start=\"200\" data-end=\"245\">egy\u00e9ni kih\u00edv\u00e1sainak hat\u00e9kony megold\u00e1s\u00e1ban<\/strong>.<\/p>\n<p data-start=\"250\" data-end=\"415\">\u2705 <strong data-start=\"252\" data-end=\"304\">Szem\u00e9lyre szabott tan\u00e1csad\u00e1s &amp; egyedi megold\u00e1sok<\/strong><br data-start=\"304\" data-end=\"307\" \/>\u2705 <strong data-start=\"309\" data-end=\"355\">K\u00f6zvetlen alkalmaz\u00e1s aktu\u00e1lis projektjeire<\/strong><br data-start=\"355\" data-end=\"358\" data-is-only-node=\"\" \/>\u2705 <strong data-start=\"360\" data-end=\"413\">Maxim\u00e1lis t\u00e1mogat\u00e1s a hossz\u00fa t\u00e1v\u00fa siker \u00e9rdek\u00e9ben<\/strong><\/p>\n<p data-start=\"417\" data-end=\"492\" data-is-last-node=\"\" data-is-only-node=\"\">\ud83d\udce9 <strong data-start=\"420\" data-end=\"489\">Haszn\u00e1lja ki ezt a lehet\u0151s\u00e9get &amp; hozza ki a legt\u00f6bbet k\u00e9pz\u00e9s\u00e9b\u0151l!<\/strong> \ud83d\ude80<\/p>\n","protected":false},"excerpt":{"rendered":"<p data-start=\"0\" data-end=\"97\"><strong data-start=\"0\" data-end=\"60\" data-is-only-node=\"\">Eg\u00e9sz\u00edtse ki k\u00e9pz\u00e9s\u00e9t 3 \u00f3r\u00e1s projektalap\u00fa tan\u00e1csad\u00e1ssal!<\/strong> Alkalmazza a tanultakat a gyakorlatban, kapjon szem\u00e9lyre szabott megold\u00e1sokat, \u00e9s optimaliz\u00e1lja folyamatait szak\u00e9rt\u0151i t\u00e1mogat\u00e1ssal. <strong data-start=\"193\" data-end=\"238\">Kieg\u00e9sz\u00edt\u00e9sk\u00e9nt vagy \u00f6n\u00e1ll\u00f3an is el\u00e9rhet\u0151<\/strong> \u2013 a tart\u00f3s siker \u00e9s az azonnali megval\u00f3s\u00edt\u00e1s \u00e9rdek\u00e9ben. \ud83d\udce9 <strong data-start=\"298\" data-end=\"319\">Foglalja le most!<\/strong> \ud83d\ude80<\/p>\n","protected":false},"featured_media":15689,"comment_status":"open","ping_status":"closed","template":"elementor_theme","meta":{"pmpro_default_level":""},"product_brand":[],"product_cat":[1959,2591,2836,2855,2853,2854],"product_tag":[2282,2296,2288,2295,2286,2300,2298,2279,2291,2287,2238,2246,2280,2294,2289,2290,2285,2283,2299,2292],"class_list":{"0":"post-33317","1":"product","2":"type-product","3":"status-publish","4":"has-post-thumbnail","6":"product_cat-csomag-ajanlatok","7":"product_cat-magyar","8":"product_cat-online","9":"product_cat-projekt-tamogato-tanacsadas","10":"product_cat-tanacsadas","11":"product_cat-termeles-fejlesztes","12":"product_tag-a-projekt-vegrehajtasa","13":"product_tag-projekt-idovonal-kezelese","14":"product_tag-projekt-kockazatkezeles","15":"product_tag-projekt-koltsegmenedzsment","16":"product_tag-projekt-koordinacio","17":"product_tag-projekt-strategiai-tanacsadas","18":"product_tag-projekt-tanacsadasi-szolgaltatasok","19":"product_tag-projektmenedzsment","20":"product_tag-projektmenedzsment-szolgaltatasok","21":"product_tag-projektmenedzsment-tanacsadas","22":"product_tag-projekttervezes","23":"product_tag-szakmai-tanacsadas","24":"product_tag-tanacsadas","25":"product_tag-tanacsadoi-szolgaltatasok","26":"product_tag-uzleti-elemzes","27":"product_tag-uzleti-folyamatok-fejlesztese","28":"product_tag-uzleti-megoldasok","29":"product_tag-uzleti-strategia","30":"product_tag-uzleti-tanacsadasi-megoldasok","31":"product_tag-vezetesi-tanacsadas","32":"pmpro-has-access","34":"first","35":"instock","36":"virtual","37":"taxable","38":"purchasable","39":"product-type-simple"},"yoast_head":"<!-- This site is optimized with the Yoast SEO plugin v25.8 - https:\/\/yoast.com\/wordpress\/plugins\/seo\/ -->\n<title>3 \u00f3r\u00e1s tan\u00e1csad\u00e1s \u2013 Gyakorlatias \u00e9s egy\u00e9nre szabott megold\u00e1sok!<\/title>\n<meta name=\"description\" content=\"Haszn\u00e1lja ki 3 \u00f3r\u00e1s tan\u00e1csad\u00e1si csomagunkat, hogy a tanultakat k\u00f6zvetlen\u00fcl projektjeiben alkalmazza.Egy\u00e9ni megold\u00e1sok a tart\u00f3s siker\u00e9rt!\" \/>\n<meta name=\"robots\" content=\"index, follow, max-snippet:-1, max-image-preview:large, max-video-preview:-1\" \/>\n<link rel=\"canonical\" href=\"https:\/\/agadopro-academy.com\/hu\/termek\/3-oras-tanacsadas-gyakorlatias-es-egyenre-szabott-megoldasok\/\" \/>\n<meta property=\"og:locale\" content=\"hu_HU\" \/>\n<meta property=\"og:type\" content=\"article\" \/>\n<meta property=\"og:title\" content=\"3 \u00f3r\u00e1s tan\u00e1csad\u00e1s \u2013 Gyakorlatias \u00e9s egy\u00e9nre szabott megold\u00e1sok!\" \/>\n<meta property=\"og:description\" content=\"Haszn\u00e1lja ki 3 \u00f3r\u00e1s tan\u00e1csad\u00e1si csomagunkat, hogy a tanultakat k\u00f6zvetlen\u00fcl projektjeiben alkalmazza.Egy\u00e9ni megold\u00e1sok a tart\u00f3s siker\u00e9rt!\" \/>\n<meta property=\"og:url\" content=\"https:\/\/agadopro-academy.com\/hu\/termek\/3-oras-tanacsadas-gyakorlatias-es-egyenre-szabott-megoldasok\/\" \/>\n<meta property=\"og:site_name\" content=\"AgadoPro-Academy\" \/>\n<meta property=\"article:modified_time\" content=\"2025-03-24T17:20:06+00:00\" \/>\n<meta property=\"og:image\" content=\"https:\/\/agadopro-academy.com\/wp-content\/uploads\/2024\/02\/89.png\" \/>\n\t<meta property=\"og:image:width\" content=\"1920\" \/>\n\t<meta property=\"og:image:height\" content=\"1080\" \/>\n\t<meta property=\"og:image:type\" content=\"image\/png\" \/>\n<script type=\"application\/ld+json\" class=\"yoast-schema-graph\">{\"@context\":\"https:\/\/schema.org\",\"@graph\":[{\"@type\":\"WebPage\",\"@id\":\"https:\/\/agadopro-academy.com\/hu\/termek\/3-oras-tanacsadas-gyakorlatias-es-egyenre-szabott-megoldasok\/\",\"url\":\"https:\/\/agadopro-academy.com\/hu\/termek\/3-oras-tanacsadas-gyakorlatias-es-egyenre-szabott-megoldasok\/\",\"name\":\"3 \u00f3r\u00e1s tan\u00e1csad\u00e1s \u2013 Gyakorlatias \u00e9s egy\u00e9nre szabott megold\u00e1sok!\",\"isPartOf\":{\"@id\":\"https:\/\/agadopro-academy.com\/hu\/#website\"},\"primaryImageOfPage\":{\"@id\":\"https:\/\/agadopro-academy.com\/hu\/termek\/3-oras-tanacsadas-gyakorlatias-es-egyenre-szabott-megoldasok\/#primaryimage\"},\"image\":{\"@id\":\"https:\/\/agadopro-academy.com\/hu\/termek\/3-oras-tanacsadas-gyakorlatias-es-egyenre-szabott-megoldasok\/#primaryimage\"},\"thumbnailUrl\":\"https:\/\/i0.wp.com\/agadopro-academy.com\/wp-content\/uploads\/2024\/02\/89.png?fit=1920%2C1080&ssl=1\",\"datePublished\":\"2025-03-05T19:44:17+00:00\",\"dateModified\":\"2025-03-24T17:20:06+00:00\",\"description\":\"Haszn\u00e1lja ki 3 \u00f3r\u00e1s tan\u00e1csad\u00e1si csomagunkat, hogy a tanultakat k\u00f6zvetlen\u00fcl projektjeiben alkalmazza.Egy\u00e9ni megold\u00e1sok a tart\u00f3s siker\u00e9rt!\",\"breadcrumb\":{\"@id\":\"https:\/\/agadopro-academy.com\/hu\/termek\/3-oras-tanacsadas-gyakorlatias-es-egyenre-szabott-megoldasok\/#breadcrumb\"},\"inLanguage\":\"hu\",\"potentialAction\":[{\"@type\":\"ReadAction\",\"target\":[\"https:\/\/agadopro-academy.com\/hu\/termek\/3-oras-tanacsadas-gyakorlatias-es-egyenre-szabott-megoldasok\/\"]}]},{\"@type\":\"ImageObject\",\"inLanguage\":\"hu\",\"@id\":\"https:\/\/agadopro-academy.com\/hu\/termek\/3-oras-tanacsadas-gyakorlatias-es-egyenre-szabott-megoldasok\/#primaryimage\",\"url\":\"https:\/\/i0.wp.com\/agadopro-academy.com\/wp-content\/uploads\/2024\/02\/89.png?fit=1920%2C1080&ssl=1\",\"contentUrl\":\"https:\/\/i0.wp.com\/agadopro-academy.com\/wp-content\/uploads\/2024\/02\/89.png?fit=1920%2C1080&ssl=1\",\"width\":1920,\"height\":1080},{\"@type\":\"BreadcrumbList\",\"@id\":\"https:\/\/agadopro-academy.com\/hu\/termek\/3-oras-tanacsadas-gyakorlatias-es-egyenre-szabott-megoldasok\/#breadcrumb\",\"itemListElement\":[{\"@type\":\"ListItem\",\"position\":1,\"name\":\"F\u0151oldal\",\"item\":\"https:\/\/agadopro-academy.com\/hu\/fooldal\/\"},{\"@type\":\"ListItem\",\"position\":2,\"name\":\"Shop\",\"item\":\"https:\/\/agadopro-academy.com\/hu\/shop\/\"},{\"@type\":\"ListItem\",\"position\":3,\"name\":\"3 \u00f3r\u00e1s projektalap\u00fa tan\u00e1csad\u00e1si csomag: Er\u0151s\u00edtse csapat\u00e1t szak\u00e9rt\u0151i t\u00e1mogat\u00e1ssal!\"}]},{\"@type\":\"WebSite\",\"@id\":\"https:\/\/agadopro-academy.com\/hu\/#website\",\"url\":\"https:\/\/agadopro-academy.com\/hu\/\",\"name\":\"AgadoPro-Academy\",\"description\":\"Empowering Minds, Unlocking Potential\",\"publisher\":{\"@id\":\"https:\/\/agadopro-academy.com\/hu\/#organization\"},\"potentialAction\":[{\"@type\":\"SearchAction\",\"target\":{\"@type\":\"EntryPoint\",\"urlTemplate\":\"https:\/\/agadopro-academy.com\/hu\/?s={search_term_string}\"},\"query-input\":{\"@type\":\"PropertyValueSpecification\",\"valueRequired\":true,\"valueName\":\"search_term_string\"}}],\"inLanguage\":\"hu\"},{\"@type\":\"Organization\",\"@id\":\"https:\/\/agadopro-academy.com\/hu\/#organization\",\"name\":\"AgadoPro-Akad\u00e9mia\",\"url\":\"https:\/\/agadopro-academy.com\/hu\/\",\"logo\":{\"@type\":\"ImageObject\",\"inLanguage\":\"hu\",\"@id\":\"https:\/\/agadopro-academy.com\/hu\/#\/schema\/logo\/image\/\",\"url\":\"https:\/\/i0.wp.com\/agadopro-academy.com\/wp-content\/uploads\/2024\/11\/image003-e1732794537988.png?fit=500%2C207&ssl=1\",\"contentUrl\":\"https:\/\/i0.wp.com\/agadopro-academy.com\/wp-content\/uploads\/2024\/11\/image003-e1732794537988.png?fit=500%2C207&ssl=1\",\"width\":500,\"height\":207,\"caption\":\"AgadoPro-Akad\u00e9mia\"},\"image\":{\"@id\":\"https:\/\/agadopro-academy.com\/hu\/#\/schema\/logo\/image\/\"},\"sameAs\":[\"https:\/\/www.linkedin.com\/company\/agadopro-academy\/about\/?viewAsMember=true\"]}]}<\/script>\n<!-- \/ Yoast SEO plugin. -->","yoast_head_json":{"title":"3 \u00f3r\u00e1s tan\u00e1csad\u00e1s \u2013 Gyakorlatias \u00e9s egy\u00e9nre szabott megold\u00e1sok!","description":"Haszn\u00e1lja ki 3 \u00f3r\u00e1s tan\u00e1csad\u00e1si csomagunkat, hogy a tanultakat k\u00f6zvetlen\u00fcl projektjeiben alkalmazza.Egy\u00e9ni megold\u00e1sok a tart\u00f3s siker\u00e9rt!","robots":{"index":"index","follow":"follow","max-snippet":"max-snippet:-1","max-image-preview":"max-image-preview:large","max-video-preview":"max-video-preview:-1"},"canonical":"https:\/\/agadopro-academy.com\/hu\/termek\/3-oras-tanacsadas-gyakorlatias-es-egyenre-szabott-megoldasok\/","og_locale":"hu_HU","og_type":"article","og_title":"3 \u00f3r\u00e1s tan\u00e1csad\u00e1s \u2013 Gyakorlatias \u00e9s egy\u00e9nre szabott megold\u00e1sok!","og_description":"Haszn\u00e1lja ki 3 \u00f3r\u00e1s tan\u00e1csad\u00e1si csomagunkat, hogy a tanultakat k\u00f6zvetlen\u00fcl projektjeiben alkalmazza.Egy\u00e9ni megold\u00e1sok a tart\u00f3s siker\u00e9rt!","og_url":"https:\/\/agadopro-academy.com\/hu\/termek\/3-oras-tanacsadas-gyakorlatias-es-egyenre-szabott-megoldasok\/","og_site_name":"AgadoPro-Academy","article_modified_time":"2025-03-24T17:20:06+00:00","og_image":[{"width":1920,"height":1080,"url":"https:\/\/agadopro-academy.com\/wp-content\/uploads\/2024\/02\/89.png","type":"image\/png"}],"schema":{"@context":"https:\/\/schema.org","@graph":[{"@type":"WebPage","@id":"https:\/\/agadopro-academy.com\/hu\/termek\/3-oras-tanacsadas-gyakorlatias-es-egyenre-szabott-megoldasok\/","url":"https:\/\/agadopro-academy.com\/hu\/termek\/3-oras-tanacsadas-gyakorlatias-es-egyenre-szabott-megoldasok\/","name":"3 \u00f3r\u00e1s tan\u00e1csad\u00e1s \u2013 Gyakorlatias \u00e9s egy\u00e9nre szabott megold\u00e1sok!","isPartOf":{"@id":"https:\/\/agadopro-academy.com\/hu\/#website"},"primaryImageOfPage":{"@id":"https:\/\/agadopro-academy.com\/hu\/termek\/3-oras-tanacsadas-gyakorlatias-es-egyenre-szabott-megoldasok\/#primaryimage"},"image":{"@id":"https:\/\/agadopro-academy.com\/hu\/termek\/3-oras-tanacsadas-gyakorlatias-es-egyenre-szabott-megoldasok\/#primaryimage"},"thumbnailUrl":"https:\/\/i0.wp.com\/agadopro-academy.com\/wp-content\/uploads\/2024\/02\/89.png?fit=1920%2C1080&ssl=1","datePublished":"2025-03-05T19:44:17+00:00","dateModified":"2025-03-24T17:20:06+00:00","description":"Haszn\u00e1lja ki 3 \u00f3r\u00e1s tan\u00e1csad\u00e1si csomagunkat, hogy a tanultakat k\u00f6zvetlen\u00fcl projektjeiben alkalmazza.Egy\u00e9ni megold\u00e1sok a tart\u00f3s siker\u00e9rt!","breadcrumb":{"@id":"https:\/\/agadopro-academy.com\/hu\/termek\/3-oras-tanacsadas-gyakorlatias-es-egyenre-szabott-megoldasok\/#breadcrumb"},"inLanguage":"hu","potentialAction":[{"@type":"ReadAction","target":["https:\/\/agadopro-academy.com\/hu\/termek\/3-oras-tanacsadas-gyakorlatias-es-egyenre-szabott-megoldasok\/"]}]},{"@type":"ImageObject","inLanguage":"hu","@id":"https:\/\/agadopro-academy.com\/hu\/termek\/3-oras-tanacsadas-gyakorlatias-es-egyenre-szabott-megoldasok\/#primaryimage","url":"https:\/\/i0.wp.com\/agadopro-academy.com\/wp-content\/uploads\/2024\/02\/89.png?fit=1920%2C1080&ssl=1","contentUrl":"https:\/\/i0.wp.com\/agadopro-academy.com\/wp-content\/uploads\/2024\/02\/89.png?fit=1920%2C1080&ssl=1","width":1920,"height":1080},{"@type":"BreadcrumbList","@id":"https:\/\/agadopro-academy.com\/hu\/termek\/3-oras-tanacsadas-gyakorlatias-es-egyenre-szabott-megoldasok\/#breadcrumb","itemListElement":[{"@type":"ListItem","position":1,"name":"F\u0151oldal","item":"https:\/\/agadopro-academy.com\/hu\/fooldal\/"},{"@type":"ListItem","position":2,"name":"Shop","item":"https:\/\/agadopro-academy.com\/hu\/shop\/"},{"@type":"ListItem","position":3,"name":"3 \u00f3r\u00e1s projektalap\u00fa tan\u00e1csad\u00e1si csomag: Er\u0151s\u00edtse csapat\u00e1t szak\u00e9rt\u0151i t\u00e1mogat\u00e1ssal!"}]},{"@type":"WebSite","@id":"https:\/\/agadopro-academy.com\/hu\/#website","url":"https:\/\/agadopro-academy.com\/hu\/","name":"AgadoPro-Academy","description":"Empowering Minds, Unlocking Potential","publisher":{"@id":"https:\/\/agadopro-academy.com\/hu\/#organization"},"potentialAction":[{"@type":"SearchAction","target":{"@type":"EntryPoint","urlTemplate":"https:\/\/agadopro-academy.com\/hu\/?s={search_term_string}"},"query-input":{"@type":"PropertyValueSpecification","valueRequired":true,"valueName":"search_term_string"}}],"inLanguage":"hu"},{"@type":"Organization","@id":"https:\/\/agadopro-academy.com\/hu\/#organization","name":"AgadoPro-Akad\u00e9mia","url":"https:\/\/agadopro-academy.com\/hu\/","logo":{"@type":"ImageObject","inLanguage":"hu","@id":"https:\/\/agadopro-academy.com\/hu\/#\/schema\/logo\/image\/","url":"https:\/\/i0.wp.com\/agadopro-academy.com\/wp-content\/uploads\/2024\/11\/image003-e1732794537988.png?fit=500%2C207&ssl=1","contentUrl":"https:\/\/i0.wp.com\/agadopro-academy.com\/wp-content\/uploads\/2024\/11\/image003-e1732794537988.png?fit=500%2C207&ssl=1","width":500,"height":207,"caption":"AgadoPro-Akad\u00e9mia"},"image":{"@id":"https:\/\/agadopro-academy.com\/hu\/#\/schema\/logo\/image\/"},"sameAs":["https:\/\/www.linkedin.com\/company\/agadopro-academy\/about\/?viewAsMember=true"]}]}},"jetpack_sharing_enabled":true,"jetpack-related-posts":[],"_links":{"self":[{"href":"https:\/\/agadopro-academy.com\/hu\/wp-json\/wp\/v2\/product\/33317","targetHints":{"allow":["GET"]}}],"collection":[{"href":"https:\/\/agadopro-academy.com\/hu\/wp-json\/wp\/v2\/product"}],"about":[{"href":"https:\/\/agadopro-academy.com\/hu\/wp-json\/wp\/v2\/types\/product"}],"replies":[{"embeddable":true,"href":"https:\/\/agadopro-academy.com\/hu\/wp-json\/wp\/v2\/comments?post=33317"}],"version-history":[{"count":1,"href":"https:\/\/agadopro-academy.com\/hu\/wp-json\/wp\/v2\/product\/33317\/revisions"}],"predecessor-version":[{"id":33318,"href":"https:\/\/agadopro-academy.com\/hu\/wp-json\/wp\/v2\/product\/33317\/revisions\/33318"}],"wp:featuredmedia":[{"embeddable":true,"href":"https:\/\/agadopro-academy.com\/hu\/wp-json\/wp\/v2\/media\/15689"}],"wp:attachment":[{"href":"https:\/\/agadopro-academy.com\/hu\/wp-json\/wp\/v2\/media?parent=33317"}],"wp:term":[{"taxonomy":"product_brand","embeddable":true,"href":"https:\/\/agadopro-academy.com\/hu\/wp-json\/wp\/v2\/product_brand?post=33317"},{"taxonomy":"product_cat","embeddable":true,"href":"https:\/\/agadopro-academy.com\/hu\/wp-json\/wp\/v2\/product_cat?post=33317"},{"taxonomy":"product_tag","embeddable":true,"href":"https:\/\/agadopro-academy.com\/hu\/wp-json\/wp\/v2\/product_tag?post=33317"}],"curies":[{"name":"wp","href":"https:\/\/api.w.org\/{rel}","templated":true}]}}