{"id":24263,"date":"2024-09-24T12:09:06","date_gmt":"2024-09-24T10:09:06","guid":{"rendered":"https:\/\/agadopro-academy.com\/?post_type=product&#038;p=24263"},"modified":"2025-03-24T18:23:49","modified_gmt":"2025-03-24T17:23:49","slug":"ugyfelertektol-a-reszletes-celkituzesig","status":"publish","type":"product","link":"https:\/\/agadopro-academy.com\/hu\/termek\/ugyfelertektol-a-reszletes-celkituzesig\/","title":{"rendered":"\u00dcgyf\u00e9l\u00e9rt\u00e9kt\u0151l a r\u00e9szletes c\u00e9lkit\u0171z\u00e9sig avagy a strat\u00e9gia lebont\u00e1sa"},"content":{"rendered":"<h1 data-pm-slice=\"1 1 []\"><strong>\ud83d\ude80 \u00dcgyf\u00e9l\u00e9rt\u00e9kt\u0151l a r\u00e9szletes c\u00e9lkit\u0171z\u00e9sig \u2013 Strat\u00e9giai Workshop Fels\u0151vezet\u0151knek<\/strong><\/h1>\n<p>Ez a <strong>testreszabott, kihelyezett workshop<\/strong> lehet\u0151s\u00e9get k\u00edn\u00e1l fels\u0151vezet\u0151knek, hogy <strong>k\u00f6zvetlen\u00fcl saj\u00e1t v\u00e1llalatuk k\u00f6rnyezet\u00e9ben<\/strong> dolgozzanak strat\u00e9giai c\u00e9ljaikon. <strong>Val\u00f3s kih\u00edv\u00e1sokra \u00e9p\u00edt\u00fcnk<\/strong>, \u00e9s a <strong>Hoshin Kanri m\u00f3dszertan<\/strong>seg\u00edts\u00e9g\u00e9vel bontjuk le a v\u00e1llalat v\u00edzi\u00f3j\u00e1t konkr\u00e9t, m\u00e9rhet\u0151 operat\u00edv l\u00e9p\u00e9sekre. A c\u00e9lunk, hogy azonnal alkalmazhat\u00f3 megold\u00e1sokat biztos\u00edtsunk, amelyek hossz\u00fa t\u00e1von fenntarthat\u00f3 n\u00f6veked\u00e9st eredm\u00e9nyeznek.<\/p>\n<div>\n<hr \/>\n<\/div>\n<h3><strong>\ud83d\udccc A tanfolyam fel\u00e9p\u00edt\u00e9se<\/strong><\/h3>\n<p>\u2705 <strong>1 napos Strat\u00e9giai Workshop (helysz\u00ednen)<\/strong><\/p>\n<ul data-spread=\"false\">\n<li>Meghat\u00e1rozzuk a v\u00e1llalat \u00e9rt\u00e9kaj\u00e1nlat\u00e1t \u00e9s a sikerhez sz\u00fcks\u00e9ges kulcsfontoss\u00e1g\u00fa ter\u00fcleteket.<\/li>\n<li>Felt\u00e9rk\u00e9pezz\u00fck, mit kell <strong>er\u0151s\u00edteni, cs\u00f6kkenteni, elkezdeni vagy megsz\u00fcntetni<\/strong> a hat\u00e9konys\u00e1g \u00e9rdek\u00e9ben.<\/li>\n<li>A vezet\u0151k <strong>\u00faj ismereteket kapnak<\/strong>, amelyeket <strong>azonnal alkalmazhatnak<\/strong>.<\/li>\n<\/ul>\n<p>\u2705 <strong>2\u00d7 f\u00e9l napos Hoshin Kanri Workshop (helysz\u00ednen)<\/strong><\/p>\n<ul data-spread=\"false\">\n<li>A strat\u00e9giai c\u00e9lokat r\u00e9szc\u00e9lokra bontjuk, \u00e9s <strong>konkr\u00e9t operat\u00edv l\u00e9p\u00e9seket<\/strong> hat\u00e1rozunk meg.<\/li>\n<li>A vezet\u0151i csapat k\u00f6z\u00f6sen v\u00e1laszolja meg a \u201eMit?\u201d, \u201eMi\u00e9rt?\u201d \u00e9s \u201eHogyan?\u201d k\u00e9rd\u00e9seket.<\/li>\n<li><strong>A Hoshin Kanri m\u00f3dszertan seg\u00edts\u00e9g\u00e9vel<\/strong> kezdj\u00fck el a strat\u00e9gia lebont\u00e1s\u00e1t operat\u00edv szintre.<\/li>\n<\/ul>\n<p>\u2705 <strong>Ut\u00e1nk\u00f6vet\u00e9s \u00e9s Coaching (online)<\/strong><\/p>\n<ul data-spread=\"false\">\n<li><strong>4 ut\u00e1nk\u00f6vet\u0151 alkalom<\/strong>, amely seg\u00edti a megval\u00f3s\u00edt\u00e1s k\u00f6zbeni tapasztalatok feldolgoz\u00e1s\u00e1t.<\/li>\n<li><strong>Kis csoportos coaching<\/strong> t\u00e1mogatja a vezet\u0151i k\u00e9szs\u00e9gek fejl\u0151d\u00e9s\u00e9t \u00e9s a vezet\u0151i rutinok kialak\u00edt\u00e1s\u00e1t.<\/li>\n<\/ul>\n<div>\n<hr \/>\n<\/div>\n<h3><strong>\ud83c\udfaf Mit tanulhat a workshopon?<\/strong><\/h3>\n<p>\u2714\ufe0f Vil\u00e1gosan meghat\u00e1rozza v\u00e1llalat\u00e1nak \u00e9rt\u00e9kaj\u00e1nlat\u00e1t.<br \/>\n\u2714\ufe0f Megtanulja, hogyan bontsa le a strat\u00e9giai c\u00e9lokat <strong>m\u00e9rhet\u0151 operat\u00edv feladatokra<\/strong>.<br \/>\n\u2714\ufe0f Fejleszti a r\u00e9szlegek k\u00f6z\u00f6tti <strong>egy\u00fcttm\u0171k\u00f6d\u00e9st \u00e9s kommunik\u00e1ci\u00f3t<\/strong>.<br \/>\n\u2714\ufe0f Olyan <strong>vezet\u0151i rendszereket<\/strong> alak\u00edt ki, amelyek fenntarthat\u00f3 n\u00f6veked\u00e9st biztos\u00edtanak.<br \/>\n\u2714\ufe0f <strong>Azonnal alkalmazhat\u00f3 akci\u00f3tervet<\/strong> kap, amely gyors eredm\u00e9nyeket hoz.<\/p>\n<div>\n<hr \/>\n<\/div>\n<h3><strong>\ud83d\udc68\u200d\ud83d\udcbc Kinek sz\u00f3l?<\/strong><\/h3>\n<p>\u2705 <strong>KKV- \u00e9s nagyv\u00e1llalati fels\u0151vezet\u0151k, tulajdonosok<\/strong> \u2013 Akik v\u00edzi\u00f3jukat hat\u00e9konyan szeretn\u00e9k \u00e1t\u00fcltetni a gyakorlatba.<br \/>\n\u2705 <strong>Vezet\u0151k, akik tiszt\u00e1bb \u00e9rt\u00e9kaj\u00e1nlatot \u00e9s jobb kommunik\u00e1ci\u00f3t szeretn\u00e9nek<\/strong>.<br \/>\n\u2705 <strong>Strat\u00e9giai gondolkod\u00e1s fejleszt\u00e9s\u00e9re t\u00f6rekv\u0151k<\/strong> \u2013 Akik a strat\u00e9gi\u00e1t operat\u00edv szintre is lebontan\u00e1k.<br \/>\n\u2705 <strong>Az egy\u00fcttm\u0171k\u00f6d\u00e9s jav\u00edt\u00e1s\u00e1t c\u00e9lz\u00f3 vezet\u0151k<\/strong> \u2013 Akik a r\u00e9szlegek k\u00f6z\u00f6tti hat\u00e9konyabb kommunik\u00e1ci\u00f3t t\u00e1mogatn\u00e1k.<br \/>\n\u2705 <strong>Fenntarthat\u00f3 \u00fczleti n\u00f6veked\u00e9sre t\u00f6rekv\u0151 vezet\u0151k<\/strong> \u2013 Akik hossz\u00fa t\u00e1v\u00fa fejl\u0151d\u00e9st \u00e9s stabilit\u00e1st akarnak.<\/p>\n<div>\n<hr \/>\n<\/div>\n<h3><strong>\ud83d\udd0e Mi\u00e9rt fontos?<\/strong><\/h3>\n<p>A v\u00e1llalati siker nemcsak egy j\u00f3l kidolgozott strat\u00e9gi\u00e1n m\u00falik, hanem azon is, <strong>hogyan bontjuk le ezt minden r\u00e9szlegre \u00e9s hogyan \u00e9p\u00edtj\u00fck be a mindennapi m\u0171k\u00f6d\u00e9sbe<\/strong>. A verseny egyre \u00e9lesebb \u2013 <strong>a nyertesek azok lesznek, akik gyorsan \u00e9s hat\u00e9konyan alak\u00edtj\u00e1k \u00e1t \u00e9rt\u00e9kaj\u00e1nlatukat \u00e9s operat\u00edv m\u0171k\u00f6d\u00e9s\u00fcket<\/strong>.<\/p>\n<p><strong>Ez a workshop seg\u00edt abban, hogy vezet\u0151i csapatod egys\u00e9gesen \u00e9s \u00f6sszehangoltan dolgozzon a v\u00e1llalat c\u00e9ljai\u00e9rt!<\/strong><\/p>\n<div>\n<hr \/>\n<\/div>\n<h3><strong>\ud83d\ude80 Mire lesz k\u00e9pes a program ut\u00e1n?<\/strong><\/h3>\n<p>\u2714\ufe0f Vil\u00e1gosan meghat\u00e1rozza v\u00e1llalata <strong>\u00e9rt\u00e9kaj\u00e1nlat\u00e1t<\/strong>.<br \/>\n\u2714\ufe0f Hat\u00e9konyan lebontja a <strong>strat\u00e9giai c\u00e9lokat operat\u00edv feladatokra<\/strong>.<br \/>\n\u2714\ufe0f Jav\u00edtja a <strong>bels\u0151 egy\u00fcttm\u0171k\u00f6d\u00e9st \u00e9s a r\u00e9szlegek k\u00f6z\u00f6tti kommunik\u00e1ci\u00f3t<\/strong>.<br \/>\n\u2714\ufe0f K\u00e9pes lesz <strong>olyan vezet\u0151i rendszereket kialak\u00edtani<\/strong>, amelyek fenntarthat\u00f3 n\u00f6veked\u00e9st biztos\u00edtanak.<br \/>\n\u2714\ufe0f Olyan <strong>akci\u00f3tervet vihet mag\u00e1val<\/strong>, amely azonnal megval\u00f3s\u00edthat\u00f3 \u00e9s gyors eredm\u00e9nyeket hoz.<\/p>\n<div>\n<hr \/>\n<\/div>\n<h3><strong>\ud83d\udce9 V\u00e1lassza ezt a workshopot, \u00e9s emelje \u00faj szintre a v\u00e1llalat m\u0171k\u00f6d\u00e9s\u00e9t!<\/strong><\/h3>\n<p><strong>Ne hagyja ki ezt a lehet\u0151s\u00e9get!<\/strong> Fejlessze <strong>strat\u00e9giai k\u00e9pess\u00e9g\u00e9t<\/strong>, \u00e9s <strong>csatlakozzon most!<\/strong> \ud83d\ude80<\/p>\n<p>&nbsp;<\/p>\n","protected":false},"excerpt":{"rendered":"<h3 data-start=\"0\" data-end=\"65\"><strong data-start=\"4\" data-end=\"63\">\ud83c\udfe2 C\u00e9gedre szabott strat\u00e9giai workshop fels\u0151vezet\u0151knek!<\/strong><\/h3>\n<p data-start=\"67\" data-end=\"262\">Ez a <strong data-start=\"72\" data-end=\"96\">kihelyezett workshop<\/strong> kifejezetten <strong data-start=\"110\" data-end=\"154\">k\u00f6z\u00e9p- \u00e9s nagyv\u00e1llalatok fels\u0151vezet\u0151inek<\/strong> k\u00e9sz\u00fclt, akik <strong data-start=\"169\" data-end=\"259\">strat\u00e9gi\u00e1juk meger\u0151s\u00edt\u00e9s\u00e9re \u00e9s gyorsan megval\u00f3s\u00edthat\u00f3 eredm\u00e9nyek el\u00e9r\u00e9s\u00e9re t\u00f6rekszenek<\/strong>.<\/p>\n<p data-start=\"264\" data-end=\"634\">\ud83d\udccc <strong data-start=\"267\" data-end=\"294\">Hoshin Kanri m\u00f3dszertan<\/strong> \u2013 A strat\u00e9giai c\u00e9lok lebont\u00e1sa napi operat\u00edv feladatokra.<br data-start=\"352\" data-end=\"355\" \/>\ud83d\udccc <strong data-start=\"358\" data-end=\"393\" data-is-only-node=\"\">K\u00f6zvetlen munka a v\u00e1llalatodn\u00e1l<\/strong> \u2013 Val\u00f3s kih\u00edv\u00e1sokra szabott megold\u00e1sok.<br data-start=\"433\" data-end=\"436\" \/>\ud83d\udccc <strong data-start=\"439\" data-end=\"498\">R\u00e9szlegek k\u00f6z\u00f6tti egy\u00fcttm\u0171k\u00f6d\u00e9s \u00e9s hat\u00e9konys\u00e1g n\u00f6vel\u00e9se<\/strong> \u2013 Gyakorlatias eszk\u00f6z\u00f6k a sikerhez.<br data-start=\"534\" data-end=\"537\" \/>\ud83d\udccc <strong data-start=\"540\" data-end=\"569\">Online coaching t\u00e1mogat\u00e1s<\/strong> \u2013 A fenntarthat\u00f3 fejl\u0151d\u00e9s \u00e9s hossz\u00fa t\u00e1v\u00fa eredm\u00e9nyek \u00e9rdek\u00e9ben.<\/p>\n<p data-start=\"636\" data-end=\"688\" data-is-last-node=\"\" data-is-only-node=\"\">\ud83d\ude80 <strong data-start=\"639\" data-end=\"688\" data-is-last-node=\"\">Tedd m\u0171k\u00f6d\u0151v\u00e9 strat\u00e9gi\u00e1dat \u2013 kezdj\u00fck el most!<\/strong><\/p>\n","protected":false},"featured_media":15802,"comment_status":"open","ping_status":"closed","template":"","meta":{"pmpro_default_level":""},"product_brand":[],"product_cat":[1956,2737,2835,2842,2837,2591],"product_tag":[2249,2258,2248,2250,2045,2080,2044,2017,2463,2298,2061,2256,2261,2252,2303,2290,2200,2292,2247,2201],"class_list":{"0":"post-24263","1":"product","2":"type-product","3":"status-publish","4":"has-post-thumbnail","6":"product_cat-coaching-hu","7":"product_cat-consulting-2","8":"product_cat-helyszin","9":"product_cat-hybrid-hu","10":"product_cat-kihelyezett","11":"product_cat-magyar","12":"product_tag-1to1-coaching-hu","13":"product_tag-bizalomepites","14":"product_tag-coaching-hu","15":"product_tag-egyeni-coaching","16":"product_tag-erzelmi-intelligencia","17":"product_tag-keszsegfejlesztes","18":"product_tag-kommunikacios-keszsegek","19":"product_tag-konfliktuskezeles","20":"product_tag-mukodesi-hatekonysag","21":"product_tag-projekt-tanacsadasi-szolgaltatasok","22":"product_tag-szakmai-fejlodes","23":"product_tag-szemelyes-celok","24":"product_tag-szemelyes-fejlodes","25":"product_tag-szemelyes-novekedes","26":"product_tag-uzleti-atalakulas","27":"product_tag-uzleti-folyamatok-fejlesztese","28":"product_tag-vezetes","29":"product_tag-vezetesi-tanacsadas","30":"product_tag-vezetoi-coaching","31":"product_tag-vezetoi-kepzes","32":"pmpro-has-access","34":"first","35":"instock","36":"sold-individually","37":"taxable","38":"shipping-taxable","39":"purchasable","40":"product-type-simple"},"yoast_head":"<!-- This site is optimized with the Yoast SEO plugin v25.8 - https:\/\/yoast.com\/wordpress\/plugins\/seo\/ -->\n<title>\u00dcgyf\u00e9l\u00e9rt\u00e9kt\u0151l a r\u00e9szletes c\u00e9lkit\u0171z\u00e9sig avagy a strat\u00e9gia lebont\u00e1sa - AgadoPro-Academy<\/title>\n<meta name=\"description\" content=\"Kihelyezett Strat\u00e9giai Workshop: \u00c9rt\u00e9kaj\u00e1nlat, Hoshin Kanri \u00e9s Vezet\u0151i Coaching k\u00f6z\u00e9p- \u00e9s nagyv\u00e1llalatok fels\u0151vezet\u0151inek, val\u00f3s eredm\u00e9nyek\u00e9rt.\" \/>\n<meta name=\"robots\" content=\"index, follow, max-snippet:-1, max-image-preview:large, max-video-preview:-1\" \/>\n<link rel=\"canonical\" href=\"https:\/\/agadopro-academy.com\/hu\/termek\/ugyfelertektol-a-reszletes-celkituzesig\/\" \/>\n<meta property=\"og:locale\" content=\"hu_HU\" \/>\n<meta property=\"og:type\" content=\"article\" \/>\n<meta property=\"og:title\" content=\"\u00dcgyf\u00e9l\u00e9rt\u00e9kt\u0151l a r\u00e9szletes c\u00e9lkit\u0171z\u00e9sig avagy a strat\u00e9gia lebont\u00e1sa - AgadoPro-Academy\" \/>\n<meta property=\"og:description\" content=\"Kihelyezett Strat\u00e9giai Workshop: \u00c9rt\u00e9kaj\u00e1nlat, Hoshin Kanri \u00e9s Vezet\u0151i Coaching k\u00f6z\u00e9p- \u00e9s nagyv\u00e1llalatok fels\u0151vezet\u0151inek, val\u00f3s eredm\u00e9nyek\u00e9rt.\" \/>\n<meta property=\"og:url\" content=\"https:\/\/agadopro-academy.com\/hu\/termek\/ugyfelertektol-a-reszletes-celkituzesig\/\" \/>\n<meta property=\"og:site_name\" content=\"AgadoPro-Academy\" \/>\n<meta property=\"article:modified_time\" content=\"2025-03-24T17:23:49+00:00\" \/>\n<meta property=\"og:image\" content=\"https:\/\/agadopro-academy.com\/wp-content\/uploads\/2024\/03\/system-supported-leader_chess.webp\" \/>\n\t<meta property=\"og:image:width\" content=\"768\" \/>\n\t<meta property=\"og:image:height\" content=\"513\" \/>\n\t<meta property=\"og:image:type\" content=\"image\/webp\" \/>\n<script type=\"application\/ld+json\" class=\"yoast-schema-graph\">{\"@context\":\"https:\/\/schema.org\",\"@graph\":[{\"@type\":\"WebPage\",\"@id\":\"https:\/\/agadopro-academy.com\/hu\/termek\/ugyfelertektol-a-reszletes-celkituzesig\/\",\"url\":\"https:\/\/agadopro-academy.com\/hu\/termek\/ugyfelertektol-a-reszletes-celkituzesig\/\",\"name\":\"\u00dcgyf\u00e9l\u00e9rt\u00e9kt\u0151l a r\u00e9szletes c\u00e9lkit\u0171z\u00e9sig avagy a strat\u00e9gia lebont\u00e1sa - AgadoPro-Academy\",\"isPartOf\":{\"@id\":\"https:\/\/agadopro-academy.com\/hu\/#website\"},\"primaryImageOfPage\":{\"@id\":\"https:\/\/agadopro-academy.com\/hu\/termek\/ugyfelertektol-a-reszletes-celkituzesig\/#primaryimage\"},\"image\":{\"@id\":\"https:\/\/agadopro-academy.com\/hu\/termek\/ugyfelertektol-a-reszletes-celkituzesig\/#primaryimage\"},\"thumbnailUrl\":\"https:\/\/i0.wp.com\/agadopro-academy.com\/wp-content\/uploads\/2024\/03\/system-supported-leader_chess.webp?fit=768%2C513&ssl=1\",\"datePublished\":\"2024-09-24T10:09:06+00:00\",\"dateModified\":\"2025-03-24T17:23:49+00:00\",\"description\":\"Kihelyezett Strat\u00e9giai Workshop: \u00c9rt\u00e9kaj\u00e1nlat, Hoshin Kanri \u00e9s Vezet\u0151i Coaching k\u00f6z\u00e9p- \u00e9s nagyv\u00e1llalatok fels\u0151vezet\u0151inek, val\u00f3s eredm\u00e9nyek\u00e9rt.\",\"breadcrumb\":{\"@id\":\"https:\/\/agadopro-academy.com\/hu\/termek\/ugyfelertektol-a-reszletes-celkituzesig\/#breadcrumb\"},\"inLanguage\":\"hu\",\"potentialAction\":[{\"@type\":\"ReadAction\",\"target\":[\"https:\/\/agadopro-academy.com\/hu\/termek\/ugyfelertektol-a-reszletes-celkituzesig\/\"]}]},{\"@type\":\"ImageObject\",\"inLanguage\":\"hu\",\"@id\":\"https:\/\/agadopro-academy.com\/hu\/termek\/ugyfelertektol-a-reszletes-celkituzesig\/#primaryimage\",\"url\":\"https:\/\/i0.wp.com\/agadopro-academy.com\/wp-content\/uploads\/2024\/03\/system-supported-leader_chess.webp?fit=768%2C513&ssl=1\",\"contentUrl\":\"https:\/\/i0.wp.com\/agadopro-academy.com\/wp-content\/uploads\/2024\/03\/system-supported-leader_chess.webp?fit=768%2C513&ssl=1\",\"width\":768,\"height\":513},{\"@type\":\"BreadcrumbList\",\"@id\":\"https:\/\/agadopro-academy.com\/hu\/termek\/ugyfelertektol-a-reszletes-celkituzesig\/#breadcrumb\",\"itemListElement\":[{\"@type\":\"ListItem\",\"position\":1,\"name\":\"F\u0151oldal\",\"item\":\"https:\/\/agadopro-academy.com\/hu\/fooldal\/\"},{\"@type\":\"ListItem\",\"position\":2,\"name\":\"Shop\",\"item\":\"https:\/\/agadopro-academy.com\/hu\/shop\/\"},{\"@type\":\"ListItem\",\"position\":3,\"name\":\"\u00dcgyf\u00e9l\u00e9rt\u00e9kt\u0151l a r\u00e9szletes c\u00e9lkit\u0171z\u00e9sig avagy a strat\u00e9gia lebont\u00e1sa\"}]},{\"@type\":\"WebSite\",\"@id\":\"https:\/\/agadopro-academy.com\/hu\/#website\",\"url\":\"https:\/\/agadopro-academy.com\/hu\/\",\"name\":\"AgadoPro-Academy\",\"description\":\"Empowering Minds, Unlocking Potential\",\"publisher\":{\"@id\":\"https:\/\/agadopro-academy.com\/hu\/#organization\"},\"potentialAction\":[{\"@type\":\"SearchAction\",\"target\":{\"@type\":\"EntryPoint\",\"urlTemplate\":\"https:\/\/agadopro-academy.com\/hu\/?s={search_term_string}\"},\"query-input\":{\"@type\":\"PropertyValueSpecification\",\"valueRequired\":true,\"valueName\":\"search_term_string\"}}],\"inLanguage\":\"hu\"},{\"@type\":\"Organization\",\"@id\":\"https:\/\/agadopro-academy.com\/hu\/#organization\",\"name\":\"AgadoPro-Akad\u00e9mia\",\"url\":\"https:\/\/agadopro-academy.com\/hu\/\",\"logo\":{\"@type\":\"ImageObject\",\"inLanguage\":\"hu\",\"@id\":\"https:\/\/agadopro-academy.com\/hu\/#\/schema\/logo\/image\/\",\"url\":\"https:\/\/i0.wp.com\/agadopro-academy.com\/wp-content\/uploads\/2024\/11\/image003-e1732794537988.png?fit=500%2C207&ssl=1\",\"contentUrl\":\"https:\/\/i0.wp.com\/agadopro-academy.com\/wp-content\/uploads\/2024\/11\/image003-e1732794537988.png?fit=500%2C207&ssl=1\",\"width\":500,\"height\":207,\"caption\":\"AgadoPro-Akad\u00e9mia\"},\"image\":{\"@id\":\"https:\/\/agadopro-academy.com\/hu\/#\/schema\/logo\/image\/\"},\"sameAs\":[\"https:\/\/www.linkedin.com\/company\/agadopro-academy\/about\/?viewAsMember=true\"]}]}<\/script>\n<!-- \/ Yoast SEO plugin. -->","yoast_head_json":{"title":"\u00dcgyf\u00e9l\u00e9rt\u00e9kt\u0151l a r\u00e9szletes c\u00e9lkit\u0171z\u00e9sig avagy a strat\u00e9gia lebont\u00e1sa - AgadoPro-Academy","description":"Kihelyezett Strat\u00e9giai Workshop: \u00c9rt\u00e9kaj\u00e1nlat, Hoshin Kanri \u00e9s Vezet\u0151i Coaching k\u00f6z\u00e9p- \u00e9s nagyv\u00e1llalatok fels\u0151vezet\u0151inek, val\u00f3s eredm\u00e9nyek\u00e9rt.","robots":{"index":"index","follow":"follow","max-snippet":"max-snippet:-1","max-image-preview":"max-image-preview:large","max-video-preview":"max-video-preview:-1"},"canonical":"https:\/\/agadopro-academy.com\/hu\/termek\/ugyfelertektol-a-reszletes-celkituzesig\/","og_locale":"hu_HU","og_type":"article","og_title":"\u00dcgyf\u00e9l\u00e9rt\u00e9kt\u0151l a r\u00e9szletes c\u00e9lkit\u0171z\u00e9sig avagy a strat\u00e9gia lebont\u00e1sa - AgadoPro-Academy","og_description":"Kihelyezett Strat\u00e9giai Workshop: \u00c9rt\u00e9kaj\u00e1nlat, Hoshin Kanri \u00e9s Vezet\u0151i Coaching k\u00f6z\u00e9p- \u00e9s nagyv\u00e1llalatok fels\u0151vezet\u0151inek, val\u00f3s eredm\u00e9nyek\u00e9rt.","og_url":"https:\/\/agadopro-academy.com\/hu\/termek\/ugyfelertektol-a-reszletes-celkituzesig\/","og_site_name":"AgadoPro-Academy","article_modified_time":"2025-03-24T17:23:49+00:00","og_image":[{"width":768,"height":513,"url":"https:\/\/agadopro-academy.com\/wp-content\/uploads\/2024\/03\/system-supported-leader_chess.webp","type":"image\/webp"}],"schema":{"@context":"https:\/\/schema.org","@graph":[{"@type":"WebPage","@id":"https:\/\/agadopro-academy.com\/hu\/termek\/ugyfelertektol-a-reszletes-celkituzesig\/","url":"https:\/\/agadopro-academy.com\/hu\/termek\/ugyfelertektol-a-reszletes-celkituzesig\/","name":"\u00dcgyf\u00e9l\u00e9rt\u00e9kt\u0151l a r\u00e9szletes c\u00e9lkit\u0171z\u00e9sig avagy a strat\u00e9gia lebont\u00e1sa - AgadoPro-Academy","isPartOf":{"@id":"https:\/\/agadopro-academy.com\/hu\/#website"},"primaryImageOfPage":{"@id":"https:\/\/agadopro-academy.com\/hu\/termek\/ugyfelertektol-a-reszletes-celkituzesig\/#primaryimage"},"image":{"@id":"https:\/\/agadopro-academy.com\/hu\/termek\/ugyfelertektol-a-reszletes-celkituzesig\/#primaryimage"},"thumbnailUrl":"https:\/\/i0.wp.com\/agadopro-academy.com\/wp-content\/uploads\/2024\/03\/system-supported-leader_chess.webp?fit=768%2C513&ssl=1","datePublished":"2024-09-24T10:09:06+00:00","dateModified":"2025-03-24T17:23:49+00:00","description":"Kihelyezett Strat\u00e9giai Workshop: \u00c9rt\u00e9kaj\u00e1nlat, Hoshin Kanri \u00e9s Vezet\u0151i Coaching k\u00f6z\u00e9p- \u00e9s nagyv\u00e1llalatok fels\u0151vezet\u0151inek, val\u00f3s eredm\u00e9nyek\u00e9rt.","breadcrumb":{"@id":"https:\/\/agadopro-academy.com\/hu\/termek\/ugyfelertektol-a-reszletes-celkituzesig\/#breadcrumb"},"inLanguage":"hu","potentialAction":[{"@type":"ReadAction","target":["https:\/\/agadopro-academy.com\/hu\/termek\/ugyfelertektol-a-reszletes-celkituzesig\/"]}]},{"@type":"ImageObject","inLanguage":"hu","@id":"https:\/\/agadopro-academy.com\/hu\/termek\/ugyfelertektol-a-reszletes-celkituzesig\/#primaryimage","url":"https:\/\/i0.wp.com\/agadopro-academy.com\/wp-content\/uploads\/2024\/03\/system-supported-leader_chess.webp?fit=768%2C513&ssl=1","contentUrl":"https:\/\/i0.wp.com\/agadopro-academy.com\/wp-content\/uploads\/2024\/03\/system-supported-leader_chess.webp?fit=768%2C513&ssl=1","width":768,"height":513},{"@type":"BreadcrumbList","@id":"https:\/\/agadopro-academy.com\/hu\/termek\/ugyfelertektol-a-reszletes-celkituzesig\/#breadcrumb","itemListElement":[{"@type":"ListItem","position":1,"name":"F\u0151oldal","item":"https:\/\/agadopro-academy.com\/hu\/fooldal\/"},{"@type":"ListItem","position":2,"name":"Shop","item":"https:\/\/agadopro-academy.com\/hu\/shop\/"},{"@type":"ListItem","position":3,"name":"\u00dcgyf\u00e9l\u00e9rt\u00e9kt\u0151l a r\u00e9szletes c\u00e9lkit\u0171z\u00e9sig avagy a strat\u00e9gia lebont\u00e1sa"}]},{"@type":"WebSite","@id":"https:\/\/agadopro-academy.com\/hu\/#website","url":"https:\/\/agadopro-academy.com\/hu\/","name":"AgadoPro-Academy","description":"Empowering Minds, Unlocking Potential","publisher":{"@id":"https:\/\/agadopro-academy.com\/hu\/#organization"},"potentialAction":[{"@type":"SearchAction","target":{"@type":"EntryPoint","urlTemplate":"https:\/\/agadopro-academy.com\/hu\/?s={search_term_string}"},"query-input":{"@type":"PropertyValueSpecification","valueRequired":true,"valueName":"search_term_string"}}],"inLanguage":"hu"},{"@type":"Organization","@id":"https:\/\/agadopro-academy.com\/hu\/#organization","name":"AgadoPro-Akad\u00e9mia","url":"https:\/\/agadopro-academy.com\/hu\/","logo":{"@type":"ImageObject","inLanguage":"hu","@id":"https:\/\/agadopro-academy.com\/hu\/#\/schema\/logo\/image\/","url":"https:\/\/i0.wp.com\/agadopro-academy.com\/wp-content\/uploads\/2024\/11\/image003-e1732794537988.png?fit=500%2C207&ssl=1","contentUrl":"https:\/\/i0.wp.com\/agadopro-academy.com\/wp-content\/uploads\/2024\/11\/image003-e1732794537988.png?fit=500%2C207&ssl=1","width":500,"height":207,"caption":"AgadoPro-Akad\u00e9mia"},"image":{"@id":"https:\/\/agadopro-academy.com\/hu\/#\/schema\/logo\/image\/"},"sameAs":["https:\/\/www.linkedin.com\/company\/agadopro-academy\/about\/?viewAsMember=true"]}]}},"jetpack_sharing_enabled":true,"jetpack-related-posts":[],"_links":{"self":[{"href":"https:\/\/agadopro-academy.com\/hu\/wp-json\/wp\/v2\/product\/24263","targetHints":{"allow":["GET"]}}],"collection":[{"href":"https:\/\/agadopro-academy.com\/hu\/wp-json\/wp\/v2\/product"}],"about":[{"href":"https:\/\/agadopro-academy.com\/hu\/wp-json\/wp\/v2\/types\/product"}],"replies":[{"embeddable":true,"href":"https:\/\/agadopro-academy.com\/hu\/wp-json\/wp\/v2\/comments?post=24263"}],"version-history":[{"count":12,"href":"https:\/\/agadopro-academy.com\/hu\/wp-json\/wp\/v2\/product\/24263\/revisions"}],"predecessor-version":[{"id":24269,"href":"https:\/\/agadopro-academy.com\/hu\/wp-json\/wp\/v2\/product\/24263\/revisions\/24269"}],"wp:featuredmedia":[{"embeddable":true,"href":"https:\/\/agadopro-academy.com\/hu\/wp-json\/wp\/v2\/media\/15802"}],"wp:attachment":[{"href":"https:\/\/agadopro-academy.com\/hu\/wp-json\/wp\/v2\/media?parent=24263"}],"wp:term":[{"taxonomy":"product_brand","embeddable":true,"href":"https:\/\/agadopro-academy.com\/hu\/wp-json\/wp\/v2\/product_brand?post=24263"},{"taxonomy":"product_cat","embeddable":true,"href":"https:\/\/agadopro-academy.com\/hu\/wp-json\/wp\/v2\/product_cat?post=24263"},{"taxonomy":"product_tag","embeddable":true,"href":"https:\/\/agadopro-academy.com\/hu\/wp-json\/wp\/v2\/product_tag?post=24263"}],"curies":[{"name":"wp","href":"https:\/\/api.w.org\/{rel}","templated":true}]}}