{"id":23941,"date":"2024-09-14T14:32:24","date_gmt":"2024-09-14T12:32:24","guid":{"rendered":"https:\/\/agadopro-academy.com\/?post_type=product&#038;p=23941"},"modified":"2025-04-21T16:39:47","modified_gmt":"2025-04-21T14:39:47","slug":"vezetes-muveszete-soft-es-hard-skillek-mesterfokon","status":"publish","type":"product","link":"https:\/\/agadopro-academy.com\/hu\/termek\/vezetes-muveszete-soft-es-hard-skillek-mesterfokon\/","title":{"rendered":"Vezet\u00e9s m\u0171v\u00e9szete: Soft \u00e9s Hard Skillek Mesterfokon"},"content":{"rendered":"<h1 data-start=\"137\" data-end=\"331\">\ud83c\udf93 <strong data-start=\"140\" data-end=\"196\">Vezet\u00e9s M\u0171v\u00e9szete \u2013 Soft \u00e9s Hard skillek mesterfokon<\/strong><\/h1>\n<p class=\"\" data-start=\"137\" data-end=\"331\"><br data-start=\"196\" data-end=\"199\" \/><span style=\"color: #000000;\"><strong data-start=\"199\" data-end=\"235\">6 h\u00f3napos vezet\u0151fejleszt\u0151 <\/strong>\ud83c\udf81 <strong data-start=\"1877\" data-end=\"1925\">Csomag<\/strong>,<\/span> amely val\u00f3di eredm\u00e9nyekhez seg\u00edti a vezet\u0151ket \u2013 nemcsak elm\u00e9let, hanem m\u0171k\u00f6d\u0151 gyakorlat r\u00e9v\u00e9n.<\/p>\n<p class=\"\" data-start=\"333\" data-end=\"533\">Ez a program kifejezetten azoknak sz\u00f3l, akik fejl\u0151dni szeretn\u00e9nek vezet\u0151k\u00e9nt, \u00e9s nem \u00e9rik be f\u00e9lmegold\u00e1sokkal. A k\u00e9pz\u00e9s k\u00e9t szakaszb\u00f3l \u00e9p\u00fcl fel, \u00edgy a tanul\u00e1s mellett a tud\u00e1s be\u00e9p\u00edt\u00e9se is biztos\u00edtott.<\/p>\n<p class=\"\" data-start=\"535\" data-end=\"656\">\ud83d\udc65 <strong data-start=\"538\" data-end=\"568\">Csoportl\u00e9tsz\u00e1m: max. 12 f\u0151<\/strong><br data-start=\"568\" data-end=\"571\" \/>A kis l\u00e9tsz\u00e1m garant\u00e1lja a szem\u00e9lyes figyelmet \u00e9s a biztons\u00e1gos tanul\u00e1si k\u00f6rnyezetet.<\/p>\n<hr class=\"\" data-start=\"658\" data-end=\"661\" \/>\n<h4 data-start=\"663\" data-end=\"840\">\ud83d\udd37 <strong data-start=\"666\" data-end=\"710\">1. szakasz: 12 hetes \u00e9l\u0151, online tr\u00e9ning<\/strong><\/h4>\n<p data-start=\"663\" data-end=\"840\">A h\u00e1rom h\u00f3napos tr\u00e9ning sor\u00e1n heti egy alkalommal dolgozunk egy\u00fctt \u2013 val\u00f3s helyzeteken kereszt\u00fcl, gyakorlatias megk\u00f6zel\u00edt\u00e9ssel.<\/p>\n<h4 data-start=\"842\" data-end=\"880\"><\/h4>\n<h4 data-start=\"842\" data-end=\"880\"><strong data-start=\"842\" data-end=\"878\">Tematika \u2013 12 h\u00e9t, 12 kulcst\u00e9ma (12&#215;1,5 \u00f3ra):<\/strong><\/h4>\n<ol data-start=\"881\" data-end=\"1484\">\n<li class=\"\" data-start=\"881\" data-end=\"926\">\n<p class=\"\" data-start=\"884\" data-end=\"926\"><span style=\"color: #008080;\">h\u00e9t \u2013 Vezet\u0151i alapok \u00e9s vezet\u0151i szerepek<\/span><\/p>\n<\/li>\n<li class=\"\" data-start=\"927\" data-end=\"965\">\n<p class=\"\" data-start=\"930\" data-end=\"965\"><span style=\"color: #008080;\">h\u00e9t \u2013 Kommunik\u00e1ci\u00f3 \u00e9s szem\u00e9lyis\u00e9g<\/span><\/p>\n<\/li>\n<li class=\"\" data-start=\"966\" data-end=\"1011\">\n<p class=\"\" data-start=\"969\" data-end=\"1011\"><span style=\"color: #008080;\">h\u00e9t \u2013 Szem\u00e9lyes hat\u00e9konys\u00e1g \u00e9s motiv\u00e1ci\u00f3<\/span><\/p>\n<\/li>\n<li class=\"\" data-start=\"1012\" data-end=\"1045\">\n<p class=\"\" data-start=\"1015\" data-end=\"1045\"><span style=\"color: #008080;\">h\u00e9t \u2013 Flow \u00e9s stresszkezel\u00e9s<\/span><\/p>\n<\/li>\n<li class=\"\" data-start=\"1046\" data-end=\"1079\">\n<p class=\"\" data-start=\"1049\" data-end=\"1079\"><span style=\"color: #008080;\">h\u00e9t \u2013 Csapatmunka \u00e9s emp\u00e1tia<\/span><\/p>\n<\/li>\n<li class=\"\" data-start=\"1080\" data-end=\"1150\">\n<p class=\"\" data-start=\"1083\" data-end=\"1150\"><span style=\"color: #008080;\">h\u00e9t \u2013 Management kontroll rendszer bemutat\u00e1sa, folyamatkontroll \u00e9s KPI-ok integr\u00e1l\u00e1sa<\/span><\/p>\n<\/li>\n<li class=\"\" data-start=\"1151\" data-end=\"1216\">\n<p class=\"\" data-start=\"1154\" data-end=\"1216\"><span style=\"color: #008080;\">h\u00e9t \u2013 Folyamatkontroll, probl\u00e9mamegold\u00e1s \u00e9s m\u00e9r\u00e9s bevezet\u00e9se<\/span><\/p>\n<\/li>\n<li class=\"\" data-start=\"1217\" data-end=\"1265\">\n<p class=\"\" data-start=\"1220\" data-end=\"1265\"><span style=\"color: #008080;\">h\u00e9t \u2013 Teljes\u00edtm\u00e9ny\u00e9rt\u00e9kel\u00e9s \u00e9s visszajelz\u00e9s<\/span><\/p>\n<\/li>\n<li class=\"\" data-start=\"1266\" data-end=\"1315\">\n<p class=\"\" data-start=\"1269\" data-end=\"1315\"><span style=\"color: #008080;\">h\u00e9t \u2013 Konfliktuskezel\u00e9s \u00e9s emberek meg\u00e9rt\u00e9se<\/span><\/p>\n<\/li>\n<li class=\"\" data-start=\"1316\" data-end=\"1372\">\n<p class=\"\" data-start=\"1320\" data-end=\"1372\"><span style=\"color: #008080;\">h\u00e9t \u2013 Munkat\u00e1rsak fejleszt\u00e9se \u00e9s kulcskompetenci\u00e1k<\/span><\/p>\n<\/li>\n<li class=\"\" data-start=\"1373\" data-end=\"1431\">\n<p class=\"\" data-start=\"1377\" data-end=\"1431\"><span style=\"color: #008080;\">h\u00e9t \u2013 V\u00e1ltoz\u00e1skezel\u00e9s \u00e9s bels\u0151 kommunik\u00e1ci\u00f3 jav\u00edt\u00e1sa<\/span><\/p>\n<\/li>\n<li class=\"\" data-start=\"1432\" data-end=\"1484\">\n<p class=\"\" data-start=\"1436\" data-end=\"1484\"><span style=\"color: #008080;\">h\u00e9t \u2013 V\u00e1ltoz\u00e1smenedzsment \u00e9s ellen\u00e1ll\u00e1s kezel\u00e9se<\/span><\/p>\n<\/li>\n<\/ol>\n<p>&nbsp;<\/p>\n<p class=\"\" data-start=\"1486\" data-end=\"1867\">Minden alkalom egy fontos vezet\u0151i t\u00e9m\u00e1ra \u00e9p\u00fcl. A soft \u00e9s hard skillek fejleszt\u00e9se fokozatosan, egym\u00e1sra \u00e9p\u00fclve t\u00f6rt\u00e9nik. A tr\u00e9ning sor\u00e1n rendszeresen alkalmazunk <strong data-start=\"1739\" data-end=\"1762\">p\u00e1ros gyakorlatokat<\/strong>, amelyek a r\u00e9sztvev\u0151k saj\u00e1t tapasztalataira \u00e9p\u00fclnek, \u00e9s <strong data-start=\"1819\" data-end=\"1866\">tudatosan fejlesztik a coaching szeml\u00e9letet<\/strong>. A tanultakat azonnal haszn\u00e1lhat\u00f3 form\u00e1ban vihetik tov\u00e1bb a h\u00e9tk\u00f6znapi vezet\u0151i m\u0171k\u00f6d\u00e9s\u00fckbe.<\/p>\n<hr class=\"\" data-start=\"1869\" data-end=\"1872\" \/>\n<h4 data-start=\"1874\" data-end=\"2060\"><span style=\"color: #ff0000;\">\ud83c\udf81 <strong data-start=\"1877\" data-end=\"1925\">Csomagaj\u00e1nlat \u2013 val\u00f3di \u00e9rt\u00e9kn\u00f6velt t\u00e1mogat\u00e1s<\/strong><\/span><\/h4>\n<h4 data-start=\"1874\" data-end=\"2060\"><br data-start=\"1925\" data-end=\"1928\" \/>A tr\u00e9ninget kieg\u00e9sz\u00edti egy olyan fejleszt\u00e9si csomag, amely biztos\u00edtja, hogy a tanultak ne csak elhangozzanak, hanem be is \u00e9p\u00fcljenek.<\/h4>\n<p class=\"\" data-start=\"2062\" data-end=\"2243\">\u2b50 <strong data-start=\"2064\" data-end=\"2118\">+ 4 coaching alkalom (kis csoportban vagy p\u00e1rosan) (4&#215;1 \u00f3ra)<\/strong><br data-start=\"2118\" data-end=\"2121\" \/>\u2013 Egy\u00e9ni helyzetek feldolgoz\u00e1sa, c\u00e9lzott visszajelz\u00e9sekkel<br data-start=\"2179\" data-end=\"2182\" \/>\u2013 M\u00e9lyebb meg\u00e9rt\u00e9s, \u00faj n\u00e9z\u0151pontok, szem\u00e9lyre szabott figyelem<\/p>\n<p class=\"\" data-start=\"2245\" data-end=\"2431\">\u2b50 <strong data-start=\"2247\" data-end=\"2280\">+ 3 h\u00f3napos MentoRING Program (6&#215;1 \u00f3ra)<\/strong><br data-start=\"2280\" data-end=\"2283\" \/>\u2013 Gyakorlati ut\u00e1nk\u00f6vet\u00e9s \u00e9s t\u00e1mogat\u00e1s<br data-start=\"2320\" data-end=\"2323\" \/>\u2013 A mindennapi vezet\u0151i helyzetekben val\u00f3 alkalmaz\u00e1s seg\u00edt\u00e9se<br data-start=\"2383\" data-end=\"2386\" \/>\u2013 Folyamatos kapcsolat \u00e9s k\u00e9rdez\u00e9si lehet\u0151s\u00e9g<\/p>\n<hr class=\"\" data-start=\"2433\" data-end=\"2436\" \/>\n<h4 data-start=\"2438\" data-end=\"2494\">\ud83c\udfaf <strong data-start=\"2441\" data-end=\"2460\">Kinek aj\u00e1nljuk?<\/strong><\/h4>\n<p class=\"\" data-start=\"2438\" data-end=\"2494\"><br data-start=\"2460\" data-end=\"2463\" \/>Ez a program ide\u00e1lis v\u00e1laszt\u00e1s:<\/p>\n<p class=\"\" data-start=\"2496\" data-end=\"2702\">\ud83d\udd39 Olyan vezet\u0151knek, akik tudatosan szeretn\u00e9k fejleszteni m\u0171k\u00f6d\u00e9s\u00fcket<br data-start=\"2565\" data-end=\"2568\" \/>\ud83d\udd39 D\u00f6nt\u00e9shoz\u00f3knak, akik rendszerszinten gondolkodnak<br data-start=\"2620\" data-end=\"2623\" \/>\ud83d\udd39 Mindazoknak, akik val\u00f3s eszk\u00f6z\u00f6ket keresnek saj\u00e1t \u00e9s csapatuk fejleszt\u00e9s\u00e9hez<\/p>\n<hr class=\"\" data-start=\"2704\" data-end=\"2707\" \/>\n<p class=\"\" data-start=\"2709\" data-end=\"2772\">\ud83d\udcc5 <strong data-start=\"2712\" data-end=\"2738\">Kezd\u00e9s: 2025. m\u00e1jus 15.<\/strong><br data-start=\"2738\" data-end=\"2741\" \/>\u23f3 <strong data-start=\"2743\" data-end=\"2772\">Teljes id\u0151tartam: 3 H\u00f3nap tanfolyam + 3 h\u00f3nap MentoRING Program<\/strong><\/p>\n<p class=\"\" data-start=\"2774\" data-end=\"2960\">\u2705 Eredm\u00e9ny: tiszt\u00e1bb kommunik\u00e1ci\u00f3, hat\u00e9konyabb konfliktuskezel\u00e9s, eredm\u00e9nyesebb csapat<\/p>\n<h4 data-start=\"2774\" data-end=\"2960\">\ud83d\ude80 <strong data-start=\"2866\" data-end=\"2960\">Ez nem csak egy tr\u00e9ning. Ez egy vezet\u0151i szintl\u00e9p\u00e9s \u2013 t\u00e1mogat\u00e1ssal, gyakorlattal, hat\u00e1ssal.<\/strong><\/h4>\n<p class=\"\" data-start=\"2962\" data-end=\"3026\">\ud83d\udc49 <strong data-start=\"2965\" data-end=\"3026\">Jelentkezzen most \u2013 \u00e9s kezdje el a fejl\u0151d\u00e9s \u00fatj\u00e1t m\u00e9g ma!<\/strong><\/p>\n","protected":false},"excerpt":{"rendered":"<p class=\"\" data-start=\"204\" data-end=\"499\">\ud83c\udf93 <strong data-start=\"207\" data-end=\"264\">Vezet\u00e9s M\u0171v\u00e9szete \u2013 6 h\u00f3napos vezet\u0151fejleszt\u0151 program<\/strong><br data-start=\"264\" data-end=\"267\" \/>Gyakorlatias, \u00e9l\u0151 tr\u00e9ning kis csoportban (max. 12 f\u0151), ahol a soft \u00e9s hard skillek egym\u00e1sra \u00e9p\u00fclve fejl\u0151dnek.<br data-start=\"376\" data-end=\"379\" \/>A 12 heti alkalom sor\u00e1n p\u00e1ros \u00e9s interakt\u00edv gyakorlatokkal dolgozunk, melyek tudatosan \u00e9p\u00edtik a coaching szeml\u00e9letet is.<\/p>\n<p class=\"\" data-start=\"501\" data-end=\"692\">\ud83d\udcd8 <strong data-start=\"504\" data-end=\"531\">Csomagaj\u00e1nlat tartalma:<\/strong><br data-start=\"531\" data-end=\"534\" \/>\u2013 <strong>3 h\u00f3nap tematikus tr\u00e9ning<\/strong> (12 vezet\u0151i t\u00e9ma) (12&#215;1,5 \u00f3ra)<br data-start=\"579\" data-end=\"582\" \/>\u2013 + <strong>4 alkalmas coaching<\/strong> kis csoportban vagy p\u00e1rosan (4&#215;1 \u00f3ra)<br data-start=\"633\" data-end=\"636\" \/>\u2013 + <strong>3 h\u00f3napos MentoRING Program<\/strong> a gyakorlati be\u00e9p\u00edt\u00e9shez (6&#215;1\u00f3ra)<\/p>\n<p class=\"\" data-start=\"694\" data-end=\"823\">\ud83d\udcc5 <strong data-start=\"2712\" data-end=\"2738\">Kezd\u00e9s: 2025. m\u00e1jus 15.<\/strong><br data-start=\"2738\" data-end=\"2741\" \/>\u23f3 <strong data-start=\"2743\" data-end=\"2772\">Teljes id\u0151tartam: 3 H\u00f3nap tanfolyam + 3 h\u00f3nap MentoRING Program<\/strong><\/p>\n<p class=\"\" data-start=\"694\" data-end=\"823\"><br data-start=\"750\" data-end=\"753\" \/>\ud83d\ude80 <strong data-start=\"756\" data-end=\"823\">Tud\u00e1s, amely hat \u2013 t\u00e1mogat\u00e1ssal, rendszerben, szem\u00e9lyre szabva.<\/strong><\/p>\n","protected":false},"featured_media":23942,"comment_status":"open","ping_status":"closed","template":"","meta":{"pmpro_default_level":""},"product_brand":[],"product_cat":[1956,2835,2591,2836,1958,1968],"product_tag":[2249,2258,2248,2250,2045,2080,2044,2017,2463,2298,2061,2256,2261,2252,2303,2290,2200,2292,2247,2201],"class_list":{"0":"post-23941","1":"product","2":"type-product","3":"status-publish","4":"has-post-thumbnail","6":"product_cat-coaching-hu","7":"product_cat-helyszin","8":"product_cat-magyar","9":"product_cat-online","10":"product_cat-tanfolyamok","11":"product_cat-vezetesfejlesztes","12":"product_tag-1to1-coaching-hu","13":"product_tag-bizalomepites","14":"product_tag-coaching-hu","15":"product_tag-egyeni-coaching","16":"product_tag-erzelmi-intelligencia","17":"product_tag-keszsegfejlesztes","18":"product_tag-kommunikacios-keszsegek","19":"product_tag-konfliktuskezeles","20":"product_tag-mukodesi-hatekonysag","21":"product_tag-projekt-tanacsadasi-szolgaltatasok","22":"product_tag-szakmai-fejlodes","23":"product_tag-szemelyes-celok","24":"product_tag-szemelyes-fejlodes","25":"product_tag-szemelyes-novekedes","26":"product_tag-uzleti-atalakulas","27":"product_tag-uzleti-folyamatok-fejlesztese","28":"product_tag-vezetes","29":"product_tag-vezetesi-tanacsadas","30":"product_tag-vezetoi-coaching","31":"product_tag-vezetoi-kepzes","32":"pmpro-has-access","34":"first","35":"instock","36":"virtual","37":"sold-individually","38":"taxable","39":"purchasable","40":"product-type-course"},"yoast_head":"<!-- This site is optimized with the Yoast SEO plugin v25.8 - https:\/\/yoast.com\/wordpress\/plugins\/seo\/ -->\n<title>Vezet\u00e9s m\u0171v\u00e9szete: Soft \u00e9s Hard Skillek Mesterfokon<\/title>\n<meta name=\"description\" content=\"6 h\u00f3nap. 1 csomag. Tr\u00e9ning, coaching, mentoring. Vezet\u0151i k\u00e9szs\u00e9gek, amiket m\u00e1shol nem tan\u00edtanak \u2013 itt v\u00e9gre m\u0171k\u00f6d\u0151v\u00e9 v\u00e1lnak.\" \/>\n<meta name=\"robots\" content=\"index, follow, max-snippet:-1, max-image-preview:large, max-video-preview:-1\" \/>\n<link rel=\"canonical\" href=\"https:\/\/agadopro-academy.com\/hu\/termek\/vezetes-muveszete-soft-es-hard-skillek-mesterfokon\/\" \/>\n<meta property=\"og:locale\" content=\"hu_HU\" \/>\n<meta property=\"og:type\" content=\"article\" \/>\n<meta property=\"og:title\" content=\"Vezet\u00e9s m\u0171v\u00e9szete: Soft \u00e9s Hard Skillek Mesterfokon\" \/>\n<meta property=\"og:description\" content=\"6 h\u00f3nap. 1 csomag. Tr\u00e9ning, coaching, mentoring. Vezet\u0151i k\u00e9szs\u00e9gek, amiket m\u00e1shol nem tan\u00edtanak \u2013 itt v\u00e9gre m\u0171k\u00f6d\u0151v\u00e9 v\u00e1lnak.\" \/>\n<meta property=\"og:url\" content=\"https:\/\/agadopro-academy.com\/hu\/termek\/vezetes-muveszete-soft-es-hard-skillek-mesterfokon\/\" \/>\n<meta property=\"og:site_name\" content=\"AgadoPro-Academy\" \/>\n<meta property=\"article:modified_time\" content=\"2025-04-21T14:39:47+00:00\" \/>\n<meta property=\"og:image\" content=\"https:\/\/agadopro-academy.com\/wp-content\/uploads\/2024\/09\/98.jpg\" \/>\n\t<meta property=\"og:image:width\" content=\"1920\" \/>\n\t<meta property=\"og:image:height\" content=\"1080\" \/>\n\t<meta property=\"og:image:type\" content=\"image\/jpeg\" \/>\n<script type=\"application\/ld+json\" class=\"yoast-schema-graph\">{\"@context\":\"https:\/\/schema.org\",\"@graph\":[{\"@type\":\"WebPage\",\"@id\":\"https:\/\/agadopro-academy.com\/hu\/termek\/vezetes-muveszete-soft-es-hard-skillek-mesterfokon\/\",\"url\":\"https:\/\/agadopro-academy.com\/hu\/termek\/vezetes-muveszete-soft-es-hard-skillek-mesterfokon\/\",\"name\":\"Vezet\u00e9s m\u0171v\u00e9szete: Soft \u00e9s Hard Skillek Mesterfokon\",\"isPartOf\":{\"@id\":\"https:\/\/agadopro-academy.com\/hu\/#website\"},\"primaryImageOfPage\":{\"@id\":\"https:\/\/agadopro-academy.com\/hu\/termek\/vezetes-muveszete-soft-es-hard-skillek-mesterfokon\/#primaryimage\"},\"image\":{\"@id\":\"https:\/\/agadopro-academy.com\/hu\/termek\/vezetes-muveszete-soft-es-hard-skillek-mesterfokon\/#primaryimage\"},\"thumbnailUrl\":\"https:\/\/i0.wp.com\/agadopro-academy.com\/wp-content\/uploads\/2024\/09\/98.jpg?fit=1920%2C1080&ssl=1\",\"datePublished\":\"2024-09-14T12:32:24+00:00\",\"dateModified\":\"2025-04-21T14:39:47+00:00\",\"description\":\"6 h\u00f3nap. 1 csomag. Tr\u00e9ning, coaching, mentoring. Vezet\u0151i k\u00e9szs\u00e9gek, amiket m\u00e1shol nem tan\u00edtanak \u2013 itt v\u00e9gre m\u0171k\u00f6d\u0151v\u00e9 v\u00e1lnak.\",\"breadcrumb\":{\"@id\":\"https:\/\/agadopro-academy.com\/hu\/termek\/vezetes-muveszete-soft-es-hard-skillek-mesterfokon\/#breadcrumb\"},\"inLanguage\":\"hu\",\"potentialAction\":[{\"@type\":\"ReadAction\",\"target\":[\"https:\/\/agadopro-academy.com\/hu\/termek\/vezetes-muveszete-soft-es-hard-skillek-mesterfokon\/\"]}]},{\"@type\":\"ImageObject\",\"inLanguage\":\"hu\",\"@id\":\"https:\/\/agadopro-academy.com\/hu\/termek\/vezetes-muveszete-soft-es-hard-skillek-mesterfokon\/#primaryimage\",\"url\":\"https:\/\/i0.wp.com\/agadopro-academy.com\/wp-content\/uploads\/2024\/09\/98.jpg?fit=1920%2C1080&ssl=1\",\"contentUrl\":\"https:\/\/i0.wp.com\/agadopro-academy.com\/wp-content\/uploads\/2024\/09\/98.jpg?fit=1920%2C1080&ssl=1\",\"width\":1920,\"height\":1080},{\"@type\":\"BreadcrumbList\",\"@id\":\"https:\/\/agadopro-academy.com\/hu\/termek\/vezetes-muveszete-soft-es-hard-skillek-mesterfokon\/#breadcrumb\",\"itemListElement\":[{\"@type\":\"ListItem\",\"position\":1,\"name\":\"F\u0151oldal\",\"item\":\"https:\/\/agadopro-academy.com\/hu\/fooldal\/\"},{\"@type\":\"ListItem\",\"position\":2,\"name\":\"Shop\",\"item\":\"https:\/\/agadopro-academy.com\/hu\/shop\/\"},{\"@type\":\"ListItem\",\"position\":3,\"name\":\"Vezet\u00e9s m\u0171v\u00e9szete: Soft \u00e9s Hard Skillek Mesterfokon\"}]},{\"@type\":\"WebSite\",\"@id\":\"https:\/\/agadopro-academy.com\/hu\/#website\",\"url\":\"https:\/\/agadopro-academy.com\/hu\/\",\"name\":\"AgadoPro-Academy\",\"description\":\"Empowering Minds, Unlocking Potential\",\"publisher\":{\"@id\":\"https:\/\/agadopro-academy.com\/hu\/#organization\"},\"potentialAction\":[{\"@type\":\"SearchAction\",\"target\":{\"@type\":\"EntryPoint\",\"urlTemplate\":\"https:\/\/agadopro-academy.com\/hu\/?s={search_term_string}\"},\"query-input\":{\"@type\":\"PropertyValueSpecification\",\"valueRequired\":true,\"valueName\":\"search_term_string\"}}],\"inLanguage\":\"hu\"},{\"@type\":\"Organization\",\"@id\":\"https:\/\/agadopro-academy.com\/hu\/#organization\",\"name\":\"AgadoPro-Akad\u00e9mia\",\"url\":\"https:\/\/agadopro-academy.com\/hu\/\",\"logo\":{\"@type\":\"ImageObject\",\"inLanguage\":\"hu\",\"@id\":\"https:\/\/agadopro-academy.com\/hu\/#\/schema\/logo\/image\/\",\"url\":\"https:\/\/i0.wp.com\/agadopro-academy.com\/wp-content\/uploads\/2024\/11\/image003-e1732794537988.png?fit=500%2C207&ssl=1\",\"contentUrl\":\"https:\/\/i0.wp.com\/agadopro-academy.com\/wp-content\/uploads\/2024\/11\/image003-e1732794537988.png?fit=500%2C207&ssl=1\",\"width\":500,\"height\":207,\"caption\":\"AgadoPro-Akad\u00e9mia\"},\"image\":{\"@id\":\"https:\/\/agadopro-academy.com\/hu\/#\/schema\/logo\/image\/\"},\"sameAs\":[\"https:\/\/www.linkedin.com\/company\/agadopro-academy\/about\/?viewAsMember=true\"]}]}<\/script>\n<!-- \/ Yoast SEO plugin. -->","yoast_head_json":{"title":"Vezet\u00e9s m\u0171v\u00e9szete: Soft \u00e9s Hard Skillek Mesterfokon","description":"6 h\u00f3nap. 1 csomag. Tr\u00e9ning, coaching, mentoring. Vezet\u0151i k\u00e9szs\u00e9gek, amiket m\u00e1shol nem tan\u00edtanak \u2013 itt v\u00e9gre m\u0171k\u00f6d\u0151v\u00e9 v\u00e1lnak.","robots":{"index":"index","follow":"follow","max-snippet":"max-snippet:-1","max-image-preview":"max-image-preview:large","max-video-preview":"max-video-preview:-1"},"canonical":"https:\/\/agadopro-academy.com\/hu\/termek\/vezetes-muveszete-soft-es-hard-skillek-mesterfokon\/","og_locale":"hu_HU","og_type":"article","og_title":"Vezet\u00e9s m\u0171v\u00e9szete: Soft \u00e9s Hard Skillek Mesterfokon","og_description":"6 h\u00f3nap. 1 csomag. Tr\u00e9ning, coaching, mentoring. Vezet\u0151i k\u00e9szs\u00e9gek, amiket m\u00e1shol nem tan\u00edtanak \u2013 itt v\u00e9gre m\u0171k\u00f6d\u0151v\u00e9 v\u00e1lnak.","og_url":"https:\/\/agadopro-academy.com\/hu\/termek\/vezetes-muveszete-soft-es-hard-skillek-mesterfokon\/","og_site_name":"AgadoPro-Academy","article_modified_time":"2025-04-21T14:39:47+00:00","og_image":[{"width":1920,"height":1080,"url":"https:\/\/agadopro-academy.com\/wp-content\/uploads\/2024\/09\/98.jpg","type":"image\/jpeg"}],"schema":{"@context":"https:\/\/schema.org","@graph":[{"@type":"WebPage","@id":"https:\/\/agadopro-academy.com\/hu\/termek\/vezetes-muveszete-soft-es-hard-skillek-mesterfokon\/","url":"https:\/\/agadopro-academy.com\/hu\/termek\/vezetes-muveszete-soft-es-hard-skillek-mesterfokon\/","name":"Vezet\u00e9s m\u0171v\u00e9szete: Soft \u00e9s Hard Skillek Mesterfokon","isPartOf":{"@id":"https:\/\/agadopro-academy.com\/hu\/#website"},"primaryImageOfPage":{"@id":"https:\/\/agadopro-academy.com\/hu\/termek\/vezetes-muveszete-soft-es-hard-skillek-mesterfokon\/#primaryimage"},"image":{"@id":"https:\/\/agadopro-academy.com\/hu\/termek\/vezetes-muveszete-soft-es-hard-skillek-mesterfokon\/#primaryimage"},"thumbnailUrl":"https:\/\/i0.wp.com\/agadopro-academy.com\/wp-content\/uploads\/2024\/09\/98.jpg?fit=1920%2C1080&ssl=1","datePublished":"2024-09-14T12:32:24+00:00","dateModified":"2025-04-21T14:39:47+00:00","description":"6 h\u00f3nap. 1 csomag. Tr\u00e9ning, coaching, mentoring. Vezet\u0151i k\u00e9szs\u00e9gek, amiket m\u00e1shol nem tan\u00edtanak \u2013 itt v\u00e9gre m\u0171k\u00f6d\u0151v\u00e9 v\u00e1lnak.","breadcrumb":{"@id":"https:\/\/agadopro-academy.com\/hu\/termek\/vezetes-muveszete-soft-es-hard-skillek-mesterfokon\/#breadcrumb"},"inLanguage":"hu","potentialAction":[{"@type":"ReadAction","target":["https:\/\/agadopro-academy.com\/hu\/termek\/vezetes-muveszete-soft-es-hard-skillek-mesterfokon\/"]}]},{"@type":"ImageObject","inLanguage":"hu","@id":"https:\/\/agadopro-academy.com\/hu\/termek\/vezetes-muveszete-soft-es-hard-skillek-mesterfokon\/#primaryimage","url":"https:\/\/i0.wp.com\/agadopro-academy.com\/wp-content\/uploads\/2024\/09\/98.jpg?fit=1920%2C1080&ssl=1","contentUrl":"https:\/\/i0.wp.com\/agadopro-academy.com\/wp-content\/uploads\/2024\/09\/98.jpg?fit=1920%2C1080&ssl=1","width":1920,"height":1080},{"@type":"BreadcrumbList","@id":"https:\/\/agadopro-academy.com\/hu\/termek\/vezetes-muveszete-soft-es-hard-skillek-mesterfokon\/#breadcrumb","itemListElement":[{"@type":"ListItem","position":1,"name":"F\u0151oldal","item":"https:\/\/agadopro-academy.com\/hu\/fooldal\/"},{"@type":"ListItem","position":2,"name":"Shop","item":"https:\/\/agadopro-academy.com\/hu\/shop\/"},{"@type":"ListItem","position":3,"name":"Vezet\u00e9s m\u0171v\u00e9szete: Soft \u00e9s Hard Skillek Mesterfokon"}]},{"@type":"WebSite","@id":"https:\/\/agadopro-academy.com\/hu\/#website","url":"https:\/\/agadopro-academy.com\/hu\/","name":"AgadoPro-Academy","description":"Empowering Minds, Unlocking Potential","publisher":{"@id":"https:\/\/agadopro-academy.com\/hu\/#organization"},"potentialAction":[{"@type":"SearchAction","target":{"@type":"EntryPoint","urlTemplate":"https:\/\/agadopro-academy.com\/hu\/?s={search_term_string}"},"query-input":{"@type":"PropertyValueSpecification","valueRequired":true,"valueName":"search_term_string"}}],"inLanguage":"hu"},{"@type":"Organization","@id":"https:\/\/agadopro-academy.com\/hu\/#organization","name":"AgadoPro-Akad\u00e9mia","url":"https:\/\/agadopro-academy.com\/hu\/","logo":{"@type":"ImageObject","inLanguage":"hu","@id":"https:\/\/agadopro-academy.com\/hu\/#\/schema\/logo\/image\/","url":"https:\/\/i0.wp.com\/agadopro-academy.com\/wp-content\/uploads\/2024\/11\/image003-e1732794537988.png?fit=500%2C207&ssl=1","contentUrl":"https:\/\/i0.wp.com\/agadopro-academy.com\/wp-content\/uploads\/2024\/11\/image003-e1732794537988.png?fit=500%2C207&ssl=1","width":500,"height":207,"caption":"AgadoPro-Akad\u00e9mia"},"image":{"@id":"https:\/\/agadopro-academy.com\/hu\/#\/schema\/logo\/image\/"},"sameAs":["https:\/\/www.linkedin.com\/company\/agadopro-academy\/about\/?viewAsMember=true"]}]}},"jetpack_sharing_enabled":true,"jetpack-related-posts":[],"_links":{"self":[{"href":"https:\/\/agadopro-academy.com\/hu\/wp-json\/wp\/v2\/product\/23941","targetHints":{"allow":["GET"]}}],"collection":[{"href":"https:\/\/agadopro-academy.com\/hu\/wp-json\/wp\/v2\/product"}],"about":[{"href":"https:\/\/agadopro-academy.com\/hu\/wp-json\/wp\/v2\/types\/product"}],"replies":[{"embeddable":true,"href":"https:\/\/agadopro-academy.com\/hu\/wp-json\/wp\/v2\/comments?post=23941"}],"version-history":[{"count":25,"href":"https:\/\/agadopro-academy.com\/hu\/wp-json\/wp\/v2\/product\/23941\/revisions"}],"predecessor-version":[{"id":24171,"href":"https:\/\/agadopro-academy.com\/hu\/wp-json\/wp\/v2\/product\/23941\/revisions\/24171"}],"wp:featuredmedia":[{"embeddable":true,"href":"https:\/\/agadopro-academy.com\/hu\/wp-json\/wp\/v2\/media\/23942"}],"wp:attachment":[{"href":"https:\/\/agadopro-academy.com\/hu\/wp-json\/wp\/v2\/media?parent=23941"}],"wp:term":[{"taxonomy":"product_brand","embeddable":true,"href":"https:\/\/agadopro-academy.com\/hu\/wp-json\/wp\/v2\/product_brand?post=23941"},{"taxonomy":"product_cat","embeddable":true,"href":"https:\/\/agadopro-academy.com\/hu\/wp-json\/wp\/v2\/product_cat?post=23941"},{"taxonomy":"product_tag","embeddable":true,"href":"https:\/\/agadopro-academy.com\/hu\/wp-json\/wp\/v2\/product_tag?post=23941"}],"curies":[{"name":"wp","href":"https:\/\/api.w.org\/{rel}","templated":true}]}}