{"id":22267,"date":"2024-08-15T19:00:31","date_gmt":"2024-08-15T17:00:31","guid":{"rendered":"https:\/\/agadopro-academy.com\/?post_type=product&#038;p=22267"},"modified":"2025-04-08T16:36:34","modified_gmt":"2025-04-08T14:36:34","slug":"csomag-ajanlat-inditsd-el-szemelyes-fejlodesed-ismerd-meg-az-1to1-coachingot","status":"publish","type":"product","link":"https:\/\/agadopro-academy.com\/hu\/termek\/csomag-ajanlat-inditsd-el-szemelyes-fejlodesed-ismerd-meg-az-1to1-coachingot\/","title":{"rendered":"Optimaliz\u00e1ld Fejl\u0151d\u00e9sed az 5&#215;1 \u00d3r\u00e1s Coaching Csomaggal!"},"content":{"rendered":"<div class=\"flex max-w-full flex-col flex-grow\">\n<div class=\"min-h-[20px] text-message flex w-full flex-col items-end gap-2 whitespace-pre-wrap break-words [.text-message+&amp;]:mt-5 overflow-x-auto\" dir=\"auto\" data-message-author-role=\"assistant\" data-message-id=\"cd4c84f8-1a86-40a9-8869-f0f47efde5fe\">\n<div class=\"flex w-full flex-col gap-1 empty:hidden first:pt-[3px]\">\n<div class=\"markdown prose w-full break-words dark:prose-invert light\">\n<h1 data-start=\"267\" data-end=\"317\">\ud83d\ude80 Ind\u00edtsd be szem\u00e9lyes \u00e9s szakmai fejl\u0151d\u00e9sed!<\/h1>\n<p class=\"\" data-start=\"319\" data-end=\"499\">Fedezd fel az <strong data-start=\"333\" data-end=\"350\">1to1 Coaching<\/strong> k\u00fcl\u00f6nleges aj\u00e1nlat\u00e1t \u2013 egy \u00f6talkalmas, egy\u00e9ni coaching programot, amely teljesen r\u00e1d van szabva. Minden \u00f3ra egy \u00fajabb l\u00e9p\u00e9s \u00f6nmagad \u00e9s c\u00e9ljaid fel\u00e9.<\/p>\n<h2 data-start=\"501\" data-end=\"682\"><strong data-start=\"501\" data-end=\"532\">\ud83d\udca1 Kinek sz\u00f3l ez a program?<\/strong><\/h2>\n<p data-start=\"501\" data-end=\"682\"><br data-start=\"532\" data-end=\"535\" \/>Neked, ha szeretn\u00e9d:<br data-start=\"555\" data-end=\"558\" \/>\u2705 tudatosabban fejleszteni k\u00e9szs\u00e9geidet<br data-start=\"597\" data-end=\"600\" \/>\u2705 m\u00e9lyebb \u00f6nismeretre szert tenni<br data-start=\"633\" data-end=\"636\" \/>\u2705 c\u00e9ltudatosabban haladni el\u0151re a saj\u00e1t utadon<\/p>\n<hr class=\"\" data-start=\"684\" data-end=\"687\" \/>\n<h2 data-start=\"689\" data-end=\"731\">Mi\u00e9rt v\u00e1laszd ezt a coaching csomagot?<\/h2>\n<p>&nbsp;<\/p>\n<p class=\"\" data-start=\"733\" data-end=\"877\">\ud83c\udfaf <strong data-start=\"736\" data-end=\"761\">C\u00e9lorient\u00e1lt Fejl\u0151d\u00e9s<\/strong><br data-start=\"761\" data-end=\"764\" \/>Minden alkalom egy konkr\u00e9t t\u00e9m\u00e1ra f\u00f3kusz\u00e1l, amelyet el\u0151re egyeztet\u00fcnk \u2013 te d\u00f6nt\u00f6d el, miben szeretn\u00e9l el\u0151rel\u00e9pni.<\/p>\n<p class=\"\" data-start=\"879\" data-end=\"1015\">\ud83e\udd1d <strong data-start=\"882\" data-end=\"918\">100% szem\u00e9lyre szabott t\u00e1mogat\u00e1s<\/strong><br data-start=\"918\" data-end=\"921\" \/>Ez r\u00f3lad sz\u00f3l. Nem sablonokkal dolgozunk, hanem azzal, aki te vagy \u2013 \u00e9s akiv\u00e9 v\u00e1lni szeretn\u00e9l.<\/p>\n<p class=\"\" data-start=\"1017\" data-end=\"1139\">\ud83d\udcc5 <strong data-start=\"1020\" data-end=\"1045\">Maxim\u00e1lis rugalmass\u00e1g<\/strong><br data-start=\"1045\" data-end=\"1048\" \/>Te v\u00e1lasztod ki az id\u0151pontokat. Online vagy szem\u00e9lyesen is el\u00e9rhet\u0151, ahogy neked k\u00e9nyelmes.<\/p>\n<hr class=\"\" data-start=\"1141\" data-end=\"1144\" \/>\n<h3 data-start=\"1146\" data-end=\"1165\"><\/h3>\n<h2 data-start=\"1146\" data-end=\"1165\">Hogyan m\u0171k\u00f6dik?<\/h2>\n<p class=\"\" data-start=\"1167\" data-end=\"1499\">1\ufe0f\u20e3 <strong data-start=\"1171\" data-end=\"1188\">Felt\u00e9rk\u00e9pez\u00e9s<\/strong> \u2013 Els\u0151 alkalommal \u00e1tbesz\u00e9lj\u00fck, hol tartasz most, \u00e9s hova szeretn\u00e9l eljutni.<br data-start=\"1264\" data-end=\"1267\" \/>2\ufe0f\u20e3 <strong data-start=\"1271\" data-end=\"1292\">Tervszer\u0171 halad\u00e1s<\/strong> \u2013 Az 5 alkalom sor\u00e1n f\u00f3kusz\u00e1ltan \u00e9s tudatosan \u00e9p\u00edtj\u00fck fel a fejl\u0151d\u00e9sed \u00fatj\u00e1t.<br data-start=\"1370\" data-end=\"1373\" \/>3\ufe0f\u20e3 <strong data-start=\"1377\" data-end=\"1406\">Folyamatos visszacsatol\u00e1s<\/strong> \u2013 Minden alkalmat konkr\u00e9t c\u00e9lokkal \u00e9s feladatokkal z\u00e1runk, hogy val\u00f3di v\u00e1ltoz\u00e1st tapasztalj.<\/p>\n<hr class=\"\" data-start=\"1501\" data-end=\"1504\" \/>\n<p>\ud83c\udf1f Kezdj el v\u00e1ltozni \u2013 most, ingyenes bevezet\u0151 konzult\u00e1ci\u00f3val!<\/p>\n<p class=\"\" data-start=\"1574\" data-end=\"1708\">Tudd meg, mit tud ny\u00fajtani az 1to1 Coaching neked, k\u00f6telezetts\u00e9gek n\u00e9lk\u00fcl. Egy r\u00f6vid besz\u00e9lget\u00e9s, ami elind\u00edthat valami igaz\u00e1n nagyot.<\/p>\n<p class=\"\" data-start=\"1710\" data-end=\"1794\"><strong data-start=\"1710\" data-end=\"1794\">\ud83d\udce9 Vedd fel vel\u00fcnk a kapcsolatot m\u00e9g ma \u2013 \u00e9s induljunk el egy\u00fctt a c\u00e9ljaid fel\u00e9!<\/strong><\/p>\n<\/div>\n<\/div>\n<\/div>\n<\/div>\n","protected":false},"excerpt":{"rendered":"<h1>\ud83d\ude80 Az 1to1 Coaching seg\u00edt szem\u00e9lyes \u00e9s szakmai fejl\u0151d\u00e9sedben!<\/h1>\n<p>\ud83c\udfaf C\u00e9lmeghat\u00e1roz\u00e1s, k\u00e9szs\u00e9gfejleszt\u00e9s, \u00f6nismeret \u00e9s \u00f6nbizalom \u2013 rugalmasan, r\u00e1d szabva. \ud83e\udde0\ud83d\udcac <strong>Pr\u00f3b\u00e1ld ki most egy ingyenes bevezet\u0151 konzult\u00e1ci\u00f3val, \u00e9s tapasztald meg, mit adhat ez az \u00e9lm\u00e9ny! \ud83c\udf1f<\/strong><\/p>\n<p>&nbsp;<\/p>\n","protected":false},"featured_media":15486,"comment_status":"open","ping_status":"closed","template":"","meta":{"pmpro_default_level":""},"product_brand":[],"product_cat":[1956,1959,2835,2591,2836],"product_tag":[2249,2258,2248,2250,2045,2080,2251,2271,2269,2256,2261,2265,2275,2262,2272,2252,2260,2270,2273,2276,2278,2277,2247],"class_list":{"0":"post-22267","1":"product","2":"type-product","3":"status-publish","4":"has-post-thumbnail","6":"product_cat-coaching-hu","7":"product_cat-csomag-ajanlatok","8":"product_cat-helyszin","9":"product_cat-magyar","10":"product_cat-online","11":"product_tag-1to1-coaching-hu","12":"product_tag-bizalomepites","13":"product_tag-coaching-hu","14":"product_tag-egyeni-coaching","15":"product_tag-erzelmi-intelligencia","16":"product_tag-keszsegfejlesztes","17":"product_tag-onfejlesztes","18":"product_tag-onismeret","19":"product_tag-szemelyes-atalakulas","20":"product_tag-szemelyes-celok","21":"product_tag-szemelyes-fejlodes","22":"product_tag-szemelyes-fejlodesi-celok","23":"product_tag-szemelyes-fejlodesi-kepzes","24":"product_tag-szemelyes-felhatalmazas","25":"product_tag-szemelyes-keszsegek","26":"product_tag-szemelyes-novekedes","27":"product_tag-szemelyes-potencial","28":"product_tag-szemelyes-siker","29":"product_tag-szemelyes-valtozas","30":"product_tag-szemelyi-fejlesztesi-tanacsado","31":"product_tag-szemelyi-fejlesztesi-ugyintezo","32":"product_tag-szemelyi-fejlesztesi-vezeto","33":"product_tag-vezetoi-coaching","34":"pmpro-has-access","36":"first","37":"instock","38":"virtual","39":"taxable","40":"purchasable","41":"product-type-simple"},"yoast_head":"<!-- This site is optimized with the Yoast SEO plugin v25.8 - https:\/\/yoast.com\/wordpress\/plugins\/seo\/ -->\n<title>Optimaliz\u00e1ld Fejl\u0151d\u00e9sed az 5x1 \u00d3r\u00e1s Coaching Csomaggal! - AgadoPro-Academy<\/title>\n<meta name=\"description\" content=\"Szabad\u00edtsa fel az \u00f6nben rejl\u0151 lehet\u0151s\u00e9geket az 1to1 szem\u00e9lyi fejleszt\u00e9si coachinggal. Testre szabott strat\u00e9gi\u00e1k a n\u00f6veked\u00e9shez, sikerhez \u00e9s \u00f6nfejleszt\u00e9shez.\" \/>\n<meta name=\"robots\" content=\"index, follow, max-snippet:-1, max-image-preview:large, max-video-preview:-1\" \/>\n<link rel=\"canonical\" href=\"https:\/\/agadopro-academy.com\/hu\/termek\/csomag-ajanlat-inditsd-el-szemelyes-fejlodesed-ismerd-meg-az-1to1-coachingot\/\" \/>\n<meta property=\"og:locale\" content=\"hu_HU\" \/>\n<meta property=\"og:type\" content=\"article\" \/>\n<meta property=\"og:title\" content=\"Optimaliz\u00e1ld Fejl\u0151d\u00e9sed az 5x1 \u00d3r\u00e1s Coaching Csomaggal! - AgadoPro-Academy\" \/>\n<meta property=\"og:description\" content=\"Szabad\u00edtsa fel az \u00f6nben rejl\u0151 lehet\u0151s\u00e9geket az 1to1 szem\u00e9lyi fejleszt\u00e9si coachinggal. Testre szabott strat\u00e9gi\u00e1k a n\u00f6veked\u00e9shez, sikerhez \u00e9s \u00f6nfejleszt\u00e9shez.\" \/>\n<meta property=\"og:url\" content=\"https:\/\/agadopro-academy.com\/hu\/termek\/csomag-ajanlat-inditsd-el-szemelyes-fejlodesed-ismerd-meg-az-1to1-coachingot\/\" \/>\n<meta property=\"og:site_name\" content=\"AgadoPro-Academy\" \/>\n<meta property=\"article:modified_time\" content=\"2025-04-08T14:36:34+00:00\" \/>\n<meta property=\"og:image\" content=\"https:\/\/agadopro-academy.com\/wp-content\/uploads\/2024\/01\/8-e1715025542843.png\" \/>\n\t<meta property=\"og:image:width\" content=\"1110\" \/>\n\t<meta property=\"og:image:height\" content=\"1024\" \/>\n\t<meta property=\"og:image:type\" content=\"image\/png\" \/>\n<script type=\"application\/ld+json\" class=\"yoast-schema-graph\">{\"@context\":\"https:\/\/schema.org\",\"@graph\":[{\"@type\":\"WebPage\",\"@id\":\"https:\/\/agadopro-academy.com\/hu\/termek\/csomag-ajanlat-inditsd-el-szemelyes-fejlodesed-ismerd-meg-az-1to1-coachingot\/\",\"url\":\"https:\/\/agadopro-academy.com\/hu\/termek\/csomag-ajanlat-inditsd-el-szemelyes-fejlodesed-ismerd-meg-az-1to1-coachingot\/\",\"name\":\"Optimaliz\u00e1ld Fejl\u0151d\u00e9sed az 5x1 \u00d3r\u00e1s Coaching Csomaggal! - AgadoPro-Academy\",\"isPartOf\":{\"@id\":\"https:\/\/agadopro-academy.com\/hu\/#website\"},\"primaryImageOfPage\":{\"@id\":\"https:\/\/agadopro-academy.com\/hu\/termek\/csomag-ajanlat-inditsd-el-szemelyes-fejlodesed-ismerd-meg-az-1to1-coachingot\/#primaryimage\"},\"image\":{\"@id\":\"https:\/\/agadopro-academy.com\/hu\/termek\/csomag-ajanlat-inditsd-el-szemelyes-fejlodesed-ismerd-meg-az-1to1-coachingot\/#primaryimage\"},\"thumbnailUrl\":\"https:\/\/i0.wp.com\/agadopro-academy.com\/wp-content\/uploads\/2024\/01\/8-e1715025542843.png?fit=1110%2C1024&ssl=1\",\"datePublished\":\"2024-08-15T17:00:31+00:00\",\"dateModified\":\"2025-04-08T14:36:34+00:00\",\"description\":\"Szabad\u00edtsa fel az \u00f6nben rejl\u0151 lehet\u0151s\u00e9geket az 1to1 szem\u00e9lyi fejleszt\u00e9si coachinggal. Testre szabott strat\u00e9gi\u00e1k a n\u00f6veked\u00e9shez, sikerhez \u00e9s \u00f6nfejleszt\u00e9shez.\",\"breadcrumb\":{\"@id\":\"https:\/\/agadopro-academy.com\/hu\/termek\/csomag-ajanlat-inditsd-el-szemelyes-fejlodesed-ismerd-meg-az-1to1-coachingot\/#breadcrumb\"},\"inLanguage\":\"hu\",\"potentialAction\":[{\"@type\":\"ReadAction\",\"target\":[\"https:\/\/agadopro-academy.com\/hu\/termek\/csomag-ajanlat-inditsd-el-szemelyes-fejlodesed-ismerd-meg-az-1to1-coachingot\/\"]}]},{\"@type\":\"ImageObject\",\"inLanguage\":\"hu\",\"@id\":\"https:\/\/agadopro-academy.com\/hu\/termek\/csomag-ajanlat-inditsd-el-szemelyes-fejlodesed-ismerd-meg-az-1to1-coachingot\/#primaryimage\",\"url\":\"https:\/\/i0.wp.com\/agadopro-academy.com\/wp-content\/uploads\/2024\/01\/8-e1715025542843.png?fit=1110%2C1024&ssl=1\",\"contentUrl\":\"https:\/\/i0.wp.com\/agadopro-academy.com\/wp-content\/uploads\/2024\/01\/8-e1715025542843.png?fit=1110%2C1024&ssl=1\",\"width\":1110,\"height\":1024},{\"@type\":\"BreadcrumbList\",\"@id\":\"https:\/\/agadopro-academy.com\/hu\/termek\/csomag-ajanlat-inditsd-el-szemelyes-fejlodesed-ismerd-meg-az-1to1-coachingot\/#breadcrumb\",\"itemListElement\":[{\"@type\":\"ListItem\",\"position\":1,\"name\":\"F\u0151oldal\",\"item\":\"https:\/\/agadopro-academy.com\/hu\/fooldal\/\"},{\"@type\":\"ListItem\",\"position\":2,\"name\":\"Shop\",\"item\":\"https:\/\/agadopro-academy.com\/hu\/shop\/\"},{\"@type\":\"ListItem\",\"position\":3,\"name\":\"Optimaliz\u00e1ld Fejl\u0151d\u00e9sed az 5&#215;1 \u00d3r\u00e1s Coaching Csomaggal!\"}]},{\"@type\":\"WebSite\",\"@id\":\"https:\/\/agadopro-academy.com\/hu\/#website\",\"url\":\"https:\/\/agadopro-academy.com\/hu\/\",\"name\":\"AgadoPro-Academy\",\"description\":\"Empowering Minds, Unlocking Potential\",\"publisher\":{\"@id\":\"https:\/\/agadopro-academy.com\/hu\/#organization\"},\"potentialAction\":[{\"@type\":\"SearchAction\",\"target\":{\"@type\":\"EntryPoint\",\"urlTemplate\":\"https:\/\/agadopro-academy.com\/hu\/?s={search_term_string}\"},\"query-input\":{\"@type\":\"PropertyValueSpecification\",\"valueRequired\":true,\"valueName\":\"search_term_string\"}}],\"inLanguage\":\"hu\"},{\"@type\":\"Organization\",\"@id\":\"https:\/\/agadopro-academy.com\/hu\/#organization\",\"name\":\"AgadoPro-Akad\u00e9mia\",\"url\":\"https:\/\/agadopro-academy.com\/hu\/\",\"logo\":{\"@type\":\"ImageObject\",\"inLanguage\":\"hu\",\"@id\":\"https:\/\/agadopro-academy.com\/hu\/#\/schema\/logo\/image\/\",\"url\":\"https:\/\/i0.wp.com\/agadopro-academy.com\/wp-content\/uploads\/2024\/11\/image003-e1732794537988.png?fit=500%2C207&ssl=1\",\"contentUrl\":\"https:\/\/i0.wp.com\/agadopro-academy.com\/wp-content\/uploads\/2024\/11\/image003-e1732794537988.png?fit=500%2C207&ssl=1\",\"width\":500,\"height\":207,\"caption\":\"AgadoPro-Akad\u00e9mia\"},\"image\":{\"@id\":\"https:\/\/agadopro-academy.com\/hu\/#\/schema\/logo\/image\/\"},\"sameAs\":[\"https:\/\/www.linkedin.com\/company\/agadopro-academy\/about\/?viewAsMember=true\"]}]}<\/script>\n<!-- \/ Yoast SEO plugin. -->","yoast_head_json":{"title":"Optimaliz\u00e1ld Fejl\u0151d\u00e9sed az 5x1 \u00d3r\u00e1s Coaching Csomaggal! - AgadoPro-Academy","description":"Szabad\u00edtsa fel az \u00f6nben rejl\u0151 lehet\u0151s\u00e9geket az 1to1 szem\u00e9lyi fejleszt\u00e9si coachinggal. Testre szabott strat\u00e9gi\u00e1k a n\u00f6veked\u00e9shez, sikerhez \u00e9s \u00f6nfejleszt\u00e9shez.","robots":{"index":"index","follow":"follow","max-snippet":"max-snippet:-1","max-image-preview":"max-image-preview:large","max-video-preview":"max-video-preview:-1"},"canonical":"https:\/\/agadopro-academy.com\/hu\/termek\/csomag-ajanlat-inditsd-el-szemelyes-fejlodesed-ismerd-meg-az-1to1-coachingot\/","og_locale":"hu_HU","og_type":"article","og_title":"Optimaliz\u00e1ld Fejl\u0151d\u00e9sed az 5x1 \u00d3r\u00e1s Coaching Csomaggal! - AgadoPro-Academy","og_description":"Szabad\u00edtsa fel az \u00f6nben rejl\u0151 lehet\u0151s\u00e9geket az 1to1 szem\u00e9lyi fejleszt\u00e9si coachinggal. Testre szabott strat\u00e9gi\u00e1k a n\u00f6veked\u00e9shez, sikerhez \u00e9s \u00f6nfejleszt\u00e9shez.","og_url":"https:\/\/agadopro-academy.com\/hu\/termek\/csomag-ajanlat-inditsd-el-szemelyes-fejlodesed-ismerd-meg-az-1to1-coachingot\/","og_site_name":"AgadoPro-Academy","article_modified_time":"2025-04-08T14:36:34+00:00","og_image":[{"width":1110,"height":1024,"url":"https:\/\/agadopro-academy.com\/wp-content\/uploads\/2024\/01\/8-e1715025542843.png","type":"image\/png"}],"schema":{"@context":"https:\/\/schema.org","@graph":[{"@type":"WebPage","@id":"https:\/\/agadopro-academy.com\/hu\/termek\/csomag-ajanlat-inditsd-el-szemelyes-fejlodesed-ismerd-meg-az-1to1-coachingot\/","url":"https:\/\/agadopro-academy.com\/hu\/termek\/csomag-ajanlat-inditsd-el-szemelyes-fejlodesed-ismerd-meg-az-1to1-coachingot\/","name":"Optimaliz\u00e1ld Fejl\u0151d\u00e9sed az 5x1 \u00d3r\u00e1s Coaching Csomaggal! - AgadoPro-Academy","isPartOf":{"@id":"https:\/\/agadopro-academy.com\/hu\/#website"},"primaryImageOfPage":{"@id":"https:\/\/agadopro-academy.com\/hu\/termek\/csomag-ajanlat-inditsd-el-szemelyes-fejlodesed-ismerd-meg-az-1to1-coachingot\/#primaryimage"},"image":{"@id":"https:\/\/agadopro-academy.com\/hu\/termek\/csomag-ajanlat-inditsd-el-szemelyes-fejlodesed-ismerd-meg-az-1to1-coachingot\/#primaryimage"},"thumbnailUrl":"https:\/\/i0.wp.com\/agadopro-academy.com\/wp-content\/uploads\/2024\/01\/8-e1715025542843.png?fit=1110%2C1024&ssl=1","datePublished":"2024-08-15T17:00:31+00:00","dateModified":"2025-04-08T14:36:34+00:00","description":"Szabad\u00edtsa fel az \u00f6nben rejl\u0151 lehet\u0151s\u00e9geket az 1to1 szem\u00e9lyi fejleszt\u00e9si coachinggal. Testre szabott strat\u00e9gi\u00e1k a n\u00f6veked\u00e9shez, sikerhez \u00e9s \u00f6nfejleszt\u00e9shez.","breadcrumb":{"@id":"https:\/\/agadopro-academy.com\/hu\/termek\/csomag-ajanlat-inditsd-el-szemelyes-fejlodesed-ismerd-meg-az-1to1-coachingot\/#breadcrumb"},"inLanguage":"hu","potentialAction":[{"@type":"ReadAction","target":["https:\/\/agadopro-academy.com\/hu\/termek\/csomag-ajanlat-inditsd-el-szemelyes-fejlodesed-ismerd-meg-az-1to1-coachingot\/"]}]},{"@type":"ImageObject","inLanguage":"hu","@id":"https:\/\/agadopro-academy.com\/hu\/termek\/csomag-ajanlat-inditsd-el-szemelyes-fejlodesed-ismerd-meg-az-1to1-coachingot\/#primaryimage","url":"https:\/\/i0.wp.com\/agadopro-academy.com\/wp-content\/uploads\/2024\/01\/8-e1715025542843.png?fit=1110%2C1024&ssl=1","contentUrl":"https:\/\/i0.wp.com\/agadopro-academy.com\/wp-content\/uploads\/2024\/01\/8-e1715025542843.png?fit=1110%2C1024&ssl=1","width":1110,"height":1024},{"@type":"BreadcrumbList","@id":"https:\/\/agadopro-academy.com\/hu\/termek\/csomag-ajanlat-inditsd-el-szemelyes-fejlodesed-ismerd-meg-az-1to1-coachingot\/#breadcrumb","itemListElement":[{"@type":"ListItem","position":1,"name":"F\u0151oldal","item":"https:\/\/agadopro-academy.com\/hu\/fooldal\/"},{"@type":"ListItem","position":2,"name":"Shop","item":"https:\/\/agadopro-academy.com\/hu\/shop\/"},{"@type":"ListItem","position":3,"name":"Optimaliz\u00e1ld Fejl\u0151d\u00e9sed az 5&#215;1 \u00d3r\u00e1s Coaching Csomaggal!"}]},{"@type":"WebSite","@id":"https:\/\/agadopro-academy.com\/hu\/#website","url":"https:\/\/agadopro-academy.com\/hu\/","name":"AgadoPro-Academy","description":"Empowering Minds, Unlocking Potential","publisher":{"@id":"https:\/\/agadopro-academy.com\/hu\/#organization"},"potentialAction":[{"@type":"SearchAction","target":{"@type":"EntryPoint","urlTemplate":"https:\/\/agadopro-academy.com\/hu\/?s={search_term_string}"},"query-input":{"@type":"PropertyValueSpecification","valueRequired":true,"valueName":"search_term_string"}}],"inLanguage":"hu"},{"@type":"Organization","@id":"https:\/\/agadopro-academy.com\/hu\/#organization","name":"AgadoPro-Akad\u00e9mia","url":"https:\/\/agadopro-academy.com\/hu\/","logo":{"@type":"ImageObject","inLanguage":"hu","@id":"https:\/\/agadopro-academy.com\/hu\/#\/schema\/logo\/image\/","url":"https:\/\/i0.wp.com\/agadopro-academy.com\/wp-content\/uploads\/2024\/11\/image003-e1732794537988.png?fit=500%2C207&ssl=1","contentUrl":"https:\/\/i0.wp.com\/agadopro-academy.com\/wp-content\/uploads\/2024\/11\/image003-e1732794537988.png?fit=500%2C207&ssl=1","width":500,"height":207,"caption":"AgadoPro-Akad\u00e9mia"},"image":{"@id":"https:\/\/agadopro-academy.com\/hu\/#\/schema\/logo\/image\/"},"sameAs":["https:\/\/www.linkedin.com\/company\/agadopro-academy\/about\/?viewAsMember=true"]}]}},"jetpack_sharing_enabled":true,"jetpack-related-posts":[],"_links":{"self":[{"href":"https:\/\/agadopro-academy.com\/hu\/wp-json\/wp\/v2\/product\/22267","targetHints":{"allow":["GET"]}}],"collection":[{"href":"https:\/\/agadopro-academy.com\/hu\/wp-json\/wp\/v2\/product"}],"about":[{"href":"https:\/\/agadopro-academy.com\/hu\/wp-json\/wp\/v2\/types\/product"}],"replies":[{"embeddable":true,"href":"https:\/\/agadopro-academy.com\/hu\/wp-json\/wp\/v2\/comments?post=22267"}],"version-history":[{"count":12,"href":"https:\/\/agadopro-academy.com\/hu\/wp-json\/wp\/v2\/product\/22267\/revisions"}],"predecessor-version":[{"id":22279,"href":"https:\/\/agadopro-academy.com\/hu\/wp-json\/wp\/v2\/product\/22267\/revisions\/22279"}],"wp:featuredmedia":[{"embeddable":true,"href":"https:\/\/agadopro-academy.com\/hu\/wp-json\/wp\/v2\/media\/15486"}],"wp:attachment":[{"href":"https:\/\/agadopro-academy.com\/hu\/wp-json\/wp\/v2\/media?parent=22267"}],"wp:term":[{"taxonomy":"product_brand","embeddable":true,"href":"https:\/\/agadopro-academy.com\/hu\/wp-json\/wp\/v2\/product_brand?post=22267"},{"taxonomy":"product_cat","embeddable":true,"href":"https:\/\/agadopro-academy.com\/hu\/wp-json\/wp\/v2\/product_cat?post=22267"},{"taxonomy":"product_tag","embeddable":true,"href":"https:\/\/agadopro-academy.com\/hu\/wp-json\/wp\/v2\/product_tag?post=22267"}],"curies":[{"name":"wp","href":"https:\/\/api.w.org\/{rel}","templated":true}]}}