{"id":22264,"date":"2024-08-15T18:10:36","date_gmt":"2024-08-15T16:10:36","guid":{"rendered":"https:\/\/agadopro-academy.com\/?post_type=product&#038;p=22264"},"modified":"2025-03-01T16:40:09","modified_gmt":"2025-03-01T15:40:09","slug":"fokozza-novekedeset-1to1-szemelyes-fejlodesi-coachinggal-keszsegek-fejlesztese-celok-elerese","status":"publish","type":"product","link":"https:\/\/agadopro-academy.com\/hu\/termek\/fokozza-novekedeset-1to1-szemelyes-fejlodesi-coachinggal-keszsegek-fejlesztese-celok-elerese\/","title":{"rendered":"Ind\u00edtsd El Szem\u00e9lyes Fejl\u0151d\u00e9sed: Ismerd meg az 1to1 Coachingot"},"content":{"rendered":"<h1 data-start=\"0\" data-end=\"78\"><strong data-start=\"4\" data-end=\"76\">1to1 Szem\u00e9lyis\u00e9gfejleszt\u00e9si Coaching \u2013 Hozd ki magadb\u00f3l a legt\u00f6bbet!<\/strong><\/h1>\n<p data-start=\"80\" data-end=\"322\">Az <strong data-start=\"83\" data-end=\"123\">1to1 szem\u00e9lyis\u00e9gfejleszt\u00e9si coaching<\/strong> c\u00e9lja az egy\u00e9ni fejl\u0151d\u00e9s t\u00e1mogat\u00e1sa \u00e9s a szem\u00e9lyes k\u00e9szs\u00e9gek fejleszt\u00e9se. A program sor\u00e1n szem\u00e9lyre szabott edz\u0151i \u00fcl\u00e9sek seg\u00edtenek a c\u00e9lmeghat\u00e1roz\u00e1sban \u00e9s a fejl\u0151d\u00e9s folyamatos nyomon k\u00f6vet\u00e9s\u00e9ben.<\/p>\n<h3 data-start=\"324\" data-end=\"355\"><strong data-start=\"328\" data-end=\"353\">Mit ny\u00fajt a coaching?<\/strong><\/h3>\n<p data-start=\"357\" data-end=\"648\">\u2705 <strong data-start=\"359\" data-end=\"377\">Jobb \u00f6nismeret<\/strong> \u2013 Seg\u00edt felismerni er\u0151ss\u00e9geidet \u00e9s fejlesztend\u0151 ter\u00fcleteidet.<br data-start=\"439\" data-end=\"442\" \/>\u2705 <strong data-start=\"444\" data-end=\"475\">Magabiztosabb d\u00f6nt\u00e9shozatal<\/strong> \u2013 Fejleszti a strat\u00e9giai gondolkod\u00e1st \u00e9s a probl\u00e9mamegold\u00f3 k\u00e9szs\u00e9get.<br data-start=\"545\" data-end=\"548\" \/>\u2705 <strong data-start=\"550\" data-end=\"571\">Nagyobb \u00f6nbizalom<\/strong> \u2013 T\u00e1mogatja a hat\u00e1rozottabb fell\u00e9p\u00e9st \u00e9s a szem\u00e9lyes hat\u00e1rok kialak\u00edt\u00e1s\u00e1t.<\/p>\n<h3 data-start=\"650\" data-end=\"693\"><strong data-start=\"654\" data-end=\"691\">Mi\u00e9rt v\u00e1laszd az 1to1 Coachingot?<\/strong><\/h3>\n<p data-start=\"695\" data-end=\"930\">\u2705 <strong data-start=\"697\" data-end=\"735\">Szem\u00e9lyre szabott fejleszt\u00e9si terv<\/strong> \u2013 Egy\u00e9ni ig\u00e9nyeidhez igaz\u00edtott megold\u00e1sok.<br data-start=\"778\" data-end=\"781\" \/>\u2705 <strong data-start=\"783\" data-end=\"816\">Elk\u00f6telezett coach t\u00e1mogat\u00e1sa<\/strong> \u2013 Folyamatos visszajelz\u00e9s \u00e9s motiv\u00e1ci\u00f3.<br data-start=\"856\" data-end=\"859\" \/>\u2705 <strong data-start=\"861\" data-end=\"885\">Rugalmas id\u0151beoszt\u00e1s<\/strong> \u2013 K\u00f6nnyen illeszthet\u0151 a mindennapi \u00e9letbe.<\/p>\n<p data-start=\"932\" data-end=\"1066\" data-is-last-node=\"\" data-is-only-node=\"\">\ud83d\udca1 <strong data-start=\"935\" data-end=\"1066\" data-is-last-node=\"\">Ide\u00e1lis v\u00e1laszt\u00e1s azok sz\u00e1m\u00e1ra, akik szeretn\u00e9k kiakn\u00e1zni a benn\u00fck rejl\u0151 lehet\u0151s\u00e9geket, \u00e9s szem\u00e9lyes vagy szakmai sikert el\u00e9rni.<\/strong><\/p>\n<p>Kezdd el ma a szem\u00e9lyes fejl\u0151d\u00e9s \u00fatj\u00e1t az 1to1 Coaching seg\u00edts\u00e9g\u00e9vel, \u00e9s l\u00e9pj egy l\u00e9p\u00e9ssel k\u00f6zelebb a saj\u00e1t potenci\u00e1lod maxim\u00e1lis kiakn\u00e1z\u00e1s\u00e1hoz.<\/p>\n<p><a href=\"https:\/\/agadopro-academy.com\/hu\/termek\/ingyenes-bevezeto-coaching-konzultacio\/\"><strong>Pr\u00f3b\u00e1ld ki ingyen!<\/strong> Jelentkezz be egy ingyenes bevezet\u0151 konzult\u00e1ci\u00f3ra, \u00e9s tapasztald meg el\u0151sz\u00f6r k\u00e9zb\u0151l, hogy mi teszi az 1to1 Coachingot olyan k\u00fcl\u00f6nlegess\u00e9.<\/a><\/p>\n<p>&nbsp;<\/p>\n","protected":false},"excerpt":{"rendered":"<p>Az <strong data-start=\"3\" data-end=\"43\">1to1 szem\u00e9lyis\u00e9gfejleszt\u00e9si coaching<\/strong> c\u00e9lja az egy\u00e9ni fejl\u0151d\u00e9s \u00e9s k\u00e9szs\u00e9gfejleszt\u00e9s. <strong data-start=\"91\" data-end=\"161\">Szem\u00e9lyre szabott coach \u00fcl\u00e9sek, c\u00e9lmeghat\u00e1roz\u00e1s \u00e9s fejl\u0151d\u00e9sk\u00f6vet\u00e9s<\/strong> seg\u00edti az \u00f6nismeret, a d\u00f6nt\u00e9shozatal \u00e9s az \u00f6nbizalom n\u00f6vel\u00e9s\u00e9t. <strong data-start=\"226\" data-end=\"297\">Elk\u00f6telezett coach, egy\u00e9ni fejleszt\u00e9si terv \u00e9s rugalmas id\u0151beoszt\u00e1s<\/strong> biztos\u00edtja a hat\u00e9konys\u00e1got. <strong data-start=\"326\" data-end=\"404\" data-is-last-node=\"\">Ide\u00e1lis azok sz\u00e1m\u00e1ra, akik szem\u00e9lyes \u00e9s szakmai sikert szeretn\u00e9nek el\u00e9rni.<\/strong><\/p>\n","protected":false},"featured_media":15486,"comment_status":"open","ping_status":"closed","template":"","meta":{"pmpro_default_level":""},"product_brand":[],"product_cat":[1956,2835,2591,2836],"product_tag":[2249,2258,2248,2250,2045,2254,2080,2253,2259,2251,2256,2261,2265,2266,2262,2252,2260,2263,2267,2247],"class_list":{"0":"post-22264","1":"product","2":"type-product","3":"status-publish","4":"has-post-thumbnail","6":"product_cat-coaching-hu","7":"product_cat-helyszin","8":"product_cat-magyar","9":"product_cat-online","10":"product_tag-1to1-coaching-hu","11":"product_tag-bizalomepites","12":"product_tag-coaching-hu","13":"product_tag-egyeni-coaching","14":"product_tag-erzelmi-intelligencia","15":"product_tag-karrier-coaching","16":"product_tag-keszsegfejlesztes","17":"product_tag-life-coaching-hu","18":"product_tag-motivacios-coaching","19":"product_tag-onfejlesztes","20":"product_tag-szemelyes-celok","21":"product_tag-szemelyes-fejlodes","22":"product_tag-szemelyes-fejlodesi-celok","23":"product_tag-szemelyes-fejlodesi-utmutato","24":"product_tag-szemelyes-felhatalmazas","25":"product_tag-szemelyes-novekedes","26":"product_tag-szemelyes-potencial","27":"product_tag-szemelyes-teljesitmeny","28":"product_tag-szemelyi-fejlesztesi-trener","29":"product_tag-vezetoi-coaching","30":"pmpro-has-access","32":"first","33":"instock","34":"virtual","35":"taxable","36":"purchasable","37":"product-type-simple"},"yoast_head":"<!-- This site is optimized with the Yoast SEO plugin v25.8 - https:\/\/yoast.com\/wordpress\/plugins\/seo\/ -->\n<title>Ind\u00edtsd El Szem\u00e9lyes Fejl\u0151d\u00e9sed: Ismerd meg az 1to1 Coachingot - AgadoPro-Academy<\/title>\n<meta name=\"description\" content=\"Szabad\u00edtsa fel az \u00f6nben rejl\u0151 lehet\u0151s\u00e9geket az 1to1 szem\u00e9lyi fejleszt\u00e9si coachinggal. Testre szabott strat\u00e9gi\u00e1k a n\u00f6veked\u00e9shez, sikerhez \u00e9s \u00f6nfejleszt\u00e9shez.\" \/>\n<meta name=\"robots\" content=\"index, follow, max-snippet:-1, max-image-preview:large, max-video-preview:-1\" \/>\n<link rel=\"canonical\" href=\"https:\/\/agadopro-academy.com\/hu\/termek\/fokozza-novekedeset-1to1-szemelyes-fejlodesi-coachinggal-keszsegek-fejlesztese-celok-elerese\/\" \/>\n<meta property=\"og:locale\" content=\"hu_HU\" \/>\n<meta property=\"og:type\" content=\"article\" \/>\n<meta property=\"og:title\" content=\"Ind\u00edtsd El Szem\u00e9lyes Fejl\u0151d\u00e9sed: Ismerd meg az 1to1 Coachingot - AgadoPro-Academy\" \/>\n<meta property=\"og:description\" content=\"Szabad\u00edtsa fel az \u00f6nben rejl\u0151 lehet\u0151s\u00e9geket az 1to1 szem\u00e9lyi fejleszt\u00e9si coachinggal. Testre szabott strat\u00e9gi\u00e1k a n\u00f6veked\u00e9shez, sikerhez \u00e9s \u00f6nfejleszt\u00e9shez.\" \/>\n<meta property=\"og:url\" content=\"https:\/\/agadopro-academy.com\/hu\/termek\/fokozza-novekedeset-1to1-szemelyes-fejlodesi-coachinggal-keszsegek-fejlesztese-celok-elerese\/\" \/>\n<meta property=\"og:site_name\" content=\"AgadoPro-Academy\" \/>\n<meta property=\"article:modified_time\" content=\"2025-03-01T15:40:09+00:00\" \/>\n<meta property=\"og:image\" content=\"https:\/\/agadopro-academy.com\/wp-content\/uploads\/2024\/01\/8-e1715025542843.png\" \/>\n\t<meta property=\"og:image:width\" content=\"1110\" \/>\n\t<meta property=\"og:image:height\" content=\"1024\" \/>\n\t<meta property=\"og:image:type\" content=\"image\/png\" \/>\n<script type=\"application\/ld+json\" class=\"yoast-schema-graph\">{\"@context\":\"https:\/\/schema.org\",\"@graph\":[{\"@type\":\"WebPage\",\"@id\":\"https:\/\/agadopro-academy.com\/hu\/termek\/fokozza-novekedeset-1to1-szemelyes-fejlodesi-coachinggal-keszsegek-fejlesztese-celok-elerese\/\",\"url\":\"https:\/\/agadopro-academy.com\/hu\/termek\/fokozza-novekedeset-1to1-szemelyes-fejlodesi-coachinggal-keszsegek-fejlesztese-celok-elerese\/\",\"name\":\"Ind\u00edtsd El Szem\u00e9lyes Fejl\u0151d\u00e9sed: Ismerd meg az 1to1 Coachingot - AgadoPro-Academy\",\"isPartOf\":{\"@id\":\"https:\/\/agadopro-academy.com\/hu\/#website\"},\"primaryImageOfPage\":{\"@id\":\"https:\/\/agadopro-academy.com\/hu\/termek\/fokozza-novekedeset-1to1-szemelyes-fejlodesi-coachinggal-keszsegek-fejlesztese-celok-elerese\/#primaryimage\"},\"image\":{\"@id\":\"https:\/\/agadopro-academy.com\/hu\/termek\/fokozza-novekedeset-1to1-szemelyes-fejlodesi-coachinggal-keszsegek-fejlesztese-celok-elerese\/#primaryimage\"},\"thumbnailUrl\":\"https:\/\/i0.wp.com\/agadopro-academy.com\/wp-content\/uploads\/2024\/01\/8-e1715025542843.png?fit=1110%2C1024&ssl=1\",\"datePublished\":\"2024-08-15T16:10:36+00:00\",\"dateModified\":\"2025-03-01T15:40:09+00:00\",\"description\":\"Szabad\u00edtsa fel az \u00f6nben rejl\u0151 lehet\u0151s\u00e9geket az 1to1 szem\u00e9lyi fejleszt\u00e9si coachinggal. Testre szabott strat\u00e9gi\u00e1k a n\u00f6veked\u00e9shez, sikerhez \u00e9s \u00f6nfejleszt\u00e9shez.\",\"breadcrumb\":{\"@id\":\"https:\/\/agadopro-academy.com\/hu\/termek\/fokozza-novekedeset-1to1-szemelyes-fejlodesi-coachinggal-keszsegek-fejlesztese-celok-elerese\/#breadcrumb\"},\"inLanguage\":\"hu\",\"potentialAction\":[{\"@type\":\"ReadAction\",\"target\":[\"https:\/\/agadopro-academy.com\/hu\/termek\/fokozza-novekedeset-1to1-szemelyes-fejlodesi-coachinggal-keszsegek-fejlesztese-celok-elerese\/\"]}]},{\"@type\":\"ImageObject\",\"inLanguage\":\"hu\",\"@id\":\"https:\/\/agadopro-academy.com\/hu\/termek\/fokozza-novekedeset-1to1-szemelyes-fejlodesi-coachinggal-keszsegek-fejlesztese-celok-elerese\/#primaryimage\",\"url\":\"https:\/\/i0.wp.com\/agadopro-academy.com\/wp-content\/uploads\/2024\/01\/8-e1715025542843.png?fit=1110%2C1024&ssl=1\",\"contentUrl\":\"https:\/\/i0.wp.com\/agadopro-academy.com\/wp-content\/uploads\/2024\/01\/8-e1715025542843.png?fit=1110%2C1024&ssl=1\",\"width\":1110,\"height\":1024},{\"@type\":\"BreadcrumbList\",\"@id\":\"https:\/\/agadopro-academy.com\/hu\/termek\/fokozza-novekedeset-1to1-szemelyes-fejlodesi-coachinggal-keszsegek-fejlesztese-celok-elerese\/#breadcrumb\",\"itemListElement\":[{\"@type\":\"ListItem\",\"position\":1,\"name\":\"F\u0151oldal\",\"item\":\"https:\/\/agadopro-academy.com\/hu\/fooldal\/\"},{\"@type\":\"ListItem\",\"position\":2,\"name\":\"Shop\",\"item\":\"https:\/\/agadopro-academy.com\/hu\/shop\/\"},{\"@type\":\"ListItem\",\"position\":3,\"name\":\"Ind\u00edtsd El Szem\u00e9lyes Fejl\u0151d\u00e9sed: Ismerd meg az 1to1 Coachingot\"}]},{\"@type\":\"WebSite\",\"@id\":\"https:\/\/agadopro-academy.com\/hu\/#website\",\"url\":\"https:\/\/agadopro-academy.com\/hu\/\",\"name\":\"AgadoPro-Academy\",\"description\":\"Empowering Minds, Unlocking Potential\",\"publisher\":{\"@id\":\"https:\/\/agadopro-academy.com\/hu\/#organization\"},\"potentialAction\":[{\"@type\":\"SearchAction\",\"target\":{\"@type\":\"EntryPoint\",\"urlTemplate\":\"https:\/\/agadopro-academy.com\/hu\/?s={search_term_string}\"},\"query-input\":{\"@type\":\"PropertyValueSpecification\",\"valueRequired\":true,\"valueName\":\"search_term_string\"}}],\"inLanguage\":\"hu\"},{\"@type\":\"Organization\",\"@id\":\"https:\/\/agadopro-academy.com\/hu\/#organization\",\"name\":\"AgadoPro-Akad\u00e9mia\",\"url\":\"https:\/\/agadopro-academy.com\/hu\/\",\"logo\":{\"@type\":\"ImageObject\",\"inLanguage\":\"hu\",\"@id\":\"https:\/\/agadopro-academy.com\/hu\/#\/schema\/logo\/image\/\",\"url\":\"https:\/\/i0.wp.com\/agadopro-academy.com\/wp-content\/uploads\/2024\/11\/image003-e1732794537988.png?fit=500%2C207&ssl=1\",\"contentUrl\":\"https:\/\/i0.wp.com\/agadopro-academy.com\/wp-content\/uploads\/2024\/11\/image003-e1732794537988.png?fit=500%2C207&ssl=1\",\"width\":500,\"height\":207,\"caption\":\"AgadoPro-Akad\u00e9mia\"},\"image\":{\"@id\":\"https:\/\/agadopro-academy.com\/hu\/#\/schema\/logo\/image\/\"},\"sameAs\":[\"https:\/\/www.linkedin.com\/company\/agadopro-academy\/about\/?viewAsMember=true\"]}]}<\/script>\n<!-- \/ Yoast SEO plugin. -->","yoast_head_json":{"title":"Ind\u00edtsd El Szem\u00e9lyes Fejl\u0151d\u00e9sed: Ismerd meg az 1to1 Coachingot - AgadoPro-Academy","description":"Szabad\u00edtsa fel az \u00f6nben rejl\u0151 lehet\u0151s\u00e9geket az 1to1 szem\u00e9lyi fejleszt\u00e9si coachinggal. Testre szabott strat\u00e9gi\u00e1k a n\u00f6veked\u00e9shez, sikerhez \u00e9s \u00f6nfejleszt\u00e9shez.","robots":{"index":"index","follow":"follow","max-snippet":"max-snippet:-1","max-image-preview":"max-image-preview:large","max-video-preview":"max-video-preview:-1"},"canonical":"https:\/\/agadopro-academy.com\/hu\/termek\/fokozza-novekedeset-1to1-szemelyes-fejlodesi-coachinggal-keszsegek-fejlesztese-celok-elerese\/","og_locale":"hu_HU","og_type":"article","og_title":"Ind\u00edtsd El Szem\u00e9lyes Fejl\u0151d\u00e9sed: Ismerd meg az 1to1 Coachingot - AgadoPro-Academy","og_description":"Szabad\u00edtsa fel az \u00f6nben rejl\u0151 lehet\u0151s\u00e9geket az 1to1 szem\u00e9lyi fejleszt\u00e9si coachinggal. Testre szabott strat\u00e9gi\u00e1k a n\u00f6veked\u00e9shez, sikerhez \u00e9s \u00f6nfejleszt\u00e9shez.","og_url":"https:\/\/agadopro-academy.com\/hu\/termek\/fokozza-novekedeset-1to1-szemelyes-fejlodesi-coachinggal-keszsegek-fejlesztese-celok-elerese\/","og_site_name":"AgadoPro-Academy","article_modified_time":"2025-03-01T15:40:09+00:00","og_image":[{"width":1110,"height":1024,"url":"https:\/\/agadopro-academy.com\/wp-content\/uploads\/2024\/01\/8-e1715025542843.png","type":"image\/png"}],"schema":{"@context":"https:\/\/schema.org","@graph":[{"@type":"WebPage","@id":"https:\/\/agadopro-academy.com\/hu\/termek\/fokozza-novekedeset-1to1-szemelyes-fejlodesi-coachinggal-keszsegek-fejlesztese-celok-elerese\/","url":"https:\/\/agadopro-academy.com\/hu\/termek\/fokozza-novekedeset-1to1-szemelyes-fejlodesi-coachinggal-keszsegek-fejlesztese-celok-elerese\/","name":"Ind\u00edtsd El Szem\u00e9lyes Fejl\u0151d\u00e9sed: Ismerd meg az 1to1 Coachingot - AgadoPro-Academy","isPartOf":{"@id":"https:\/\/agadopro-academy.com\/hu\/#website"},"primaryImageOfPage":{"@id":"https:\/\/agadopro-academy.com\/hu\/termek\/fokozza-novekedeset-1to1-szemelyes-fejlodesi-coachinggal-keszsegek-fejlesztese-celok-elerese\/#primaryimage"},"image":{"@id":"https:\/\/agadopro-academy.com\/hu\/termek\/fokozza-novekedeset-1to1-szemelyes-fejlodesi-coachinggal-keszsegek-fejlesztese-celok-elerese\/#primaryimage"},"thumbnailUrl":"https:\/\/i0.wp.com\/agadopro-academy.com\/wp-content\/uploads\/2024\/01\/8-e1715025542843.png?fit=1110%2C1024&ssl=1","datePublished":"2024-08-15T16:10:36+00:00","dateModified":"2025-03-01T15:40:09+00:00","description":"Szabad\u00edtsa fel az \u00f6nben rejl\u0151 lehet\u0151s\u00e9geket az 1to1 szem\u00e9lyi fejleszt\u00e9si coachinggal. Testre szabott strat\u00e9gi\u00e1k a n\u00f6veked\u00e9shez, sikerhez \u00e9s \u00f6nfejleszt\u00e9shez.","breadcrumb":{"@id":"https:\/\/agadopro-academy.com\/hu\/termek\/fokozza-novekedeset-1to1-szemelyes-fejlodesi-coachinggal-keszsegek-fejlesztese-celok-elerese\/#breadcrumb"},"inLanguage":"hu","potentialAction":[{"@type":"ReadAction","target":["https:\/\/agadopro-academy.com\/hu\/termek\/fokozza-novekedeset-1to1-szemelyes-fejlodesi-coachinggal-keszsegek-fejlesztese-celok-elerese\/"]}]},{"@type":"ImageObject","inLanguage":"hu","@id":"https:\/\/agadopro-academy.com\/hu\/termek\/fokozza-novekedeset-1to1-szemelyes-fejlodesi-coachinggal-keszsegek-fejlesztese-celok-elerese\/#primaryimage","url":"https:\/\/i0.wp.com\/agadopro-academy.com\/wp-content\/uploads\/2024\/01\/8-e1715025542843.png?fit=1110%2C1024&ssl=1","contentUrl":"https:\/\/i0.wp.com\/agadopro-academy.com\/wp-content\/uploads\/2024\/01\/8-e1715025542843.png?fit=1110%2C1024&ssl=1","width":1110,"height":1024},{"@type":"BreadcrumbList","@id":"https:\/\/agadopro-academy.com\/hu\/termek\/fokozza-novekedeset-1to1-szemelyes-fejlodesi-coachinggal-keszsegek-fejlesztese-celok-elerese\/#breadcrumb","itemListElement":[{"@type":"ListItem","position":1,"name":"F\u0151oldal","item":"https:\/\/agadopro-academy.com\/hu\/fooldal\/"},{"@type":"ListItem","position":2,"name":"Shop","item":"https:\/\/agadopro-academy.com\/hu\/shop\/"},{"@type":"ListItem","position":3,"name":"Ind\u00edtsd El Szem\u00e9lyes Fejl\u0151d\u00e9sed: Ismerd meg az 1to1 Coachingot"}]},{"@type":"WebSite","@id":"https:\/\/agadopro-academy.com\/hu\/#website","url":"https:\/\/agadopro-academy.com\/hu\/","name":"AgadoPro-Academy","description":"Empowering Minds, Unlocking Potential","publisher":{"@id":"https:\/\/agadopro-academy.com\/hu\/#organization"},"potentialAction":[{"@type":"SearchAction","target":{"@type":"EntryPoint","urlTemplate":"https:\/\/agadopro-academy.com\/hu\/?s={search_term_string}"},"query-input":{"@type":"PropertyValueSpecification","valueRequired":true,"valueName":"search_term_string"}}],"inLanguage":"hu"},{"@type":"Organization","@id":"https:\/\/agadopro-academy.com\/hu\/#organization","name":"AgadoPro-Akad\u00e9mia","url":"https:\/\/agadopro-academy.com\/hu\/","logo":{"@type":"ImageObject","inLanguage":"hu","@id":"https:\/\/agadopro-academy.com\/hu\/#\/schema\/logo\/image\/","url":"https:\/\/i0.wp.com\/agadopro-academy.com\/wp-content\/uploads\/2024\/11\/image003-e1732794537988.png?fit=500%2C207&ssl=1","contentUrl":"https:\/\/i0.wp.com\/agadopro-academy.com\/wp-content\/uploads\/2024\/11\/image003-e1732794537988.png?fit=500%2C207&ssl=1","width":500,"height":207,"caption":"AgadoPro-Akad\u00e9mia"},"image":{"@id":"https:\/\/agadopro-academy.com\/hu\/#\/schema\/logo\/image\/"},"sameAs":["https:\/\/www.linkedin.com\/company\/agadopro-academy\/about\/?viewAsMember=true"]}]}},"jetpack_sharing_enabled":true,"jetpack-related-posts":[],"_links":{"self":[{"href":"https:\/\/agadopro-academy.com\/hu\/wp-json\/wp\/v2\/product\/22264","targetHints":{"allow":["GET"]}}],"collection":[{"href":"https:\/\/agadopro-academy.com\/hu\/wp-json\/wp\/v2\/product"}],"about":[{"href":"https:\/\/agadopro-academy.com\/hu\/wp-json\/wp\/v2\/types\/product"}],"replies":[{"embeddable":true,"href":"https:\/\/agadopro-academy.com\/hu\/wp-json\/wp\/v2\/comments?post=22264"}],"version-history":[{"count":9,"href":"https:\/\/agadopro-academy.com\/hu\/wp-json\/wp\/v2\/product\/22264\/revisions"}],"predecessor-version":[{"id":32359,"href":"https:\/\/agadopro-academy.com\/hu\/wp-json\/wp\/v2\/product\/22264\/revisions\/32359"}],"wp:featuredmedia":[{"embeddable":true,"href":"https:\/\/agadopro-academy.com\/hu\/wp-json\/wp\/v2\/media\/15486"}],"wp:attachment":[{"href":"https:\/\/agadopro-academy.com\/hu\/wp-json\/wp\/v2\/media?parent=22264"}],"wp:term":[{"taxonomy":"product_brand","embeddable":true,"href":"https:\/\/agadopro-academy.com\/hu\/wp-json\/wp\/v2\/product_brand?post=22264"},{"taxonomy":"product_cat","embeddable":true,"href":"https:\/\/agadopro-academy.com\/hu\/wp-json\/wp\/v2\/product_cat?post=22264"},{"taxonomy":"product_tag","embeddable":true,"href":"https:\/\/agadopro-academy.com\/hu\/wp-json\/wp\/v2\/product_tag?post=22264"}],"curies":[{"name":"wp","href":"https:\/\/api.w.org\/{rel}","templated":true}]}}