{"id":22074,"date":"2024-08-15T14:15:11","date_gmt":"2024-08-15T12:15:11","guid":{"rendered":"https:\/\/agadopro-academy.com\/?post_type=product&#038;p=22074"},"modified":"2025-04-08T16:38:19","modified_gmt":"2025-04-08T14:38:19","slug":"11-tanacsadas-strategiai-tamogatas-csapatoknak","status":"publish","type":"product","link":"https:\/\/agadopro-academy.com\/hu\/termek\/11-tanacsadas-strategiai-tamogatas-csapatoknak\/","title":{"rendered":"1&#038;1 tan\u00e1csad\u00e1s \u2013 Strat\u00e9giai t\u00e1mogat\u00e1s csapatoknak"},"content":{"rendered":"<h1 data-start=\"0\" data-end=\"79\"><strong data-start=\"4\" data-end=\"77\">Maximaliz\u00e1lja csapata teljes\u00edtm\u00e9ny\u00e9t az 1&amp;1 tan\u00e1csad\u00e1s konzult\u00e1ci\u00f3val!<\/strong><\/h1>\n<p data-start=\"81\" data-end=\"232\"><strong data-start=\"81\" data-end=\"230\">Szem\u00e9lyre szabott, egy\u00f3r\u00e1s szak\u00e9rt\u0151i t\u00e1mogat\u00e1s, amely azonnali megold\u00e1sokat ny\u00fajt projekt kih\u00edv\u00e1saira \u00e9s n\u00f6veli csapata hat\u00e9konys\u00e1g\u00e1t.<\/strong><\/p>\n<h3 data-start=\"234\" data-end=\"269\"><strong data-start=\"238\" data-end=\"267\">Mi\u00e9rt \u00e9rdemes v\u00e1lasztani?<\/strong><\/h3>\n<p data-start=\"271\" data-end=\"553\">\u2705 <strong data-start=\"273\" data-end=\"303\">C\u00e9lzott szak\u00e9rt\u0151i seg\u00edts\u00e9g<\/strong> \u2013 Szak\u00e9rt\u0151ink a projekt saj\u00e1toss\u00e1gaira \u00e9s kih\u00edv\u00e1saira koncentr\u00e1lnak.<br data-start=\"372\" data-end=\"375\" \/>\u2705 <strong data-start=\"377\" data-end=\"401\">Rugalmas id\u0151beoszt\u00e1s<\/strong> \u2013 Az id\u0151pont az \u00d6n projektj\u00e9hez \u00e9s csapata ig\u00e9nyeihez igazodik.<br data-start=\"465\" data-end=\"468\" \/>\u2705 <strong data-start=\"470\" data-end=\"495\">Gyakorlati megold\u00e1sok<\/strong> \u2013 Konkr\u00e9t, azonnal alkalmazhat\u00f3 eszk\u00f6z\u00f6ket biztos\u00edtunk.<\/p>\n<h3 data-start=\"555\" data-end=\"580\"><strong data-start=\"559\" data-end=\"578\">Hogyan m\u0171k\u00f6dik?<\/strong><\/h3>\n<p data-start=\"582\" data-end=\"796\">\ud83d\udccc <strong data-start=\"585\" data-end=\"608\">Kezdeti konzult\u00e1ci\u00f3<\/strong> \u2013 Felm\u00e9rj\u00fck a projekt jelenlegi \u00e1llapot\u00e1t \u00e9s a legfontosabb kih\u00edv\u00e1sokat.<br data-start=\"681\" data-end=\"684\" \/>\ud83d\udccc <strong data-start=\"687\" data-end=\"718\">Szem\u00e9lyre szabott \u00fatmutat\u00e1s<\/strong> \u2013 Kiemelj\u00fck azokat a ter\u00fcleteket, ahol a tan\u00e1csad\u00e1s azonnali \u00e9rt\u00e9ket ny\u00fajt.<\/p>\n<h3 data-start=\"798\" data-end=\"826\"><strong data-start=\"802\" data-end=\"824\">M\u00e9rhet\u0151 eredm\u00e9nyek<\/strong><\/h3>\n<p data-start=\"828\" data-end=\"1013\">\ud83d\udcc8 <strong data-start=\"831\" data-end=\"855\">Hat\u00e9konys\u00e1g n\u00f6vel\u00e9se<\/strong> \u2013 Javul a projekt kimenetele \u00e9s a csapatmunka min\u0151s\u00e9ge.<br data-start=\"911\" data-end=\"914\" \/>\ud83c\udfaf <strong data-start=\"917\" data-end=\"939\">Jobb d\u00f6nt\u00e9shozatal<\/strong> \u2013 Fejl\u0151dnek a csapatvezet\u0151k \u00e9s projektmenedzserek strat\u00e9giai k\u00e9szs\u00e9gei.<\/p>\n<p data-start=\"1015\" data-end=\"1121\">\ud83d\udcde <strong data-start=\"1018\" data-end=\"1060\">Vegye fel vel\u00fcnk a kapcsolatot m\u00e9g ma!<\/strong> Tegye hat\u00e9konyabb\u00e1 csapat\u00e1t az 1&amp;1 tan\u00e1csad\u00e1s seg\u00edts\u00e9g\u00e9vel!<\/p>\n<p data-start=\"1123\" data-end=\"1208\" data-is-last-node=\"\" data-is-only-node=\"\"><strong data-start=\"1123\" data-end=\"1148\">M\u00e9g nem biztos benne?<\/strong> Ismerje meg a tan\u00e1csad\u00f3t, \u00e9s v\u00e1zolja fel projektj\u00e9t INGYEN!<\/p>\n<p><a style=\"color: #ff0000;\" href=\"https:\/\/agadopro-academy.com\/hu\/termek\/ingyenes-konzultacio-a-projektalapu-szakertoi-tanacsadas-elott\/\">Jelentkezz be egy ingyenes bevezet\u0151 konzult\u00e1ci\u00f3ra, \u00e9s tapasztald meg el\u0151sz\u00f6r k\u00e9zb\u0151l, hogy mi teszi a projekt t\u00e1mogat\u00e1st olyan k\u00fcl\u00f6nlegess\u00e9.<\/a><\/p>\n<p>&nbsp;<\/p>\n","protected":false},"excerpt":{"rendered":"<p>Bemutatjuk a projektalap\u00fa tan\u00e1csad\u00e1sunkat, amely a kritikus tal\u00e1lkoz\u00f3k sor\u00e1n szak\u00e9rt\u0151i \u00fatmutat\u00e1st ny\u00fajt.<br \/>\nLehet\u0151v\u00e9 teszi csapata sz\u00e1m\u00e1ra, hogy \u00f6n\u00e1ll\u00f3an kezelje a kih\u00edv\u00e1sokat.<br \/>\nTan\u00e1csad\u00f3ink akkor ny\u00fajtanak m\u00e9lyrehat\u00f3 t\u00e1mogat\u00e1st, amikor a legnagyobb sz\u00fcks\u00e9g van r\u00e1, biztos\u00edtva a strat\u00e9gia hat\u00e9kony alkalmaz\u00e1s\u00e1t minim\u00e1lis megszak\u00edt\u00e1ssal.<br \/>\nEz a megk\u00f6zel\u00edt\u00e9s optimaliz\u00e1lja az \u00d6n munkafolyamat\u00e1t \u00e9s fokozza a sikert k\u00f6zvetlen\u00fcl minden egyes konzult\u00e1ci\u00f3 ut\u00e1n.<br \/>\nIde\u00e1lis a hat\u00e9kony megold\u00e1sokat keres\u0151, elfoglalt szakemberek sz\u00e1m\u00e1ra.<\/p>\n","protected":false},"featured_media":15690,"comment_status":"open","ping_status":"closed","template":"elementor_theme","meta":{"pmpro_default_level":""},"product_brand":[],"product_cat":[2737,2835,2591,2836],"product_tag":[2307,2282,2306,2304,2296,2288,2295,2286,2305,2300,2298,2279,2291,2287,2238,2302,2246,2280,2294,2308,2303,2289,2290,2285,2283,2281,2299,2292],"class_list":{"0":"post-22074","1":"product","2":"type-product","3":"status-publish","4":"has-post-thumbnail","6":"product_cat-consulting-2","7":"product_cat-helyszin","8":"product_cat-magyar","9":"product_cat-online","10":"product_tag-a-projekt-terjedelmenek-kezelese","11":"product_tag-a-projekt-vegrehajtasa","12":"product_tag-projekt-atadas","13":"product_tag-projekt-eletciklus","14":"product_tag-projekt-idovonal-kezelese","15":"product_tag-projekt-kockazatkezeles","16":"product_tag-projekt-koltsegmenedzsment","17":"product_tag-projekt-koordinacio","18":"product_tag-projekt-minosegiranyitas","19":"product_tag-projekt-strategiai-tanacsadas","20":"product_tag-projekt-tanacsadasi-szolgaltatasok","21":"product_tag-projektmenedzsment","22":"product_tag-projektmenedzsment-szolgaltatasok","23":"product_tag-projektmenedzsment-tanacsadas","24":"product_tag-projekttervezes","25":"product_tag-strategiai-tervezes","26":"product_tag-szakmai-tanacsadas","27":"product_tag-tanacsadas","28":"product_tag-tanacsadoi-szolgaltatasok","29":"product_tag-uzletfejlesztesi-tanacsadas","30":"product_tag-uzleti-atalakulas","31":"product_tag-uzleti-elemzes","32":"product_tag-uzleti-folyamatok-fejlesztese","33":"product_tag-uzleti-megoldasok","34":"product_tag-uzleti-strategia","35":"product_tag-uzleti-tanacsadas","36":"product_tag-uzleti-tanacsadasi-megoldasok","37":"product_tag-vezetesi-tanacsadas","38":"pmpro-has-access","40":"first","41":"instock","42":"virtual","43":"taxable","44":"purchasable","45":"product-type-simple"},"yoast_head":"<!-- This site is optimized with the Yoast SEO plugin v25.8 - https:\/\/yoast.com\/wordpress\/plugins\/seo\/ -->\n<title>1&amp;1 tan\u00e1csad\u00e1s \u2013 Strat\u00e9giai t\u00e1mogat\u00e1s csapatoknak AgadoPro-Academy<\/title>\n<meta name=\"description\" content=\"N\u00f6velje csapata hat\u00e9konys\u00e1g\u00e1t az 1&amp;1 tan\u00e1csad\u00e1s seg\u00edts\u00e9g\u00e9vel! Szem\u00e9lyre szabott tan\u00e1csad\u00e1s, gyakorlati megold\u00e1sok, rugalmas id\u0151beoszt\u00e1s.\" \/>\n<meta name=\"robots\" content=\"index, follow, max-snippet:-1, max-image-preview:large, max-video-preview:-1\" \/>\n<link rel=\"canonical\" href=\"https:\/\/agadopro-academy.com\/hu\/termek\/11-tanacsadas-strategiai-tamogatas-csapatoknak\/\" \/>\n<meta property=\"og:locale\" content=\"hu_HU\" \/>\n<meta property=\"og:type\" content=\"article\" \/>\n<meta property=\"og:title\" content=\"1&amp;1 tan\u00e1csad\u00e1s \u2013 Strat\u00e9giai t\u00e1mogat\u00e1s csapatoknak AgadoPro-Academy\" \/>\n<meta property=\"og:description\" content=\"N\u00f6velje csapata hat\u00e9konys\u00e1g\u00e1t az 1&amp;1 tan\u00e1csad\u00e1s seg\u00edts\u00e9g\u00e9vel! Szem\u00e9lyre szabott tan\u00e1csad\u00e1s, gyakorlati megold\u00e1sok, rugalmas id\u0151beoszt\u00e1s.\" \/>\n<meta property=\"og:url\" content=\"https:\/\/agadopro-academy.com\/hu\/termek\/11-tanacsadas-strategiai-tamogatas-csapatoknak\/\" \/>\n<meta property=\"og:site_name\" content=\"AgadoPro-Academy\" \/>\n<meta property=\"article:modified_time\" content=\"2025-04-08T14:38:19+00:00\" \/>\n<meta property=\"og:image\" content=\"https:\/\/agadopro-academy.com\/wp-content\/uploads\/2024\/02\/89.png\" \/>\n\t<meta property=\"og:image:width\" content=\"1920\" \/>\n\t<meta property=\"og:image:height\" content=\"1080\" \/>\n\t<meta property=\"og:image:type\" content=\"image\/png\" \/>\n<script type=\"application\/ld+json\" class=\"yoast-schema-graph\">{\"@context\":\"https:\/\/schema.org\",\"@graph\":[{\"@type\":\"WebPage\",\"@id\":\"https:\/\/agadopro-academy.com\/hu\/termek\/11-tanacsadas-strategiai-tamogatas-csapatoknak\/\",\"url\":\"https:\/\/agadopro-academy.com\/hu\/termek\/11-tanacsadas-strategiai-tamogatas-csapatoknak\/\",\"name\":\"1&1 tan\u00e1csad\u00e1s \u2013 Strat\u00e9giai t\u00e1mogat\u00e1s csapatoknak AgadoPro-Academy\",\"isPartOf\":{\"@id\":\"https:\/\/agadopro-academy.com\/hu\/#website\"},\"primaryImageOfPage\":{\"@id\":\"https:\/\/agadopro-academy.com\/hu\/termek\/11-tanacsadas-strategiai-tamogatas-csapatoknak\/#primaryimage\"},\"image\":{\"@id\":\"https:\/\/agadopro-academy.com\/hu\/termek\/11-tanacsadas-strategiai-tamogatas-csapatoknak\/#primaryimage\"},\"thumbnailUrl\":\"https:\/\/i0.wp.com\/agadopro-academy.com\/wp-content\/uploads\/2024\/02\/89.png?fit=1920%2C1080&ssl=1\",\"datePublished\":\"2024-08-15T12:15:11+00:00\",\"dateModified\":\"2025-04-08T14:38:19+00:00\",\"description\":\"N\u00f6velje csapata hat\u00e9konys\u00e1g\u00e1t az 1&1 tan\u00e1csad\u00e1s seg\u00edts\u00e9g\u00e9vel! Szem\u00e9lyre szabott tan\u00e1csad\u00e1s, gyakorlati megold\u00e1sok, rugalmas id\u0151beoszt\u00e1s.\",\"breadcrumb\":{\"@id\":\"https:\/\/agadopro-academy.com\/hu\/termek\/11-tanacsadas-strategiai-tamogatas-csapatoknak\/#breadcrumb\"},\"inLanguage\":\"hu\",\"potentialAction\":[{\"@type\":\"ReadAction\",\"target\":[\"https:\/\/agadopro-academy.com\/hu\/termek\/11-tanacsadas-strategiai-tamogatas-csapatoknak\/\"]}]},{\"@type\":\"ImageObject\",\"inLanguage\":\"hu\",\"@id\":\"https:\/\/agadopro-academy.com\/hu\/termek\/11-tanacsadas-strategiai-tamogatas-csapatoknak\/#primaryimage\",\"url\":\"https:\/\/i0.wp.com\/agadopro-academy.com\/wp-content\/uploads\/2024\/02\/89.png?fit=1920%2C1080&ssl=1\",\"contentUrl\":\"https:\/\/i0.wp.com\/agadopro-academy.com\/wp-content\/uploads\/2024\/02\/89.png?fit=1920%2C1080&ssl=1\",\"width\":1920,\"height\":1080},{\"@type\":\"BreadcrumbList\",\"@id\":\"https:\/\/agadopro-academy.com\/hu\/termek\/11-tanacsadas-strategiai-tamogatas-csapatoknak\/#breadcrumb\",\"itemListElement\":[{\"@type\":\"ListItem\",\"position\":1,\"name\":\"F\u0151oldal\",\"item\":\"https:\/\/agadopro-academy.com\/hu\/fooldal\/\"},{\"@type\":\"ListItem\",\"position\":2,\"name\":\"Shop\",\"item\":\"https:\/\/agadopro-academy.com\/hu\/shop\/\"},{\"@type\":\"ListItem\",\"position\":3,\"name\":\"1&#038;1 tan\u00e1csad\u00e1s \u2013 Strat\u00e9giai t\u00e1mogat\u00e1s csapatoknak\"}]},{\"@type\":\"WebSite\",\"@id\":\"https:\/\/agadopro-academy.com\/hu\/#website\",\"url\":\"https:\/\/agadopro-academy.com\/hu\/\",\"name\":\"AgadoPro-Academy\",\"description\":\"Empowering Minds, Unlocking Potential\",\"publisher\":{\"@id\":\"https:\/\/agadopro-academy.com\/hu\/#organization\"},\"potentialAction\":[{\"@type\":\"SearchAction\",\"target\":{\"@type\":\"EntryPoint\",\"urlTemplate\":\"https:\/\/agadopro-academy.com\/hu\/?s={search_term_string}\"},\"query-input\":{\"@type\":\"PropertyValueSpecification\",\"valueRequired\":true,\"valueName\":\"search_term_string\"}}],\"inLanguage\":\"hu\"},{\"@type\":\"Organization\",\"@id\":\"https:\/\/agadopro-academy.com\/hu\/#organization\",\"name\":\"AgadoPro-Akad\u00e9mia\",\"url\":\"https:\/\/agadopro-academy.com\/hu\/\",\"logo\":{\"@type\":\"ImageObject\",\"inLanguage\":\"hu\",\"@id\":\"https:\/\/agadopro-academy.com\/hu\/#\/schema\/logo\/image\/\",\"url\":\"https:\/\/i0.wp.com\/agadopro-academy.com\/wp-content\/uploads\/2024\/11\/image003-e1732794537988.png?fit=500%2C207&ssl=1\",\"contentUrl\":\"https:\/\/i0.wp.com\/agadopro-academy.com\/wp-content\/uploads\/2024\/11\/image003-e1732794537988.png?fit=500%2C207&ssl=1\",\"width\":500,\"height\":207,\"caption\":\"AgadoPro-Akad\u00e9mia\"},\"image\":{\"@id\":\"https:\/\/agadopro-academy.com\/hu\/#\/schema\/logo\/image\/\"},\"sameAs\":[\"https:\/\/www.linkedin.com\/company\/agadopro-academy\/about\/?viewAsMember=true\"]}]}<\/script>\n<!-- \/ Yoast SEO plugin. -->","yoast_head_json":{"title":"1&1 tan\u00e1csad\u00e1s \u2013 Strat\u00e9giai t\u00e1mogat\u00e1s csapatoknak AgadoPro-Academy","description":"N\u00f6velje csapata hat\u00e9konys\u00e1g\u00e1t az 1&1 tan\u00e1csad\u00e1s seg\u00edts\u00e9g\u00e9vel! Szem\u00e9lyre szabott tan\u00e1csad\u00e1s, gyakorlati megold\u00e1sok, rugalmas id\u0151beoszt\u00e1s.","robots":{"index":"index","follow":"follow","max-snippet":"max-snippet:-1","max-image-preview":"max-image-preview:large","max-video-preview":"max-video-preview:-1"},"canonical":"https:\/\/agadopro-academy.com\/hu\/termek\/11-tanacsadas-strategiai-tamogatas-csapatoknak\/","og_locale":"hu_HU","og_type":"article","og_title":"1&1 tan\u00e1csad\u00e1s \u2013 Strat\u00e9giai t\u00e1mogat\u00e1s csapatoknak AgadoPro-Academy","og_description":"N\u00f6velje csapata hat\u00e9konys\u00e1g\u00e1t az 1&1 tan\u00e1csad\u00e1s seg\u00edts\u00e9g\u00e9vel! Szem\u00e9lyre szabott tan\u00e1csad\u00e1s, gyakorlati megold\u00e1sok, rugalmas id\u0151beoszt\u00e1s.","og_url":"https:\/\/agadopro-academy.com\/hu\/termek\/11-tanacsadas-strategiai-tamogatas-csapatoknak\/","og_site_name":"AgadoPro-Academy","article_modified_time":"2025-04-08T14:38:19+00:00","og_image":[{"width":1920,"height":1080,"url":"https:\/\/agadopro-academy.com\/wp-content\/uploads\/2024\/02\/89.png","type":"image\/png"}],"schema":{"@context":"https:\/\/schema.org","@graph":[{"@type":"WebPage","@id":"https:\/\/agadopro-academy.com\/hu\/termek\/11-tanacsadas-strategiai-tamogatas-csapatoknak\/","url":"https:\/\/agadopro-academy.com\/hu\/termek\/11-tanacsadas-strategiai-tamogatas-csapatoknak\/","name":"1&1 tan\u00e1csad\u00e1s \u2013 Strat\u00e9giai t\u00e1mogat\u00e1s csapatoknak AgadoPro-Academy","isPartOf":{"@id":"https:\/\/agadopro-academy.com\/hu\/#website"},"primaryImageOfPage":{"@id":"https:\/\/agadopro-academy.com\/hu\/termek\/11-tanacsadas-strategiai-tamogatas-csapatoknak\/#primaryimage"},"image":{"@id":"https:\/\/agadopro-academy.com\/hu\/termek\/11-tanacsadas-strategiai-tamogatas-csapatoknak\/#primaryimage"},"thumbnailUrl":"https:\/\/i0.wp.com\/agadopro-academy.com\/wp-content\/uploads\/2024\/02\/89.png?fit=1920%2C1080&ssl=1","datePublished":"2024-08-15T12:15:11+00:00","dateModified":"2025-04-08T14:38:19+00:00","description":"N\u00f6velje csapata hat\u00e9konys\u00e1g\u00e1t az 1&1 tan\u00e1csad\u00e1s seg\u00edts\u00e9g\u00e9vel! Szem\u00e9lyre szabott tan\u00e1csad\u00e1s, gyakorlati megold\u00e1sok, rugalmas id\u0151beoszt\u00e1s.","breadcrumb":{"@id":"https:\/\/agadopro-academy.com\/hu\/termek\/11-tanacsadas-strategiai-tamogatas-csapatoknak\/#breadcrumb"},"inLanguage":"hu","potentialAction":[{"@type":"ReadAction","target":["https:\/\/agadopro-academy.com\/hu\/termek\/11-tanacsadas-strategiai-tamogatas-csapatoknak\/"]}]},{"@type":"ImageObject","inLanguage":"hu","@id":"https:\/\/agadopro-academy.com\/hu\/termek\/11-tanacsadas-strategiai-tamogatas-csapatoknak\/#primaryimage","url":"https:\/\/i0.wp.com\/agadopro-academy.com\/wp-content\/uploads\/2024\/02\/89.png?fit=1920%2C1080&ssl=1","contentUrl":"https:\/\/i0.wp.com\/agadopro-academy.com\/wp-content\/uploads\/2024\/02\/89.png?fit=1920%2C1080&ssl=1","width":1920,"height":1080},{"@type":"BreadcrumbList","@id":"https:\/\/agadopro-academy.com\/hu\/termek\/11-tanacsadas-strategiai-tamogatas-csapatoknak\/#breadcrumb","itemListElement":[{"@type":"ListItem","position":1,"name":"F\u0151oldal","item":"https:\/\/agadopro-academy.com\/hu\/fooldal\/"},{"@type":"ListItem","position":2,"name":"Shop","item":"https:\/\/agadopro-academy.com\/hu\/shop\/"},{"@type":"ListItem","position":3,"name":"1&#038;1 tan\u00e1csad\u00e1s \u2013 Strat\u00e9giai t\u00e1mogat\u00e1s csapatoknak"}]},{"@type":"WebSite","@id":"https:\/\/agadopro-academy.com\/hu\/#website","url":"https:\/\/agadopro-academy.com\/hu\/","name":"AgadoPro-Academy","description":"Empowering Minds, Unlocking Potential","publisher":{"@id":"https:\/\/agadopro-academy.com\/hu\/#organization"},"potentialAction":[{"@type":"SearchAction","target":{"@type":"EntryPoint","urlTemplate":"https:\/\/agadopro-academy.com\/hu\/?s={search_term_string}"},"query-input":{"@type":"PropertyValueSpecification","valueRequired":true,"valueName":"search_term_string"}}],"inLanguage":"hu"},{"@type":"Organization","@id":"https:\/\/agadopro-academy.com\/hu\/#organization","name":"AgadoPro-Akad\u00e9mia","url":"https:\/\/agadopro-academy.com\/hu\/","logo":{"@type":"ImageObject","inLanguage":"hu","@id":"https:\/\/agadopro-academy.com\/hu\/#\/schema\/logo\/image\/","url":"https:\/\/i0.wp.com\/agadopro-academy.com\/wp-content\/uploads\/2024\/11\/image003-e1732794537988.png?fit=500%2C207&ssl=1","contentUrl":"https:\/\/i0.wp.com\/agadopro-academy.com\/wp-content\/uploads\/2024\/11\/image003-e1732794537988.png?fit=500%2C207&ssl=1","width":500,"height":207,"caption":"AgadoPro-Akad\u00e9mia"},"image":{"@id":"https:\/\/agadopro-academy.com\/hu\/#\/schema\/logo\/image\/"},"sameAs":["https:\/\/www.linkedin.com\/company\/agadopro-academy\/about\/?viewAsMember=true"]}]}},"jetpack_sharing_enabled":true,"jetpack-related-posts":[],"_links":{"self":[{"href":"https:\/\/agadopro-academy.com\/hu\/wp-json\/wp\/v2\/product\/22074","targetHints":{"allow":["GET"]}}],"collection":[{"href":"https:\/\/agadopro-academy.com\/hu\/wp-json\/wp\/v2\/product"}],"about":[{"href":"https:\/\/agadopro-academy.com\/hu\/wp-json\/wp\/v2\/types\/product"}],"replies":[{"embeddable":true,"href":"https:\/\/agadopro-academy.com\/hu\/wp-json\/wp\/v2\/comments?post=22074"}],"version-history":[{"count":12,"href":"https:\/\/agadopro-academy.com\/hu\/wp-json\/wp\/v2\/product\/22074\/revisions"}],"predecessor-version":[{"id":32353,"href":"https:\/\/agadopro-academy.com\/hu\/wp-json\/wp\/v2\/product\/22074\/revisions\/32353"}],"wp:featuredmedia":[{"embeddable":true,"href":"https:\/\/agadopro-academy.com\/hu\/wp-json\/wp\/v2\/media\/15690"}],"wp:attachment":[{"href":"https:\/\/agadopro-academy.com\/hu\/wp-json\/wp\/v2\/media?parent=22074"}],"wp:term":[{"taxonomy":"product_brand","embeddable":true,"href":"https:\/\/agadopro-academy.com\/hu\/wp-json\/wp\/v2\/product_brand?post=22074"},{"taxonomy":"product_cat","embeddable":true,"href":"https:\/\/agadopro-academy.com\/hu\/wp-json\/wp\/v2\/product_cat?post=22074"},{"taxonomy":"product_tag","embeddable":true,"href":"https:\/\/agadopro-academy.com\/hu\/wp-json\/wp\/v2\/product_tag?post=22074"}],"curies":[{"name":"wp","href":"https:\/\/api.w.org\/{rel}","templated":true}]}}