{"id":22072,"date":"2024-08-15T14:17:43","date_gmt":"2024-08-15T12:17:43","guid":{"rendered":"https:\/\/agadopro-academy.com\/?post_type=product&#038;p=22072"},"modified":"2025-04-08T16:38:29","modified_gmt":"2025-04-08T14:38:29","slug":"10-oras-tanacsadas-strategiai-tamogatas-csapatoknak","status":"publish","type":"product","link":"https:\/\/agadopro-academy.com\/hu\/termek\/10-oras-tanacsadas-strategiai-tamogatas-csapatoknak\/","title":{"rendered":"10 \u00f3r\u00e1s tan\u00e1csad\u00e1s \u2013 Strat\u00e9giai t\u00e1mogat\u00e1s csapatoknak"},"content":{"rendered":"<div class=\"flex-shrink-0 flex flex-col relative items-end\">\n<div class=\"pt-0\">\n<div class=\"gizmo-bot-avatar flex h-8 w-8 items-center justify-center overflow-hidden rounded-full\">\n<div class=\"relative p-1 rounded-sm flex items-center justify-center bg-token-main-surface-primary text-token-text-primary h-8 w-8\">\n<h1 data-start=\"0\" data-end=\"75\"><strong data-start=\"4\" data-end=\"73\">Fejlessze csapata hat\u00e9konys\u00e1g\u00e1t 10 \u00f3r\u00e1s tan\u00e1csad\u00e1si csomagunkkal!<\/strong><\/h1>\n<p data-start=\"77\" data-end=\"420\">Tan\u00e1csad\u00e1si csomagunk \u00e1tfog\u00f3 t\u00e1mogat\u00e1st ny\u00fajt, amely seg\u00edt csapat\u00e1nak \u00f6n\u00e1ll\u00f3an alkalmazni a hat\u00e9kony megold\u00e1sokat. Szak\u00e9rt\u0151ink akt\u00edvan r\u00e9szt vesznek a legfontosabb megbesz\u00e9l\u00e9seken, strat\u00e9giai ir\u00e1nymutat\u00e1st adva.<\/p>\n<p data-start=\"77\" data-end=\"420\"><strong>\u00cdgy cs\u00f6kkentheti a folyamatos tan\u00e1csad\u00f3i t\u00e1mogat\u00e1s sz\u00fcks\u00e9gess\u00e9g\u00e9t, mik\u00f6zben csapata hossz\u00fa t\u00e1von is fenntarthat\u00f3 fejl\u0151d\u00e9st \u00e9r el<\/strong>.<\/p>\n<h3 data-start=\"422\" data-end=\"456\"><strong data-start=\"426\" data-end=\"454\">A csomag kiemelt el\u0151nyei<\/strong><\/h3>\n<p data-start=\"458\" data-end=\"886\">\u2705 <strong data-start=\"460\" data-end=\"493\">Sokoldal\u00fa ipar\u00e1gi tapasztalat<\/strong> \u2013 K\u00fcl\u00f6nb\u00f6z\u0151 ipar\u00e1gak \u00e9s projektek sz\u00e1m\u00e1ra biztos\u00edtunk pontos, c\u00e9lzott t\u00e1mogat\u00e1st a kritikus d\u00f6nt\u00e9sekhez.<br data-start=\"598\" data-end=\"601\" \/>\u2705 <strong data-start=\"603\" data-end=\"647\">F\u00f3kusz a kulcsfontoss\u00e1g\u00fa megbesz\u00e9l\u00e9seken<\/strong> \u2013 Er\u0151fesz\u00edt\u00e9seinket a strat\u00e9giai tal\u00e1lkoz\u00f3kra \u00f6sszpontos\u00edtjuk, hogy maxim\u00e1lis hat\u00e1st \u00e9rj\u00fcnk el.<br data-start=\"743\" data-end=\"746\" \/>\u2705 <strong data-start=\"748\" data-end=\"773\">\u00d6n\u00e1ll\u00f3s\u00e1g fejleszt\u00e9se<\/strong> \u2013 Csapata olyan eszk\u00f6z\u00f6ket \u00e9s strat\u00e9gi\u00e1kat saj\u00e1t\u00edt el, amelyek hossz\u00fa t\u00e1von is biztos\u00edtj\u00e1k az \u00f6n\u00e1ll\u00f3 m\u0171k\u00f6d\u00e9st.<\/p>\n<h3 data-start=\"888\" data-end=\"940\"><strong data-start=\"892\" data-end=\"938\">Szem\u00e9lyre szabott tan\u00e1csad\u00e1si megk\u00f6zel\u00edt\u00e9s<\/strong><\/h3>\n<p data-start=\"942\" data-end=\"1225\">\u2705 <strong data-start=\"944\" data-end=\"972\">Z\u00f6kken\u0151mentes integr\u00e1ci\u00f3<\/strong> \u2013 Tan\u00e1csad\u00e1si folyamatunk k\u00f6nnyed\u00e9n illeszkedik a m\u0171k\u00f6d\u00e9s\u00e9be, minim\u00e1lis megszak\u00edt\u00e1ssal n\u00f6velve a hat\u00e9konys\u00e1got.<br data-start=\"1084\" data-end=\"1087\" \/>\u2705 <strong data-start=\"1089\" data-end=\"1115\">Strat\u00e9giai meger\u0151s\u00edt\u00e9s<\/strong> \u2013 Csapata strat\u00e9giai betekint\u00e9seket kap, amelyek seg\u00edtenek magabiztosan \u00e9s hat\u00e9konyan haladni a c\u00e9lok fel\u00e9.<\/p>\n<h3 data-start=\"1227\" data-end=\"1283\"><strong data-start=\"1231\" data-end=\"1281\">Mi\u00e9rt v\u00e1lassza a 10 \u00f3r\u00e1s tan\u00e1csad\u00e1si csomagot?<\/strong><\/h3>\n<p data-start=\"1285\" data-end=\"1531\">\u2705 <strong data-start=\"1287\" data-end=\"1314\">Koncentr\u00e1lt szak\u00e9rtelem<\/strong> \u2013 Intenz\u00edv, c\u00e9lzott t\u00e1mogat\u00e1st biztos\u00edtunk, amikor a legnagyobb sz\u00fcks\u00e9g van r\u00e1.<br data-start=\"1394\" data-end=\"1397\" \/>\u2705 <strong data-start=\"1399\" data-end=\"1432\">\u00dczleti c\u00e9lokkal val\u00f3 \u00f6sszhang<\/strong> \u2013 Minden tan\u00e1csad\u00f3i \u00f3ra az \u00d6n strat\u00e9giai c\u00e9ljait szolg\u00e1lja, \u00edgy biztos\u00edtva a hossz\u00fa t\u00e1v\u00fa sikert.<\/p>\n<p data-start=\"1533\" data-end=\"1623\" data-is-last-node=\"\" data-is-only-node=\"\">\ud83d\udca1 <strong data-start=\"1536\" data-end=\"1623\" data-is-last-node=\"\">V\u00e1lassza 10 \u00f3r\u00e1s tan\u00e1csad\u00e1si csomagunkat, \u00e9s n\u00f6velje csapata teljes\u00edtm\u00e9ny\u00e9t m\u00e1r ma!<\/strong><\/p>\n<p>&nbsp;<\/p>\n<p><strong>V\u00e1lassza 10 \u00f3r\u00e1s tan\u00e1csad\u00e1si csomagunkat a nagyobb strat\u00e9giai hat\u00e1s \u00e9rdek\u00e9ben!<\/strong><\/p>\n<p>Szolg\u00e1ltat\u00e1sunk seg\u00edt fejleszteni csapata strat\u00e9giai gondolkod\u00e1s\u00e1t \u00e9s probl\u00e9mamegold\u00f3 k\u00e9pess\u00e9geit. F\u00f3kusz\u00e1lt, projektalap\u00fa tan\u00e1csad\u00e1sunk biztos\u00edtja a sz\u00fcks\u00e9ges t\u00e1mogat\u00e1st, hogy csapata kiv\u00e1l\u00f3an teljes\u00edtsen. Regisztr\u00e1ljon most, \u00e9s alak\u00edtsa \u00e1t csapata \u00fczleti kih\u00edv\u00e1sokhoz val\u00f3 hozz\u00e1\u00e1ll\u00e1s\u00e1t!<\/p>\n<\/div>\n<p data-start=\"1015\" data-end=\"1121\">\ud83d\udcde <strong data-start=\"1018\" data-end=\"1060\">Vegye fel vel\u00fcnk a kapcsolatot m\u00e9g ma!<\/strong> Tegye hat\u00e9konyabb\u00e1 csapat\u00e1t az 1\u00e9s1 tan\u00e1csad\u00e1s seg\u00edts\u00e9g\u00e9vel!<\/p>\n<p data-start=\"1123\" data-end=\"1208\" data-is-last-node=\"\" data-is-only-node=\"\"><strong data-start=\"1123\" data-end=\"1148\">M\u00e9g nem biztos benne?<\/strong> Ismerje meg a tan\u00e1csad\u00f3t, \u00e9s v\u00e1zolja fel projektj\u00e9t INGYEN!<\/p>\n<p><a style=\"color: #ff0000;\" href=\"https:\/\/agadopro-academy.com\/hu\/termek\/ingyenes-konzultacio-a-projektalapu-szakertoi-tanacsadas-elott\/\">Jelentkezz be egy ingyenes bevezet\u0151 konzult\u00e1ci\u00f3ra, \u00e9s tapasztald meg el\u0151sz\u00f6r k\u00e9zb\u0151l, hogy mi teszi a projekt t\u00e1mogat\u00e1st olyan k\u00fcl\u00f6nlegess\u00e9.<\/a><\/p>\n<\/div>\n<\/div>\n<\/div>\n","protected":false},"excerpt":{"rendered":"<p>Bemutatjuk 10 \u00f3r\u00e1s projektalap\u00fa tan\u00e1csad\u00f3i csomagunkat, amely arra lett szabva, hogy szak\u00e9rt\u0151i \u00fatmutat\u00e1st ny\u00fajtson a kritikus megbesz\u00e9l\u00e9sek sor\u00e1n. Ez a szolg\u00e1ltat\u00e1s k\u00e9pess\u00e9 teszi csapat\u00e1t arra, hogy \u00f6n\u00e1ll\u00f3an kezelje az \u00fczleti kih\u00edv\u00e1sokat. Elk\u00f6telezett tan\u00e1csad\u00f3ink pontosan 10 \u00f3r\u00e1n kereszt\u00fcl ny\u00fajtanak m\u00e9lyrehat\u00f3, c\u00e9lzott t\u00e1mogat\u00e1st, biztos\u00edtva, hogy csapata minim\u00e1lis megszak\u00edt\u00e1ssal, hat\u00e9konyan alkalmazhassa az \u00faj strat\u00e9gi\u00e1kat. Ez a f\u00f3kusz\u00e1lt megk\u00f6zel\u00edt\u00e9s optimaliz\u00e1lja a munkafolyamatokat \u00e9s fokozza a siker\u00e9lm\u00e9nyt k\u00f6zvetlen\u00fcl az egyes \u00fcl\u00e9sek ut\u00e1n, \u00edgy ide\u00e1lis a hat\u00e9kony megold\u00e1sokat keres\u0151, elfoglalt szakemberek sz\u00e1m\u00e1ra.<\/p>\n<p><a style=\"color: #ff0000;\" href=\"https:\/\/agadopro-academy.com\/hu\/termek\/ingyenes-konzultacio-a-projektalapu-szakertoi-tanacsadas-elott\/\">Jelentkezz be egy ingyenes bevezet\u0151 konzult\u00e1ci\u00f3ra, \u00e9s tapasztald meg el\u0151sz\u00f6r k\u00e9zb\u0151l, hogy mi teszi a projekt t\u00e1mogat\u00e1st olyan k\u00fcl\u00f6nlegess\u00e9.<\/a><\/p>\n","protected":false},"featured_media":15690,"comment_status":"open","ping_status":"closed","template":"elementor_theme","meta":{"pmpro_default_level":""},"product_brand":[],"product_cat":[2737,1959,2835,2591,2836],"product_tag":[2282,2296,2288,2295,2286,2300,2298,2279,2291,2287,2238,2246,2280,2294,2289,2290,2285,2283,2281,2299,2292],"class_list":{"0":"post-22072","1":"product","2":"type-product","3":"status-publish","4":"has-post-thumbnail","6":"product_cat-consulting-2","7":"product_cat-csomag-ajanlatok","8":"product_cat-helyszin","9":"product_cat-magyar","10":"product_cat-online","11":"product_tag-a-projekt-vegrehajtasa","12":"product_tag-projekt-idovonal-kezelese","13":"product_tag-projekt-kockazatkezeles","14":"product_tag-projekt-koltsegmenedzsment","15":"product_tag-projekt-koordinacio","16":"product_tag-projekt-strategiai-tanacsadas","17":"product_tag-projekt-tanacsadasi-szolgaltatasok","18":"product_tag-projektmenedzsment","19":"product_tag-projektmenedzsment-szolgaltatasok","20":"product_tag-projektmenedzsment-tanacsadas","21":"product_tag-projekttervezes","22":"product_tag-szakmai-tanacsadas","23":"product_tag-tanacsadas","24":"product_tag-tanacsadoi-szolgaltatasok","25":"product_tag-uzleti-elemzes","26":"product_tag-uzleti-folyamatok-fejlesztese","27":"product_tag-uzleti-megoldasok","28":"product_tag-uzleti-strategia","29":"product_tag-uzleti-tanacsadas","30":"product_tag-uzleti-tanacsadasi-megoldasok","31":"product_tag-vezetesi-tanacsadas","32":"pmpro-has-access","34":"first","35":"instock","36":"virtual","37":"taxable","38":"purchasable","39":"product-type-simple"},"yoast_head":"<!-- This site is optimized with the Yoast SEO plugin v25.8 - https:\/\/yoast.com\/wordpress\/plugins\/seo\/ -->\n<title>10 \u00f3r\u00e1s tan\u00e1csad\u00e1s \u2013 Strat\u00e9giai t\u00e1mogat\u00e1s csapatoknak AgadoPro-Academy<\/title>\n<meta name=\"description\" content=\"N\u00f6velje csapata hat\u00e9konys\u00e1g\u00e1t 10 \u00f3r\u00e1s tan\u00e1csad\u00e1si csomagunkkal! C\u00e9lzott t\u00e1mogat\u00e1s, strat\u00e9giai ir\u00e1nymutat\u00e1s \u00e9s hossz\u00fa t\u00e1v\u00fa \u00f6n\u00e1ll\u00f3s\u00e1g.\" \/>\n<meta name=\"robots\" content=\"index, follow, max-snippet:-1, max-image-preview:large, max-video-preview:-1\" \/>\n<link rel=\"canonical\" href=\"https:\/\/agadopro-academy.com\/hu\/termek\/10-oras-tanacsadas-strategiai-tamogatas-csapatoknak\/\" \/>\n<meta property=\"og:locale\" content=\"hu_HU\" \/>\n<meta property=\"og:type\" content=\"article\" \/>\n<meta property=\"og:title\" content=\"10 \u00f3r\u00e1s tan\u00e1csad\u00e1s \u2013 Strat\u00e9giai t\u00e1mogat\u00e1s csapatoknak AgadoPro-Academy\" \/>\n<meta property=\"og:description\" content=\"N\u00f6velje csapata hat\u00e9konys\u00e1g\u00e1t 10 \u00f3r\u00e1s tan\u00e1csad\u00e1si csomagunkkal! C\u00e9lzott t\u00e1mogat\u00e1s, strat\u00e9giai ir\u00e1nymutat\u00e1s \u00e9s hossz\u00fa t\u00e1v\u00fa \u00f6n\u00e1ll\u00f3s\u00e1g.\" \/>\n<meta property=\"og:url\" content=\"https:\/\/agadopro-academy.com\/hu\/termek\/10-oras-tanacsadas-strategiai-tamogatas-csapatoknak\/\" \/>\n<meta property=\"og:site_name\" content=\"AgadoPro-Academy\" \/>\n<meta property=\"article:modified_time\" content=\"2025-04-08T14:38:29+00:00\" \/>\n<meta property=\"og:image\" content=\"https:\/\/agadopro-academy.com\/wp-content\/uploads\/2024\/02\/89.png\" \/>\n\t<meta property=\"og:image:width\" content=\"1920\" \/>\n\t<meta property=\"og:image:height\" content=\"1080\" \/>\n\t<meta property=\"og:image:type\" content=\"image\/png\" \/>\n<script type=\"application\/ld+json\" class=\"yoast-schema-graph\">{\"@context\":\"https:\/\/schema.org\",\"@graph\":[{\"@type\":\"WebPage\",\"@id\":\"https:\/\/agadopro-academy.com\/hu\/termek\/10-oras-tanacsadas-strategiai-tamogatas-csapatoknak\/\",\"url\":\"https:\/\/agadopro-academy.com\/hu\/termek\/10-oras-tanacsadas-strategiai-tamogatas-csapatoknak\/\",\"name\":\"10 \u00f3r\u00e1s tan\u00e1csad\u00e1s \u2013 Strat\u00e9giai t\u00e1mogat\u00e1s csapatoknak AgadoPro-Academy\",\"isPartOf\":{\"@id\":\"https:\/\/agadopro-academy.com\/hu\/#website\"},\"primaryImageOfPage\":{\"@id\":\"https:\/\/agadopro-academy.com\/hu\/termek\/10-oras-tanacsadas-strategiai-tamogatas-csapatoknak\/#primaryimage\"},\"image\":{\"@id\":\"https:\/\/agadopro-academy.com\/hu\/termek\/10-oras-tanacsadas-strategiai-tamogatas-csapatoknak\/#primaryimage\"},\"thumbnailUrl\":\"https:\/\/i0.wp.com\/agadopro-academy.com\/wp-content\/uploads\/2024\/02\/89.png?fit=1920%2C1080&ssl=1\",\"datePublished\":\"2024-08-15T12:17:43+00:00\",\"dateModified\":\"2025-04-08T14:38:29+00:00\",\"description\":\"N\u00f6velje csapata hat\u00e9konys\u00e1g\u00e1t 10 \u00f3r\u00e1s tan\u00e1csad\u00e1si csomagunkkal! C\u00e9lzott t\u00e1mogat\u00e1s, strat\u00e9giai ir\u00e1nymutat\u00e1s \u00e9s hossz\u00fa t\u00e1v\u00fa \u00f6n\u00e1ll\u00f3s\u00e1g.\",\"breadcrumb\":{\"@id\":\"https:\/\/agadopro-academy.com\/hu\/termek\/10-oras-tanacsadas-strategiai-tamogatas-csapatoknak\/#breadcrumb\"},\"inLanguage\":\"hu\",\"potentialAction\":[{\"@type\":\"ReadAction\",\"target\":[\"https:\/\/agadopro-academy.com\/hu\/termek\/10-oras-tanacsadas-strategiai-tamogatas-csapatoknak\/\"]}]},{\"@type\":\"ImageObject\",\"inLanguage\":\"hu\",\"@id\":\"https:\/\/agadopro-academy.com\/hu\/termek\/10-oras-tanacsadas-strategiai-tamogatas-csapatoknak\/#primaryimage\",\"url\":\"https:\/\/i0.wp.com\/agadopro-academy.com\/wp-content\/uploads\/2024\/02\/89.png?fit=1920%2C1080&ssl=1\",\"contentUrl\":\"https:\/\/i0.wp.com\/agadopro-academy.com\/wp-content\/uploads\/2024\/02\/89.png?fit=1920%2C1080&ssl=1\",\"width\":1920,\"height\":1080},{\"@type\":\"BreadcrumbList\",\"@id\":\"https:\/\/agadopro-academy.com\/hu\/termek\/10-oras-tanacsadas-strategiai-tamogatas-csapatoknak\/#breadcrumb\",\"itemListElement\":[{\"@type\":\"ListItem\",\"position\":1,\"name\":\"F\u0151oldal\",\"item\":\"https:\/\/agadopro-academy.com\/hu\/fooldal\/\"},{\"@type\":\"ListItem\",\"position\":2,\"name\":\"Shop\",\"item\":\"https:\/\/agadopro-academy.com\/hu\/shop\/\"},{\"@type\":\"ListItem\",\"position\":3,\"name\":\"10 \u00f3r\u00e1s tan\u00e1csad\u00e1s \u2013 Strat\u00e9giai t\u00e1mogat\u00e1s csapatoknak\"}]},{\"@type\":\"WebSite\",\"@id\":\"https:\/\/agadopro-academy.com\/hu\/#website\",\"url\":\"https:\/\/agadopro-academy.com\/hu\/\",\"name\":\"AgadoPro-Academy\",\"description\":\"Empowering Minds, Unlocking Potential\",\"publisher\":{\"@id\":\"https:\/\/agadopro-academy.com\/hu\/#organization\"},\"potentialAction\":[{\"@type\":\"SearchAction\",\"target\":{\"@type\":\"EntryPoint\",\"urlTemplate\":\"https:\/\/agadopro-academy.com\/hu\/?s={search_term_string}\"},\"query-input\":{\"@type\":\"PropertyValueSpecification\",\"valueRequired\":true,\"valueName\":\"search_term_string\"}}],\"inLanguage\":\"hu\"},{\"@type\":\"Organization\",\"@id\":\"https:\/\/agadopro-academy.com\/hu\/#organization\",\"name\":\"AgadoPro-Akad\u00e9mia\",\"url\":\"https:\/\/agadopro-academy.com\/hu\/\",\"logo\":{\"@type\":\"ImageObject\",\"inLanguage\":\"hu\",\"@id\":\"https:\/\/agadopro-academy.com\/hu\/#\/schema\/logo\/image\/\",\"url\":\"https:\/\/i0.wp.com\/agadopro-academy.com\/wp-content\/uploads\/2024\/11\/image003-e1732794537988.png?fit=500%2C207&ssl=1\",\"contentUrl\":\"https:\/\/i0.wp.com\/agadopro-academy.com\/wp-content\/uploads\/2024\/11\/image003-e1732794537988.png?fit=500%2C207&ssl=1\",\"width\":500,\"height\":207,\"caption\":\"AgadoPro-Akad\u00e9mia\"},\"image\":{\"@id\":\"https:\/\/agadopro-academy.com\/hu\/#\/schema\/logo\/image\/\"},\"sameAs\":[\"https:\/\/www.linkedin.com\/company\/agadopro-academy\/about\/?viewAsMember=true\"]}]}<\/script>\n<!-- \/ Yoast SEO plugin. -->","yoast_head_json":{"title":"10 \u00f3r\u00e1s tan\u00e1csad\u00e1s \u2013 Strat\u00e9giai t\u00e1mogat\u00e1s csapatoknak AgadoPro-Academy","description":"N\u00f6velje csapata hat\u00e9konys\u00e1g\u00e1t 10 \u00f3r\u00e1s tan\u00e1csad\u00e1si csomagunkkal! C\u00e9lzott t\u00e1mogat\u00e1s, strat\u00e9giai ir\u00e1nymutat\u00e1s \u00e9s hossz\u00fa t\u00e1v\u00fa \u00f6n\u00e1ll\u00f3s\u00e1g.","robots":{"index":"index","follow":"follow","max-snippet":"max-snippet:-1","max-image-preview":"max-image-preview:large","max-video-preview":"max-video-preview:-1"},"canonical":"https:\/\/agadopro-academy.com\/hu\/termek\/10-oras-tanacsadas-strategiai-tamogatas-csapatoknak\/","og_locale":"hu_HU","og_type":"article","og_title":"10 \u00f3r\u00e1s tan\u00e1csad\u00e1s \u2013 Strat\u00e9giai t\u00e1mogat\u00e1s csapatoknak AgadoPro-Academy","og_description":"N\u00f6velje csapata hat\u00e9konys\u00e1g\u00e1t 10 \u00f3r\u00e1s tan\u00e1csad\u00e1si csomagunkkal! C\u00e9lzott t\u00e1mogat\u00e1s, strat\u00e9giai ir\u00e1nymutat\u00e1s \u00e9s hossz\u00fa t\u00e1v\u00fa \u00f6n\u00e1ll\u00f3s\u00e1g.","og_url":"https:\/\/agadopro-academy.com\/hu\/termek\/10-oras-tanacsadas-strategiai-tamogatas-csapatoknak\/","og_site_name":"AgadoPro-Academy","article_modified_time":"2025-04-08T14:38:29+00:00","og_image":[{"width":1920,"height":1080,"url":"https:\/\/agadopro-academy.com\/wp-content\/uploads\/2024\/02\/89.png","type":"image\/png"}],"schema":{"@context":"https:\/\/schema.org","@graph":[{"@type":"WebPage","@id":"https:\/\/agadopro-academy.com\/hu\/termek\/10-oras-tanacsadas-strategiai-tamogatas-csapatoknak\/","url":"https:\/\/agadopro-academy.com\/hu\/termek\/10-oras-tanacsadas-strategiai-tamogatas-csapatoknak\/","name":"10 \u00f3r\u00e1s tan\u00e1csad\u00e1s \u2013 Strat\u00e9giai t\u00e1mogat\u00e1s csapatoknak AgadoPro-Academy","isPartOf":{"@id":"https:\/\/agadopro-academy.com\/hu\/#website"},"primaryImageOfPage":{"@id":"https:\/\/agadopro-academy.com\/hu\/termek\/10-oras-tanacsadas-strategiai-tamogatas-csapatoknak\/#primaryimage"},"image":{"@id":"https:\/\/agadopro-academy.com\/hu\/termek\/10-oras-tanacsadas-strategiai-tamogatas-csapatoknak\/#primaryimage"},"thumbnailUrl":"https:\/\/i0.wp.com\/agadopro-academy.com\/wp-content\/uploads\/2024\/02\/89.png?fit=1920%2C1080&ssl=1","datePublished":"2024-08-15T12:17:43+00:00","dateModified":"2025-04-08T14:38:29+00:00","description":"N\u00f6velje csapata hat\u00e9konys\u00e1g\u00e1t 10 \u00f3r\u00e1s tan\u00e1csad\u00e1si csomagunkkal! C\u00e9lzott t\u00e1mogat\u00e1s, strat\u00e9giai ir\u00e1nymutat\u00e1s \u00e9s hossz\u00fa t\u00e1v\u00fa \u00f6n\u00e1ll\u00f3s\u00e1g.","breadcrumb":{"@id":"https:\/\/agadopro-academy.com\/hu\/termek\/10-oras-tanacsadas-strategiai-tamogatas-csapatoknak\/#breadcrumb"},"inLanguage":"hu","potentialAction":[{"@type":"ReadAction","target":["https:\/\/agadopro-academy.com\/hu\/termek\/10-oras-tanacsadas-strategiai-tamogatas-csapatoknak\/"]}]},{"@type":"ImageObject","inLanguage":"hu","@id":"https:\/\/agadopro-academy.com\/hu\/termek\/10-oras-tanacsadas-strategiai-tamogatas-csapatoknak\/#primaryimage","url":"https:\/\/i0.wp.com\/agadopro-academy.com\/wp-content\/uploads\/2024\/02\/89.png?fit=1920%2C1080&ssl=1","contentUrl":"https:\/\/i0.wp.com\/agadopro-academy.com\/wp-content\/uploads\/2024\/02\/89.png?fit=1920%2C1080&ssl=1","width":1920,"height":1080},{"@type":"BreadcrumbList","@id":"https:\/\/agadopro-academy.com\/hu\/termek\/10-oras-tanacsadas-strategiai-tamogatas-csapatoknak\/#breadcrumb","itemListElement":[{"@type":"ListItem","position":1,"name":"F\u0151oldal","item":"https:\/\/agadopro-academy.com\/hu\/fooldal\/"},{"@type":"ListItem","position":2,"name":"Shop","item":"https:\/\/agadopro-academy.com\/hu\/shop\/"},{"@type":"ListItem","position":3,"name":"10 \u00f3r\u00e1s tan\u00e1csad\u00e1s \u2013 Strat\u00e9giai t\u00e1mogat\u00e1s csapatoknak"}]},{"@type":"WebSite","@id":"https:\/\/agadopro-academy.com\/hu\/#website","url":"https:\/\/agadopro-academy.com\/hu\/","name":"AgadoPro-Academy","description":"Empowering Minds, Unlocking Potential","publisher":{"@id":"https:\/\/agadopro-academy.com\/hu\/#organization"},"potentialAction":[{"@type":"SearchAction","target":{"@type":"EntryPoint","urlTemplate":"https:\/\/agadopro-academy.com\/hu\/?s={search_term_string}"},"query-input":{"@type":"PropertyValueSpecification","valueRequired":true,"valueName":"search_term_string"}}],"inLanguage":"hu"},{"@type":"Organization","@id":"https:\/\/agadopro-academy.com\/hu\/#organization","name":"AgadoPro-Akad\u00e9mia","url":"https:\/\/agadopro-academy.com\/hu\/","logo":{"@type":"ImageObject","inLanguage":"hu","@id":"https:\/\/agadopro-academy.com\/hu\/#\/schema\/logo\/image\/","url":"https:\/\/i0.wp.com\/agadopro-academy.com\/wp-content\/uploads\/2024\/11\/image003-e1732794537988.png?fit=500%2C207&ssl=1","contentUrl":"https:\/\/i0.wp.com\/agadopro-academy.com\/wp-content\/uploads\/2024\/11\/image003-e1732794537988.png?fit=500%2C207&ssl=1","width":500,"height":207,"caption":"AgadoPro-Akad\u00e9mia"},"image":{"@id":"https:\/\/agadopro-academy.com\/hu\/#\/schema\/logo\/image\/"},"sameAs":["https:\/\/www.linkedin.com\/company\/agadopro-academy\/about\/?viewAsMember=true"]}]}},"jetpack_sharing_enabled":true,"jetpack-related-posts":[],"_links":{"self":[{"href":"https:\/\/agadopro-academy.com\/hu\/wp-json\/wp\/v2\/product\/22072","targetHints":{"allow":["GET"]}}],"collection":[{"href":"https:\/\/agadopro-academy.com\/hu\/wp-json\/wp\/v2\/product"}],"about":[{"href":"https:\/\/agadopro-academy.com\/hu\/wp-json\/wp\/v2\/types\/product"}],"replies":[{"embeddable":true,"href":"https:\/\/agadopro-academy.com\/hu\/wp-json\/wp\/v2\/comments?post=22072"}],"version-history":[{"count":17,"href":"https:\/\/agadopro-academy.com\/hu\/wp-json\/wp\/v2\/product\/22072\/revisions"}],"predecessor-version":[{"id":32351,"href":"https:\/\/agadopro-academy.com\/hu\/wp-json\/wp\/v2\/product\/22072\/revisions\/32351"}],"wp:featuredmedia":[{"embeddable":true,"href":"https:\/\/agadopro-academy.com\/hu\/wp-json\/wp\/v2\/media\/15690"}],"wp:attachment":[{"href":"https:\/\/agadopro-academy.com\/hu\/wp-json\/wp\/v2\/media?parent=22072"}],"wp:term":[{"taxonomy":"product_brand","embeddable":true,"href":"https:\/\/agadopro-academy.com\/hu\/wp-json\/wp\/v2\/product_brand?post=22072"},{"taxonomy":"product_cat","embeddable":true,"href":"https:\/\/agadopro-academy.com\/hu\/wp-json\/wp\/v2\/product_cat?post=22072"},{"taxonomy":"product_tag","embeddable":true,"href":"https:\/\/agadopro-academy.com\/hu\/wp-json\/wp\/v2\/product_tag?post=22072"}],"curies":[{"name":"wp","href":"https:\/\/api.w.org\/{rel}","templated":true}]}}