{"id":22070,"date":"2024-08-09T15:56:57","date_gmt":"2024-08-09T13:56:57","guid":{"rendered":"https:\/\/agadopro-academy.com\/?post_type=product&#038;p=22070"},"modified":"2024-10-09T21:49:35","modified_gmt":"2024-10-09T19:49:35","slug":"starter-agadopro-academy-havi-elofizetes-2","status":"publish","type":"product","link":"https:\/\/agadopro-academy.com\/hu\/termek\/starter-agadopro-academy-havi-elofizetes-2\/","title":{"rendered":"Starter &#8211; AgadoPro Academy havi el\u0151fizet\u00e9s"},"content":{"rendered":"<ul>\n<li>2 k\u00e9rdezz-felelek alkalom\/h\u00f3nap<\/li>\n<li>Hozz\u00e1f\u00e9r\u00e9s az AgadoPro Academy shophoz<\/li>\n<li>Hozz\u00e1f\u00e9r\u00e9s blogunkhoz \u00e9s podcastjainkhoz<\/li>\n<li>Hozz\u00e1f\u00e9r\u00e9s let\u00f6lthet\u0151 ingyenes e-k\u00f6nyveinkhez<\/li>\n<\/ul>\n","protected":false},"excerpt":{"rendered":"<p>2 k\u00e9rdezz-felelek alkalom\/h\u00f3nap Hozz\u00e1f\u00e9r\u00e9s az AgadoPro Academy shophoz Hozz\u00e1f\u00e9r\u00e9s blogunkhoz \u00e9s podcastjainkhoz Hozz\u00e1f\u00e9r\u00e9s let\u00f6lthet\u0151 ingyenes e-k\u00f6nyveinkhez<\/p>\n","protected":false},"featured_media":15648,"comment_status":"open","ping_status":"closed","template":"","meta":{"pmpro_default_level":""},"product_brand":[],"product_cat":[2309,2835,2591,2836],"product_tag":[],"class_list":{"0":"post-22070","1":"product","2":"type-product","3":"status-publish","4":"has-post-thumbnail","6":"product_cat-elofizetes","7":"product_cat-helyszin","8":"product_cat-magyar","9":"product_cat-online","10":"pmpro-has-access","12":"first","13":"instock","14":"featured","15":"virtual","16":"taxable","17":"purchasable","18":"product-type-subscription"},"yoast_head":"<!-- This site is optimized with the Yoast SEO plugin v25.8 - https:\/\/yoast.com\/wordpress\/plugins\/seo\/ -->\n<title>Starter - AgadoPro Academy havi el\u0151fizet\u00e9s - AgadoPro-Academy<\/title>\n<meta name=\"robots\" content=\"index, follow, max-snippet:-1, max-image-preview:large, max-video-preview:-1\" \/>\n<link rel=\"canonical\" href=\"https:\/\/agadopro-academy.com\/hu\/termek\/starter-agadopro-academy-havi-elofizetes-2\/\" \/>\n<meta property=\"og:locale\" content=\"hu_HU\" \/>\n<meta property=\"og:type\" content=\"article\" \/>\n<meta property=\"og:title\" content=\"Starter - AgadoPro Academy havi el\u0151fizet\u00e9s - AgadoPro-Academy\" \/>\n<meta property=\"og:description\" content=\"2 k\u00e9rdezz-felelek alkalom\/h\u00f3nap Hozz\u00e1f\u00e9r\u00e9s az AgadoPro Academy shophoz Hozz\u00e1f\u00e9r\u00e9s blogunkhoz \u00e9s podcastjainkhoz Hozz\u00e1f\u00e9r\u00e9s let\u00f6lthet\u0151 ingyenes e-k\u00f6nyveinkhez\" \/>\n<meta property=\"og:url\" content=\"https:\/\/agadopro-academy.com\/hu\/termek\/starter-agadopro-academy-havi-elofizetes-2\/\" \/>\n<meta property=\"og:site_name\" content=\"AgadoPro-Academy\" \/>\n<meta property=\"article:modified_time\" content=\"2024-10-09T19:49:35+00:00\" \/>\n<meta property=\"og:image\" content=\"https:\/\/agadopro-academy.com\/wp-content\/uploads\/2024\/01\/69.png\" \/>\n\t<meta property=\"og:image:width\" content=\"1920\" \/>\n\t<meta property=\"og:image:height\" content=\"1080\" \/>\n\t<meta property=\"og:image:type\" content=\"image\/png\" \/>\n<script type=\"application\/ld+json\" class=\"yoast-schema-graph\">{\"@context\":\"https:\/\/schema.org\",\"@graph\":[{\"@type\":\"WebPage\",\"@id\":\"https:\/\/agadopro-academy.com\/hu\/termek\/starter-agadopro-academy-havi-elofizetes-2\/\",\"url\":\"https:\/\/agadopro-academy.com\/hu\/termek\/starter-agadopro-academy-havi-elofizetes-2\/\",\"name\":\"Starter - AgadoPro Academy havi el\u0151fizet\u00e9s - AgadoPro-Academy\",\"isPartOf\":{\"@id\":\"https:\/\/agadopro-academy.com\/hu\/#website\"},\"primaryImageOfPage\":{\"@id\":\"https:\/\/agadopro-academy.com\/hu\/termek\/starter-agadopro-academy-havi-elofizetes-2\/#primaryimage\"},\"image\":{\"@id\":\"https:\/\/agadopro-academy.com\/hu\/termek\/starter-agadopro-academy-havi-elofizetes-2\/#primaryimage\"},\"thumbnailUrl\":\"https:\/\/i0.wp.com\/agadopro-academy.com\/wp-content\/uploads\/2024\/01\/69.png?fit=1920%2C1080&ssl=1\",\"datePublished\":\"2024-08-09T13:56:57+00:00\",\"dateModified\":\"2024-10-09T19:49:35+00:00\",\"breadcrumb\":{\"@id\":\"https:\/\/agadopro-academy.com\/hu\/termek\/starter-agadopro-academy-havi-elofizetes-2\/#breadcrumb\"},\"inLanguage\":\"hu\",\"potentialAction\":[{\"@type\":\"ReadAction\",\"target\":[\"https:\/\/agadopro-academy.com\/hu\/termek\/starter-agadopro-academy-havi-elofizetes-2\/\"]}]},{\"@type\":\"ImageObject\",\"inLanguage\":\"hu\",\"@id\":\"https:\/\/agadopro-academy.com\/hu\/termek\/starter-agadopro-academy-havi-elofizetes-2\/#primaryimage\",\"url\":\"https:\/\/i0.wp.com\/agadopro-academy.com\/wp-content\/uploads\/2024\/01\/69.png?fit=1920%2C1080&ssl=1\",\"contentUrl\":\"https:\/\/i0.wp.com\/agadopro-academy.com\/wp-content\/uploads\/2024\/01\/69.png?fit=1920%2C1080&ssl=1\",\"width\":1920,\"height\":1080},{\"@type\":\"BreadcrumbList\",\"@id\":\"https:\/\/agadopro-academy.com\/hu\/termek\/starter-agadopro-academy-havi-elofizetes-2\/#breadcrumb\",\"itemListElement\":[{\"@type\":\"ListItem\",\"position\":1,\"name\":\"F\u0151oldal\",\"item\":\"https:\/\/agadopro-academy.com\/hu\/fooldal\/\"},{\"@type\":\"ListItem\",\"position\":2,\"name\":\"Shop\",\"item\":\"https:\/\/agadopro-academy.com\/hu\/shop\/\"},{\"@type\":\"ListItem\",\"position\":3,\"name\":\"Starter &#8211; AgadoPro Academy havi el\u0151fizet\u00e9s\"}]},{\"@type\":\"WebSite\",\"@id\":\"https:\/\/agadopro-academy.com\/hu\/#website\",\"url\":\"https:\/\/agadopro-academy.com\/hu\/\",\"name\":\"AgadoPro-Academy\",\"description\":\"Empowering Minds, Unlocking Potential\",\"publisher\":{\"@id\":\"https:\/\/agadopro-academy.com\/hu\/#organization\"},\"potentialAction\":[{\"@type\":\"SearchAction\",\"target\":{\"@type\":\"EntryPoint\",\"urlTemplate\":\"https:\/\/agadopro-academy.com\/hu\/?s={search_term_string}\"},\"query-input\":{\"@type\":\"PropertyValueSpecification\",\"valueRequired\":true,\"valueName\":\"search_term_string\"}}],\"inLanguage\":\"hu\"},{\"@type\":\"Organization\",\"@id\":\"https:\/\/agadopro-academy.com\/hu\/#organization\",\"name\":\"AgadoPro-Akad\u00e9mia\",\"url\":\"https:\/\/agadopro-academy.com\/hu\/\",\"logo\":{\"@type\":\"ImageObject\",\"inLanguage\":\"hu\",\"@id\":\"https:\/\/agadopro-academy.com\/hu\/#\/schema\/logo\/image\/\",\"url\":\"https:\/\/i0.wp.com\/agadopro-academy.com\/wp-content\/uploads\/2024\/11\/image003-e1732794537988.png?fit=500%2C207&ssl=1\",\"contentUrl\":\"https:\/\/i0.wp.com\/agadopro-academy.com\/wp-content\/uploads\/2024\/11\/image003-e1732794537988.png?fit=500%2C207&ssl=1\",\"width\":500,\"height\":207,\"caption\":\"AgadoPro-Akad\u00e9mia\"},\"image\":{\"@id\":\"https:\/\/agadopro-academy.com\/hu\/#\/schema\/logo\/image\/\"},\"sameAs\":[\"https:\/\/www.linkedin.com\/company\/agadopro-academy\/about\/?viewAsMember=true\"]}]}<\/script>\n<!-- \/ Yoast SEO plugin. -->","yoast_head_json":{"title":"Starter - AgadoPro Academy havi el\u0151fizet\u00e9s - AgadoPro-Academy","robots":{"index":"index","follow":"follow","max-snippet":"max-snippet:-1","max-image-preview":"max-image-preview:large","max-video-preview":"max-video-preview:-1"},"canonical":"https:\/\/agadopro-academy.com\/hu\/termek\/starter-agadopro-academy-havi-elofizetes-2\/","og_locale":"hu_HU","og_type":"article","og_title":"Starter - AgadoPro Academy havi el\u0151fizet\u00e9s - AgadoPro-Academy","og_description":"2 k\u00e9rdezz-felelek alkalom\/h\u00f3nap Hozz\u00e1f\u00e9r\u00e9s az AgadoPro Academy shophoz Hozz\u00e1f\u00e9r\u00e9s blogunkhoz \u00e9s podcastjainkhoz Hozz\u00e1f\u00e9r\u00e9s let\u00f6lthet\u0151 ingyenes e-k\u00f6nyveinkhez","og_url":"https:\/\/agadopro-academy.com\/hu\/termek\/starter-agadopro-academy-havi-elofizetes-2\/","og_site_name":"AgadoPro-Academy","article_modified_time":"2024-10-09T19:49:35+00:00","og_image":[{"width":1920,"height":1080,"url":"https:\/\/agadopro-academy.com\/wp-content\/uploads\/2024\/01\/69.png","type":"image\/png"}],"schema":{"@context":"https:\/\/schema.org","@graph":[{"@type":"WebPage","@id":"https:\/\/agadopro-academy.com\/hu\/termek\/starter-agadopro-academy-havi-elofizetes-2\/","url":"https:\/\/agadopro-academy.com\/hu\/termek\/starter-agadopro-academy-havi-elofizetes-2\/","name":"Starter - AgadoPro Academy havi el\u0151fizet\u00e9s - AgadoPro-Academy","isPartOf":{"@id":"https:\/\/agadopro-academy.com\/hu\/#website"},"primaryImageOfPage":{"@id":"https:\/\/agadopro-academy.com\/hu\/termek\/starter-agadopro-academy-havi-elofizetes-2\/#primaryimage"},"image":{"@id":"https:\/\/agadopro-academy.com\/hu\/termek\/starter-agadopro-academy-havi-elofizetes-2\/#primaryimage"},"thumbnailUrl":"https:\/\/i0.wp.com\/agadopro-academy.com\/wp-content\/uploads\/2024\/01\/69.png?fit=1920%2C1080&ssl=1","datePublished":"2024-08-09T13:56:57+00:00","dateModified":"2024-10-09T19:49:35+00:00","breadcrumb":{"@id":"https:\/\/agadopro-academy.com\/hu\/termek\/starter-agadopro-academy-havi-elofizetes-2\/#breadcrumb"},"inLanguage":"hu","potentialAction":[{"@type":"ReadAction","target":["https:\/\/agadopro-academy.com\/hu\/termek\/starter-agadopro-academy-havi-elofizetes-2\/"]}]},{"@type":"ImageObject","inLanguage":"hu","@id":"https:\/\/agadopro-academy.com\/hu\/termek\/starter-agadopro-academy-havi-elofizetes-2\/#primaryimage","url":"https:\/\/i0.wp.com\/agadopro-academy.com\/wp-content\/uploads\/2024\/01\/69.png?fit=1920%2C1080&ssl=1","contentUrl":"https:\/\/i0.wp.com\/agadopro-academy.com\/wp-content\/uploads\/2024\/01\/69.png?fit=1920%2C1080&ssl=1","width":1920,"height":1080},{"@type":"BreadcrumbList","@id":"https:\/\/agadopro-academy.com\/hu\/termek\/starter-agadopro-academy-havi-elofizetes-2\/#breadcrumb","itemListElement":[{"@type":"ListItem","position":1,"name":"F\u0151oldal","item":"https:\/\/agadopro-academy.com\/hu\/fooldal\/"},{"@type":"ListItem","position":2,"name":"Shop","item":"https:\/\/agadopro-academy.com\/hu\/shop\/"},{"@type":"ListItem","position":3,"name":"Starter &#8211; AgadoPro Academy havi el\u0151fizet\u00e9s"}]},{"@type":"WebSite","@id":"https:\/\/agadopro-academy.com\/hu\/#website","url":"https:\/\/agadopro-academy.com\/hu\/","name":"AgadoPro-Academy","description":"Empowering Minds, Unlocking Potential","publisher":{"@id":"https:\/\/agadopro-academy.com\/hu\/#organization"},"potentialAction":[{"@type":"SearchAction","target":{"@type":"EntryPoint","urlTemplate":"https:\/\/agadopro-academy.com\/hu\/?s={search_term_string}"},"query-input":{"@type":"PropertyValueSpecification","valueRequired":true,"valueName":"search_term_string"}}],"inLanguage":"hu"},{"@type":"Organization","@id":"https:\/\/agadopro-academy.com\/hu\/#organization","name":"AgadoPro-Akad\u00e9mia","url":"https:\/\/agadopro-academy.com\/hu\/","logo":{"@type":"ImageObject","inLanguage":"hu","@id":"https:\/\/agadopro-academy.com\/hu\/#\/schema\/logo\/image\/","url":"https:\/\/i0.wp.com\/agadopro-academy.com\/wp-content\/uploads\/2024\/11\/image003-e1732794537988.png?fit=500%2C207&ssl=1","contentUrl":"https:\/\/i0.wp.com\/agadopro-academy.com\/wp-content\/uploads\/2024\/11\/image003-e1732794537988.png?fit=500%2C207&ssl=1","width":500,"height":207,"caption":"AgadoPro-Akad\u00e9mia"},"image":{"@id":"https:\/\/agadopro-academy.com\/hu\/#\/schema\/logo\/image\/"},"sameAs":["https:\/\/www.linkedin.com\/company\/agadopro-academy\/about\/?viewAsMember=true"]}]}},"jetpack_sharing_enabled":true,"jetpack-related-posts":[],"_links":{"self":[{"href":"https:\/\/agadopro-academy.com\/hu\/wp-json\/wp\/v2\/product\/22070","targetHints":{"allow":["GET"]}}],"collection":[{"href":"https:\/\/agadopro-academy.com\/hu\/wp-json\/wp\/v2\/product"}],"about":[{"href":"https:\/\/agadopro-academy.com\/hu\/wp-json\/wp\/v2\/types\/product"}],"replies":[{"embeddable":true,"href":"https:\/\/agadopro-academy.com\/hu\/wp-json\/wp\/v2\/comments?post=22070"}],"version-history":[{"count":2,"href":"https:\/\/agadopro-academy.com\/hu\/wp-json\/wp\/v2\/product\/22070\/revisions"}],"predecessor-version":[{"id":22235,"href":"https:\/\/agadopro-academy.com\/hu\/wp-json\/wp\/v2\/product\/22070\/revisions\/22235"}],"wp:featuredmedia":[{"embeddable":true,"href":"https:\/\/agadopro-academy.com\/hu\/wp-json\/wp\/v2\/media\/15648"}],"wp:attachment":[{"href":"https:\/\/agadopro-academy.com\/hu\/wp-json\/wp\/v2\/media?parent=22070"}],"wp:term":[{"taxonomy":"product_brand","embeddable":true,"href":"https:\/\/agadopro-academy.com\/hu\/wp-json\/wp\/v2\/product_brand?post=22070"},{"taxonomy":"product_cat","embeddable":true,"href":"https:\/\/agadopro-academy.com\/hu\/wp-json\/wp\/v2\/product_cat?post=22070"},{"taxonomy":"product_tag","embeddable":true,"href":"https:\/\/agadopro-academy.com\/hu\/wp-json\/wp\/v2\/product_tag?post=22070"}],"curies":[{"name":"wp","href":"https:\/\/api.w.org\/{rel}","templated":true}]}}