{"id":22068,"date":"2024-08-09T15:56:46","date_gmt":"2024-08-09T13:56:46","guid":{"rendered":"https:\/\/agadopro-academy.com\/?post_type=product&#038;p=22068"},"modified":"2025-03-02T15:27:40","modified_gmt":"2025-03-02T14:27:40","slug":"ezust-agadopro-academy-havi-elofizetes","status":"publish","type":"product","link":"https:\/\/agadopro-academy.com\/hu\/termek\/ezust-agadopro-academy-havi-elofizetes\/","title":{"rendered":"Ez\u00fcst Program: Coaching \u00e9s tan\u00e1csad\u00e1s profiknak!"},"content":{"rendered":"<h1 data-start=\"0\" data-end=\"62\"><strong data-start=\"0\" data-end=\"62\">AgadoPro-Academy Ez\u00fcst Program \u2013 A Szakmai Siker Kulcsa<\/strong><\/h1>\n<p data-start=\"64\" data-end=\"297\">Az AgadoPro-Academy Ez\u00fcst Programja egyed\u00fcl\u00e1ll\u00f3an \u00f6tv\u00f6zi a coachingot \u00e9s a projektalap\u00fa tan\u00e1csad\u00e1st, hogy \u00fcgyfeleink a lehet\u0151 legjobb eredm\u00e9nyeket \u00e9rj\u00e9k el. Ezt a programot azoknak a szakembereknek \u00e9s v\u00e1llalatoknak aj\u00e1nljuk, akik:<\/p>\n<ul data-start=\"299\" data-end=\"666\">\n<li data-start=\"299\" data-end=\"424\">\n<p data-start=\"301\" data-end=\"424\"><strong data-start=\"301\" data-end=\"332\">Szem\u00e9lyre szabott fejl\u0151d\u00e9st<\/strong> keresnek: <span class=\"relative -mx-px my-[-0.2rem] rounded px-px py-[0.2rem]\">Egy\u00e9ni ig\u00e9nyekhez igaz\u00edtott coaching szolg\u00e1ltat\u00e1saink seg\u00edtenek a szem\u00e9lyes \u00e9s szakmai c\u00e9lok el\u00e9r\u00e9s\u00e9ben.<\/span>\u200b<\/p>\n<\/li>\n<li data-start=\"426\" data-end=\"549\">\n<p data-start=\"428\" data-end=\"549\"><strong data-start=\"428\" data-end=\"455\">Gyakorlati megold\u00e1sokat<\/strong> ig\u00e9nyelnek: <span class=\"relative -mx-px my-[-0.2rem] rounded px-px py-[0.2rem]\">Projektalap\u00fa tan\u00e1csad\u00e1sunk r\u00e9v\u00e9n konkr\u00e9t \u00fczleti kih\u00edv\u00e1sokra k\u00edn\u00e1lunk hat\u00e9kony \u00e9s m\u00e9rhet\u0151 eredm\u00e9nyeket hoz\u00f3 megold\u00e1sokat.<\/span>\u200b<\/p>\n<\/li>\n<li data-start=\"551\" data-end=\"666\">\n<p data-start=\"553\" data-end=\"666\"><strong data-start=\"553\" data-end=\"571\">Versenyel\u0151nyre<\/strong> t\u00f6rekszenek: <span class=\"relative -mx-px my-[-0.2rem] rounded px-px py-[0.2rem]\">A program integr\u00e1lt megk\u00f6zel\u00edt\u00e9se lehet\u0151v\u00e9 teszi \u00fcgyfeleink sz\u00e1m\u00e1ra, hogy gyorsan alkalmazkodjanak a v\u00e1ltoz\u00f3 piaci k\u00f6r\u00fclm\u00e9nyekhez \u00e9s megel\u0151zz\u00e9k versenyt\u00e1rsaikat.<\/span>\u200b<\/p>\n<\/li>\n<\/ul>\n<h2 data-start=\"668\" data-end=\"726\"><strong data-start=\"668\" data-end=\"726\">Mi\u00e9rt v\u00e1laszd az AgadoPro-Academy Ez\u00fcst Programj\u00e1t?<\/strong><\/h2>\n<ul data-start=\"728\" data-end=\"1085\">\n<li data-start=\"728\" data-end=\"834\">\n<p data-start=\"730\" data-end=\"834\"><strong data-start=\"730\" data-end=\"752\">Komplex t\u00e1mogat\u00e1s:<\/strong> <span class=\"relative -mx-px my-[-0.2rem] rounded px-px py-[0.2rem]\">A coaching \u00e9s a tan\u00e1csad\u00e1s kombin\u00e1ci\u00f3ja \u00e1tfog\u00f3 t\u00e1mogat\u00e1st ny\u00fajt a szem\u00e9lyes \u00e9s szervezeti fejl\u0151d\u00e9shez.<\/span>\u200b<\/p>\n<\/li>\n<li data-start=\"836\" data-end=\"955\">\n<p data-start=\"838\" data-end=\"955\"><strong data-start=\"838\" data-end=\"873\">Eredm\u00e9nyorient\u00e1lt megk\u00f6zel\u00edt\u00e9s:<\/strong> <span class=\"relative -mx-px my-[-0.2rem] rounded px-px py-[0.2rem]\">F\u00f3kuszban a k\u00e9zzelfoghat\u00f3 eredm\u00e9nyek \u00e9s a hossz\u00fa t\u00e1v\u00fa siker biztos\u00edt\u00e1sa.<\/span>\u200b<\/p>\n<\/li>\n<li data-start=\"957\" data-end=\"1085\">\n<p data-start=\"959\" data-end=\"1085\"><strong data-start=\"959\" data-end=\"999\">Rugalmass\u00e1g \u00e9s alkalmazkod\u00f3k\u00e9pess\u00e9g:<\/strong> <span class=\"relative -mx-px my-[-0.2rem] rounded px-px py-[0.2rem]\">Programunk az egyedi ig\u00e9nyekhez \u00e9s c\u00e9lokhoz igazodik, biztos\u00edtva a relevanci\u00e1t \u00e9s a hat\u00e9konys\u00e1got.<\/span>\u200b<\/p>\n<\/li>\n<\/ul>\n<h2 data-start=\"1087\" data-end=\"1233\">Fedezd fel, hogyan seg\u00edthet az AgadoPro-Academy Ez\u00fcst Programja a szakmai \u00e9s \u00fczleti c\u00e9ljaid el\u00e9r\u00e9s\u00e9ben, \u00e9s emeld \u00faj szintre a teljes\u00edtm\u00e9nyedet!<\/h2>\n<p><strong>Program Tartalmazza:<\/strong><\/p>\n<ul style=\"font-weight: 400;\">\n<li>2 x Q&amp;A \u00fcl\u00e9s\/h\u00f3nap &#8211; amely b\u00e1rmilyen Q&amp;A-n\u00e1l felhaszn\u00e1lhat\u00f3.<\/li>\n<li>2 x Projektt\u00e1mogat\u00e1si \u00fcl\u00e9s\/h\u00f3nap<\/li>\n<li>1 x Coaching \u00fcl\u00e9s\/h\u00f3nap<\/li>\n<li>Hozz\u00e1f\u00e9r\u00e9s az AgadoPro Academy shophoz<\/li>\n<li>Hozz\u00e1f\u00e9r\u00e9s blogunkhoz \u00e9s podcastjainkhoz<\/li>\n<li>Hozz\u00e1f\u00e9r\u00e9s a Youtube csatorn\u00e1nkhoz<\/li>\n<li data-leveltext=\"\uf0b7\" data-font=\"Symbol\" data-listid=\"4\" data-list-defn-props=\"{\" data-aria-posinset=\"1\" data-aria-level=\"1\"><strong>10% kedvezm\u00e9ny minden tanfolyamra<\/strong><\/li>\n<\/ul>\n","protected":false},"excerpt":{"rendered":"<p>Az <strong>AgadoPro-Academy Ez\u00fcst Programja<\/strong> egyed\u00fcl\u00e1ll\u00f3an \u00f6tv\u00f6zi a coachingot \u00e9s a projektalap\u00fa tan\u00e1csad\u00e1st, hogy \u00fcgyfeleink a lehet\u0151 legjobb eredm\u00e9nyeket \u00e9rj\u00e9k el.<\/p>\n<p><strong>Program Tartalmazza:<\/strong><\/p>\n<ul style=\"font-weight: 400;\">\n<li><strong>2 x Q&amp;A \u00fcl\u00e9s\/h\u00f3nap<\/strong> &#8211; amely b\u00e1rmilyen Q&amp;A-n\u00e1l felhaszn\u00e1lhat\u00f3.<\/li>\n<li><strong>2 x Projektt\u00e1mogat\u00e1s<\/strong>i \u00fcl\u00e9s\/h\u00f3nap<\/li>\n<li><strong>1 x Coaching<\/strong> \u00fcl\u00e9s\/h\u00f3nap<\/li>\n<li>Hozz\u00e1f\u00e9r\u00e9s az AgadoPro Academy shophoz<\/li>\n<li>Hozz\u00e1f\u00e9r\u00e9s blogunkhoz \u00e9s podcastjainkhoz<\/li>\n<li>Hozz\u00e1f\u00e9r\u00e9s a Youtube csatorn\u00e1nkhoz<\/li>\n<li data-leveltext=\"\uf0b7\" data-font=\"Symbol\" data-listid=\"4\" data-list-defn-props=\"{\" data-aria-posinset=\"1\" data-aria-level=\"1\"><strong>10% kedvezm\u00e9ny minden tanfolyamra<\/strong><\/li>\n<\/ul>\n","protected":false},"featured_media":15624,"comment_status":"open","ping_status":"closed","template":"","meta":{"pmpro_default_level":""},"product_brand":[],"product_cat":[2309,2835,2591,2836],"product_tag":[2249,2248,2478,2044,2463,2061,2246,2294,2290,2285,2283,2281,2299,2292,2247],"class_list":{"0":"post-22068","1":"product","2":"type-product","3":"status-publish","4":"has-post-thumbnail","6":"product_cat-elofizetes","7":"product_cat-helyszin","8":"product_cat-magyar","9":"product_cat-online","10":"product_tag-1to1-coaching-hu","11":"product_tag-coaching-hu","12":"product_tag-folyamatiranyitas","13":"product_tag-kommunikacios-keszsegek","14":"product_tag-mukodesi-hatekonysag","15":"product_tag-szakmai-fejlodes","16":"product_tag-szakmai-tanacsadas","17":"product_tag-tanacsadoi-szolgaltatasok","18":"product_tag-uzleti-folyamatok-fejlesztese","19":"product_tag-uzleti-megoldasok","20":"product_tag-uzleti-strategia","21":"product_tag-uzleti-tanacsadas","22":"product_tag-uzleti-tanacsadasi-megoldasok","23":"product_tag-vezetesi-tanacsadas","24":"product_tag-vezetoi-coaching","25":"pmpro-has-access","27":"first","28":"instock","29":"featured","30":"virtual","31":"taxable","32":"purchasable","33":"product-type-subscription"},"yoast_head":"<!-- This site is optimized with the Yoast SEO plugin v25.8 - https:\/\/yoast.com\/wordpress\/plugins\/seo\/ -->\n<title>Ez\u00fcst Program: Coaching \u00e9s tan\u00e1csad\u00e1s profiknak!<\/title>\n<meta name=\"description\" content=\"Az AgadoPro-Academy Ez\u00fcst programja \u2013 ide\u00e1lis szakemberek \u00e9s v\u00e1llalatok sz\u00e1m\u00e1ra, akik els\u0151 oszt\u00e1ly\u00fa coachingot \u00e9s tan\u00e1csad\u00e1st keresnek a tart\u00f3s sikerhez!\" \/>\n<meta name=\"robots\" content=\"index, follow, max-snippet:-1, max-image-preview:large, max-video-preview:-1\" \/>\n<link rel=\"canonical\" href=\"https:\/\/agadopro-academy.com\/hu\/termek\/ezust-agadopro-academy-havi-elofizetes\/\" \/>\n<meta property=\"og:locale\" content=\"hu_HU\" \/>\n<meta property=\"og:type\" content=\"article\" \/>\n<meta property=\"og:title\" content=\"Ez\u00fcst Program: Coaching \u00e9s tan\u00e1csad\u00e1s profiknak!\" \/>\n<meta property=\"og:description\" content=\"Az AgadoPro-Academy Ez\u00fcst programja \u2013 ide\u00e1lis szakemberek \u00e9s v\u00e1llalatok sz\u00e1m\u00e1ra, akik els\u0151 oszt\u00e1ly\u00fa coachingot \u00e9s tan\u00e1csad\u00e1st keresnek a tart\u00f3s sikerhez!\" \/>\n<meta property=\"og:url\" content=\"https:\/\/agadopro-academy.com\/hu\/termek\/ezust-agadopro-academy-havi-elofizetes\/\" \/>\n<meta property=\"og:site_name\" content=\"AgadoPro-Academy\" \/>\n<meta property=\"article:modified_time\" content=\"2025-03-02T14:27:40+00:00\" \/>\n<meta property=\"og:image\" content=\"https:\/\/agadopro-academy.com\/wp-content\/uploads\/2024\/01\/57.png\" \/>\n\t<meta property=\"og:image:width\" content=\"1920\" \/>\n\t<meta property=\"og:image:height\" content=\"1080\" \/>\n\t<meta property=\"og:image:type\" content=\"image\/png\" \/>\n<script type=\"application\/ld+json\" class=\"yoast-schema-graph\">{\"@context\":\"https:\/\/schema.org\",\"@graph\":[{\"@type\":\"WebPage\",\"@id\":\"https:\/\/agadopro-academy.com\/hu\/termek\/ezust-agadopro-academy-havi-elofizetes\/\",\"url\":\"https:\/\/agadopro-academy.com\/hu\/termek\/ezust-agadopro-academy-havi-elofizetes\/\",\"name\":\"Ez\u00fcst Program: Coaching \u00e9s tan\u00e1csad\u00e1s profiknak!\",\"isPartOf\":{\"@id\":\"https:\/\/agadopro-academy.com\/hu\/#website\"},\"primaryImageOfPage\":{\"@id\":\"https:\/\/agadopro-academy.com\/hu\/termek\/ezust-agadopro-academy-havi-elofizetes\/#primaryimage\"},\"image\":{\"@id\":\"https:\/\/agadopro-academy.com\/hu\/termek\/ezust-agadopro-academy-havi-elofizetes\/#primaryimage\"},\"thumbnailUrl\":\"https:\/\/i0.wp.com\/agadopro-academy.com\/wp-content\/uploads\/2024\/01\/57.png?fit=1920%2C1080&ssl=1\",\"datePublished\":\"2024-08-09T13:56:46+00:00\",\"dateModified\":\"2025-03-02T14:27:40+00:00\",\"description\":\"Az AgadoPro-Academy Ez\u00fcst programja \u2013 ide\u00e1lis szakemberek \u00e9s v\u00e1llalatok sz\u00e1m\u00e1ra, akik els\u0151 oszt\u00e1ly\u00fa coachingot \u00e9s tan\u00e1csad\u00e1st keresnek a tart\u00f3s sikerhez!\",\"breadcrumb\":{\"@id\":\"https:\/\/agadopro-academy.com\/hu\/termek\/ezust-agadopro-academy-havi-elofizetes\/#breadcrumb\"},\"inLanguage\":\"hu\",\"potentialAction\":[{\"@type\":\"ReadAction\",\"target\":[\"https:\/\/agadopro-academy.com\/hu\/termek\/ezust-agadopro-academy-havi-elofizetes\/\"]}]},{\"@type\":\"ImageObject\",\"inLanguage\":\"hu\",\"@id\":\"https:\/\/agadopro-academy.com\/hu\/termek\/ezust-agadopro-academy-havi-elofizetes\/#primaryimage\",\"url\":\"https:\/\/i0.wp.com\/agadopro-academy.com\/wp-content\/uploads\/2024\/01\/57.png?fit=1920%2C1080&ssl=1\",\"contentUrl\":\"https:\/\/i0.wp.com\/agadopro-academy.com\/wp-content\/uploads\/2024\/01\/57.png?fit=1920%2C1080&ssl=1\",\"width\":1920,\"height\":1080},{\"@type\":\"BreadcrumbList\",\"@id\":\"https:\/\/agadopro-academy.com\/hu\/termek\/ezust-agadopro-academy-havi-elofizetes\/#breadcrumb\",\"itemListElement\":[{\"@type\":\"ListItem\",\"position\":1,\"name\":\"F\u0151oldal\",\"item\":\"https:\/\/agadopro-academy.com\/hu\/fooldal\/\"},{\"@type\":\"ListItem\",\"position\":2,\"name\":\"Shop\",\"item\":\"https:\/\/agadopro-academy.com\/hu\/shop\/\"},{\"@type\":\"ListItem\",\"position\":3,\"name\":\"Ez\u00fcst Program: Coaching \u00e9s tan\u00e1csad\u00e1s profiknak!\"}]},{\"@type\":\"WebSite\",\"@id\":\"https:\/\/agadopro-academy.com\/hu\/#website\",\"url\":\"https:\/\/agadopro-academy.com\/hu\/\",\"name\":\"AgadoPro-Academy\",\"description\":\"Empowering Minds, Unlocking Potential\",\"publisher\":{\"@id\":\"https:\/\/agadopro-academy.com\/hu\/#organization\"},\"potentialAction\":[{\"@type\":\"SearchAction\",\"target\":{\"@type\":\"EntryPoint\",\"urlTemplate\":\"https:\/\/agadopro-academy.com\/hu\/?s={search_term_string}\"},\"query-input\":{\"@type\":\"PropertyValueSpecification\",\"valueRequired\":true,\"valueName\":\"search_term_string\"}}],\"inLanguage\":\"hu\"},{\"@type\":\"Organization\",\"@id\":\"https:\/\/agadopro-academy.com\/hu\/#organization\",\"name\":\"AgadoPro-Akad\u00e9mia\",\"url\":\"https:\/\/agadopro-academy.com\/hu\/\",\"logo\":{\"@type\":\"ImageObject\",\"inLanguage\":\"hu\",\"@id\":\"https:\/\/agadopro-academy.com\/hu\/#\/schema\/logo\/image\/\",\"url\":\"https:\/\/i0.wp.com\/agadopro-academy.com\/wp-content\/uploads\/2024\/11\/image003-e1732794537988.png?fit=500%2C207&ssl=1\",\"contentUrl\":\"https:\/\/i0.wp.com\/agadopro-academy.com\/wp-content\/uploads\/2024\/11\/image003-e1732794537988.png?fit=500%2C207&ssl=1\",\"width\":500,\"height\":207,\"caption\":\"AgadoPro-Akad\u00e9mia\"},\"image\":{\"@id\":\"https:\/\/agadopro-academy.com\/hu\/#\/schema\/logo\/image\/\"},\"sameAs\":[\"https:\/\/www.linkedin.com\/company\/agadopro-academy\/about\/?viewAsMember=true\"]}]}<\/script>\n<!-- \/ Yoast SEO plugin. -->","yoast_head_json":{"title":"Ez\u00fcst Program: Coaching \u00e9s tan\u00e1csad\u00e1s profiknak!","description":"Az AgadoPro-Academy Ez\u00fcst programja \u2013 ide\u00e1lis szakemberek \u00e9s v\u00e1llalatok sz\u00e1m\u00e1ra, akik els\u0151 oszt\u00e1ly\u00fa coachingot \u00e9s tan\u00e1csad\u00e1st keresnek a tart\u00f3s sikerhez!","robots":{"index":"index","follow":"follow","max-snippet":"max-snippet:-1","max-image-preview":"max-image-preview:large","max-video-preview":"max-video-preview:-1"},"canonical":"https:\/\/agadopro-academy.com\/hu\/termek\/ezust-agadopro-academy-havi-elofizetes\/","og_locale":"hu_HU","og_type":"article","og_title":"Ez\u00fcst Program: Coaching \u00e9s tan\u00e1csad\u00e1s profiknak!","og_description":"Az AgadoPro-Academy Ez\u00fcst programja \u2013 ide\u00e1lis szakemberek \u00e9s v\u00e1llalatok sz\u00e1m\u00e1ra, akik els\u0151 oszt\u00e1ly\u00fa coachingot \u00e9s tan\u00e1csad\u00e1st keresnek a tart\u00f3s sikerhez!","og_url":"https:\/\/agadopro-academy.com\/hu\/termek\/ezust-agadopro-academy-havi-elofizetes\/","og_site_name":"AgadoPro-Academy","article_modified_time":"2025-03-02T14:27:40+00:00","og_image":[{"width":1920,"height":1080,"url":"https:\/\/agadopro-academy.com\/wp-content\/uploads\/2024\/01\/57.png","type":"image\/png"}],"schema":{"@context":"https:\/\/schema.org","@graph":[{"@type":"WebPage","@id":"https:\/\/agadopro-academy.com\/hu\/termek\/ezust-agadopro-academy-havi-elofizetes\/","url":"https:\/\/agadopro-academy.com\/hu\/termek\/ezust-agadopro-academy-havi-elofizetes\/","name":"Ez\u00fcst Program: Coaching \u00e9s tan\u00e1csad\u00e1s profiknak!","isPartOf":{"@id":"https:\/\/agadopro-academy.com\/hu\/#website"},"primaryImageOfPage":{"@id":"https:\/\/agadopro-academy.com\/hu\/termek\/ezust-agadopro-academy-havi-elofizetes\/#primaryimage"},"image":{"@id":"https:\/\/agadopro-academy.com\/hu\/termek\/ezust-agadopro-academy-havi-elofizetes\/#primaryimage"},"thumbnailUrl":"https:\/\/i0.wp.com\/agadopro-academy.com\/wp-content\/uploads\/2024\/01\/57.png?fit=1920%2C1080&ssl=1","datePublished":"2024-08-09T13:56:46+00:00","dateModified":"2025-03-02T14:27:40+00:00","description":"Az AgadoPro-Academy Ez\u00fcst programja \u2013 ide\u00e1lis szakemberek \u00e9s v\u00e1llalatok sz\u00e1m\u00e1ra, akik els\u0151 oszt\u00e1ly\u00fa coachingot \u00e9s tan\u00e1csad\u00e1st keresnek a tart\u00f3s sikerhez!","breadcrumb":{"@id":"https:\/\/agadopro-academy.com\/hu\/termek\/ezust-agadopro-academy-havi-elofizetes\/#breadcrumb"},"inLanguage":"hu","potentialAction":[{"@type":"ReadAction","target":["https:\/\/agadopro-academy.com\/hu\/termek\/ezust-agadopro-academy-havi-elofizetes\/"]}]},{"@type":"ImageObject","inLanguage":"hu","@id":"https:\/\/agadopro-academy.com\/hu\/termek\/ezust-agadopro-academy-havi-elofizetes\/#primaryimage","url":"https:\/\/i0.wp.com\/agadopro-academy.com\/wp-content\/uploads\/2024\/01\/57.png?fit=1920%2C1080&ssl=1","contentUrl":"https:\/\/i0.wp.com\/agadopro-academy.com\/wp-content\/uploads\/2024\/01\/57.png?fit=1920%2C1080&ssl=1","width":1920,"height":1080},{"@type":"BreadcrumbList","@id":"https:\/\/agadopro-academy.com\/hu\/termek\/ezust-agadopro-academy-havi-elofizetes\/#breadcrumb","itemListElement":[{"@type":"ListItem","position":1,"name":"F\u0151oldal","item":"https:\/\/agadopro-academy.com\/hu\/fooldal\/"},{"@type":"ListItem","position":2,"name":"Shop","item":"https:\/\/agadopro-academy.com\/hu\/shop\/"},{"@type":"ListItem","position":3,"name":"Ez\u00fcst Program: Coaching \u00e9s tan\u00e1csad\u00e1s profiknak!"}]},{"@type":"WebSite","@id":"https:\/\/agadopro-academy.com\/hu\/#website","url":"https:\/\/agadopro-academy.com\/hu\/","name":"AgadoPro-Academy","description":"Empowering Minds, Unlocking Potential","publisher":{"@id":"https:\/\/agadopro-academy.com\/hu\/#organization"},"potentialAction":[{"@type":"SearchAction","target":{"@type":"EntryPoint","urlTemplate":"https:\/\/agadopro-academy.com\/hu\/?s={search_term_string}"},"query-input":{"@type":"PropertyValueSpecification","valueRequired":true,"valueName":"search_term_string"}}],"inLanguage":"hu"},{"@type":"Organization","@id":"https:\/\/agadopro-academy.com\/hu\/#organization","name":"AgadoPro-Akad\u00e9mia","url":"https:\/\/agadopro-academy.com\/hu\/","logo":{"@type":"ImageObject","inLanguage":"hu","@id":"https:\/\/agadopro-academy.com\/hu\/#\/schema\/logo\/image\/","url":"https:\/\/i0.wp.com\/agadopro-academy.com\/wp-content\/uploads\/2024\/11\/image003-e1732794537988.png?fit=500%2C207&ssl=1","contentUrl":"https:\/\/i0.wp.com\/agadopro-academy.com\/wp-content\/uploads\/2024\/11\/image003-e1732794537988.png?fit=500%2C207&ssl=1","width":500,"height":207,"caption":"AgadoPro-Akad\u00e9mia"},"image":{"@id":"https:\/\/agadopro-academy.com\/hu\/#\/schema\/logo\/image\/"},"sameAs":["https:\/\/www.linkedin.com\/company\/agadopro-academy\/about\/?viewAsMember=true"]}]}},"jetpack_sharing_enabled":true,"jetpack-related-posts":[],"_links":{"self":[{"href":"https:\/\/agadopro-academy.com\/hu\/wp-json\/wp\/v2\/product\/22068","targetHints":{"allow":["GET"]}}],"collection":[{"href":"https:\/\/agadopro-academy.com\/hu\/wp-json\/wp\/v2\/product"}],"about":[{"href":"https:\/\/agadopro-academy.com\/hu\/wp-json\/wp\/v2\/types\/product"}],"replies":[{"embeddable":true,"href":"https:\/\/agadopro-academy.com\/hu\/wp-json\/wp\/v2\/comments?post=22068"}],"version-history":[{"count":5,"href":"https:\/\/agadopro-academy.com\/hu\/wp-json\/wp\/v2\/product\/22068\/revisions"}],"predecessor-version":[{"id":32539,"href":"https:\/\/agadopro-academy.com\/hu\/wp-json\/wp\/v2\/product\/22068\/revisions\/32539"}],"wp:featuredmedia":[{"embeddable":true,"href":"https:\/\/agadopro-academy.com\/hu\/wp-json\/wp\/v2\/media\/15624"}],"wp:attachment":[{"href":"https:\/\/agadopro-academy.com\/hu\/wp-json\/wp\/v2\/media?parent=22068"}],"wp:term":[{"taxonomy":"product_brand","embeddable":true,"href":"https:\/\/agadopro-academy.com\/hu\/wp-json\/wp\/v2\/product_brand?post=22068"},{"taxonomy":"product_cat","embeddable":true,"href":"https:\/\/agadopro-academy.com\/hu\/wp-json\/wp\/v2\/product_cat?post=22068"},{"taxonomy":"product_tag","embeddable":true,"href":"https:\/\/agadopro-academy.com\/hu\/wp-json\/wp\/v2\/product_tag?post=22068"}],"curies":[{"name":"wp","href":"https:\/\/api.w.org\/{rel}","templated":true}]}}