{"id":21749,"date":"2024-08-06T02:29:12","date_gmt":"2024-08-06T00:29:12","guid":{"rendered":"https:\/\/agadopro-academy.com\/?post_type=product&#038;p=21749"},"modified":"2025-04-01T11:45:09","modified_gmt":"2025-04-01T09:45:09","slug":"konfliktuskezelesi-mesterkurzus-vezetoknek","status":"publish","type":"product","link":"https:\/\/agadopro-academy.com\/hu\/termek\/konfliktuskezelesi-mesterkurzus-vezetoknek\/","title":{"rendered":"Konfliktuskezel\u00e9si mesterkurzus vezet\u0151knek"},"content":{"rendered":"<h1 data-start=\"229\" data-end=\"297\">Konfliktuskezel\u00e9s, ami val\u00f3ban m\u0171k\u00f6dik \u2013 Mesterkurzus Vezet\u0151knek<\/h1>\n<p class=\"\" data-start=\"299\" data-end=\"616\">\ud83d\udca1 <strong data-start=\"302\" data-end=\"396\">Te is \u00fagy \u00e9rzed, hogy a konfliktusok id\u0151t, energi\u00e1t \u00e9s csapatteljes\u00edtm\u00e9nyt em\u00e9sztenek fel?<\/strong><br data-start=\"396\" data-end=\"399\" \/>Vezet\u0151k\u00e9nt kulcsfontoss\u00e1g\u00fa, hogy magabiztosan \u00e9s konstrukt\u00edvan kezeld ezeket a helyzeteket. A <strong data-start=\"493\" data-end=\"544\">Konfliktuskezel\u00e9si Mesterkurzus Vezet\u0151k Sz\u00e1m\u00e1ra<\/strong> abban seg\u00edt, hogy hat\u00e9konyabb, \u00e9rzelmileg intelligensebb vezet\u0151v\u00e9 v\u00e1lj.<\/p>\n<h3 data-start=\"618\" data-end=\"671\">\ud83d\udc65 <strong data-start=\"621\" data-end=\"662\">Ez a kurzus azoknak a vezet\u0151knek sz\u00f3l<\/strong>, akik:<\/h3>\n<ul data-start=\"672\" data-end=\"850\">\n<li class=\"\" data-start=\"672\" data-end=\"729\">\n<p class=\"\" data-start=\"674\" data-end=\"729\">el akarj\u00e1k ker\u00fclni a destrukt\u00edv bels\u0151 fesz\u00fclts\u00e9geket,<\/p>\n<\/li>\n<li class=\"\" data-start=\"730\" data-end=\"771\">\n<p class=\"\" data-start=\"732\" data-end=\"771\">szeretn\u00e9k er\u0151s\u00edteni a csapatkoh\u00e9zi\u00f3t,<\/p>\n<\/li>\n<li class=\"\" data-start=\"772\" data-end=\"850\">\n<p class=\"\" data-start=\"774\" data-end=\"850\">hossz\u00fa t\u00e1v\u00fa, fenntarthat\u00f3 megold\u00e1sokat keresnek a munkahelyi konfliktusokra.<\/p>\n<\/li>\n<\/ul>\n<h3 data-start=\"852\" data-end=\"891\">\ud83d\udcd8 <strong data-start=\"855\" data-end=\"891\">6 l\u00e9p\u00e9ses, gyakorlatias program:<\/strong><\/h3>\n<ul data-start=\"892\" data-end=\"1053\">\n<li class=\"\" data-start=\"892\" data-end=\"954\">\n<p class=\"\" data-start=\"894\" data-end=\"954\">4 elm\u00e9leti foglalkoz\u00e1s \u00e9l\u0151 p\u00e9ld\u00e1kkal \u00e9s esettanulm\u00e1nyokkal<\/p>\n<\/li>\n<li class=\"\" data-start=\"955\" data-end=\"1007\">\n<p class=\"\" data-start=\"957\" data-end=\"1007\">2 gyakorl\u00f3 alkalom val\u00f3s helyzetek modellez\u00e9s\u00e9re<\/p>\n<\/li>\n<li class=\"\" data-start=\"1008\" data-end=\"1053\">\n<p class=\"\" data-start=\"1010\" data-end=\"1053\">3 egy\u00e9ni, szem\u00e9lyre szabott coaching \u00fcl\u00e9s<\/p>\n<\/li>\n<\/ul>\n<h3 data-start=\"1055\" data-end=\"1088\">\ud83e\udde9 <strong data-start=\"1058\" data-end=\"1088\">Mit kapsz a kurzus v\u00e9g\u00e9re?<\/strong><\/h3>\n<ul data-start=\"1089\" data-end=\"1300\">\n<li class=\"\" data-start=\"1089\" data-end=\"1135\">\n<p class=\"\" data-start=\"1091\" data-end=\"1135\">Tiszt\u00e1n l\u00e1tod a konfliktusok mozgat\u00f3rug\u00f3it<\/p>\n<\/li>\n<li class=\"\" data-start=\"1136\" data-end=\"1189\">\n<p class=\"\" data-start=\"1138\" data-end=\"1189\">Hat\u00e9konyan kommunik\u00e1lsz m\u00e9g neh\u00e9z helyzetekben is<\/p>\n<\/li>\n<li class=\"\" data-start=\"1190\" data-end=\"1235\">\n<p class=\"\" data-start=\"1192\" data-end=\"1235\">Magabiztosan vezetsz, m\u00e9g nyom\u00e1s alatt is<\/p>\n<\/li>\n<li class=\"\" data-start=\"1236\" data-end=\"1300\">\n<p class=\"\" data-start=\"1238\" data-end=\"1300\">Olyan munkahelyi kult\u00far\u00e1t \u00e9p\u00edtesz, ahol a bizalom az alap\u00e9rt\u00e9k<\/p>\n<\/li>\n<\/ul>\n<h3 data-start=\"1479\" data-end=\"1570\">\ud83d\ude80 <strong data-start=\"1482\" data-end=\"1536\">Tedd meg az els\u0151 l\u00e9p\u00e9st a sikeresebb vezet\u00e9s fel\u00e9!<\/strong><\/h3>\n","protected":false},"excerpt":{"rendered":"<h3 class=\"\" data-start=\"104\" data-end=\"147\">Konfliktusok? Kezdj el j\u00f3l b\u00e1nni vel\u00fck!<\/h3>\n<p class=\"\" data-start=\"149\" data-end=\"285\">\ud83d\udcbc <strong data-start=\"152\" data-end=\"198\">Konfliktuskezel\u00e9si Mesterkurzus Vezet\u0151knek<\/strong> \u2013 ahol megtanulsz nyugodtan, magabiztosan \u00e9s hat\u00e9konyan reag\u00e1lni b\u00e1rmilyen helyzetben.<\/p>\n<p class=\"\" data-start=\"287\" data-end=\"474\">\u2705 6 alkalom | \ud83c\udfaf Gyakorlati eszk\u00f6z\u00f6k | \ud83d\udcac 1:1 coaching<br data-start=\"341\" data-end=\"344\" \/>\u2705 Esettanulm\u00e1nyok, t\u00e1rgyal\u00e1si technik\u00e1k, \u00e9rzelmi intelligencia<br data-start=\"406\" data-end=\"409\" \/>\u2705 Er\u0151sebb vezet\u0151i jelenl\u00e9t, kevesebb fesz\u00fclts\u00e9g, jobb csapatmunka<\/p>\n<p class=\"\" data-start=\"476\" data-end=\"554\">\ud83c\udf93 V\u00e1lj olyan vezet\u0151v\u00e9, aki nemcsak kezeli a konfliktust \u2013 hanem meg is oldja.<\/p>\n<p class=\"\" data-start=\"556\" data-end=\"588\">\ud83d\udc49 R\u00e9szletek \u00e9s jelentkez\u00e9s itt!<\/p>\n","protected":false},"featured_media":15894,"comment_status":"open","ping_status":"closed","template":"elementor_theme","meta":{"pmpro_default_level":""},"product_brand":[],"product_cat":[1956,2835,2591,2836,1958,1968],"product_tag":[2236,2226,2213,2203,2209,2928,2231,2230,2234,2210,2018,2017,2925,2046,2222,2219,2218,2227,2221,2214,2223,2019,2208,2220,2217,2202,2204,2207,2225,2212,2926,2232,2228,2235,2061,2233,2211,2229,2200,2201,2205,2924,2927,2216],"class_list":{"0":"post-21749","1":"product","2":"type-product","3":"status-publish","4":"has-post-thumbnail","6":"product_cat-coaching-hu","7":"product_cat-helyszin","8":"product_cat-magyar","9":"product_cat-online","10":"product_cat-tanfolyamok","11":"product_cat-vezetesfejlesztes","12":"product_tag-asszertivitas-trening","13":"product_tag-csapat-konfliktusmegoldas","14":"product_tag-csapatmenedzsment","15":"product_tag-donteshozatal","16":"product_tag-felbontasi-keszsegek","17":"product_tag-hatekony-kommunikacio","18":"product_tag-hr-menedzsment","19":"product_tag-human-eroforras","20":"product_tag-interperszonalis-keszsegek","21":"product_tag-kommunikacio","22":"product_tag-konfliktus-de-eszkalacio","23":"product_tag-konfliktuskezeles","24":"product_tag-konfliktuskezeles-trening","25":"product_tag-konfliktuskezelesi-kepzes","26":"product_tag-konfliktuskezelesi-keszsegek","27":"product_tag-konfliktuskezelesi-strategiak","28":"product_tag-konfliktuskezelesi-tanfolyam","29":"product_tag-konfliktuskezelesi-tanusitvany","30":"product_tag-konfliktuskezelesi-technikak","31":"product_tag-konfliktusmegoldo-kepzes","32":"product_tag-konfliktusmegoldo-tanfolyam","33":"product_tag-kozvetitoi-keszsegek","34":"product_tag-menedzserek","35":"product_tag-menedzseri-keszsegek","36":"product_tag-menedzserkepzes","37":"product_tag-menedzsment-keszsegek","38":"product_tag-menedzsment-tanfolyam","39":"product_tag-mesterkurzus","40":"product_tag-munkahelyi-harmonia","41":"product_tag-munkahelyi-konfliktus","42":"product_tag-munkahelyi-konfliktusok-megoldasa","43":"product_tag-munkavallaloi-konfliktus","44":"product_tag-online-konfliktuskezelo-tanfolyam","45":"product_tag-problemamegoldas","46":"product_tag-szakmai-fejlodes","47":"product_tag-szervezeti-viselkedes","48":"product_tag-targyalas","49":"product_tag-uzletvezetes","50":"product_tag-vezetes","51":"product_tag-vezetoi-kepzes","52":"product_tag-vezetoi-keszsegek","53":"product_tag-vezetoi-keszsegek-fejlesztese","54":"product_tag-vezetoknek-szolo-coaching","55":"product_tag-vitarendezes","56":"pmpro-has-access","58":"first","59":"instock","60":"virtual","61":"sold-individually","62":"taxable","63":"purchasable","64":"product-type-course"},"yoast_head":"<!-- This site is optimized with the Yoast SEO plugin v25.8 - https:\/\/yoast.com\/wordpress\/plugins\/seo\/ -->\n<title>Konfliktuskezel\u00e9si mesterkurzus vezet\u0151knek - AgadoPro-Academy<\/title>\n<meta name=\"description\" content=\"Saj\u00e1t\u00edtsa el a konfliktuskezel\u00e9s m\u0171v\u00e9szet\u00e9t a konfliktuskezel\u00e9si tanfolyamunkkal vezet\u0151knek. A vezet\u0151i k\u00e9szs\u00e9gek fejleszt\u00e9se a harmonikus munkahely \u00e9rdek\u00e9ben.\" \/>\n<meta name=\"robots\" content=\"index, follow, max-snippet:-1, max-image-preview:large, max-video-preview:-1\" \/>\n<link rel=\"canonical\" href=\"https:\/\/agadopro-academy.com\/hu\/termek\/konfliktuskezelesi-mesterkurzus-vezetoknek\/\" \/>\n<meta property=\"og:locale\" content=\"hu_HU\" \/>\n<meta property=\"og:type\" content=\"article\" \/>\n<meta property=\"og:title\" content=\"Konfliktuskezel\u00e9si mesterkurzus vezet\u0151knek - AgadoPro-Academy\" \/>\n<meta property=\"og:description\" content=\"Saj\u00e1t\u00edtsa el a konfliktuskezel\u00e9s m\u0171v\u00e9szet\u00e9t a konfliktuskezel\u00e9si tanfolyamunkkal vezet\u0151knek. A vezet\u0151i k\u00e9szs\u00e9gek fejleszt\u00e9se a harmonikus munkahely \u00e9rdek\u00e9ben.\" \/>\n<meta property=\"og:url\" content=\"https:\/\/agadopro-academy.com\/hu\/termek\/konfliktuskezelesi-mesterkurzus-vezetoknek\/\" \/>\n<meta property=\"og:site_name\" content=\"AgadoPro-Academy\" \/>\n<meta property=\"article:modified_time\" content=\"2025-04-01T09:45:09+00:00\" \/>\n<meta property=\"og:image\" content=\"https:\/\/agadopro-academy.com\/wp-content\/uploads\/2024\/06\/23.jpg\" \/>\n\t<meta property=\"og:image:width\" content=\"1920\" \/>\n\t<meta property=\"og:image:height\" content=\"1080\" \/>\n\t<meta property=\"og:image:type\" content=\"image\/jpeg\" \/>\n<script type=\"application\/ld+json\" class=\"yoast-schema-graph\">{\"@context\":\"https:\/\/schema.org\",\"@graph\":[{\"@type\":\"WebPage\",\"@id\":\"https:\/\/agadopro-academy.com\/hu\/termek\/konfliktuskezelesi-mesterkurzus-vezetoknek\/\",\"url\":\"https:\/\/agadopro-academy.com\/hu\/termek\/konfliktuskezelesi-mesterkurzus-vezetoknek\/\",\"name\":\"Konfliktuskezel\u00e9si mesterkurzus vezet\u0151knek - AgadoPro-Academy\",\"isPartOf\":{\"@id\":\"https:\/\/agadopro-academy.com\/hu\/#website\"},\"primaryImageOfPage\":{\"@id\":\"https:\/\/agadopro-academy.com\/hu\/termek\/konfliktuskezelesi-mesterkurzus-vezetoknek\/#primaryimage\"},\"image\":{\"@id\":\"https:\/\/agadopro-academy.com\/hu\/termek\/konfliktuskezelesi-mesterkurzus-vezetoknek\/#primaryimage\"},\"thumbnailUrl\":\"https:\/\/i0.wp.com\/agadopro-academy.com\/wp-content\/uploads\/2024\/06\/23.jpg?fit=1920%2C1080&ssl=1\",\"datePublished\":\"2024-08-06T00:29:12+00:00\",\"dateModified\":\"2025-04-01T09:45:09+00:00\",\"description\":\"Saj\u00e1t\u00edtsa el a konfliktuskezel\u00e9s m\u0171v\u00e9szet\u00e9t a konfliktuskezel\u00e9si tanfolyamunkkal vezet\u0151knek. A vezet\u0151i k\u00e9szs\u00e9gek fejleszt\u00e9se a harmonikus munkahely \u00e9rdek\u00e9ben.\",\"breadcrumb\":{\"@id\":\"https:\/\/agadopro-academy.com\/hu\/termek\/konfliktuskezelesi-mesterkurzus-vezetoknek\/#breadcrumb\"},\"inLanguage\":\"hu\",\"potentialAction\":[{\"@type\":\"ReadAction\",\"target\":[\"https:\/\/agadopro-academy.com\/hu\/termek\/konfliktuskezelesi-mesterkurzus-vezetoknek\/\"]}]},{\"@type\":\"ImageObject\",\"inLanguage\":\"hu\",\"@id\":\"https:\/\/agadopro-academy.com\/hu\/termek\/konfliktuskezelesi-mesterkurzus-vezetoknek\/#primaryimage\",\"url\":\"https:\/\/i0.wp.com\/agadopro-academy.com\/wp-content\/uploads\/2024\/06\/23.jpg?fit=1920%2C1080&ssl=1\",\"contentUrl\":\"https:\/\/i0.wp.com\/agadopro-academy.com\/wp-content\/uploads\/2024\/06\/23.jpg?fit=1920%2C1080&ssl=1\",\"width\":1920,\"height\":1080},{\"@type\":\"BreadcrumbList\",\"@id\":\"https:\/\/agadopro-academy.com\/hu\/termek\/konfliktuskezelesi-mesterkurzus-vezetoknek\/#breadcrumb\",\"itemListElement\":[{\"@type\":\"ListItem\",\"position\":1,\"name\":\"F\u0151oldal\",\"item\":\"https:\/\/agadopro-academy.com\/hu\/fooldal\/\"},{\"@type\":\"ListItem\",\"position\":2,\"name\":\"Shop\",\"item\":\"https:\/\/agadopro-academy.com\/hu\/shop\/\"},{\"@type\":\"ListItem\",\"position\":3,\"name\":\"Konfliktuskezel\u00e9si mesterkurzus vezet\u0151knek\"}]},{\"@type\":\"WebSite\",\"@id\":\"https:\/\/agadopro-academy.com\/hu\/#website\",\"url\":\"https:\/\/agadopro-academy.com\/hu\/\",\"name\":\"AgadoPro-Academy\",\"description\":\"Empowering Minds, Unlocking Potential\",\"publisher\":{\"@id\":\"https:\/\/agadopro-academy.com\/hu\/#organization\"},\"potentialAction\":[{\"@type\":\"SearchAction\",\"target\":{\"@type\":\"EntryPoint\",\"urlTemplate\":\"https:\/\/agadopro-academy.com\/hu\/?s={search_term_string}\"},\"query-input\":{\"@type\":\"PropertyValueSpecification\",\"valueRequired\":true,\"valueName\":\"search_term_string\"}}],\"inLanguage\":\"hu\"},{\"@type\":\"Organization\",\"@id\":\"https:\/\/agadopro-academy.com\/hu\/#organization\",\"name\":\"AgadoPro-Akad\u00e9mia\",\"url\":\"https:\/\/agadopro-academy.com\/hu\/\",\"logo\":{\"@type\":\"ImageObject\",\"inLanguage\":\"hu\",\"@id\":\"https:\/\/agadopro-academy.com\/hu\/#\/schema\/logo\/image\/\",\"url\":\"https:\/\/i0.wp.com\/agadopro-academy.com\/wp-content\/uploads\/2024\/11\/image003-e1732794537988.png?fit=500%2C207&ssl=1\",\"contentUrl\":\"https:\/\/i0.wp.com\/agadopro-academy.com\/wp-content\/uploads\/2024\/11\/image003-e1732794537988.png?fit=500%2C207&ssl=1\",\"width\":500,\"height\":207,\"caption\":\"AgadoPro-Akad\u00e9mia\"},\"image\":{\"@id\":\"https:\/\/agadopro-academy.com\/hu\/#\/schema\/logo\/image\/\"},\"sameAs\":[\"https:\/\/www.linkedin.com\/company\/agadopro-academy\/about\/?viewAsMember=true\"]}]}<\/script>\n<!-- \/ Yoast SEO plugin. -->","yoast_head_json":{"title":"Konfliktuskezel\u00e9si mesterkurzus vezet\u0151knek - AgadoPro-Academy","description":"Saj\u00e1t\u00edtsa el a konfliktuskezel\u00e9s m\u0171v\u00e9szet\u00e9t a konfliktuskezel\u00e9si tanfolyamunkkal vezet\u0151knek. A vezet\u0151i k\u00e9szs\u00e9gek fejleszt\u00e9se a harmonikus munkahely \u00e9rdek\u00e9ben.","robots":{"index":"index","follow":"follow","max-snippet":"max-snippet:-1","max-image-preview":"max-image-preview:large","max-video-preview":"max-video-preview:-1"},"canonical":"https:\/\/agadopro-academy.com\/hu\/termek\/konfliktuskezelesi-mesterkurzus-vezetoknek\/","og_locale":"hu_HU","og_type":"article","og_title":"Konfliktuskezel\u00e9si mesterkurzus vezet\u0151knek - AgadoPro-Academy","og_description":"Saj\u00e1t\u00edtsa el a konfliktuskezel\u00e9s m\u0171v\u00e9szet\u00e9t a konfliktuskezel\u00e9si tanfolyamunkkal vezet\u0151knek. A vezet\u0151i k\u00e9szs\u00e9gek fejleszt\u00e9se a harmonikus munkahely \u00e9rdek\u00e9ben.","og_url":"https:\/\/agadopro-academy.com\/hu\/termek\/konfliktuskezelesi-mesterkurzus-vezetoknek\/","og_site_name":"AgadoPro-Academy","article_modified_time":"2025-04-01T09:45:09+00:00","og_image":[{"width":1920,"height":1080,"url":"https:\/\/agadopro-academy.com\/wp-content\/uploads\/2024\/06\/23.jpg","type":"image\/jpeg"}],"schema":{"@context":"https:\/\/schema.org","@graph":[{"@type":"WebPage","@id":"https:\/\/agadopro-academy.com\/hu\/termek\/konfliktuskezelesi-mesterkurzus-vezetoknek\/","url":"https:\/\/agadopro-academy.com\/hu\/termek\/konfliktuskezelesi-mesterkurzus-vezetoknek\/","name":"Konfliktuskezel\u00e9si mesterkurzus vezet\u0151knek - AgadoPro-Academy","isPartOf":{"@id":"https:\/\/agadopro-academy.com\/hu\/#website"},"primaryImageOfPage":{"@id":"https:\/\/agadopro-academy.com\/hu\/termek\/konfliktuskezelesi-mesterkurzus-vezetoknek\/#primaryimage"},"image":{"@id":"https:\/\/agadopro-academy.com\/hu\/termek\/konfliktuskezelesi-mesterkurzus-vezetoknek\/#primaryimage"},"thumbnailUrl":"https:\/\/i0.wp.com\/agadopro-academy.com\/wp-content\/uploads\/2024\/06\/23.jpg?fit=1920%2C1080&ssl=1","datePublished":"2024-08-06T00:29:12+00:00","dateModified":"2025-04-01T09:45:09+00:00","description":"Saj\u00e1t\u00edtsa el a konfliktuskezel\u00e9s m\u0171v\u00e9szet\u00e9t a konfliktuskezel\u00e9si tanfolyamunkkal vezet\u0151knek. A vezet\u0151i k\u00e9szs\u00e9gek fejleszt\u00e9se a harmonikus munkahely \u00e9rdek\u00e9ben.","breadcrumb":{"@id":"https:\/\/agadopro-academy.com\/hu\/termek\/konfliktuskezelesi-mesterkurzus-vezetoknek\/#breadcrumb"},"inLanguage":"hu","potentialAction":[{"@type":"ReadAction","target":["https:\/\/agadopro-academy.com\/hu\/termek\/konfliktuskezelesi-mesterkurzus-vezetoknek\/"]}]},{"@type":"ImageObject","inLanguage":"hu","@id":"https:\/\/agadopro-academy.com\/hu\/termek\/konfliktuskezelesi-mesterkurzus-vezetoknek\/#primaryimage","url":"https:\/\/i0.wp.com\/agadopro-academy.com\/wp-content\/uploads\/2024\/06\/23.jpg?fit=1920%2C1080&ssl=1","contentUrl":"https:\/\/i0.wp.com\/agadopro-academy.com\/wp-content\/uploads\/2024\/06\/23.jpg?fit=1920%2C1080&ssl=1","width":1920,"height":1080},{"@type":"BreadcrumbList","@id":"https:\/\/agadopro-academy.com\/hu\/termek\/konfliktuskezelesi-mesterkurzus-vezetoknek\/#breadcrumb","itemListElement":[{"@type":"ListItem","position":1,"name":"F\u0151oldal","item":"https:\/\/agadopro-academy.com\/hu\/fooldal\/"},{"@type":"ListItem","position":2,"name":"Shop","item":"https:\/\/agadopro-academy.com\/hu\/shop\/"},{"@type":"ListItem","position":3,"name":"Konfliktuskezel\u00e9si mesterkurzus vezet\u0151knek"}]},{"@type":"WebSite","@id":"https:\/\/agadopro-academy.com\/hu\/#website","url":"https:\/\/agadopro-academy.com\/hu\/","name":"AgadoPro-Academy","description":"Empowering Minds, Unlocking Potential","publisher":{"@id":"https:\/\/agadopro-academy.com\/hu\/#organization"},"potentialAction":[{"@type":"SearchAction","target":{"@type":"EntryPoint","urlTemplate":"https:\/\/agadopro-academy.com\/hu\/?s={search_term_string}"},"query-input":{"@type":"PropertyValueSpecification","valueRequired":true,"valueName":"search_term_string"}}],"inLanguage":"hu"},{"@type":"Organization","@id":"https:\/\/agadopro-academy.com\/hu\/#organization","name":"AgadoPro-Akad\u00e9mia","url":"https:\/\/agadopro-academy.com\/hu\/","logo":{"@type":"ImageObject","inLanguage":"hu","@id":"https:\/\/agadopro-academy.com\/hu\/#\/schema\/logo\/image\/","url":"https:\/\/i0.wp.com\/agadopro-academy.com\/wp-content\/uploads\/2024\/11\/image003-e1732794537988.png?fit=500%2C207&ssl=1","contentUrl":"https:\/\/i0.wp.com\/agadopro-academy.com\/wp-content\/uploads\/2024\/11\/image003-e1732794537988.png?fit=500%2C207&ssl=1","width":500,"height":207,"caption":"AgadoPro-Akad\u00e9mia"},"image":{"@id":"https:\/\/agadopro-academy.com\/hu\/#\/schema\/logo\/image\/"},"sameAs":["https:\/\/www.linkedin.com\/company\/agadopro-academy\/about\/?viewAsMember=true"]}]}},"jetpack_sharing_enabled":true,"jetpack-related-posts":[],"_links":{"self":[{"href":"https:\/\/agadopro-academy.com\/hu\/wp-json\/wp\/v2\/product\/21749","targetHints":{"allow":["GET"]}}],"collection":[{"href":"https:\/\/agadopro-academy.com\/hu\/wp-json\/wp\/v2\/product"}],"about":[{"href":"https:\/\/agadopro-academy.com\/hu\/wp-json\/wp\/v2\/types\/product"}],"replies":[{"embeddable":true,"href":"https:\/\/agadopro-academy.com\/hu\/wp-json\/wp\/v2\/comments?post=21749"}],"version-history":[{"count":6,"href":"https:\/\/agadopro-academy.com\/hu\/wp-json\/wp\/v2\/product\/21749\/revisions"}],"predecessor-version":[{"id":23123,"href":"https:\/\/agadopro-academy.com\/hu\/wp-json\/wp\/v2\/product\/21749\/revisions\/23123"}],"wp:featuredmedia":[{"embeddable":true,"href":"https:\/\/agadopro-academy.com\/hu\/wp-json\/wp\/v2\/media\/15894"}],"wp:attachment":[{"href":"https:\/\/agadopro-academy.com\/hu\/wp-json\/wp\/v2\/media?parent=21749"}],"wp:term":[{"taxonomy":"product_brand","embeddable":true,"href":"https:\/\/agadopro-academy.com\/hu\/wp-json\/wp\/v2\/product_brand?post=21749"},{"taxonomy":"product_cat","embeddable":true,"href":"https:\/\/agadopro-academy.com\/hu\/wp-json\/wp\/v2\/product_cat?post=21749"},{"taxonomy":"product_tag","embeddable":true,"href":"https:\/\/agadopro-academy.com\/hu\/wp-json\/wp\/v2\/product_tag?post=21749"}],"curies":[{"name":"wp","href":"https:\/\/api.w.org\/{rel}","templated":true}]}}