{"id":21745,"date":"2024-08-06T02:23:01","date_gmt":"2024-08-06T00:23:01","guid":{"rendered":"https:\/\/agadopro-academy.com\/?post_type=product&#038;p=21745"},"modified":"2025-04-17T14:39:51","modified_gmt":"2025-04-17T12:39:51","slug":"agadopro-academy-prevencios-program","status":"publish","type":"product","link":"https:\/\/agadopro-academy.com\/hu\/termek\/agadopro-academy-prevencios-program\/","title":{"rendered":"AgadoPro-Academy Prevenci\u00f3s Program"},"content":{"rendered":"<h1 data-start=\"482\" data-end=\"715\"><strong data-start=\"482\" data-end=\"551\">AgadoPro Akad\u00e9mia Prevenci\u00f3s Program \u2013 Biztons\u00e1g a mindennapokban<\/strong><\/h1>\n<p class=\"\" data-start=\"482\" data-end=\"715\"><br data-start=\"551\" data-end=\"554\" \/>A vil\u00e1g kisz\u00e1m\u00edthatatlan \u2013 de a felk\u00e9sz\u00fcl\u00e9s lehets\u00e9ges. Ez az 5 hetes k\u00e9pz\u00e9s seg\u00edt tudatos d\u00f6nt\u00e9seket hozni \u00e9s akt\u00edvan v\u00e9deni magadat, csal\u00e1dodat, k\u00f6rnyezetedet.<\/p>\n<h2 data-start=\"717\" data-end=\"730\"><strong data-start=\"717\" data-end=\"730\">Tematika:<\/strong><\/h2>\n<ul data-start=\"731\" data-end=\"1093\">\n<li class=\"\" data-start=\"731\" data-end=\"793\">\n<p class=\"\" data-start=\"733\" data-end=\"793\"><strong data-start=\"733\" data-end=\"749\">B\u0171nmegel\u0151z\u00e9s<\/strong> \u2013 Megel\u0151z\u0151 gondolkod\u00e1s, felel\u0151s cselekv\u00e9s<\/p>\n<\/li>\n<li class=\"\" data-start=\"794\" data-end=\"858\">\n<p class=\"\" data-start=\"796\" data-end=\"858\"><strong data-start=\"796\" data-end=\"813\">Drogprevenci\u00f3<\/strong> \u2013 Kock\u00e1zatok felismer\u00e9se, megel\u0151z\u0151 l\u00e9p\u00e9sek<\/p>\n<\/li>\n<li class=\"\" data-start=\"859\" data-end=\"929\">\n<p class=\"\" data-start=\"861\" data-end=\"929\"><strong data-start=\"861\" data-end=\"885\">Internetes biztons\u00e1g<\/strong> \u2013 V\u00e9delem az online vil\u00e1g vesz\u00e9lyei ellen<\/p>\n<\/li>\n<li class=\"\" data-start=\"930\" data-end=\"1009\">\n<p class=\"\" data-start=\"932\" data-end=\"1009\"><strong data-start=\"932\" data-end=\"961\">Csal\u00e1di konfliktuskezel\u00e9s<\/strong> \u2013 Hat\u00e9kony kommunik\u00e1ci\u00f3, empatikus megold\u00e1sok<\/p>\n<\/li>\n<li class=\"\" data-start=\"1010\" data-end=\"1093\">\n<p class=\"\" data-start=\"1012\" data-end=\"1093\"><strong data-start=\"1012\" data-end=\"1041\">Iskolai konfliktuskezel\u00e9s<\/strong> \u2013 Sz\u00fcl\u0151k \u00e9s gyermekek t\u00e1mogat\u00e1sa neh\u00e9z helyzetekben<\/p>\n<\/li>\n<\/ul>\n<p class=\"\" data-start=\"1095\" data-end=\"1280\">A tanfolyam kis l\u00e9tsz\u00e1m\u00fa (max. 20 f\u0151), interakt\u00edv \u00e9s gyakorlatias. Ide\u00e1lis sz\u00fcl\u0151knek, pedag\u00f3gusoknak, fiatal feln\u0151tteknek \u00e9s mindenkinek, aki tudatosabban szeretn\u00e9 \u00e9lni a h\u00e9tk\u00f6znapokat.<\/p>\n<h2 data-start=\"1282\" data-end=\"1406\">\ud83d\udcc5 <strong data-start=\"1285\" data-end=\"1342\">5 h\u00e9t | 5 alkalom x 1,5 \u00f3ra | Kezd\u0151 \u00e9s halad\u00f3 szinten<\/strong><br data-start=\"1342\" data-end=\"1345\" \/>\ud83d\udc68\u200d\ud83c\udfeb Tr\u00e9ner: <strong data-start=\"1359\" data-end=\"1375\">Durg\u00f3 Attila<\/strong>, tapasztalt mentor \u00e9s medi\u00e1tor<\/h2>\n","protected":false},"excerpt":{"rendered":"<h1><strong data-start=\"189\" data-end=\"249\">AgadoPro Prevenci\u00f3s Program \u2013 Tud\u00e1s, ami v\u00e9delmet ny\u00fajt!<\/strong><\/h1>\n<p><br data-start=\"249\" data-end=\"252\" \/>B\u0171nmegel\u0151z\u00e9s, drogprevenci\u00f3, internetes biztons\u00e1g, csal\u00e1di \u00e9s iskolai konfliktuskezel\u00e9s \u2013 ez az 5 alkalmas tanfolyam \u00e1tfog\u00f3, gyakorlati ismereteket ad a mindennapi kock\u00e1zatok kezel\u00e9s\u00e9hez.<\/p>\n","protected":false},"featured_media":15934,"comment_status":"open","ping_status":"closed","template":"","meta":{"pmpro_default_level":""},"product_brand":[],"product_cat":[1956,2835,2591,2836,1958,1967],"product_tag":[2070,2071,2083,2074,2064,2066,2067,2078,2075,2085,2095,2091,2082,2068,2088,2073,2080,2065,2069,2020,2081,2092,2084,2093,2072,2062,2077,2061,2090,2063,2079,2094,2089,2076,2087],"class_list":{"0":"post-21745","1":"product","2":"type-product","3":"status-publish","4":"has-post-thumbnail","6":"product_cat-coaching-hu","7":"product_cat-helyszin","8":"product_cat-magyar","9":"product_cat-online","10":"product_cat-tanfolyamok","11":"product_cat-uzlet-es-management","12":"product_tag-agadopro-hu","13":"product_tag-akademia","14":"product_tag-betegsegmegelozes","15":"product_tag-biztonsag","16":"product_tag-biztonsagi-kepzes","17":"product_tag-biztonsagi-oktatas","18":"product_tag-biztonsagi-tudatossag","19":"product_tag-e-learning-hu","20":"product_tag-egeszseg","21":"product_tag-egeszseg-es-biztonsag","22":"product_tag-egeszsegtudatossag","23":"product_tag-egeszsegugyi-kockazatok-megelozese","24":"product_tag-egeszsegugyi-megelozes","25":"product_tag-egeszsegugyi-neveles","26":"product_tag-egeszsegugyi-program","27":"product_tag-kepzes","28":"product_tag-keszsegfejlesztes","29":"product_tag-kockazatkezeles","30":"product_tag-megelozesi-oktatas","31":"product_tag-megelozesi-program","32":"product_tag-munkahelyi-biztonsag","33":"product_tag-munkahelyi-wellness","34":"product_tag-munkavallaloi-kepzes","35":"product_tag-munkavallaloi-wellness","36":"product_tag-oktatason-keresztul","37":"product_tag-online-tanfolyam","38":"product_tag-online-tanulas","39":"product_tag-szakmai-fejlodes","40":"product_tag-szakmai-tanfolyam","41":"product_tag-tanfolyam","42":"product_tag-tanusitas","43":"product_tag-vallalati-kepzes","44":"product_tag-virtualis-tanulas","45":"product_tag-wellness-hu","46":"product_tag-wellness-program","47":"pmpro-has-access","49":"first","50":"instock","51":"virtual","52":"sold-individually","53":"taxable","54":"purchasable","55":"product-type-course"},"yoast_head":"<!-- This site is optimized with the Yoast SEO plugin v25.8 - https:\/\/yoast.com\/wordpress\/plugins\/seo\/ -->\n<title>AgadoPro-Academy Prevenci\u00f3s Program - AgadoPro-Academy<\/title>\n<meta name=\"description\" content=\"Tanulj b\u0171nmegel\u0151z\u00e9st, drogprevenci\u00f3t, online biztons\u00e1got \u00e9s konfliktuskezel\u00e9st az AgadoPro 5 hetes gyakorlati prevenci\u00f3s programj\u00e1ban!\" \/>\n<meta name=\"robots\" content=\"index, follow, max-snippet:-1, max-image-preview:large, max-video-preview:-1\" \/>\n<link rel=\"canonical\" href=\"https:\/\/agadopro-academy.com\/hu\/termek\/agadopro-academy-prevencios-program\/\" \/>\n<meta property=\"og:locale\" content=\"hu_HU\" \/>\n<meta property=\"og:type\" content=\"article\" \/>\n<meta property=\"og:title\" content=\"AgadoPro-Academy Prevenci\u00f3s Program - AgadoPro-Academy\" \/>\n<meta property=\"og:description\" content=\"Tanulj b\u0171nmegel\u0151z\u00e9st, drogprevenci\u00f3t, online biztons\u00e1got \u00e9s konfliktuskezel\u00e9st az AgadoPro 5 hetes gyakorlati prevenci\u00f3s programj\u00e1ban!\" \/>\n<meta property=\"og:url\" content=\"https:\/\/agadopro-academy.com\/hu\/termek\/agadopro-academy-prevencios-program\/\" \/>\n<meta property=\"og:site_name\" content=\"AgadoPro-Academy\" \/>\n<meta property=\"article:modified_time\" content=\"2025-04-17T12:39:51+00:00\" \/>\n<meta property=\"og:image\" content=\"https:\/\/agadopro-academy.com\/wp-content\/uploads\/2024\/06\/Kepernyofoto-2024-06-20-11.48.50.png\" \/>\n\t<meta property=\"og:image:width\" content=\"1920\" \/>\n\t<meta property=\"og:image:height\" content=\"1083\" \/>\n\t<meta property=\"og:image:type\" content=\"image\/png\" \/>\n<script type=\"application\/ld+json\" class=\"yoast-schema-graph\">{\"@context\":\"https:\/\/schema.org\",\"@graph\":[{\"@type\":\"WebPage\",\"@id\":\"https:\/\/agadopro-academy.com\/hu\/termek\/agadopro-academy-prevencios-program\/\",\"url\":\"https:\/\/agadopro-academy.com\/hu\/termek\/agadopro-academy-prevencios-program\/\",\"name\":\"AgadoPro-Academy Prevenci\u00f3s Program - AgadoPro-Academy\",\"isPartOf\":{\"@id\":\"https:\/\/agadopro-academy.com\/hu\/#website\"},\"primaryImageOfPage\":{\"@id\":\"https:\/\/agadopro-academy.com\/hu\/termek\/agadopro-academy-prevencios-program\/#primaryimage\"},\"image\":{\"@id\":\"https:\/\/agadopro-academy.com\/hu\/termek\/agadopro-academy-prevencios-program\/#primaryimage\"},\"thumbnailUrl\":\"https:\/\/i0.wp.com\/agadopro-academy.com\/wp-content\/uploads\/2024\/06\/Kepernyofoto-2024-06-20-11.48.50.png?fit=1920%2C1083&ssl=1\",\"datePublished\":\"2024-08-06T00:23:01+00:00\",\"dateModified\":\"2025-04-17T12:39:51+00:00\",\"description\":\"Tanulj b\u0171nmegel\u0151z\u00e9st, drogprevenci\u00f3t, online biztons\u00e1got \u00e9s konfliktuskezel\u00e9st az AgadoPro 5 hetes gyakorlati prevenci\u00f3s programj\u00e1ban!\",\"breadcrumb\":{\"@id\":\"https:\/\/agadopro-academy.com\/hu\/termek\/agadopro-academy-prevencios-program\/#breadcrumb\"},\"inLanguage\":\"hu\",\"potentialAction\":[{\"@type\":\"ReadAction\",\"target\":[\"https:\/\/agadopro-academy.com\/hu\/termek\/agadopro-academy-prevencios-program\/\"]}]},{\"@type\":\"ImageObject\",\"inLanguage\":\"hu\",\"@id\":\"https:\/\/agadopro-academy.com\/hu\/termek\/agadopro-academy-prevencios-program\/#primaryimage\",\"url\":\"https:\/\/i0.wp.com\/agadopro-academy.com\/wp-content\/uploads\/2024\/06\/Kepernyofoto-2024-06-20-11.48.50.png?fit=1920%2C1083&ssl=1\",\"contentUrl\":\"https:\/\/i0.wp.com\/agadopro-academy.com\/wp-content\/uploads\/2024\/06\/Kepernyofoto-2024-06-20-11.48.50.png?fit=1920%2C1083&ssl=1\",\"width\":1920,\"height\":1083},{\"@type\":\"BreadcrumbList\",\"@id\":\"https:\/\/agadopro-academy.com\/hu\/termek\/agadopro-academy-prevencios-program\/#breadcrumb\",\"itemListElement\":[{\"@type\":\"ListItem\",\"position\":1,\"name\":\"F\u0151oldal\",\"item\":\"https:\/\/agadopro-academy.com\/hu\/fooldal\/\"},{\"@type\":\"ListItem\",\"position\":2,\"name\":\"Shop\",\"item\":\"https:\/\/agadopro-academy.com\/hu\/shop\/\"},{\"@type\":\"ListItem\",\"position\":3,\"name\":\"AgadoPro-Academy Prevenci\u00f3s Program\"}]},{\"@type\":\"WebSite\",\"@id\":\"https:\/\/agadopro-academy.com\/hu\/#website\",\"url\":\"https:\/\/agadopro-academy.com\/hu\/\",\"name\":\"AgadoPro-Academy\",\"description\":\"Empowering Minds, Unlocking Potential\",\"publisher\":{\"@id\":\"https:\/\/agadopro-academy.com\/hu\/#organization\"},\"potentialAction\":[{\"@type\":\"SearchAction\",\"target\":{\"@type\":\"EntryPoint\",\"urlTemplate\":\"https:\/\/agadopro-academy.com\/hu\/?s={search_term_string}\"},\"query-input\":{\"@type\":\"PropertyValueSpecification\",\"valueRequired\":true,\"valueName\":\"search_term_string\"}}],\"inLanguage\":\"hu\"},{\"@type\":\"Organization\",\"@id\":\"https:\/\/agadopro-academy.com\/hu\/#organization\",\"name\":\"AgadoPro-Akad\u00e9mia\",\"url\":\"https:\/\/agadopro-academy.com\/hu\/\",\"logo\":{\"@type\":\"ImageObject\",\"inLanguage\":\"hu\",\"@id\":\"https:\/\/agadopro-academy.com\/hu\/#\/schema\/logo\/image\/\",\"url\":\"https:\/\/i0.wp.com\/agadopro-academy.com\/wp-content\/uploads\/2024\/11\/image003-e1732794537988.png?fit=500%2C207&ssl=1\",\"contentUrl\":\"https:\/\/i0.wp.com\/agadopro-academy.com\/wp-content\/uploads\/2024\/11\/image003-e1732794537988.png?fit=500%2C207&ssl=1\",\"width\":500,\"height\":207,\"caption\":\"AgadoPro-Akad\u00e9mia\"},\"image\":{\"@id\":\"https:\/\/agadopro-academy.com\/hu\/#\/schema\/logo\/image\/\"},\"sameAs\":[\"https:\/\/www.linkedin.com\/company\/agadopro-academy\/about\/?viewAsMember=true\"]}]}<\/script>\n<!-- \/ Yoast SEO plugin. -->","yoast_head_json":{"title":"AgadoPro-Academy Prevenci\u00f3s Program - AgadoPro-Academy","description":"Tanulj b\u0171nmegel\u0151z\u00e9st, drogprevenci\u00f3t, online biztons\u00e1got \u00e9s konfliktuskezel\u00e9st az AgadoPro 5 hetes gyakorlati prevenci\u00f3s programj\u00e1ban!","robots":{"index":"index","follow":"follow","max-snippet":"max-snippet:-1","max-image-preview":"max-image-preview:large","max-video-preview":"max-video-preview:-1"},"canonical":"https:\/\/agadopro-academy.com\/hu\/termek\/agadopro-academy-prevencios-program\/","og_locale":"hu_HU","og_type":"article","og_title":"AgadoPro-Academy Prevenci\u00f3s Program - AgadoPro-Academy","og_description":"Tanulj b\u0171nmegel\u0151z\u00e9st, drogprevenci\u00f3t, online biztons\u00e1got \u00e9s konfliktuskezel\u00e9st az AgadoPro 5 hetes gyakorlati prevenci\u00f3s programj\u00e1ban!","og_url":"https:\/\/agadopro-academy.com\/hu\/termek\/agadopro-academy-prevencios-program\/","og_site_name":"AgadoPro-Academy","article_modified_time":"2025-04-17T12:39:51+00:00","og_image":[{"width":1920,"height":1083,"url":"https:\/\/agadopro-academy.com\/wp-content\/uploads\/2024\/06\/Kepernyofoto-2024-06-20-11.48.50.png","type":"image\/png"}],"schema":{"@context":"https:\/\/schema.org","@graph":[{"@type":"WebPage","@id":"https:\/\/agadopro-academy.com\/hu\/termek\/agadopro-academy-prevencios-program\/","url":"https:\/\/agadopro-academy.com\/hu\/termek\/agadopro-academy-prevencios-program\/","name":"AgadoPro-Academy Prevenci\u00f3s Program - AgadoPro-Academy","isPartOf":{"@id":"https:\/\/agadopro-academy.com\/hu\/#website"},"primaryImageOfPage":{"@id":"https:\/\/agadopro-academy.com\/hu\/termek\/agadopro-academy-prevencios-program\/#primaryimage"},"image":{"@id":"https:\/\/agadopro-academy.com\/hu\/termek\/agadopro-academy-prevencios-program\/#primaryimage"},"thumbnailUrl":"https:\/\/i0.wp.com\/agadopro-academy.com\/wp-content\/uploads\/2024\/06\/Kepernyofoto-2024-06-20-11.48.50.png?fit=1920%2C1083&ssl=1","datePublished":"2024-08-06T00:23:01+00:00","dateModified":"2025-04-17T12:39:51+00:00","description":"Tanulj b\u0171nmegel\u0151z\u00e9st, drogprevenci\u00f3t, online biztons\u00e1got \u00e9s konfliktuskezel\u00e9st az AgadoPro 5 hetes gyakorlati prevenci\u00f3s programj\u00e1ban!","breadcrumb":{"@id":"https:\/\/agadopro-academy.com\/hu\/termek\/agadopro-academy-prevencios-program\/#breadcrumb"},"inLanguage":"hu","potentialAction":[{"@type":"ReadAction","target":["https:\/\/agadopro-academy.com\/hu\/termek\/agadopro-academy-prevencios-program\/"]}]},{"@type":"ImageObject","inLanguage":"hu","@id":"https:\/\/agadopro-academy.com\/hu\/termek\/agadopro-academy-prevencios-program\/#primaryimage","url":"https:\/\/i0.wp.com\/agadopro-academy.com\/wp-content\/uploads\/2024\/06\/Kepernyofoto-2024-06-20-11.48.50.png?fit=1920%2C1083&ssl=1","contentUrl":"https:\/\/i0.wp.com\/agadopro-academy.com\/wp-content\/uploads\/2024\/06\/Kepernyofoto-2024-06-20-11.48.50.png?fit=1920%2C1083&ssl=1","width":1920,"height":1083},{"@type":"BreadcrumbList","@id":"https:\/\/agadopro-academy.com\/hu\/termek\/agadopro-academy-prevencios-program\/#breadcrumb","itemListElement":[{"@type":"ListItem","position":1,"name":"F\u0151oldal","item":"https:\/\/agadopro-academy.com\/hu\/fooldal\/"},{"@type":"ListItem","position":2,"name":"Shop","item":"https:\/\/agadopro-academy.com\/hu\/shop\/"},{"@type":"ListItem","position":3,"name":"AgadoPro-Academy Prevenci\u00f3s Program"}]},{"@type":"WebSite","@id":"https:\/\/agadopro-academy.com\/hu\/#website","url":"https:\/\/agadopro-academy.com\/hu\/","name":"AgadoPro-Academy","description":"Empowering Minds, Unlocking Potential","publisher":{"@id":"https:\/\/agadopro-academy.com\/hu\/#organization"},"potentialAction":[{"@type":"SearchAction","target":{"@type":"EntryPoint","urlTemplate":"https:\/\/agadopro-academy.com\/hu\/?s={search_term_string}"},"query-input":{"@type":"PropertyValueSpecification","valueRequired":true,"valueName":"search_term_string"}}],"inLanguage":"hu"},{"@type":"Organization","@id":"https:\/\/agadopro-academy.com\/hu\/#organization","name":"AgadoPro-Akad\u00e9mia","url":"https:\/\/agadopro-academy.com\/hu\/","logo":{"@type":"ImageObject","inLanguage":"hu","@id":"https:\/\/agadopro-academy.com\/hu\/#\/schema\/logo\/image\/","url":"https:\/\/i0.wp.com\/agadopro-academy.com\/wp-content\/uploads\/2024\/11\/image003-e1732794537988.png?fit=500%2C207&ssl=1","contentUrl":"https:\/\/i0.wp.com\/agadopro-academy.com\/wp-content\/uploads\/2024\/11\/image003-e1732794537988.png?fit=500%2C207&ssl=1","width":500,"height":207,"caption":"AgadoPro-Akad\u00e9mia"},"image":{"@id":"https:\/\/agadopro-academy.com\/hu\/#\/schema\/logo\/image\/"},"sameAs":["https:\/\/www.linkedin.com\/company\/agadopro-academy\/about\/?viewAsMember=true"]}]}},"jetpack_sharing_enabled":true,"jetpack-related-posts":[],"_links":{"self":[{"href":"https:\/\/agadopro-academy.com\/hu\/wp-json\/wp\/v2\/product\/21745","targetHints":{"allow":["GET"]}}],"collection":[{"href":"https:\/\/agadopro-academy.com\/hu\/wp-json\/wp\/v2\/product"}],"about":[{"href":"https:\/\/agadopro-academy.com\/hu\/wp-json\/wp\/v2\/types\/product"}],"replies":[{"embeddable":true,"href":"https:\/\/agadopro-academy.com\/hu\/wp-json\/wp\/v2\/comments?post=21745"}],"version-history":[{"count":4,"href":"https:\/\/agadopro-academy.com\/hu\/wp-json\/wp\/v2\/product\/21745\/revisions"}],"predecessor-version":[{"id":35314,"href":"https:\/\/agadopro-academy.com\/hu\/wp-json\/wp\/v2\/product\/21745\/revisions\/35314"}],"wp:featuredmedia":[{"embeddable":true,"href":"https:\/\/agadopro-academy.com\/hu\/wp-json\/wp\/v2\/media\/15934"}],"wp:attachment":[{"href":"https:\/\/agadopro-academy.com\/hu\/wp-json\/wp\/v2\/media?parent=21745"}],"wp:term":[{"taxonomy":"product_brand","embeddable":true,"href":"https:\/\/agadopro-academy.com\/hu\/wp-json\/wp\/v2\/product_brand?post=21745"},{"taxonomy":"product_cat","embeddable":true,"href":"https:\/\/agadopro-academy.com\/hu\/wp-json\/wp\/v2\/product_cat?post=21745"},{"taxonomy":"product_tag","embeddable":true,"href":"https:\/\/agadopro-academy.com\/hu\/wp-json\/wp\/v2\/product_tag?post=21745"}],"curies":[{"name":"wp","href":"https:\/\/api.w.org\/{rel}","templated":true}]}}