{"id":19104,"date":"2024-07-16T23:31:31","date_gmt":"2024-07-16T21:31:31","guid":{"rendered":"https:\/\/agadopro-academy.com\/?post_type=product&#038;p=19104"},"modified":"2025-03-24T18:28:59","modified_gmt":"2025-03-24T17:28:59","slug":"testreszabott-vevoi-kepzes-strategiak-es-gyakorlatok","status":"publish","type":"product","link":"https:\/\/agadopro-academy.com\/hu\/termek\/testreszabott-vevoi-kepzes-strategiak-es-gyakorlatok\/","title":{"rendered":"Testreszabott Vev\u0151i K\u00e9pz\u00e9s: Szak\u00e9rt\u0151 Oktat\u00e1s a Helysz\u00ednen"},"content":{"rendered":"<h1><strong>Testreszabott Vev\u0151i K\u00e9pz\u00e9s: Szak\u00e9rt\u0151 Oktat\u00e1s a Helysz\u00ednen &#8211; AgadoPro Academy<\/strong><\/h1>\n<p>&nbsp;<\/p>\n<p>Fedezze fel a Testreszabott Vev\u0151i K\u00e9pz\u00e9si programunkat! Ezt a k\u00e9pz\u00e9st arra tervezt\u00fck, hogy az \u00d6n v\u00e1llalat\u00e1nak egyedi ig\u00e9nyeihez igazodva ny\u00fajtson oktat\u00e1st, k\u00f6zvetlen\u00fcl az \u00d6n helysz\u00edn\u00e9n. \u00cdgy biztos lehet abban, hogy csapata a leghat\u00e9konyabb k\u00e9pz\u00e9st kapja, k\u00f6zvetlen\u00fcl a saj\u00e1t munkak\u00f6rnyezet\u00fckben.<\/p>\n<h3><\/h3>\n<h3>Mi az a Testreszabott Vev\u0151i K\u00e9pz\u00e9s?<\/h3>\n<p>A Testreszabott Vev\u0151i K\u00e9pz\u00e9s egy rugalmas oktat\u00e1si szolg\u00e1ltat\u00e1s. Ebben tapasztalt szak\u00e9rt\u0151ink az \u00d6n v\u00e1llalat\u00e1nak telephely\u00e9n tartanak k\u00e9pz\u00e9seket. Az oktat\u00e1s minden r\u00e9szlete az \u00d6n c\u00e9g\u00e9hez igazodik, legyen sz\u00f3 \u00faj munkav\u00e1llal\u00f3k betan\u00edt\u00e1s\u00e1r\u00f3l, megl\u00e9v\u0151 alkalmazottak tov\u00e1bbk\u00e9pz\u00e9s\u00e9r\u0151l, vagy speci\u00e1lis k\u00e9szs\u00e9gek fejleszt\u00e9s\u00e9r\u0151l.<\/p>\n<h3><\/h3>\n<h3>Mi\u00e9rt v\u00e1lassza a Testreszabott Vev\u0151i K\u00e9pz\u00e9st?<\/h3>\n<ul>\n<li><strong>C\u00e9lzott oktat\u00e1s:<\/strong> A k\u00e9pz\u00e9s teljes m\u00e9rt\u00e9kben az \u00d6n v\u00e1llalat\u00e1nak ig\u00e9nyeihez igazodik. Oktat\u00f3ink el\u0151zetesen felm\u00e9rik a szervezet sz\u00fcks\u00e9gleteit. Az oktat\u00e1si anyagokat \u00fagy alak\u00edtj\u00e1k ki, hogy azok a legjobban illeszkedjenek az \u00d6n \u00fczleti c\u00e9ljaihoz.<\/li>\n<li><strong>K\u00f6zvetlen alkalmazhat\u00f3s\u00e1g:<\/strong> Mivel az oktat\u00e1s az \u00d6n munkahely\u00e9n t\u00f6rt\u00e9nik, a r\u00e9sztvev\u0151k azonnal alkalmazhatj\u00e1k az \u00faj ismereteket. Ez nemcsak gyors\u00edtja a tanul\u00e1st, de hossz\u00fa t\u00e1v\u00fa eredm\u00e9nyeket is biztos\u00edt.<\/li>\n<li><strong>K\u00f6lts\u00e9ghat\u00e9kony megold\u00e1s:<\/strong> A helysz\u00edni k\u00e9pz\u00e9s cs\u00f6kkenti az utaz\u00e1si k\u00f6lts\u00e9geket \u00e9s az alkalmazottak munk\u00e1b\u00f3l val\u00f3 kies\u00e9s\u00e9t. \u00cdgy id\u0151t \u00e9s p\u00e9nzt takar\u00edt meg a v\u00e1llalat sz\u00e1m\u00e1ra.<\/li>\n<\/ul>\n<h3><\/h3>\n<h3>Miben seg\u00edthet a Testreszabott Vev\u0151i K\u00e9pz\u00e9s?<\/h3>\n<ul>\n<li><strong>Speci\u00e1lis k\u00e9szs\u00e9gek fejleszt\u00e9se:<\/strong> Legyen sz\u00f3 technikai ismeretekr\u0151l, vezet\u0151i k\u00e9szs\u00e9gekr\u0151l vagy soft skillekr\u0151l. A testreszabott k\u00e9pz\u00e9s seg\u00edt abban, hogy munkat\u00e1rsai a sz\u00fcks\u00e9ges tud\u00e1st \u00e9s k\u00e9szs\u00e9geket megszerezz\u00e9k.<\/li>\n<li><strong>\u00daj technol\u00f3gi\u00e1k bevezet\u00e9se:<\/strong> Seg\u00edt\u00fcnk a csapatnak gyorsan \u00e9s hat\u00e9konyan elsaj\u00e1t\u00edtani az \u00faj technol\u00f3gi\u00e1kat. Ez biztos\u00edtja a z\u00f6kken\u0151mentes \u00e1t\u00e1ll\u00e1st \u00e9s a maxim\u00e1lis kihaszn\u00e1lts\u00e1got.<\/li>\n<li><strong>Teljes\u00edtm\u00e9nyjav\u00edt\u00e1s:<\/strong> Az oktat\u00e1s sor\u00e1n a r\u00e9sztvev\u0151k olyan strat\u00e9gi\u00e1kat \u00e9s technik\u00e1kat tanulnak meg, amelyek n\u00f6velik a munka hat\u00e9konys\u00e1g\u00e1t \u00e9s eredm\u00e9nyess\u00e9g\u00e9t.<\/li>\n<\/ul>\n<h3><\/h3>\n<h3>Hogyan m\u0171k\u00f6dik a Testreszabott Vev\u0151i K\u00e9pz\u00e9s?<\/h3>\n<ol>\n<li><strong>Ig\u00e9nyfelm\u00e9r\u00e9s:<\/strong> Els\u0151 l\u00e9p\u00e9sk\u00e9nt felm\u00e9rj\u00fck a c\u00e9g ig\u00e9nyeit. Oktat\u00f3ink megismerik a jelenlegi tud\u00e1sszintet, a k\u00e9pz\u00e9si c\u00e9lokat \u00e9s az esetleges kih\u00edv\u00e1sokat.<\/li>\n<li><strong>K\u00e9pz\u00e9si terv kidolgoz\u00e1sa:<\/strong> Az ig\u00e9nyfelm\u00e9r\u00e9s ut\u00e1n testreszabott k\u00e9pz\u00e9si tervet k\u00e9sz\u00edt\u00fcnk. Ez tartalmazza az oktat\u00e1si anyagokat, m\u00f3dszereket \u00e9s a k\u00e9pz\u00e9s \u00fctemterv\u00e9t.<\/li>\n<li><strong>Helysz\u00edni oktat\u00e1s:<\/strong> Szak\u00e9rt\u0151ink az \u00d6n munkahely\u00e9n tartj\u00e1k az oktat\u00e1st, akt\u00edv r\u00e9szv\u00e9telt biztos\u00edtva minden r\u00e9sztvev\u0151 sz\u00e1m\u00e1ra. Az oktat\u00e1s sor\u00e1n val\u00f3s p\u00e9ld\u00e1kon kereszt\u00fcl mutatjuk be az \u00faj ismereteket, amelyek azonnal alkalmazhat\u00f3k.<\/li>\n<li><strong>Eredm\u00e9nyek \u00e9rt\u00e9kel\u00e9se \u00e9s tov\u00e1bbfejleszt\u00e9s:<\/strong> A k\u00e9pz\u00e9s ut\u00e1n visszajelz\u00e9st adunk a r\u00e9sztvev\u0151knek \u00e9s a vezet\u0151knek. \u00cdgy felm\u00e9rj\u00fck az oktat\u00e1s hat\u00e9konys\u00e1g\u00e1t, \u00e9s javaslatokat tesz\u00fcnk a tov\u00e1bbi fejleszt\u00e9sekre.<\/li>\n<\/ol>\n<h3><\/h3>\n<h3>Kinek aj\u00e1nljuk a Testreszabott Vev\u0151i K\u00e9pz\u00e9st?<\/h3>\n<p>Ez a program ide\u00e1lis minden v\u00e1llalat sz\u00e1m\u00e1ra, amely gyorsan \u00e9s hat\u00e9konyan szeretn\u00e9 fejleszteni munkat\u00e1rsai k\u00e9szs\u00e9geit. K\u00fcl\u00f6n\u00f6sen aj\u00e1nlott azoknak a c\u00e9geknek, amelyek \u00faj technol\u00f3gi\u00e1kat vezetnek be, \u00e1talakul\u00e1son mennek kereszt\u00fcl, vagy szeretn\u00e9k n\u00f6velni csapatuk teljes\u00edtm\u00e9ny\u00e9t \u00e9s tud\u00e1s\u00e1t.<\/p>\n<h4>Ne hagyja ki ezt a lehet\u0151s\u00e9get! Vegye ig\u00e9nybe a Testreszabott Vev\u0151i K\u00e9pz\u00e9st, \u00e9s tapasztalja meg a szak\u00e9rt\u0151 oktat\u00e1s el\u0151nyeit k\u00f6zvetlen\u00fcl az \u00d6n munkak\u00f6rnyezet\u00e9ben. L\u00e9pjen kapcsolatba vel\u00fcnk m\u00e9g ma, hogy elkezdhess\u00fck a k\u00f6z\u00f6s munk\u00e1t az \u00d6n siker\u00e9\u00e9rt!<\/h4>\n","protected":false},"excerpt":{"rendered":"<p>Testreszabott Vev\u0151i K\u00e9pz\u00e9s: Szak\u00e9rt\u0151 Oktat\u00e1s a Helysz\u00ednen &#8211; AgadoPro Academy &nbsp; Fedezze fel a Testreszabott Vev\u0151i K\u00e9pz\u00e9si programunkat! Ezt a k\u00e9pz\u00e9st arra tervezt\u00fck, hogy az \u00d6n v\u00e1llalat\u00e1nak egyedi ig\u00e9nyeihez igazodva ny\u00fajtson oktat\u00e1st, k\u00f6zvetlen\u00fcl az \u00d6n helysz\u00edn\u00e9n. \u00cdgy biztos lehet abban, [&hellip;]<\/p>\n","protected":false},"featured_media":19105,"comment_status":"open","ping_status":"closed","template":"elementor_theme","meta":{"pmpro_default_level":""},"product_brand":[],"product_cat":[1956,2835,2837,2591],"product_tag":[2556,2562,2548,2552,2550,2544,2547,2551,2555,2546,2545,2554,2061,2549,2283],"class_list":{"0":"post-19104","1":"product","2":"type-product","3":"status-publish","4":"has-post-thumbnail","6":"product_cat-coaching-hu","7":"product_cat-helyszin","8":"product_cat-kihelyezett","9":"product_cat-magyar","10":"product_tag-business-growth","11":"product_tag-custom-training","12":"product_tag-customer-education","13":"product_tag-customer-experience","14":"product_tag-customer-success","15":"product_tag-customized-customer-training","16":"product_tag-on-site-success","17":"product_tag-on-site-training","18":"product_tag-practical-training","19":"product_tag-practices","20":"product_tag-strategies","21":"product_tag-success-strategies","22":"product_tag-szakmai-fejlodes","23":"product_tag-training-programs","24":"product_tag-uzleti-strategia","25":"pmpro-has-access","27":"first","28":"instock","29":"taxable","30":"shipping-taxable","31":"purchasable","32":"product-type-simple"},"yoast_head":"<!-- This site is optimized with the Yoast SEO plugin v25.8 - https:\/\/yoast.com\/wordpress\/plugins\/seo\/ -->\n<title>Testreszabott Vev\u0151i K\u00e9pz\u00e9s: Szak\u00e9rt\u0151 Oktat\u00e1s a Helysz\u00ednen - AgadoPro-Academy<\/title>\n<meta name=\"description\" content=\"Explore Testreszabott Vev\u0151i K\u00e9pz\u00e9s: strategies &amp; practices for on-site success. Enhance customer training for better business outcomes.\" \/>\n<meta name=\"robots\" content=\"index, follow, max-snippet:-1, max-image-preview:large, max-video-preview:-1\" \/>\n<link rel=\"canonical\" href=\"https:\/\/agadopro-academy.com\/hu\/termek\/testreszabott-vevoi-kepzes-strategiak-es-gyakorlatok\/\" \/>\n<meta property=\"og:locale\" content=\"hu_HU\" \/>\n<meta property=\"og:type\" content=\"article\" \/>\n<meta property=\"og:title\" content=\"Testreszabott Vev\u0151i K\u00e9pz\u00e9s: Szak\u00e9rt\u0151 Oktat\u00e1s a Helysz\u00ednen - AgadoPro-Academy\" \/>\n<meta property=\"og:description\" content=\"Explore Testreszabott Vev\u0151i K\u00e9pz\u00e9s: strategies &amp; practices for on-site success. Enhance customer training for better business outcomes.\" \/>\n<meta property=\"og:url\" content=\"https:\/\/agadopro-academy.com\/hu\/termek\/testreszabott-vevoi-kepzes-strategiak-es-gyakorlatok\/\" \/>\n<meta property=\"og:site_name\" content=\"AgadoPro-Academy\" \/>\n<meta property=\"article:modified_time\" content=\"2025-03-24T17:28:59+00:00\" \/>\n<meta property=\"og:image\" content=\"https:\/\/agadopro-academy.com\/wp-content\/uploads\/2024\/07\/AgadoPro-Academy-Bildern-masolata-masolata.jpg\" \/>\n\t<meta property=\"og:image:width\" content=\"1920\" \/>\n\t<meta property=\"og:image:height\" content=\"1080\" \/>\n\t<meta property=\"og:image:type\" content=\"image\/jpeg\" \/>\n<script type=\"application\/ld+json\" class=\"yoast-schema-graph\">{\"@context\":\"https:\/\/schema.org\",\"@graph\":[{\"@type\":\"WebPage\",\"@id\":\"https:\/\/agadopro-academy.com\/hu\/termek\/testreszabott-vevoi-kepzes-strategiak-es-gyakorlatok\/\",\"url\":\"https:\/\/agadopro-academy.com\/hu\/termek\/testreszabott-vevoi-kepzes-strategiak-es-gyakorlatok\/\",\"name\":\"Testreszabott Vev\u0151i K\u00e9pz\u00e9s: Szak\u00e9rt\u0151 Oktat\u00e1s a Helysz\u00ednen - AgadoPro-Academy\",\"isPartOf\":{\"@id\":\"https:\/\/agadopro-academy.com\/hu\/#website\"},\"primaryImageOfPage\":{\"@id\":\"https:\/\/agadopro-academy.com\/hu\/termek\/testreszabott-vevoi-kepzes-strategiak-es-gyakorlatok\/#primaryimage\"},\"image\":{\"@id\":\"https:\/\/agadopro-academy.com\/hu\/termek\/testreszabott-vevoi-kepzes-strategiak-es-gyakorlatok\/#primaryimage\"},\"thumbnailUrl\":\"https:\/\/i0.wp.com\/agadopro-academy.com\/wp-content\/uploads\/2024\/07\/AgadoPro-Academy-Bildern-masolata-masolata.jpg?fit=1920%2C1080&ssl=1\",\"datePublished\":\"2024-07-16T21:31:31+00:00\",\"dateModified\":\"2025-03-24T17:28:59+00:00\",\"description\":\"Explore Testreszabott Vev\u0151i K\u00e9pz\u00e9s: strategies & practices for on-site success. Enhance customer training for better business outcomes.\",\"breadcrumb\":{\"@id\":\"https:\/\/agadopro-academy.com\/hu\/termek\/testreszabott-vevoi-kepzes-strategiak-es-gyakorlatok\/#breadcrumb\"},\"inLanguage\":\"hu\",\"potentialAction\":[{\"@type\":\"ReadAction\",\"target\":[\"https:\/\/agadopro-academy.com\/hu\/termek\/testreszabott-vevoi-kepzes-strategiak-es-gyakorlatok\/\"]}]},{\"@type\":\"ImageObject\",\"inLanguage\":\"hu\",\"@id\":\"https:\/\/agadopro-academy.com\/hu\/termek\/testreszabott-vevoi-kepzes-strategiak-es-gyakorlatok\/#primaryimage\",\"url\":\"https:\/\/i0.wp.com\/agadopro-academy.com\/wp-content\/uploads\/2024\/07\/AgadoPro-Academy-Bildern-masolata-masolata.jpg?fit=1920%2C1080&ssl=1\",\"contentUrl\":\"https:\/\/i0.wp.com\/agadopro-academy.com\/wp-content\/uploads\/2024\/07\/AgadoPro-Academy-Bildern-masolata-masolata.jpg?fit=1920%2C1080&ssl=1\",\"width\":1920,\"height\":1080},{\"@type\":\"BreadcrumbList\",\"@id\":\"https:\/\/agadopro-academy.com\/hu\/termek\/testreszabott-vevoi-kepzes-strategiak-es-gyakorlatok\/#breadcrumb\",\"itemListElement\":[{\"@type\":\"ListItem\",\"position\":1,\"name\":\"F\u0151oldal\",\"item\":\"https:\/\/agadopro-academy.com\/hu\/fooldal\/\"},{\"@type\":\"ListItem\",\"position\":2,\"name\":\"Shop\",\"item\":\"https:\/\/agadopro-academy.com\/hu\/shop\/\"},{\"@type\":\"ListItem\",\"position\":3,\"name\":\"Testreszabott Vev\u0151i K\u00e9pz\u00e9s: Szak\u00e9rt\u0151 Oktat\u00e1s a Helysz\u00ednen\"}]},{\"@type\":\"WebSite\",\"@id\":\"https:\/\/agadopro-academy.com\/hu\/#website\",\"url\":\"https:\/\/agadopro-academy.com\/hu\/\",\"name\":\"AgadoPro-Academy\",\"description\":\"Empowering Minds, Unlocking Potential\",\"publisher\":{\"@id\":\"https:\/\/agadopro-academy.com\/hu\/#organization\"},\"potentialAction\":[{\"@type\":\"SearchAction\",\"target\":{\"@type\":\"EntryPoint\",\"urlTemplate\":\"https:\/\/agadopro-academy.com\/hu\/?s={search_term_string}\"},\"query-input\":{\"@type\":\"PropertyValueSpecification\",\"valueRequired\":true,\"valueName\":\"search_term_string\"}}],\"inLanguage\":\"hu\"},{\"@type\":\"Organization\",\"@id\":\"https:\/\/agadopro-academy.com\/hu\/#organization\",\"name\":\"AgadoPro-Akad\u00e9mia\",\"url\":\"https:\/\/agadopro-academy.com\/hu\/\",\"logo\":{\"@type\":\"ImageObject\",\"inLanguage\":\"hu\",\"@id\":\"https:\/\/agadopro-academy.com\/hu\/#\/schema\/logo\/image\/\",\"url\":\"https:\/\/i0.wp.com\/agadopro-academy.com\/wp-content\/uploads\/2024\/11\/image003-e1732794537988.png?fit=500%2C207&ssl=1\",\"contentUrl\":\"https:\/\/i0.wp.com\/agadopro-academy.com\/wp-content\/uploads\/2024\/11\/image003-e1732794537988.png?fit=500%2C207&ssl=1\",\"width\":500,\"height\":207,\"caption\":\"AgadoPro-Akad\u00e9mia\"},\"image\":{\"@id\":\"https:\/\/agadopro-academy.com\/hu\/#\/schema\/logo\/image\/\"},\"sameAs\":[\"https:\/\/www.linkedin.com\/company\/agadopro-academy\/about\/?viewAsMember=true\"]}]}<\/script>\n<!-- \/ Yoast SEO plugin. -->","yoast_head_json":{"title":"Testreszabott Vev\u0151i K\u00e9pz\u00e9s: Szak\u00e9rt\u0151 Oktat\u00e1s a Helysz\u00ednen - AgadoPro-Academy","description":"Explore Testreszabott Vev\u0151i K\u00e9pz\u00e9s: strategies & practices for on-site success. Enhance customer training for better business outcomes.","robots":{"index":"index","follow":"follow","max-snippet":"max-snippet:-1","max-image-preview":"max-image-preview:large","max-video-preview":"max-video-preview:-1"},"canonical":"https:\/\/agadopro-academy.com\/hu\/termek\/testreszabott-vevoi-kepzes-strategiak-es-gyakorlatok\/","og_locale":"hu_HU","og_type":"article","og_title":"Testreszabott Vev\u0151i K\u00e9pz\u00e9s: Szak\u00e9rt\u0151 Oktat\u00e1s a Helysz\u00ednen - AgadoPro-Academy","og_description":"Explore Testreszabott Vev\u0151i K\u00e9pz\u00e9s: strategies & practices for on-site success. Enhance customer training for better business outcomes.","og_url":"https:\/\/agadopro-academy.com\/hu\/termek\/testreszabott-vevoi-kepzes-strategiak-es-gyakorlatok\/","og_site_name":"AgadoPro-Academy","article_modified_time":"2025-03-24T17:28:59+00:00","og_image":[{"width":1920,"height":1080,"url":"https:\/\/agadopro-academy.com\/wp-content\/uploads\/2024\/07\/AgadoPro-Academy-Bildern-masolata-masolata.jpg","type":"image\/jpeg"}],"schema":{"@context":"https:\/\/schema.org","@graph":[{"@type":"WebPage","@id":"https:\/\/agadopro-academy.com\/hu\/termek\/testreszabott-vevoi-kepzes-strategiak-es-gyakorlatok\/","url":"https:\/\/agadopro-academy.com\/hu\/termek\/testreszabott-vevoi-kepzes-strategiak-es-gyakorlatok\/","name":"Testreszabott Vev\u0151i K\u00e9pz\u00e9s: Szak\u00e9rt\u0151 Oktat\u00e1s a Helysz\u00ednen - AgadoPro-Academy","isPartOf":{"@id":"https:\/\/agadopro-academy.com\/hu\/#website"},"primaryImageOfPage":{"@id":"https:\/\/agadopro-academy.com\/hu\/termek\/testreszabott-vevoi-kepzes-strategiak-es-gyakorlatok\/#primaryimage"},"image":{"@id":"https:\/\/agadopro-academy.com\/hu\/termek\/testreszabott-vevoi-kepzes-strategiak-es-gyakorlatok\/#primaryimage"},"thumbnailUrl":"https:\/\/i0.wp.com\/agadopro-academy.com\/wp-content\/uploads\/2024\/07\/AgadoPro-Academy-Bildern-masolata-masolata.jpg?fit=1920%2C1080&ssl=1","datePublished":"2024-07-16T21:31:31+00:00","dateModified":"2025-03-24T17:28:59+00:00","description":"Explore Testreszabott Vev\u0151i K\u00e9pz\u00e9s: strategies & practices for on-site success. Enhance customer training for better business outcomes.","breadcrumb":{"@id":"https:\/\/agadopro-academy.com\/hu\/termek\/testreszabott-vevoi-kepzes-strategiak-es-gyakorlatok\/#breadcrumb"},"inLanguage":"hu","potentialAction":[{"@type":"ReadAction","target":["https:\/\/agadopro-academy.com\/hu\/termek\/testreszabott-vevoi-kepzes-strategiak-es-gyakorlatok\/"]}]},{"@type":"ImageObject","inLanguage":"hu","@id":"https:\/\/agadopro-academy.com\/hu\/termek\/testreszabott-vevoi-kepzes-strategiak-es-gyakorlatok\/#primaryimage","url":"https:\/\/i0.wp.com\/agadopro-academy.com\/wp-content\/uploads\/2024\/07\/AgadoPro-Academy-Bildern-masolata-masolata.jpg?fit=1920%2C1080&ssl=1","contentUrl":"https:\/\/i0.wp.com\/agadopro-academy.com\/wp-content\/uploads\/2024\/07\/AgadoPro-Academy-Bildern-masolata-masolata.jpg?fit=1920%2C1080&ssl=1","width":1920,"height":1080},{"@type":"BreadcrumbList","@id":"https:\/\/agadopro-academy.com\/hu\/termek\/testreszabott-vevoi-kepzes-strategiak-es-gyakorlatok\/#breadcrumb","itemListElement":[{"@type":"ListItem","position":1,"name":"F\u0151oldal","item":"https:\/\/agadopro-academy.com\/hu\/fooldal\/"},{"@type":"ListItem","position":2,"name":"Shop","item":"https:\/\/agadopro-academy.com\/hu\/shop\/"},{"@type":"ListItem","position":3,"name":"Testreszabott Vev\u0151i K\u00e9pz\u00e9s: Szak\u00e9rt\u0151 Oktat\u00e1s a Helysz\u00ednen"}]},{"@type":"WebSite","@id":"https:\/\/agadopro-academy.com\/hu\/#website","url":"https:\/\/agadopro-academy.com\/hu\/","name":"AgadoPro-Academy","description":"Empowering Minds, Unlocking Potential","publisher":{"@id":"https:\/\/agadopro-academy.com\/hu\/#organization"},"potentialAction":[{"@type":"SearchAction","target":{"@type":"EntryPoint","urlTemplate":"https:\/\/agadopro-academy.com\/hu\/?s={search_term_string}"},"query-input":{"@type":"PropertyValueSpecification","valueRequired":true,"valueName":"search_term_string"}}],"inLanguage":"hu"},{"@type":"Organization","@id":"https:\/\/agadopro-academy.com\/hu\/#organization","name":"AgadoPro-Akad\u00e9mia","url":"https:\/\/agadopro-academy.com\/hu\/","logo":{"@type":"ImageObject","inLanguage":"hu","@id":"https:\/\/agadopro-academy.com\/hu\/#\/schema\/logo\/image\/","url":"https:\/\/i0.wp.com\/agadopro-academy.com\/wp-content\/uploads\/2024\/11\/image003-e1732794537988.png?fit=500%2C207&ssl=1","contentUrl":"https:\/\/i0.wp.com\/agadopro-academy.com\/wp-content\/uploads\/2024\/11\/image003-e1732794537988.png?fit=500%2C207&ssl=1","width":500,"height":207,"caption":"AgadoPro-Akad\u00e9mia"},"image":{"@id":"https:\/\/agadopro-academy.com\/hu\/#\/schema\/logo\/image\/"},"sameAs":["https:\/\/www.linkedin.com\/company\/agadopro-academy\/about\/?viewAsMember=true"]}]}},"jetpack_sharing_enabled":true,"jetpack-related-posts":[],"_links":{"self":[{"href":"https:\/\/agadopro-academy.com\/hu\/wp-json\/wp\/v2\/product\/19104","targetHints":{"allow":["GET"]}}],"collection":[{"href":"https:\/\/agadopro-academy.com\/hu\/wp-json\/wp\/v2\/product"}],"about":[{"href":"https:\/\/agadopro-academy.com\/hu\/wp-json\/wp\/v2\/types\/product"}],"replies":[{"embeddable":true,"href":"https:\/\/agadopro-academy.com\/hu\/wp-json\/wp\/v2\/comments?post=19104"}],"version-history":[{"count":16,"href":"https:\/\/agadopro-academy.com\/hu\/wp-json\/wp\/v2\/product\/19104\/revisions"}],"predecessor-version":[{"id":22951,"href":"https:\/\/agadopro-academy.com\/hu\/wp-json\/wp\/v2\/product\/19104\/revisions\/22951"}],"wp:featuredmedia":[{"embeddable":true,"href":"https:\/\/agadopro-academy.com\/hu\/wp-json\/wp\/v2\/media\/19105"}],"wp:attachment":[{"href":"https:\/\/agadopro-academy.com\/hu\/wp-json\/wp\/v2\/media?parent=19104"}],"wp:term":[{"taxonomy":"product_brand","embeddable":true,"href":"https:\/\/agadopro-academy.com\/hu\/wp-json\/wp\/v2\/product_brand?post=19104"},{"taxonomy":"product_cat","embeddable":true,"href":"https:\/\/agadopro-academy.com\/hu\/wp-json\/wp\/v2\/product_cat?post=19104"},{"taxonomy":"product_tag","embeddable":true,"href":"https:\/\/agadopro-academy.com\/hu\/wp-json\/wp\/v2\/product_tag?post=19104"}],"curies":[{"name":"wp","href":"https:\/\/api.w.org\/{rel}","templated":true}]}}