{"id":19036,"date":"2024-07-16T21:11:41","date_gmt":"2024-07-16T19:11:41","guid":{"rendered":"https:\/\/agadopro-academy.com\/?post_type=product&#038;p=19036"},"modified":"2025-03-31T21:53:54","modified_gmt":"2025-03-31T19:53:54","slug":"valtozasok-tamogatasa","status":"publish","type":"product","link":"https:\/\/agadopro-academy.com\/hu\/termek\/valtozasok-tamogatasa\/","title":{"rendered":"V\u00e1ltoz\u00e1sok T\u00e1mogat\u00e1sa"},"content":{"rendered":"<h1 data-pm-slice=\"1 1 []\"><strong>\ud83c\udfaf Mi\u00e9rt v\u00e1lassza a V\u00e1ltoz\u00e1sok T\u00e1mogat\u00e1sa programot?<\/strong><\/h1>\n<p>M\u00edg sok v\u00e1ltoz\u00e1smenedzsment k\u00e9pz\u00e9s l\u00e9tezik, <strong>ez a program egyed\u00fcl\u00e1ll\u00f3<\/strong>! Az emberi t\u00e9nyez\u0151k meg\u00e9rt\u00e9s\u00e9re \u00e9s kezel\u00e9s\u00e9re helyezz\u00fck a hangs\u00falyt, <strong>az \u00e9rzelmi \u00e9s pszichol\u00f3giai folyamatok t\u00e1mogat\u00e1s\u00e1val<\/strong>. A program r\u00e9szek\u00e9nt <strong>szem\u00e9lyre szabott coachingot<\/strong> is biztos\u00edtunk, amely seg\u00edti a r\u00e9sztvev\u0151ket az \u00faj ismeretek gyakorlati alkalmaz\u00e1s\u00e1ban.<\/p>\n<div>\n<hr \/>\n<\/div>\n<h3><strong>\ud83d\udccc Mit tanulhat a program sor\u00e1n?<\/strong><\/h3>\n<p>\u2705 <strong>Modul 1: A V\u00e1ltoz\u00e1sok Term\u00e9szete<\/strong><\/p>\n<ul data-spread=\"false\">\n<li>Hogyan hatnak a v\u00e1ltoz\u00e1sok az emberekre?<\/li>\n<li>Mi\u00e9rt reag\u00e1lunk elt\u00e9r\u0151en ugyanarra a helyzetre?<\/li>\n<li>A v\u00e1ltoz\u00e1smenedzsment \u00e9s a v\u00e1ltoz\u00e1sok t\u00e1mogat\u00e1sa k\u00f6z\u00f6tti k\u00fcl\u00f6nbs\u00e9gek.<\/li>\n<\/ul>\n<p>\u2705 <strong>Modul 2: Hat\u00e9kony Vezet\u0151i T\u00e1mogat\u00e1s<\/strong><\/p>\n<ul data-spread=\"false\">\n<li>A projektl\u00e9p\u00e9sek \u00e9s emberi reakci\u00f3k \u00f6sszehangol\u00e1sa.<\/li>\n<li>A reziliencia szerepe a v\u00e1ltoz\u00e1sok kezel\u00e9s\u00e9ben.<\/li>\n<li>\u00daj m\u00f3dszerek a csapat motiv\u00e1l\u00e1s\u00e1ra \u00e9s t\u00e1mogat\u00e1s\u00e1ra.<\/li>\n<\/ul>\n<p>\u2705 <strong>Modul 3: Interakt\u00edv Workshop<\/strong><\/p>\n<ul data-spread=\"false\">\n<li>Val\u00f3s p\u00e9ld\u00e1kon kereszt\u00fcl azonnal alkalmazhat\u00f3 tud\u00e1s.<\/li>\n<li>A coaching seg\u00edts\u00e9g\u00e9vel m\u00e9lyebb meg\u00e9rt\u00e9s \u00e9s hat\u00e9konyabb alkalmaz\u00e1s.<\/li>\n<\/ul>\n<div>\n<hr \/>\n<\/div>\n<h3><strong>\ud83e\udd1d Szem\u00e9lyre Szabott Coaching \u00e9s T\u00e1mogat\u00e1s<\/strong><\/h3>\n<p>Minden modul ut\u00e1n egy\u00e9ni <strong>coaching \u00fcl\u00e9sek<\/strong> seg\u00edtik a tanultak be\u00e9p\u00edt\u00e9s\u00e9t, t\u00e1mogatva a r\u00e9sztvev\u0151ket a specifikus kih\u00edv\u00e1saik kezel\u00e9s\u00e9ben. \u00cdgy biztos\u00edtjuk, hogy <strong>a program val\u00f3ban hossz\u00fa t\u00e1v\u00fa eredm\u00e9nyeket hozzon<\/strong>.<\/p>\n<div>\n<hr \/>\n<\/div>\n<h3><strong>\ud83d\udc68\u200d\ud83d\udcbc Kinek sz\u00f3l a program?<\/strong><\/h3>\n<p>\u2705 <strong>Vezet\u0151knek \u00e9s menedzsereknek<\/strong> \u2013 Akik hat\u00e9konyan szeretn\u00e9k ir\u00e1ny\u00edtani a v\u00e1ltoz\u00e1sokat.<br \/>\n\u2705 <strong>HR szakembereknek<\/strong> \u2013 Akik t\u00e1mogatj\u00e1k a szervezeti \u00e1talakul\u00e1sokat.<br \/>\n\u2705 <strong>Szakembereknek<\/strong> \u2013 Akik a v\u00e1ltoz\u00e1sokat nem probl\u00e9mak\u00e9nt, hanem lehet\u0151s\u00e9gk\u00e9nt akarj\u00e1k kezelni.<\/p>\n<div>\n<hr \/>\n<\/div>\n<h3><strong>\ud83d\udd0e Mi\u00e9rt fontos a v\u00e1ltoz\u00e1sok t\u00e1mogat\u00e1sa?<\/strong><\/h3>\n<p>A v\u00e1ltoz\u00e1sok elker\u00fclhetetlenek \u2013 <strong>de akik megtanulj\u00e1k felismerni \u00e9s kezelni azokat, a j\u00f6v\u0151 nyertesei lesznek<\/strong>. Ez a program seg\u00edt <strong>a v\u00e1ltoz\u00e1sokhoz val\u00f3 pozit\u00edv hozz\u00e1\u00e1ll\u00e1s kialak\u00edt\u00e1s\u00e1ban<\/strong>, mik\u00f6zben <strong>konkr\u00e9t eszk\u00f6z\u00f6ket \u00e9s strat\u00e9gi\u00e1kat ad<\/strong> a hat\u00e9kony kezel\u00e9s\u00fckh\u00f6z.<\/p>\n<p>\ud83d\ude80 <strong>Ne hagyja ki ezt a lehet\u0151s\u00e9get! Fejlessze k\u00e9szs\u00e9geit, \u00e9s vezesse sikerre csapat\u00e1t a v\u00e1ltoz\u00f3 vil\u00e1gban!<\/strong><br \/>\n\ud83d\udce9 <strong>Csatlakozzon most a V\u00e1ltoz\u00e1sok T\u00e1mogat\u00e1sa programhoz az AgadoPro Academy-n!<\/strong><\/p>\n<p><a href=\"https:\/\/agadopro-academy.com\/hu\/courses\/valtozasok-tamogatasa\/\">\ud83d\udd17 <strong>B\u0151vebben a programr\u00f3l ITT!<\/strong><\/a><\/p>\n<p>&nbsp;<\/p>\n","protected":false},"excerpt":{"rendered":"<h1 data-start=\"138\" data-end=\"194\">\ud83c\udfaf <strong data-start=\"141\" data-end=\"194\">Mi\u00e9rt v\u00e1lassza a V\u00e1ltoz\u00e1sok T\u00e1mogat\u00e1sa programot?<\/strong><\/h1>\n<p class=\"\" data-start=\"196\" data-end=\"553\">Mert ez t\u00f6bb mint k\u00e9pz\u00e9s \u2013 ez egy val\u00f3di \u00e1talakul\u00e1si \u00e9lm\u00e9ny. A legt\u00f6bb v\u00e1ltoz\u00e1smenedzsment program az elm\u00e9letre \u00e9p\u00edt. Mi az emberre. A V\u00e1ltoz\u00e1sok T\u00e1mogat\u00e1sa program az \u00e9rzelmi \u00e9s pszichol\u00f3giai t\u00e9nyez\u0151k m\u00e9ly meg\u00e9rt\u00e9s\u00e9re f\u00f3kusz\u00e1l, szem\u00e9lyre szabott coachinggal kieg\u00e9sz\u00edtve, hogy \u00d6n ne csak tanuljon, hanem val\u00f3ban v\u00e1ltoz\u00e1st \u00e9rjen el \u2013 \u00f6nmag\u00e1ban \u00e9s csapat\u00e1ban.<\/p>\n<p class=\"\" data-start=\"555\" data-end=\"641\">\ud83d\udca1 A program gyakorlatorient\u00e1lt, inspir\u00e1l\u00f3 \u00e9s t\u00e1mogat\u00e1st ny\u00fajt a hossz\u00fa t\u00e1v\u00fa sikerhez.<\/p>\n<p class=\"\" data-start=\"643\" data-end=\"762\">\ud83d\udc65 Vezet\u0151knek, HR szakembereknek \u00e9s b\u00e1rkinek, aki a v\u00e1ltoz\u00e1st lehet\u0151s\u00e9gk\u00e9nt szeretn\u00e9 meg\u00e9lni \u2013 ez a program \u00d6nnek sz\u00f3l.<\/p>\n<p class=\"\" data-start=\"764\" data-end=\"859\">\ud83d\ude80 Csatlakozzon most az AgadoPro-Academy-hez, \u00e9s vezessen sikerre m\u00e1sokat a v\u00e1ltoz\u00e1sok kor\u00e1ban!<\/p>\n","protected":false},"featured_media":18988,"comment_status":"open","ping_status":"closed","template":"","meta":{"pmpro_default_level":""},"product_brand":[],"product_cat":[1956,2835,2591,2836,1958,1967],"product_tag":[2536,2543,2535,2541,2542,2230,2537,2540,2538,2539,2303,2301],"class_list":{"0":"post-19036","1":"product","2":"type-product","3":"status-publish","4":"has-post-thumbnail","6":"product_cat-coaching-hu","7":"product_cat-helyszin","8":"product_cat-magyar","9":"product_cat-online","10":"product_cat-tanfolyamok","11":"product_cat-uzlet-es-management","12":"product_tag-biggest-challenge","13":"product_tag-change-implementation","14":"product_tag-change-management","15":"product_tag-change-strategy","16":"product_tag-employee-resistance","17":"product_tag-human-eroforras","18":"product_tag-human-factor","19":"product_tag-human-resistance","20":"product_tag-management-issues","21":"product_tag-organizational-change","22":"product_tag-uzleti-atalakulas","23":"product_tag-vezetesfejlesztes","24":"pmpro-has-access","26":"first","27":"instock","28":"virtual","29":"sold-individually","30":"taxable","31":"purchasable","32":"product-type-course"},"yoast_head":"<!-- This site is optimized with the Yoast SEO plugin v25.8 - https:\/\/yoast.com\/wordpress\/plugins\/seo\/ -->\n<title>V\u00e1ltoz\u00e1sok T\u00e1mogat\u00e1sa - AgadoPro-Academy<\/title>\n<meta name=\"description\" content=\"Fedezze fel, hogyan jelentheti a legnagyobb kih\u00edv\u00e1st az ember a v\u00e1ltoz\u00e1smenedzsmentben, \u00e9s hogyan kezelhet\u0151 ez a probl\u00e9ma.\" \/>\n<meta name=\"robots\" content=\"index, follow, max-snippet:-1, max-image-preview:large, max-video-preview:-1\" \/>\n<link rel=\"canonical\" href=\"https:\/\/agadopro-academy.com\/hu\/termek\/valtozasok-tamogatasa\/\" \/>\n<meta property=\"og:locale\" content=\"hu_HU\" \/>\n<meta property=\"og:type\" content=\"article\" \/>\n<meta property=\"og:title\" content=\"V\u00e1ltoz\u00e1sok T\u00e1mogat\u00e1sa - AgadoPro-Academy\" \/>\n<meta property=\"og:description\" content=\"Fedezze fel, hogyan jelentheti a legnagyobb kih\u00edv\u00e1st az ember a v\u00e1ltoz\u00e1smenedzsmentben, \u00e9s hogyan kezelhet\u0151 ez a probl\u00e9ma.\" \/>\n<meta property=\"og:url\" content=\"https:\/\/agadopro-academy.com\/hu\/termek\/valtozasok-tamogatasa\/\" \/>\n<meta property=\"og:site_name\" content=\"AgadoPro-Academy\" \/>\n<meta property=\"article:modified_time\" content=\"2025-03-31T19:53:54+00:00\" \/>\n<meta property=\"og:image\" content=\"https:\/\/agadopro-academy.com\/wp-content\/uploads\/2024\/07\/80.jpg\" \/>\n\t<meta property=\"og:image:width\" content=\"1920\" \/>\n\t<meta property=\"og:image:height\" content=\"1080\" \/>\n\t<meta property=\"og:image:type\" content=\"image\/jpeg\" \/>\n<script type=\"application\/ld+json\" class=\"yoast-schema-graph\">{\"@context\":\"https:\/\/schema.org\",\"@graph\":[{\"@type\":\"WebPage\",\"@id\":\"https:\/\/agadopro-academy.com\/hu\/termek\/valtozasok-tamogatasa\/\",\"url\":\"https:\/\/agadopro-academy.com\/hu\/termek\/valtozasok-tamogatasa\/\",\"name\":\"V\u00e1ltoz\u00e1sok T\u00e1mogat\u00e1sa - AgadoPro-Academy\",\"isPartOf\":{\"@id\":\"https:\/\/agadopro-academy.com\/hu\/#website\"},\"primaryImageOfPage\":{\"@id\":\"https:\/\/agadopro-academy.com\/hu\/termek\/valtozasok-tamogatasa\/#primaryimage\"},\"image\":{\"@id\":\"https:\/\/agadopro-academy.com\/hu\/termek\/valtozasok-tamogatasa\/#primaryimage\"},\"thumbnailUrl\":\"https:\/\/i0.wp.com\/agadopro-academy.com\/wp-content\/uploads\/2024\/07\/80.jpg?fit=1920%2C1080&ssl=1\",\"datePublished\":\"2024-07-16T19:11:41+00:00\",\"dateModified\":\"2025-03-31T19:53:54+00:00\",\"description\":\"Fedezze fel, hogyan jelentheti a legnagyobb kih\u00edv\u00e1st az ember a v\u00e1ltoz\u00e1smenedzsmentben, \u00e9s hogyan kezelhet\u0151 ez a probl\u00e9ma.\",\"breadcrumb\":{\"@id\":\"https:\/\/agadopro-academy.com\/hu\/termek\/valtozasok-tamogatasa\/#breadcrumb\"},\"inLanguage\":\"hu\",\"potentialAction\":[{\"@type\":\"ReadAction\",\"target\":[\"https:\/\/agadopro-academy.com\/hu\/termek\/valtozasok-tamogatasa\/\"]}]},{\"@type\":\"ImageObject\",\"inLanguage\":\"hu\",\"@id\":\"https:\/\/agadopro-academy.com\/hu\/termek\/valtozasok-tamogatasa\/#primaryimage\",\"url\":\"https:\/\/i0.wp.com\/agadopro-academy.com\/wp-content\/uploads\/2024\/07\/80.jpg?fit=1920%2C1080&ssl=1\",\"contentUrl\":\"https:\/\/i0.wp.com\/agadopro-academy.com\/wp-content\/uploads\/2024\/07\/80.jpg?fit=1920%2C1080&ssl=1\",\"width\":1920,\"height\":1080},{\"@type\":\"BreadcrumbList\",\"@id\":\"https:\/\/agadopro-academy.com\/hu\/termek\/valtozasok-tamogatasa\/#breadcrumb\",\"itemListElement\":[{\"@type\":\"ListItem\",\"position\":1,\"name\":\"F\u0151oldal\",\"item\":\"https:\/\/agadopro-academy.com\/hu\/fooldal\/\"},{\"@type\":\"ListItem\",\"position\":2,\"name\":\"Shop\",\"item\":\"https:\/\/agadopro-academy.com\/hu\/shop\/\"},{\"@type\":\"ListItem\",\"position\":3,\"name\":\"V\u00e1ltoz\u00e1sok T\u00e1mogat\u00e1sa\"}]},{\"@type\":\"WebSite\",\"@id\":\"https:\/\/agadopro-academy.com\/hu\/#website\",\"url\":\"https:\/\/agadopro-academy.com\/hu\/\",\"name\":\"AgadoPro-Academy\",\"description\":\"Empowering Minds, Unlocking Potential\",\"publisher\":{\"@id\":\"https:\/\/agadopro-academy.com\/hu\/#organization\"},\"potentialAction\":[{\"@type\":\"SearchAction\",\"target\":{\"@type\":\"EntryPoint\",\"urlTemplate\":\"https:\/\/agadopro-academy.com\/hu\/?s={search_term_string}\"},\"query-input\":{\"@type\":\"PropertyValueSpecification\",\"valueRequired\":true,\"valueName\":\"search_term_string\"}}],\"inLanguage\":\"hu\"},{\"@type\":\"Organization\",\"@id\":\"https:\/\/agadopro-academy.com\/hu\/#organization\",\"name\":\"AgadoPro-Akad\u00e9mia\",\"url\":\"https:\/\/agadopro-academy.com\/hu\/\",\"logo\":{\"@type\":\"ImageObject\",\"inLanguage\":\"hu\",\"@id\":\"https:\/\/agadopro-academy.com\/hu\/#\/schema\/logo\/image\/\",\"url\":\"https:\/\/i0.wp.com\/agadopro-academy.com\/wp-content\/uploads\/2024\/11\/image003-e1732794537988.png?fit=500%2C207&ssl=1\",\"contentUrl\":\"https:\/\/i0.wp.com\/agadopro-academy.com\/wp-content\/uploads\/2024\/11\/image003-e1732794537988.png?fit=500%2C207&ssl=1\",\"width\":500,\"height\":207,\"caption\":\"AgadoPro-Akad\u00e9mia\"},\"image\":{\"@id\":\"https:\/\/agadopro-academy.com\/hu\/#\/schema\/logo\/image\/\"},\"sameAs\":[\"https:\/\/www.linkedin.com\/company\/agadopro-academy\/about\/?viewAsMember=true\"]}]}<\/script>\n<!-- \/ Yoast SEO plugin. -->","yoast_head_json":{"title":"V\u00e1ltoz\u00e1sok T\u00e1mogat\u00e1sa - AgadoPro-Academy","description":"Fedezze fel, hogyan jelentheti a legnagyobb kih\u00edv\u00e1st az ember a v\u00e1ltoz\u00e1smenedzsmentben, \u00e9s hogyan kezelhet\u0151 ez a probl\u00e9ma.","robots":{"index":"index","follow":"follow","max-snippet":"max-snippet:-1","max-image-preview":"max-image-preview:large","max-video-preview":"max-video-preview:-1"},"canonical":"https:\/\/agadopro-academy.com\/hu\/termek\/valtozasok-tamogatasa\/","og_locale":"hu_HU","og_type":"article","og_title":"V\u00e1ltoz\u00e1sok T\u00e1mogat\u00e1sa - AgadoPro-Academy","og_description":"Fedezze fel, hogyan jelentheti a legnagyobb kih\u00edv\u00e1st az ember a v\u00e1ltoz\u00e1smenedzsmentben, \u00e9s hogyan kezelhet\u0151 ez a probl\u00e9ma.","og_url":"https:\/\/agadopro-academy.com\/hu\/termek\/valtozasok-tamogatasa\/","og_site_name":"AgadoPro-Academy","article_modified_time":"2025-03-31T19:53:54+00:00","og_image":[{"width":1920,"height":1080,"url":"https:\/\/agadopro-academy.com\/wp-content\/uploads\/2024\/07\/80.jpg","type":"image\/jpeg"}],"schema":{"@context":"https:\/\/schema.org","@graph":[{"@type":"WebPage","@id":"https:\/\/agadopro-academy.com\/hu\/termek\/valtozasok-tamogatasa\/","url":"https:\/\/agadopro-academy.com\/hu\/termek\/valtozasok-tamogatasa\/","name":"V\u00e1ltoz\u00e1sok T\u00e1mogat\u00e1sa - AgadoPro-Academy","isPartOf":{"@id":"https:\/\/agadopro-academy.com\/hu\/#website"},"primaryImageOfPage":{"@id":"https:\/\/agadopro-academy.com\/hu\/termek\/valtozasok-tamogatasa\/#primaryimage"},"image":{"@id":"https:\/\/agadopro-academy.com\/hu\/termek\/valtozasok-tamogatasa\/#primaryimage"},"thumbnailUrl":"https:\/\/i0.wp.com\/agadopro-academy.com\/wp-content\/uploads\/2024\/07\/80.jpg?fit=1920%2C1080&ssl=1","datePublished":"2024-07-16T19:11:41+00:00","dateModified":"2025-03-31T19:53:54+00:00","description":"Fedezze fel, hogyan jelentheti a legnagyobb kih\u00edv\u00e1st az ember a v\u00e1ltoz\u00e1smenedzsmentben, \u00e9s hogyan kezelhet\u0151 ez a probl\u00e9ma.","breadcrumb":{"@id":"https:\/\/agadopro-academy.com\/hu\/termek\/valtozasok-tamogatasa\/#breadcrumb"},"inLanguage":"hu","potentialAction":[{"@type":"ReadAction","target":["https:\/\/agadopro-academy.com\/hu\/termek\/valtozasok-tamogatasa\/"]}]},{"@type":"ImageObject","inLanguage":"hu","@id":"https:\/\/agadopro-academy.com\/hu\/termek\/valtozasok-tamogatasa\/#primaryimage","url":"https:\/\/i0.wp.com\/agadopro-academy.com\/wp-content\/uploads\/2024\/07\/80.jpg?fit=1920%2C1080&ssl=1","contentUrl":"https:\/\/i0.wp.com\/agadopro-academy.com\/wp-content\/uploads\/2024\/07\/80.jpg?fit=1920%2C1080&ssl=1","width":1920,"height":1080},{"@type":"BreadcrumbList","@id":"https:\/\/agadopro-academy.com\/hu\/termek\/valtozasok-tamogatasa\/#breadcrumb","itemListElement":[{"@type":"ListItem","position":1,"name":"F\u0151oldal","item":"https:\/\/agadopro-academy.com\/hu\/fooldal\/"},{"@type":"ListItem","position":2,"name":"Shop","item":"https:\/\/agadopro-academy.com\/hu\/shop\/"},{"@type":"ListItem","position":3,"name":"V\u00e1ltoz\u00e1sok T\u00e1mogat\u00e1sa"}]},{"@type":"WebSite","@id":"https:\/\/agadopro-academy.com\/hu\/#website","url":"https:\/\/agadopro-academy.com\/hu\/","name":"AgadoPro-Academy","description":"Empowering Minds, Unlocking Potential","publisher":{"@id":"https:\/\/agadopro-academy.com\/hu\/#organization"},"potentialAction":[{"@type":"SearchAction","target":{"@type":"EntryPoint","urlTemplate":"https:\/\/agadopro-academy.com\/hu\/?s={search_term_string}"},"query-input":{"@type":"PropertyValueSpecification","valueRequired":true,"valueName":"search_term_string"}}],"inLanguage":"hu"},{"@type":"Organization","@id":"https:\/\/agadopro-academy.com\/hu\/#organization","name":"AgadoPro-Akad\u00e9mia","url":"https:\/\/agadopro-academy.com\/hu\/","logo":{"@type":"ImageObject","inLanguage":"hu","@id":"https:\/\/agadopro-academy.com\/hu\/#\/schema\/logo\/image\/","url":"https:\/\/i0.wp.com\/agadopro-academy.com\/wp-content\/uploads\/2024\/11\/image003-e1732794537988.png?fit=500%2C207&ssl=1","contentUrl":"https:\/\/i0.wp.com\/agadopro-academy.com\/wp-content\/uploads\/2024\/11\/image003-e1732794537988.png?fit=500%2C207&ssl=1","width":500,"height":207,"caption":"AgadoPro-Akad\u00e9mia"},"image":{"@id":"https:\/\/agadopro-academy.com\/hu\/#\/schema\/logo\/image\/"},"sameAs":["https:\/\/www.linkedin.com\/company\/agadopro-academy\/about\/?viewAsMember=true"]}]}},"jetpack_sharing_enabled":true,"jetpack-related-posts":[],"_links":{"self":[{"href":"https:\/\/agadopro-academy.com\/hu\/wp-json\/wp\/v2\/product\/19036","targetHints":{"allow":["GET"]}}],"collection":[{"href":"https:\/\/agadopro-academy.com\/hu\/wp-json\/wp\/v2\/product"}],"about":[{"href":"https:\/\/agadopro-academy.com\/hu\/wp-json\/wp\/v2\/types\/product"}],"replies":[{"embeddable":true,"href":"https:\/\/agadopro-academy.com\/hu\/wp-json\/wp\/v2\/comments?post=19036"}],"version-history":[{"count":16,"href":"https:\/\/agadopro-academy.com\/hu\/wp-json\/wp\/v2\/product\/19036\/revisions"}],"predecessor-version":[{"id":33755,"href":"https:\/\/agadopro-academy.com\/hu\/wp-json\/wp\/v2\/product\/19036\/revisions\/33755"}],"wp:featuredmedia":[{"embeddable":true,"href":"https:\/\/agadopro-academy.com\/hu\/wp-json\/wp\/v2\/media\/18988"}],"wp:attachment":[{"href":"https:\/\/agadopro-academy.com\/hu\/wp-json\/wp\/v2\/media?parent=19036"}],"wp:term":[{"taxonomy":"product_brand","embeddable":true,"href":"https:\/\/agadopro-academy.com\/hu\/wp-json\/wp\/v2\/product_brand?post=19036"},{"taxonomy":"product_cat","embeddable":true,"href":"https:\/\/agadopro-academy.com\/hu\/wp-json\/wp\/v2\/product_cat?post=19036"},{"taxonomy":"product_tag","embeddable":true,"href":"https:\/\/agadopro-academy.com\/hu\/wp-json\/wp\/v2\/product_tag?post=19036"}],"curies":[{"name":"wp","href":"https:\/\/api.w.org\/{rel}","templated":true}]}}