{"id":26475,"date":"2024-01-09T11:06:53","date_gmt":"2024-01-09T10:06:53","guid":{"rendered":"https:\/\/agadopro-academy.com\/regisztracio\/"},"modified":"2025-01-06T22:17:11","modified_gmt":"2025-01-06T21:17:11","slug":"regisztracio","status":"publish","type":"page","link":"https:\/\/agadopro-academy.com\/hu\/regisztracio\/","title":{"rendered":"Regisztr\u00e1ci\u00f3"},"content":{"rendered":"\t\t<div data-elementor-type=\"wp-page\" data-elementor-id=\"26475\" class=\"elementor elementor-26475 elementor-3077\" data-elementor-post-type=\"page\">\n\t\t\t\t\t\t<section class=\"elementor-section elementor-top-section elementor-element elementor-element-3a02cbbb elementor-section-stretched elementor-section-height-min-height elementor-section-boxed elementor-section-height-default elementor-section-items-middle\" data-id=\"3a02cbbb\" data-element_type=\"section\" data-settings=\"{&quot;stretch_section&quot;:&quot;section-stretched&quot;,&quot;background_background&quot;:&quot;classic&quot;,&quot;shape_divider_bottom&quot;:&quot;tilt&quot;,&quot;dotlife_ext_is_background_parallax&quot;:&quot;false&quot;,&quot;dotlife_ext_is_background_backdrop&quot;:&quot;false&quot;,&quot;dotlife_ext_is_background_on_scroll&quot;:&quot;false&quot;}\">\n\t\t\t\t\t\t\t<div class=\"elementor-background-overlay\"><\/div>\n\t\t\t\t\t\t<div class=\"elementor-shape elementor-shape-bottom\" aria-hidden=\"true\" data-negative=\"false\">\n\t\t\t<svg xmlns=\"http:\/\/www.w3.org\/2000\/svg\" viewBox=\"0 0 1000 100\" preserveAspectRatio=\"none\">\n\t<path class=\"elementor-shape-fill\" d=\"M0,6V0h1000v100L0,6z\"\/>\n<\/svg>\t\t<\/div>\n\t\t\t\t\t<div class=\"elementor-container elementor-column-gap-default\">\n\t\t\t\t\t<div class=\"elementor-column elementor-col-50 elementor-top-column elementor-element elementor-element-2c883200\" data-id=\"2c883200\" data-element_type=\"column\" data-settings=\"{&quot;dotlife_ext_link_sidemenu&quot;:&quot;false&quot;,&quot;dotlife_ext_link_fullmenu&quot;:&quot;false&quot;,&quot;dotlife_ext_link_closed_fullmenu&quot;:&quot;false&quot;,&quot;dotlife_ext_is_scrollme&quot;:&quot;false&quot;,&quot;dotlife_ext_is_smoove&quot;:&quot;false&quot;,&quot;dotlife_ext_is_parallax_mouse&quot;:&quot;false&quot;,&quot;dotlife_ext_is_infinite&quot;:&quot;false&quot;,&quot;dotlife_ext_is_fadeout_animation&quot;:&quot;false&quot;,&quot;dotlife_ext_mobile_static&quot;:&quot;false&quot;}\">\n\t\t\t<div class=\"elementor-widget-wrap elementor-element-populated\">\n\t\t\t\t\t\t<div class=\"elementor-element elementor-element-149d00f9 animated-fast elementor-invisible elementor-widget elementor-widget-text-editor\" data-id=\"149d00f9\" data-element_type=\"widget\" data-settings=\"{&quot;_animation&quot;:&quot;fadeInUp&quot;,&quot;_animation_delay&quot;:0,&quot;dotlife_ext_link_sidemenu&quot;:&quot;false&quot;,&quot;dotlife_ext_link_fullmenu&quot;:&quot;false&quot;,&quot;dotlife_ext_link_closed_fullmenu&quot;:&quot;false&quot;,&quot;dotlife_ext_is_scrollme&quot;:&quot;false&quot;,&quot;dotlife_ext_is_smoove&quot;:&quot;false&quot;,&quot;dotlife_ext_is_parallax_mouse&quot;:&quot;false&quot;,&quot;dotlife_ext_is_infinite&quot;:&quot;false&quot;,&quot;dotlife_ext_is_fadeout_animation&quot;:&quot;false&quot;,&quot;dotlife_ext_mobile_static&quot;:&quot;false&quot;}\" data-widget_type=\"text-editor.default\">\n\t\t\t\t<div class=\"elementor-widget-container\">\n\t\t\t\t\t\t\t\t\t<p>Regisztr\u00e1ci\u00f3<\/p>\n\t\t\t\t\t\t\t\t<\/div>\n\t\t\t\t<\/div>\n\t\t\t\t<div class=\"elementor-element elementor-element-7c7ac7eb animated-fast elementor-widget__width-initial elementor-invisible elementor-widget elementor-widget-heading\" data-id=\"7c7ac7eb\" data-element_type=\"widget\" data-settings=\"{&quot;_animation&quot;:&quot;fadeInUp&quot;,&quot;_animation_delay&quot;:200,&quot;dotlife_ext_link_sidemenu&quot;:&quot;false&quot;,&quot;dotlife_ext_link_fullmenu&quot;:&quot;false&quot;,&quot;dotlife_ext_link_closed_fullmenu&quot;:&quot;false&quot;,&quot;dotlife_ext_is_scrollme&quot;:&quot;false&quot;,&quot;dotlife_ext_is_smoove&quot;:&quot;false&quot;,&quot;dotlife_ext_is_parallax_mouse&quot;:&quot;false&quot;,&quot;dotlife_ext_is_infinite&quot;:&quot;false&quot;,&quot;dotlife_ext_is_fadeout_animation&quot;:&quot;false&quot;,&quot;dotlife_ext_mobile_static&quot;:&quot;false&quot;}\" data-widget_type=\"heading.default\">\n\t\t\t\t<div class=\"elementor-widget-container\">\n\t\t\t\t\t<span class=\"elementor-heading-title elementor-size-default\">\"A leghosszabb \u00fat is egyetlen l\u00e9p\u00e9ssel kezd\u0151dik\"<\/span>\t\t\t\t<\/div>\n\t\t\t\t<\/div>\n\t\t\t\t<div class=\"elementor-element elementor-element-3b6f1d28 animated-fast elementor-invisible elementor-widget elementor-widget-heading\" data-id=\"3b6f1d28\" data-element_type=\"widget\" data-settings=\"{&quot;_animation&quot;:&quot;fadeInUp&quot;,&quot;dotlife_ext_link_sidemenu&quot;:&quot;false&quot;,&quot;dotlife_ext_link_fullmenu&quot;:&quot;false&quot;,&quot;dotlife_ext_link_closed_fullmenu&quot;:&quot;false&quot;,&quot;dotlife_ext_is_scrollme&quot;:&quot;false&quot;,&quot;dotlife_ext_is_smoove&quot;:&quot;false&quot;,&quot;dotlife_ext_is_parallax_mouse&quot;:&quot;false&quot;,&quot;dotlife_ext_is_infinite&quot;:&quot;false&quot;,&quot;dotlife_ext_is_fadeout_animation&quot;:&quot;false&quot;,&quot;dotlife_ext_mobile_static&quot;:&quot;false&quot;}\" data-widget_type=\"heading.default\">\n\t\t\t\t<div class=\"elementor-widget-container\">\n\t\t\t\t\t<span class=\"elementor-heading-title elementor-size-default\">Patanjali<\/span>\t\t\t\t<\/div>\n\t\t\t\t<\/div>\n\t\t\t\t\t<\/div>\n\t\t<\/div>\n\t\t\t\t<div class=\"elementor-column elementor-col-50 elementor-top-column elementor-element elementor-element-6eea6d2f elementor-hidden-phone\" data-id=\"6eea6d2f\" data-element_type=\"column\" data-settings=\"{&quot;dotlife_ext_link_sidemenu&quot;:&quot;false&quot;,&quot;dotlife_ext_link_fullmenu&quot;:&quot;false&quot;,&quot;dotlife_ext_link_closed_fullmenu&quot;:&quot;false&quot;,&quot;dotlife_ext_is_scrollme&quot;:&quot;false&quot;,&quot;dotlife_ext_is_smoove&quot;:&quot;false&quot;,&quot;dotlife_ext_is_parallax_mouse&quot;:&quot;false&quot;,&quot;dotlife_ext_is_infinite&quot;:&quot;false&quot;,&quot;dotlife_ext_is_fadeout_animation&quot;:&quot;false&quot;,&quot;dotlife_ext_mobile_static&quot;:&quot;false&quot;}\">\n\t\t\t<div class=\"elementor-widget-wrap\">\n\t\t\t\t\t\t\t<\/div>\n\t\t<\/div>\n\t\t\t\t\t<\/div>\n\t\t<\/section>\n\t\t<div class=\"elementor-element elementor-element-4b8e2c1 e-flex e-con-boxed e-con e-parent\" data-id=\"4b8e2c1\" data-element_type=\"container\" data-settings=\"{&quot;dotlife_ext_is_background_parallax&quot;:&quot;false&quot;,&quot;dotlife_ext_is_background_backdrop&quot;:&quot;false&quot;,&quot;dotlife_ext_is_background_on_scroll&quot;:&quot;false&quot;,&quot;dotlife_ext_link_sidemenu&quot;:&quot;false&quot;,&quot;dotlife_ext_link_fullmenu&quot;:&quot;false&quot;,&quot;dotlife_ext_link_closed_fullmenu&quot;:&quot;false&quot;,&quot;dotlife_ext_is_scrollme&quot;:&quot;false&quot;,&quot;dotlife_ext_is_smoove&quot;:&quot;false&quot;,&quot;dotlife_ext_is_parallax_mouse&quot;:&quot;false&quot;,&quot;dotlife_ext_is_infinite&quot;:&quot;false&quot;,&quot;dotlife_ext_is_fadeout_animation&quot;:&quot;false&quot;,&quot;dotlife_ext_mobile_static&quot;:&quot;false&quot;}\">\n\t\t\t\t\t<div class=\"e-con-inner\">\n\t\t\t\t<div class=\"elementor-element elementor-element-48368fa elementor-widget elementor-widget-shortcode\" data-id=\"48368fa\" data-element_type=\"widget\" data-settings=\"{&quot;dotlife_ext_link_sidemenu&quot;:&quot;false&quot;,&quot;dotlife_ext_link_fullmenu&quot;:&quot;false&quot;,&quot;dotlife_ext_link_closed_fullmenu&quot;:&quot;false&quot;,&quot;dotlife_ext_is_scrollme&quot;:&quot;false&quot;,&quot;dotlife_ext_is_smoove&quot;:&quot;false&quot;,&quot;dotlife_ext_is_parallax_mouse&quot;:&quot;false&quot;,&quot;dotlife_ext_is_infinite&quot;:&quot;false&quot;,&quot;dotlife_ext_is_fadeout_animation&quot;:&quot;false&quot;,&quot;dotlife_ext_mobile_static&quot;:&quot;false&quot;}\" data-widget_type=\"shortcode.default\">\n\t\t\t\t<div class=\"elementor-widget-container\">\n\t\t\t\t\t\t\t<div class=\"elementor-shortcode\">\t\t\t\t\t<style>\r\n\t\t\t\t.pmpro_signup_form-hidelabels .pmpro_checkout-field label:first-child {\r\n\t\t\t\t\tclip: rect(1px, 1px, 1px, 1px);\r\n\t\t\t\t\tposition: absolute;\r\n\t\t\t\t\theight: 1px;\r\n\t\t\t\t\twidth: 1px;\r\n\t\t\t\t\toverflow: hidden\r\n\t\t\t\t}\r\n\t\t\t<\/style>\r\n\t\t\t\t\t\t<div class=\"pmpro\">\r\n\t\t\t\t<form id=\"pmpro_form\" class=\"pmpro_form pmpro_signup_form\" action=\"https:\/\/agadopro-academy.com\/hu\/tagsagi-szamla\/tagsag-penztar\/\" method=\"post\">\r\n\t\t\t\t\t<div class=\"pmpro_card\">\r\n\t\t\t\t\t\t\t\t\t\t\t\t\t\t<h2 class=\"pmpro_card_title pmpro_font-large\">Csatlakozz ma<\/h2>\r\n\t\t\t\t\t\t\t\t\t\t\t\t\t\t<div class=\"pmpro_card_content\">\r\n\t\t\t\t\t\t\t<input type=\"hidden\" id=\"level\" name=\"level\" value=\"9\" \/>\r\n\t\t\t\t\t\t\t<input type=\"hidden\" id=\"pmpro_signup_shortcode\" name=\"pmpro_signup_shortcode\" value=\"1\" \/>\r\n\t\t\t\t\t\t\t\t\t\t\t\t\t\t<div class=\"pmpro_form_fields\">\r\n\t\t\t\t\t\t\t\t\t\t\t\t\t\t\t\t\t\t\t\t\t\t\t\t\t\t\t\t\t\t\t\t\t\t\t<div class=\"pmpro_form_field pmpro_form_field-text pmpro_form_field-username\">\r\n\t\t\t\t\t\t\t\t\t\t\t<label for=\"username\" class=\"pmpro_form_label\">Username<\/label>\r\n\t\t\t\t\t\t\t\t\t\t\t<input id=\"username\" name=\"username\" type=\"text\" class=\"pmpro_form_input pmpro_form_input-text\" autocomplete=\"username\" value=\"\"  \/>\r\n\t\t\t\t\t\t\t\t\t\t<\/div> <!-- end pmpro_form_field-username -->\r\n\t\t\t\t\t\t\t\t\t\r\n\t\t\t\t\t\t\t\t\t\r\n\t\t\t\t\t\t\t\t\t\t\t\t\t\t\t\t\t\t\t<div class=\"pmpro_form_field pmpro_form_field-password\">\r\n\t\t\t\t\t\t\t\t\t\t\t<label for=\"password\" class=\"pmpro_form_label\">Password<\/label>\r\n\t\t\t\t\t\t\t\t\t\t\t<input type=\"password\" name=\"password\" id=\"password\" class=\"pmpro_form_input pmpro_form_input-password\" autocomplete=\"new-password\" spellcheck=\"false\" value=\"\"  \/>\r\n\t\t\t\t\t\t\t\t\t\t<\/div> <!-- end pmpro_form_field-password -->\r\n\t\t\t\t\t\t\t\t\t\r\n\t\t\t\t\t\t\t\t\t\t\t\t\t\t\t\t\t\t\t<div class=\"pmpro_form_field pmpro_form_field-password\">\r\n\t\t\t\t\t\t\t\t\t\t\t<label for=\"password2\" class=\"pmpro_form_label\">Confirm Password<\/label>\r\n\t\t\t\t\t\t\t\t\t\t\t<input type=\"password\" name=\"password2\" id=\"password2\" class=\"pmpro_form_input pmpro_form_input-password\" autocomplete=\"new-password\" spellcheck=\"false\" value=\"\"  \/>\r\n\t\t\t\t\t\t\t\t\t\t<\/div> <!-- end pmpro_form_field-password2 -->\r\n\t\t\t\t\t\t\t\t\t\r\n\t\t\t\t\t\t\t\t\t\t<div class=\"pmpro_form_field pmpro_form-strong-password-container\">\n\t\t<div id=\"pmprosp-container\" class=\"pmpro_form-strong-password-indicator\"><\/div>\n\t\t<p id=\"pmprosp-password-notice\" class=\"pmpro_form_hint\">Tan\u00e1cs: A jelsz\u00f3 legal\u00e1bb 12 karakter hossz\u00fas\u00e1g\u00fa legyen. A nehezebb kital\u00e1lhat\u00f3s\u00e1g \u00e9rdek\u00e9ben tartalmazzon kis \u00e9s nagy bet\u0171ket, sz\u00e1mokat \u00e9s k\u00fcl\u00f6nf\u00e9le k\u00fcl\u00f6nleges karaktereket, mint pl.:  ! &quot; ? $ % ^ &amp; ).<\/p>\n\t<\/div>\n\t\r\n\t\t\t\t\t\t\t\t\t<div class=\"pmpro_form_field pmpro_form_field-email pmpro_form_field-bemail\">\r\n\t\t\t\t\t\t\t\t\t\t<label for=\"bemail\" class=\"pmpro_form_label\">E-mail Address<\/label>\r\n\t\t\t\t\t\t\t\t\t\t<input id=\"bemail\" name=\"bemail\" type=\"email\" class=\"pmpro_form_input pmpro_form_input-email\" value=\"\"  \/>\r\n\t\t\t\t\t\t\t\t\t<\/div> <!-- end pmpro_form_field-bemail -->\r\n\r\n\t\t\t\t\t\t\t\t\t\t\t\t\t\t\t\t\t\t\t<div class=\"pmpro_form_field pmpro_form_field-email pmpro_form_field-bconfirmemail\">\r\n\t\t\t\t\t\t\t\t\t\t\t<label for=\"bconfirmemail\" class=\"pmpro_form_label\">Confirm E-mail<\/label>\r\n\t\t\t\t\t\t\t\t\t\t\t<input id=\"bconfirmemail\" name=\"bconfirmemail\" type=\"email\" class=\"pmpro_form_input pmpro_form_input-email\" value=\"\"  \/>\r\n\t\t\t\t\t\t\t\t\t\t<\/div> <!-- end pmpro_form_field-bconfirmemail -->\r\n\t\t\t\t\t\t\t\t\t\r\n\t\t\t\t\t\t\t\t\t<input type=\"hidden\" name=\"pmprosus_referrer\" value=\"\/hu\/wp-json\/wp\/v2\/pages\/26475\" \/>\r\n\r\n\t\t\t\t\t\t\t\t\t\r\n\t\t\t\t\t\t\t\t\t<input type=\"hidden\" name=\"redirect_to\" value=\"\" \/>\r\n\r\n\t\t\t\t\t\t\t\t\t\r\n\t\t\t\t\t\t\t\t\t<div class=\"pmpro_hidden\">\r\n\t\t\t\t\t\t\t\t\t\t<label for=\"fullname\">Full Name<\/label>\r\n\t\t\t\t\t\t\t\t\t\t<input id=\"fullname\" name=\"fullname\" type=\"text\" class=\"input\" size=\"30\" value=\"\" \/> <strong>LEAVE THIS BLANK<\/strong>\r\n\t\t\t\t\t\t\t\t\t<\/div>\r\n\r\n\t\t\t\t\t\t\t\t\r\n\t\t\t\t\t\t\t\t\r\n\t\t\t\t\t\t\t\t\r\n\t\t\t\t\t\t\t\t\r\n\t\t\t\t\t\t\t\t\t\t\t\t\t\t\t<\/div> <!-- end pmpro_form_fields -->\r\n\r\n\t\t\t\t\t\t\t\r\n\t\t\t\t\t\t\t\t\t\t\t\t\t\t\t<fieldset id=\"pmpro_tos_fields\" class=\"pmpro_form_fieldset\">\r\n\t\t\t\t\t\t\t\t\t<div class=\"pmpro_form_fields\">\r\n\t\t\t\t\t\t\t\t\t\t<div class=\"pmpro_form_field pmpro_form_field-checkbox\">\r\n\t\t\t\t\t\t\t\t\t\t\t<label class=\"pmpro_form_label pmpro_clickable\" for=\"tos\">\r\n\t\t\t\t\t\t\t\t\t\t\t\t<input type=\"checkbox\" name=\"tos\" value=\"1\" id=\"tos\" class=\"pmpro_form_input pmpro_form_input-checkbox\" \/>\r\n\t\t\t\t\t\t\t\t\t\t\t\tI agree to the <a href=\"https:\/\/agadopro-academy.com\/terms-of-service\/\" target=\"_blank\">Terms of Service<\/a>\t\t\t\t\t\t\t\t\t\t\t<\/label>\r\n\t\t\t\t\t\t\t\t\t\t<\/div> <!-- end pmpro_form_field-tos -->\r\n\t\t\t\t\t\t\t\t\t<\/div> <!-- end pmpro_form_fields -->\r\n\t\t\t\t\t\t\t\t<\/fieldset> <!-- end pmpro_tos_fields -->\r\n\t\t\t\t\t\t\t\t\r\n\t\t\t\t\t\t\t<input type=\"hidden\" id=\"pmpro_checkout_nonce\" name=\"pmpro_checkout_nonce\" value=\"fd1a1921dd\" \/><input type=\"hidden\" name=\"_wp_http_referer\" value=\"\/hu\/wp-json\/wp\/v2\/pages\/26475\" \/>\r\n\t\t\t\t\t\t\t<div class=\"pmpro_form_submit\">\r\n\t\t\t\t\t\t\t\t<span id=\"pmpro_submit_span\">\r\n\t\t\t\t\t\t\t\t\t<input type=\"hidden\" name=\"submit-checkout\" value=\"1\" \/>\r\n\t\t\t\t\t\t\t\t\t<input type=\"submit\" id=\"pmpro_btn-submit\" class=\"pmpro_btn pmpro_btn-submit-checkout\" value=\"Join the Community\" \/>\r\n\t\t\t\t\t\t\t\t<\/span>\r\n\t\t\t\t\t\t\t<\/div>\r\n\t\t\t\t\t\t\t\t\t\t\t\t\t<\/div> <!-- end pmpro_card_content -->\r\n\r\n\t\t\t\t\t\t\t\t\t\t\t<\/div> <!-- end pmpro_card -->\r\n\t\t\t\t<\/form> <!-- end pmpro_form -->\r\n\t\t\t\t\t\t\t<\/div> <!-- end pmpro -->\r\n\t\t\t<\/div>\n\t\t\t\t\t\t<\/div>\n\t\t\t\t<\/div>\n\t\t\t\t\t<\/div>\n\t\t\t\t<\/div>\n\t\t\t\t<\/div>\n\t\t","protected":false},"excerpt":{"rendered":"<p>Regisztr\u00e1ci\u00f3 &#8222;A leghosszabb \u00fat is egyetlen l\u00e9p\u00e9ssel kezd\u0151dik&#8221; Patanjali<\/p>\n","protected":false},"author":1,"featured_media":0,"parent":0,"menu_order":0,"comment_status":"closed","ping_status":"closed","template":"","meta":{"pmpro_default_level":"","footnotes":""},"class_list":["post-26475","page","type-page","status-publish","hentry","pmpro-has-access"],"yoast_head":"<!-- This site is optimized with the Yoast SEO plugin v25.8 - https:\/\/yoast.com\/wordpress\/plugins\/seo\/ -->\n<title>Regisztr\u00e1ci\u00f3 - AgadoPro-Academy<\/title>\n<meta name=\"robots\" content=\"index, follow, max-snippet:-1, max-image-preview:large, max-video-preview:-1\" \/>\n<link rel=\"canonical\" href=\"https:\/\/agadopro-academy.com\/hu\/regisztracio\/\" \/>\n<meta property=\"og:locale\" content=\"hu_HU\" \/>\n<meta property=\"og:type\" content=\"article\" \/>\n<meta property=\"og:title\" content=\"Regisztr\u00e1ci\u00f3 - AgadoPro-Academy\" \/>\n<meta property=\"og:description\" content=\"Regisztr\u00e1ci\u00f3 &#8222;A leghosszabb \u00fat is egyetlen l\u00e9p\u00e9ssel kezd\u0151dik&#8221; Patanjali\" \/>\n<meta property=\"og:url\" content=\"https:\/\/agadopro-academy.com\/hu\/regisztracio\/\" \/>\n<meta property=\"og:site_name\" content=\"AgadoPro-Academy\" \/>\n<meta property=\"article:modified_time\" content=\"2025-01-06T21:17:11+00:00\" \/>\n<script type=\"application\/ld+json\" class=\"yoast-schema-graph\">{\"@context\":\"https:\/\/schema.org\",\"@graph\":[{\"@type\":\"WebPage\",\"@id\":\"https:\/\/agadopro-academy.com\/hu\/regisztracio\/\",\"url\":\"https:\/\/agadopro-academy.com\/hu\/regisztracio\/\",\"name\":\"Regisztr\u00e1ci\u00f3 - AgadoPro-Academy\",\"isPartOf\":{\"@id\":\"https:\/\/agadopro-academy.com\/hu\/#website\"},\"datePublished\":\"2024-01-09T10:06:53+00:00\",\"dateModified\":\"2025-01-06T21:17:11+00:00\",\"breadcrumb\":{\"@id\":\"https:\/\/agadopro-academy.com\/hu\/regisztracio\/#breadcrumb\"},\"inLanguage\":\"hu\",\"potentialAction\":[{\"@type\":\"ReadAction\",\"target\":[\"https:\/\/agadopro-academy.com\/hu\/regisztracio\/\"]}]},{\"@type\":\"BreadcrumbList\",\"@id\":\"https:\/\/agadopro-academy.com\/hu\/regisztracio\/#breadcrumb\",\"itemListElement\":[{\"@type\":\"ListItem\",\"position\":1,\"name\":\"F\u0151oldal\",\"item\":\"https:\/\/agadopro-academy.com\/hu\/fooldal\/\"},{\"@type\":\"ListItem\",\"position\":2,\"name\":\"Regisztr\u00e1ci\u00f3\"}]},{\"@type\":\"WebSite\",\"@id\":\"https:\/\/agadopro-academy.com\/hu\/#website\",\"url\":\"https:\/\/agadopro-academy.com\/hu\/\",\"name\":\"AgadoPro-Academy\",\"description\":\"Empowering Minds, Unlocking Potential\",\"publisher\":{\"@id\":\"https:\/\/agadopro-academy.com\/hu\/#organization\"},\"potentialAction\":[{\"@type\":\"SearchAction\",\"target\":{\"@type\":\"EntryPoint\",\"urlTemplate\":\"https:\/\/agadopro-academy.com\/hu\/?s={search_term_string}\"},\"query-input\":{\"@type\":\"PropertyValueSpecification\",\"valueRequired\":true,\"valueName\":\"search_term_string\"}}],\"inLanguage\":\"hu\"},{\"@type\":\"Organization\",\"@id\":\"https:\/\/agadopro-academy.com\/hu\/#organization\",\"name\":\"AgadoPro-Akad\u00e9mia\",\"url\":\"https:\/\/agadopro-academy.com\/hu\/\",\"logo\":{\"@type\":\"ImageObject\",\"inLanguage\":\"hu\",\"@id\":\"https:\/\/agadopro-academy.com\/hu\/#\/schema\/logo\/image\/\",\"url\":\"https:\/\/i0.wp.com\/agadopro-academy.com\/wp-content\/uploads\/2024\/11\/image003-e1732794537988.png?fit=500%2C207&ssl=1\",\"contentUrl\":\"https:\/\/i0.wp.com\/agadopro-academy.com\/wp-content\/uploads\/2024\/11\/image003-e1732794537988.png?fit=500%2C207&ssl=1\",\"width\":500,\"height\":207,\"caption\":\"AgadoPro-Akad\u00e9mia\"},\"image\":{\"@id\":\"https:\/\/agadopro-academy.com\/hu\/#\/schema\/logo\/image\/\"},\"sameAs\":[\"https:\/\/www.linkedin.com\/company\/agadopro-academy\/about\/?viewAsMember=true\"]}]}<\/script>\n<!-- \/ Yoast SEO plugin. -->","yoast_head_json":{"title":"Regisztr\u00e1ci\u00f3 - AgadoPro-Academy","robots":{"index":"index","follow":"follow","max-snippet":"max-snippet:-1","max-image-preview":"max-image-preview:large","max-video-preview":"max-video-preview:-1"},"canonical":"https:\/\/agadopro-academy.com\/hu\/regisztracio\/","og_locale":"hu_HU","og_type":"article","og_title":"Regisztr\u00e1ci\u00f3 - AgadoPro-Academy","og_description":"Regisztr\u00e1ci\u00f3 &#8222;A leghosszabb \u00fat is egyetlen l\u00e9p\u00e9ssel kezd\u0151dik&#8221; Patanjali","og_url":"https:\/\/agadopro-academy.com\/hu\/regisztracio\/","og_site_name":"AgadoPro-Academy","article_modified_time":"2025-01-06T21:17:11+00:00","schema":{"@context":"https:\/\/schema.org","@graph":[{"@type":"WebPage","@id":"https:\/\/agadopro-academy.com\/hu\/regisztracio\/","url":"https:\/\/agadopro-academy.com\/hu\/regisztracio\/","name":"Regisztr\u00e1ci\u00f3 - AgadoPro-Academy","isPartOf":{"@id":"https:\/\/agadopro-academy.com\/hu\/#website"},"datePublished":"2024-01-09T10:06:53+00:00","dateModified":"2025-01-06T21:17:11+00:00","breadcrumb":{"@id":"https:\/\/agadopro-academy.com\/hu\/regisztracio\/#breadcrumb"},"inLanguage":"hu","potentialAction":[{"@type":"ReadAction","target":["https:\/\/agadopro-academy.com\/hu\/regisztracio\/"]}]},{"@type":"BreadcrumbList","@id":"https:\/\/agadopro-academy.com\/hu\/regisztracio\/#breadcrumb","itemListElement":[{"@type":"ListItem","position":1,"name":"F\u0151oldal","item":"https:\/\/agadopro-academy.com\/hu\/fooldal\/"},{"@type":"ListItem","position":2,"name":"Regisztr\u00e1ci\u00f3"}]},{"@type":"WebSite","@id":"https:\/\/agadopro-academy.com\/hu\/#website","url":"https:\/\/agadopro-academy.com\/hu\/","name":"AgadoPro-Academy","description":"Empowering Minds, Unlocking Potential","publisher":{"@id":"https:\/\/agadopro-academy.com\/hu\/#organization"},"potentialAction":[{"@type":"SearchAction","target":{"@type":"EntryPoint","urlTemplate":"https:\/\/agadopro-academy.com\/hu\/?s={search_term_string}"},"query-input":{"@type":"PropertyValueSpecification","valueRequired":true,"valueName":"search_term_string"}}],"inLanguage":"hu"},{"@type":"Organization","@id":"https:\/\/agadopro-academy.com\/hu\/#organization","name":"AgadoPro-Akad\u00e9mia","url":"https:\/\/agadopro-academy.com\/hu\/","logo":{"@type":"ImageObject","inLanguage":"hu","@id":"https:\/\/agadopro-academy.com\/hu\/#\/schema\/logo\/image\/","url":"https:\/\/i0.wp.com\/agadopro-academy.com\/wp-content\/uploads\/2024\/11\/image003-e1732794537988.png?fit=500%2C207&ssl=1","contentUrl":"https:\/\/i0.wp.com\/agadopro-academy.com\/wp-content\/uploads\/2024\/11\/image003-e1732794537988.png?fit=500%2C207&ssl=1","width":500,"height":207,"caption":"AgadoPro-Akad\u00e9mia"},"image":{"@id":"https:\/\/agadopro-academy.com\/hu\/#\/schema\/logo\/image\/"},"sameAs":["https:\/\/www.linkedin.com\/company\/agadopro-academy\/about\/?viewAsMember=true"]}]}},"jetpack_sharing_enabled":true,"jetpack-related-posts":[],"_links":{"self":[{"href":"https:\/\/agadopro-academy.com\/hu\/wp-json\/wp\/v2\/pages\/26475","targetHints":{"allow":["GET"]}}],"collection":[{"href":"https:\/\/agadopro-academy.com\/hu\/wp-json\/wp\/v2\/pages"}],"about":[{"href":"https:\/\/agadopro-academy.com\/hu\/wp-json\/wp\/v2\/types\/page"}],"author":[{"embeddable":true,"href":"https:\/\/agadopro-academy.com\/hu\/wp-json\/wp\/v2\/users\/1"}],"replies":[{"embeddable":true,"href":"https:\/\/agadopro-academy.com\/hu\/wp-json\/wp\/v2\/comments?post=26475"}],"version-history":[{"count":1,"href":"https:\/\/agadopro-academy.com\/hu\/wp-json\/wp\/v2\/pages\/26475\/revisions"}],"predecessor-version":[{"id":26476,"href":"https:\/\/agadopro-academy.com\/hu\/wp-json\/wp\/v2\/pages\/26475\/revisions\/26476"}],"wp:attachment":[{"href":"https:\/\/agadopro-academy.com\/hu\/wp-json\/wp\/v2\/media?parent=26475"}],"curies":[{"name":"wp","href":"https:\/\/api.w.org\/{rel}","templated":true}]}}