{"id":33319,"date":"2025-03-12T20:47:32","date_gmt":"2025-03-12T19:47:32","guid":{"rendered":"https:\/\/agadopro-academy.com\/?post_type=product&#038;p=33319"},"modified":"2025-04-08T13:13:07","modified_gmt":"2025-04-08T11:13:07","slug":"digitalisierung-3-9-wichtige-schritte-vor-industrie-4-0","status":"publish","type":"product","link":"https:\/\/agadopro-academy.com\/de\/produkt\/digitalisierung-3-9-wichtige-schritte-vor-industrie-4-0\/","title":{"rendered":"Digitalisierung 3.9"},"content":{"rendered":"<h1>Willkommen zum Program &#8222;Digitalisierung 3.9 &#8211; Kritische Schritte vor Industrie 4.0!\ud83d\ude80<\/h1>\n<div class=\"@thread-xl\/thread:pt-header-height mt-1.5 flex flex-col text-sm\">\n<article class=\"text-token-text-primary w-full\" dir=\"auto\" data-testid=\"conversation-turn-176\" data-scroll-anchor=\"false\">\n<div class=\"text-base my-auto mx-auto py-5 px-6\">\n<div class=\"mx-auto flex flex-1 text-base gap-4 md:gap-5 lg:gap-6 md:max-w-3xl lg:max-w-[40rem] xl:max-w-[48rem] group\/turn-messages focus-visible:outline-hidden\" tabindex=\"-1\">\n<div class=\"group\/conversation-turn relative flex w-full min-w-0 flex-col agent-turn @xs\/thread:px-0 @sm\/thread:px-1.5 @md\/thread:px-4\">\n<div class=\"relative flex-col gap-1 md:gap-3\">\n<div class=\"flex max-w-full flex-col grow\">\n<div class=\"min-h-8 text-message relative flex w-full flex-col items-end gap-2 text-start break-words whitespace-normal [.text-message+&amp;]:mt-5\" dir=\"auto\" data-message-author-role=\"assistant\" data-message-id=\"6ad6589a-049d-464f-af47-3c33c8b61301\" data-message-model-slug=\"gpt-4o\">\n<div class=\"flex w-full flex-col gap-1 empty:hidden first:pt-[3px]\">\n<div class=\"markdown prose dark:prose-invert w-full break-words light\">\n<p data-start=\"0\" data-end=\"290\">Ein praxisorientiertes Entwicklungspaket f\u00fcr Unternehmen, die ihre Prozesse, Teams und Entscheidungsstrukturen gezielt auf eine nachhaltige Digitalisierung vorbereiten m\u00f6chten.<\/p>\n<p class=\"\" data-start=\"292\" data-end=\"587\">Dieses Programm richtet sich an Fach- und F\u00fchrungskr\u00e4fte, die nicht einfach \u201edigitalisieren\u201c, sondern zuerst <strong><em>ihr organisatorisches Fundament<\/em><\/strong> st\u00e4rken wollen.<br data-start=\"448\" data-end=\"451\" \/>Durch strukturierte Module, praxisnahe Aufgaben und individuelle Beratung begleiten wir Sie bei der Transformation von innen nach au\u00dfen.<\/p>\n<h3 data-start=\"589\" data-end=\"711\">\ud83d\udc65 <strong data-start=\"592\" data-end=\"634\">Gruppengr\u00f6\u00dfe: max. 12 Teilnehmer:innen<\/strong><\/h3>\n<p class=\"\" data-start=\"589\" data-end=\"711\">Kleine Gruppen sorgen f\u00fcr intensiven Austausch und individuelle Betreuung.<\/p>\n<p data-start=\"713\" data-end=\"908\">\ud83d\udd37 <strong data-start=\"716\" data-end=\"759\">7-w\u00f6chiges Online-Training (7\u00d71,5 Std.)<\/strong><\/p>\n<p data-start=\"713\" data-end=\"908\">In w\u00f6chentlichen Live-Sessions bearbeiten wir Schl\u00fcsselthemen rund um Prozessoptimierung, Kommunikation und datenbasierte Entscheidungsstrukturen.<\/p>\n<p data-start=\"910\" data-end=\"962\"><strong data-start=\"910\" data-end=\"962\">Themen\u00fcbersicht \u2013 7 Wochen, 7 Schl\u00fcsselbereiche:<\/strong><\/p>\n<p class=\"\" data-start=\"964\" data-end=\"1350\">1\ufe0f\u20e3 Organisationsstrukturen, Teamdynamik &amp; Kommunikation<br data-start=\"1020\" data-end=\"1023\" \/>2\ufe0f\u20e3 Performance Control System &amp; Verantwortungslogik<br data-start=\"1075\" data-end=\"1078\" \/>3\ufe0f\u20e3 KPI-Definition, Priorisierung &amp; Visualisierung<br data-start=\"1128\" data-end=\"1131\" \/>4\ufe0f\u20e3 Dashboard-Nutzung &amp; datenbasierte Entscheidungen<br data-start=\"1183\" data-end=\"1186\" \/>5\ufe0f\u20e3 Prozessoptimierung &amp; Effizienzsteigerung<br data-start=\"1230\" data-end=\"1233\" \/>6\ufe0f\u20e3 Probleml\u00f6sungsstrategien &amp; kontinuierliche Verbesserung<br data-start=\"1292\" data-end=\"1295\" \/>7\ufe0f\u20e3 F\u00fchrung in der Transformation &amp; Change-Begleitung<\/p>\n<p data-start=\"1352\" data-end=\"1402\">\ud83c\udf81 <strong data-start=\"1355\" data-end=\"1402\">Zusatzangebote \u2013 f\u00fcr nachhaltige Umsetzung:<\/strong><\/p>\n<p class=\"\" data-start=\"1404\" data-end=\"1589\">\u2b50 <strong data-start=\"1406\" data-end=\"1459\">+ 3 individuelle Beratungseinheiten (je 1 Stunde)<\/strong><br data-start=\"1459\" data-end=\"1462\" \/>\u2013 Praxisnahe Unterst\u00fctzung bei unternehmensspezifischen Herausforderungen<br data-start=\"1535\" data-end=\"1538\" \/>\u2013 Zielgerichtete Reflexion &amp; Strategieentwicklung<\/p>\n<p class=\"\" data-start=\"1591\" data-end=\"1736\">\u2b50 <strong data-start=\"1593\" data-end=\"1628\">+ MentoRING-Programm (3 Monate)<\/strong><br data-start=\"1628\" data-end=\"1631\" \/>\u2013 Follow-up-Format zur Anwendung &amp; Umsetzung im Alltag<br data-start=\"1685\" data-end=\"1688\" \/>\u2013 Austausch, Feedback und gemeinsame Lernreise<\/p>\n<p data-start=\"1738\" data-end=\"2037\">\ud83c\udfaf <strong data-start=\"1741\" data-end=\"1779\">F\u00fcr wen ist das Programm geeignet?<\/strong><\/p>\n<p data-start=\"1738\" data-end=\"2037\">\ud83d\udd39 F\u00fcr operative F\u00fchrungskr\u00e4fte in Produktion, Logistik &amp; Administration<br data-start=\"1858\" data-end=\"1861\" \/>\ud83d\udd39 F\u00fcr Entscheider:innen, die Klarheit &amp; Struktur vor Digitalisierung schaffen m\u00f6chten<br data-start=\"1947\" data-end=\"1950\" \/>\ud83d\udd39 F\u00fcr alle, die digitale Reife bewusst vorbereiten wollen, statt ins Risiko zu gehen<\/p>\n<p class=\"\" data-start=\"2039\" data-end=\"2118\">\ud83d\udcc5 <strong data-start=\"2042\" data-end=\"2052\">Start: 22. Mai 2025<\/strong><\/p>\n<p class=\"\" data-start=\"2039\" data-end=\"2118\"><br data-start=\"2061\" data-end=\"2064\" \/>\u23f3 <strong data-start=\"2066\" data-end=\"2082\">Gesamtdauer:<\/strong> 7 Woche + 3 Monate <strong>MentoRING-Program<\/strong> (Follow-up)<\/p>\n<p class=\"\" data-start=\"2120\" data-end=\"2210\">\u2705 <strong data-start=\"2122\" data-end=\"2136\">Resultate:<\/strong> klare Prozesse, wirksame Meetings, echte Datennutzung, motivierte Teams<\/p>\n<p class=\"\" data-start=\"2212\" data-end=\"2404\">\ud83d\ude80 <strong data-start=\"2215\" data-end=\"2256\">Mehr als ein Digitalisierungstraining<\/strong> \u2013 Es ist Ihr Fahrplan zur gezielten, kosteneffizienten Transformation.<br data-start=\"2327\" data-end=\"2330\" \/>\ud83d\udc49 Jetzt anmelden \u2013 und Ihre Organisation auf Digitalisierung vorbereiten!<\/p>\n<\/div>\n<\/div>\n<\/div>\n<\/div>\n<\/div>\n<\/div>\n<\/div>\n<\/div>\n<\/article>\n<\/div>\n<p><em><strong>\ud83d\ude80 Bauen Sie effiziente, datengesteuerte Gesch\u00e4ftsabl\u00e4ufe auf und erzielen Sie messbare Gesch\u00e4ftsergebnisse!<\/strong><\/em><\/p>\n","protected":false},"excerpt":{"rendered":"<p class=\"\" data-start=\"0\" data-end=\"76\"><strong data-start=\"0\" data-end=\"76\">Digitalisierung 3.9 \u2013 Ihr Fundament f\u00fcr eine erfolgreiche Transformation<\/strong><\/p>\n<p data-start=\"78\" data-end=\"352\">\ud83d\udcc5 <strong data-start=\"2042\" data-end=\"2052\">Start: 22. Mai 2025<\/strong><\/p>\n<p class=\"\" data-start=\"78\" data-end=\"352\">Dieses Programm ist f\u00fcr alle, die Digitalisierung nicht als technisches Projekt, sondern als ganzheitlichen Organisationswandel verstehen.<br data-start=\"216\" data-end=\"219\" \/>Wir bereiten Ihr Team, Ihre Prozesse und Ihre Entscheidungsstrukturen systematisch vor \u2013 bevor Sie in teure Technologien investieren.<\/p>\n<p class=\"\" data-start=\"354\" data-end=\"475\">\u2705 Strukturierte Prozesse<br data-start=\"378\" data-end=\"381\" \/>\u2705 Klare Verantwortlichkeiten<br data-start=\"409\" data-end=\"412\" \/>\u2705 Wirksame KPIs &amp; Dashboards<br data-start=\"440\" data-end=\"443\" \/>\u2705 Motivierte, eingebundene Teams<\/p>\n<p class=\"\" data-start=\"477\" data-end=\"575\">\ud83c\udfaf F\u00fcr Unternehmen, die nicht digitalisieren, um Probleme zu verstecken \u2013 sondern um sie zu l\u00f6sen.<\/p>\n<hr class=\"\" data-start=\"577\" data-end=\"580\" \/>\n<p class=\"\" data-start=\"582\" data-end=\"764\">\ud83c\udf81 <strong data-start=\"585\" data-end=\"634\">Unser Paketangebot f\u00fcr nachhaltige Umsetzung:<\/strong><br data-start=\"634\" data-end=\"637\" \/>\ud83d\udd39 7 Live-Module \u00e0 90 Minuten<br data-start=\"666\" data-end=\"669\" \/>\ud83d\udd39 3 individuelle Beratungssitzungen<br data-start=\"705\" data-end=\"708\" \/>\ud83d\udd39 3-monatiges MentoRING-Programm zur Praxisbegleitung<\/p>\n<p class=\"\" data-start=\"766\" data-end=\"850\"><strong data-start=\"766\" data-end=\"850\" data-is-last-node=\"\">\ud83d\udc49 Jetzt teilnehmen und Ihre Organisation von innen heraus digital stark machen!<\/strong><\/p>\n","protected":false},"featured_media":33243,"comment_status":"open","ping_status":"closed","template":"","meta":{"pmpro_default_level":""},"product_brand":[],"product_cat":[1960,1955,2590,2751,1964,2862,1966],"product_tag":[2477,2480,2471,2474,2476,2470,2701,2702,2469,2920,2918,2464,2919,2712,2713,2729,2462,2468,2453,2692,2452],"class_list":{"0":"post-33319","1":"product","2":"type-product","3":"status-publish","4":"has-post-thumbnail","6":"product_cat-business-und-management","7":"product_cat-coaching-de","8":"product_cat-deutsch","9":"product_cat-entwicklung-der-produktion","10":"product_cat-fertigungsentwicklung","11":"product_cat-online-de","12":"product_cat-projektbasierte-beratung","13":"product_tag-1zu1-coaching","14":"product_tag-beratung","15":"product_tag-berufliche-entwicklung","16":"product_tag-business-losungen","17":"product_tag-coaching-de","18":"product_tag-coaching-fur-fuhrungskrafte","19":"product_tag-confidence-building-de","20":"product_tag-emotional-intelligence-de","21":"product_tag-kommunikationsfahigkeiten","22":"product_tag-kpi","23":"product_tag-management-system","24":"product_tag-operative-effizienz","25":"product_tag-performance-control-system","26":"product_tag-personal-goals-de","27":"product_tag-personal-growth-de","28":"product_tag-personal-progress-de","29":"product_tag-professionelle-beratung","30":"product_tag-projekt-beratungsdienste","31":"product_tag-unternehmensberatung","32":"product_tag-unternehmensumwandlung","33":"product_tag-verbesserung-der-geschaftsprozesse","34":"pmpro-has-access","36":"first","37":"instock","38":"virtual","39":"taxable","40":"purchasable","41":"product-type-simple"},"yoast_head":"<!-- This site is optimized with the Yoast SEO plugin v25.8 - https:\/\/yoast.com\/wordpress\/plugins\/seo\/ -->\n<title>Digitalisierung 3.9 - AgadoPro-Academy<\/title>\n<meta name=\"description\" content=\"Bereiten Sie Ihr Unternehmen auf Industrie 4.0 vor! Lernen Sie Digitalisierung 3.9, KPI-Definition und erfolgreiche Implementierungsstrategien!\" \/>\n<meta name=\"robots\" content=\"index, follow, max-snippet:-1, max-image-preview:large, max-video-preview:-1\" \/>\n<link rel=\"canonical\" href=\"https:\/\/agadopro-academy.com\/de\/produkt\/digitalisierung-3-9-wichtige-schritte-vor-industrie-4-0\/\" \/>\n<meta property=\"og:locale\" content=\"de_DE\" \/>\n<meta property=\"og:type\" content=\"article\" \/>\n<meta property=\"og:title\" content=\"Digitalisierung 3.9 - AgadoPro-Academy\" \/>\n<meta property=\"og:description\" content=\"Bereiten Sie Ihr Unternehmen auf Industrie 4.0 vor! Lernen Sie Digitalisierung 3.9, KPI-Definition und erfolgreiche Implementierungsstrategien!\" \/>\n<meta property=\"og:url\" content=\"https:\/\/agadopro-academy.com\/de\/produkt\/digitalisierung-3-9-wichtige-schritte-vor-industrie-4-0\/\" \/>\n<meta property=\"og:site_name\" content=\"AgadoPro-Academy\" \/>\n<meta property=\"article:modified_time\" content=\"2025-04-08T11:13:07+00:00\" \/>\n<meta property=\"og:image\" content=\"https:\/\/agadopro-academy.com\/wp-content\/uploads\/2025\/03\/Bejegyzesekhez-kep-2-40.jpg\" \/>\n\t<meta property=\"og:image:width\" content=\"1280\" \/>\n\t<meta property=\"og:image:height\" content=\"720\" \/>\n\t<meta property=\"og:image:type\" content=\"image\/jpeg\" \/>\n<script type=\"application\/ld+json\" class=\"yoast-schema-graph\">{\"@context\":\"https:\/\/schema.org\",\"@graph\":[{\"@type\":\"WebPage\",\"@id\":\"https:\/\/agadopro-academy.com\/de\/produkt\/digitalisierung-3-9-wichtige-schritte-vor-industrie-4-0\/\",\"url\":\"https:\/\/agadopro-academy.com\/de\/produkt\/digitalisierung-3-9-wichtige-schritte-vor-industrie-4-0\/\",\"name\":\"Digitalisierung 3.9 - AgadoPro-Academy\",\"isPartOf\":{\"@id\":\"https:\/\/agadopro-academy.com\/de\/#website\"},\"primaryImageOfPage\":{\"@id\":\"https:\/\/agadopro-academy.com\/de\/produkt\/digitalisierung-3-9-wichtige-schritte-vor-industrie-4-0\/#primaryimage\"},\"image\":{\"@id\":\"https:\/\/agadopro-academy.com\/de\/produkt\/digitalisierung-3-9-wichtige-schritte-vor-industrie-4-0\/#primaryimage\"},\"thumbnailUrl\":\"https:\/\/i0.wp.com\/agadopro-academy.com\/wp-content\/uploads\/2025\/03\/Bejegyzesekhez-kep-2-40.jpg?fit=1280%2C720&ssl=1\",\"datePublished\":\"2025-03-12T19:47:32+00:00\",\"dateModified\":\"2025-04-08T11:13:07+00:00\",\"description\":\"Bereiten Sie Ihr Unternehmen auf Industrie 4.0 vor! Lernen Sie Digitalisierung 3.9, KPI-Definition und erfolgreiche Implementierungsstrategien!\",\"breadcrumb\":{\"@id\":\"https:\/\/agadopro-academy.com\/de\/produkt\/digitalisierung-3-9-wichtige-schritte-vor-industrie-4-0\/#breadcrumb\"},\"inLanguage\":\"de\",\"potentialAction\":[{\"@type\":\"ReadAction\",\"target\":[\"https:\/\/agadopro-academy.com\/de\/produkt\/digitalisierung-3-9-wichtige-schritte-vor-industrie-4-0\/\"]}]},{\"@type\":\"ImageObject\",\"inLanguage\":\"de\",\"@id\":\"https:\/\/agadopro-academy.com\/de\/produkt\/digitalisierung-3-9-wichtige-schritte-vor-industrie-4-0\/#primaryimage\",\"url\":\"https:\/\/i0.wp.com\/agadopro-academy.com\/wp-content\/uploads\/2025\/03\/Bejegyzesekhez-kep-2-40.jpg?fit=1280%2C720&ssl=1\",\"contentUrl\":\"https:\/\/i0.wp.com\/agadopro-academy.com\/wp-content\/uploads\/2025\/03\/Bejegyzesekhez-kep-2-40.jpg?fit=1280%2C720&ssl=1\",\"width\":\"1280\",\"height\":\"720\"},{\"@type\":\"BreadcrumbList\",\"@id\":\"https:\/\/agadopro-academy.com\/de\/produkt\/digitalisierung-3-9-wichtige-schritte-vor-industrie-4-0\/#breadcrumb\",\"itemListElement\":[{\"@type\":\"ListItem\",\"position\":1,\"name\":\"Startseite\",\"item\":\"https:\/\/agadopro-academy.com\/de\/startseite\/\"},{\"@type\":\"ListItem\",\"position\":2,\"name\":\"Shop\",\"item\":\"https:\/\/agadopro-academy.com\/de\/shop\/\"},{\"@type\":\"ListItem\",\"position\":3,\"name\":\"Digitalisierung 3.9\"}]},{\"@type\":\"WebSite\",\"@id\":\"https:\/\/agadopro-academy.com\/de\/#website\",\"url\":\"https:\/\/agadopro-academy.com\/de\/\",\"name\":\"AgadoPro-Academy\",\"description\":\"Empowering Minds, Unlocking Potential\",\"publisher\":{\"@id\":\"https:\/\/agadopro-academy.com\/de\/#organization\"},\"potentialAction\":[{\"@type\":\"SearchAction\",\"target\":{\"@type\":\"EntryPoint\",\"urlTemplate\":\"https:\/\/agadopro-academy.com\/de\/?s={search_term_string}\"},\"query-input\":{\"@type\":\"PropertyValueSpecification\",\"valueRequired\":true,\"valueName\":\"search_term_string\"}}],\"inLanguage\":\"de\"},{\"@type\":\"Organization\",\"@id\":\"https:\/\/agadopro-academy.com\/de\/#organization\",\"name\":\"AgadoPro-Akademie\",\"url\":\"https:\/\/agadopro-academy.com\/de\/\",\"logo\":{\"@type\":\"ImageObject\",\"inLanguage\":\"de\",\"@id\":\"https:\/\/agadopro-academy.com\/de\/#\/schema\/logo\/image\/\",\"url\":\"https:\/\/i0.wp.com\/agadopro-academy.com\/wp-content\/uploads\/2024\/11\/image003-e1732794537988.png?fit=500%2C207&ssl=1\",\"contentUrl\":\"https:\/\/i0.wp.com\/agadopro-academy.com\/wp-content\/uploads\/2024\/11\/image003-e1732794537988.png?fit=500%2C207&ssl=1\",\"width\":500,\"height\":207,\"caption\":\"AgadoPro-Akademie\"},\"image\":{\"@id\":\"https:\/\/agadopro-academy.com\/de\/#\/schema\/logo\/image\/\"},\"sameAs\":[\"https:\/\/www.linkedin.com\/company\/agadopro-academy\/about\/?viewAsMember=true\"]}]}<\/script>\n<!-- \/ Yoast SEO plugin. -->","yoast_head_json":{"title":"Digitalisierung 3.9 - AgadoPro-Academy","description":"Bereiten Sie Ihr Unternehmen auf Industrie 4.0 vor! Lernen Sie Digitalisierung 3.9, KPI-Definition und erfolgreiche Implementierungsstrategien!","robots":{"index":"index","follow":"follow","max-snippet":"max-snippet:-1","max-image-preview":"max-image-preview:large","max-video-preview":"max-video-preview:-1"},"canonical":"https:\/\/agadopro-academy.com\/de\/produkt\/digitalisierung-3-9-wichtige-schritte-vor-industrie-4-0\/","og_locale":"de_DE","og_type":"article","og_title":"Digitalisierung 3.9 - AgadoPro-Academy","og_description":"Bereiten Sie Ihr Unternehmen auf Industrie 4.0 vor! Lernen Sie Digitalisierung 3.9, KPI-Definition und erfolgreiche Implementierungsstrategien!","og_url":"https:\/\/agadopro-academy.com\/de\/produkt\/digitalisierung-3-9-wichtige-schritte-vor-industrie-4-0\/","og_site_name":"AgadoPro-Academy","article_modified_time":"2025-04-08T11:13:07+00:00","og_image":[{"width":1280,"height":720,"url":"https:\/\/agadopro-academy.com\/wp-content\/uploads\/2025\/03\/Bejegyzesekhez-kep-2-40.jpg","type":"image\/jpeg"}],"schema":{"@context":"https:\/\/schema.org","@graph":[{"@type":"WebPage","@id":"https:\/\/agadopro-academy.com\/de\/produkt\/digitalisierung-3-9-wichtige-schritte-vor-industrie-4-0\/","url":"https:\/\/agadopro-academy.com\/de\/produkt\/digitalisierung-3-9-wichtige-schritte-vor-industrie-4-0\/","name":"Digitalisierung 3.9 - AgadoPro-Academy","isPartOf":{"@id":"https:\/\/agadopro-academy.com\/de\/#website"},"primaryImageOfPage":{"@id":"https:\/\/agadopro-academy.com\/de\/produkt\/digitalisierung-3-9-wichtige-schritte-vor-industrie-4-0\/#primaryimage"},"image":{"@id":"https:\/\/agadopro-academy.com\/de\/produkt\/digitalisierung-3-9-wichtige-schritte-vor-industrie-4-0\/#primaryimage"},"thumbnailUrl":"https:\/\/i0.wp.com\/agadopro-academy.com\/wp-content\/uploads\/2025\/03\/Bejegyzesekhez-kep-2-40.jpg?fit=1280%2C720&ssl=1","datePublished":"2025-03-12T19:47:32+00:00","dateModified":"2025-04-08T11:13:07+00:00","description":"Bereiten Sie Ihr Unternehmen auf Industrie 4.0 vor! Lernen Sie Digitalisierung 3.9, KPI-Definition und erfolgreiche Implementierungsstrategien!","breadcrumb":{"@id":"https:\/\/agadopro-academy.com\/de\/produkt\/digitalisierung-3-9-wichtige-schritte-vor-industrie-4-0\/#breadcrumb"},"inLanguage":"de","potentialAction":[{"@type":"ReadAction","target":["https:\/\/agadopro-academy.com\/de\/produkt\/digitalisierung-3-9-wichtige-schritte-vor-industrie-4-0\/"]}]},{"@type":"ImageObject","inLanguage":"de","@id":"https:\/\/agadopro-academy.com\/de\/produkt\/digitalisierung-3-9-wichtige-schritte-vor-industrie-4-0\/#primaryimage","url":"https:\/\/i0.wp.com\/agadopro-academy.com\/wp-content\/uploads\/2025\/03\/Bejegyzesekhez-kep-2-40.jpg?fit=1280%2C720&ssl=1","contentUrl":"https:\/\/i0.wp.com\/agadopro-academy.com\/wp-content\/uploads\/2025\/03\/Bejegyzesekhez-kep-2-40.jpg?fit=1280%2C720&ssl=1","width":"1280","height":"720"},{"@type":"BreadcrumbList","@id":"https:\/\/agadopro-academy.com\/de\/produkt\/digitalisierung-3-9-wichtige-schritte-vor-industrie-4-0\/#breadcrumb","itemListElement":[{"@type":"ListItem","position":1,"name":"Startseite","item":"https:\/\/agadopro-academy.com\/de\/startseite\/"},{"@type":"ListItem","position":2,"name":"Shop","item":"https:\/\/agadopro-academy.com\/de\/shop\/"},{"@type":"ListItem","position":3,"name":"Digitalisierung 3.9"}]},{"@type":"WebSite","@id":"https:\/\/agadopro-academy.com\/de\/#website","url":"https:\/\/agadopro-academy.com\/de\/","name":"AgadoPro-Academy","description":"Empowering Minds, Unlocking Potential","publisher":{"@id":"https:\/\/agadopro-academy.com\/de\/#organization"},"potentialAction":[{"@type":"SearchAction","target":{"@type":"EntryPoint","urlTemplate":"https:\/\/agadopro-academy.com\/de\/?s={search_term_string}"},"query-input":{"@type":"PropertyValueSpecification","valueRequired":true,"valueName":"search_term_string"}}],"inLanguage":"de"},{"@type":"Organization","@id":"https:\/\/agadopro-academy.com\/de\/#organization","name":"AgadoPro-Akademie","url":"https:\/\/agadopro-academy.com\/de\/","logo":{"@type":"ImageObject","inLanguage":"de","@id":"https:\/\/agadopro-academy.com\/de\/#\/schema\/logo\/image\/","url":"https:\/\/i0.wp.com\/agadopro-academy.com\/wp-content\/uploads\/2024\/11\/image003-e1732794537988.png?fit=500%2C207&ssl=1","contentUrl":"https:\/\/i0.wp.com\/agadopro-academy.com\/wp-content\/uploads\/2024\/11\/image003-e1732794537988.png?fit=500%2C207&ssl=1","width":500,"height":207,"caption":"AgadoPro-Akademie"},"image":{"@id":"https:\/\/agadopro-academy.com\/de\/#\/schema\/logo\/image\/"},"sameAs":["https:\/\/www.linkedin.com\/company\/agadopro-academy\/about\/?viewAsMember=true"]}]}},"jetpack_sharing_enabled":true,"jetpack-related-posts":[],"_links":{"self":[{"href":"https:\/\/agadopro-academy.com\/de\/wp-json\/wp\/v2\/product\/33319","targetHints":{"allow":["GET"]}}],"collection":[{"href":"https:\/\/agadopro-academy.com\/de\/wp-json\/wp\/v2\/product"}],"about":[{"href":"https:\/\/agadopro-academy.com\/de\/wp-json\/wp\/v2\/types\/product"}],"replies":[{"embeddable":true,"href":"https:\/\/agadopro-academy.com\/de\/wp-json\/wp\/v2\/comments?post=33319"}],"version-history":[{"count":20,"href":"https:\/\/agadopro-academy.com\/de\/wp-json\/wp\/v2\/product\/33319\/revisions"}],"predecessor-version":[{"id":34601,"href":"https:\/\/agadopro-academy.com\/de\/wp-json\/wp\/v2\/product\/33319\/revisions\/34601"}],"wp:featuredmedia":[{"embeddable":true,"href":"https:\/\/agadopro-academy.com\/de\/wp-json\/wp\/v2\/media\/33243"}],"wp:attachment":[{"href":"https:\/\/agadopro-academy.com\/de\/wp-json\/wp\/v2\/media?parent=33319"}],"wp:term":[{"taxonomy":"product_brand","embeddable":true,"href":"https:\/\/agadopro-academy.com\/de\/wp-json\/wp\/v2\/product_brand?post=33319"},{"taxonomy":"product_cat","embeddable":true,"href":"https:\/\/agadopro-academy.com\/de\/wp-json\/wp\/v2\/product_cat?post=33319"},{"taxonomy":"product_tag","embeddable":true,"href":"https:\/\/agadopro-academy.com\/de\/wp-json\/wp\/v2\/product_tag?post=33319"}],"curies":[{"name":"wp","href":"https:\/\/api.w.org\/{rel}","templated":true}]}}