{"id":33313,"date":"2025-03-05T20:29:46","date_gmt":"2025-03-05T19:29:46","guid":{"rendered":"https:\/\/agadopro-academy.com\/?post_type=product&#038;p=33313"},"modified":"2025-03-05T20:45:56","modified_gmt":"2025-03-05T19:45:56","slug":"3-stunden-beratung-praxisnah-individuell-umsetzbar","status":"publish","type":"product","link":"https:\/\/agadopro-academy.com\/de\/produkt\/3-stunden-beratung-praxisnah-individuell-umsetzbar\/","title":{"rendered":"3-st\u00fcndiges projektbasiertes Beratungspaket: St\u00e4rken Sie Ihr Team mit fachkundiger Anleitung"},"content":{"rendered":"<h1 data-start=\"0\" data-end=\"68\">\ud83d\udca1 <strong data-start=\"3\" data-end=\"66\">Erg\u00e4nzen Sie Ihr Training mit praxisnaher Expertenberatung!<\/strong><\/h1>\n<p data-start=\"70\" data-end=\"269\">Entdecken Sie unser <strong data-start=\"90\" data-end=\"137\">3-st\u00fcndiges projektbasiertes Beratungspaket<\/strong>, das Ihnen hilft, <strong data-start=\"156\" data-end=\"204\">das Gelernte direkt in die Praxis umzusetzen<\/strong> und <strong data-start=\"209\" data-end=\"266\">Ihre individuellen Herausforderungen gezielt zu l\u00f6sen<\/strong>.<\/p>\n<p data-start=\"271\" data-end=\"437\">\u2705 <strong data-start=\"273\" data-end=\"326\">Individuelle Beratung &amp; ma\u00dfgeschneiderte L\u00f6sungen<\/strong><br data-start=\"326\" data-end=\"329\" \/>\u2705 <strong data-start=\"331\" data-end=\"380\">Direkte Anwendung auf Ihre aktuellen Projekte<\/strong><br data-start=\"380\" data-end=\"383\" data-is-only-node=\"\" \/>\u2705 <strong data-start=\"385\" data-end=\"435\">Maximale Unterst\u00fctzung f\u00fcr nachhaltigen Erfolg<\/strong><\/p>\n<p data-start=\"439\" data-end=\"521\" data-is-last-node=\"\" data-is-only-node=\"\">\ud83d\udce9 <strong data-start=\"442\" data-end=\"518\">Nutzen Sie diese Chance &amp; holen Sie das Beste aus Ihrem Training heraus!<\/strong> \ud83d\ude80<\/p>\n","protected":false},"excerpt":{"rendered":"<p data-start=\"0\" data-end=\"97\">Erg\u00e4nzen Sie Ihr Training mit unserer <strong data-start=\"38\" data-end=\"79\">3-st\u00fcndigen projektbasierten Beratung<\/strong>! Wenden Sie das Gelernte direkt in der Praxis an, erhalten Sie <strong data-start=\"143\" data-end=\"172\">ma\u00dfgeschneiderte L\u00f6sungen<\/strong> und optimieren Sie Ihre Prozesse mit Expertenunterst\u00fctzung. <strong data-start=\"233\" data-end=\"282\">Als Trainingserweiterung oder separat buchbar<\/strong> \u2013 f\u00fcr nachhaltigen Erfolg und direkte Umsetzung. \ud83d\udce9 <strong data-start=\"335\" data-end=\"352\">Jetzt buchen!<\/strong> \ud83d\ude80<\/p>\n","protected":false},"featured_media":15689,"comment_status":"open","ping_status":"closed","template":"elementor_theme","meta":{"pmpro_default_level":""},"product_brand":[],"product_cat":[2748,2590,2751,1965,1966,2752,2756,2754],"product_tag":[2480,2484,2488,2467,2466,2474,2450,2462,2468,2483,2465,2481,2486,2479,2485,2449,2487,2453,2455,2452],"class_list":{"0":"post-33313","1":"product","2":"type-product","3":"status-publish","4":"has-post-thumbnail","6":"product_cat-beratung","7":"product_cat-deutsch","8":"product_cat-entwicklung-der-produktion","9":"product_cat-paketangebote","10":"product_cat-projektbasierte-beratung","11":"product_cat-six-sigma-de","12":"product_cat-talent-aquasition-de","13":"product_cat-train-the-trainer-de","14":"product_tag-beratung","15":"product_tag-beratung-im-bereich-projektmanagement","16":"product_tag-beratung-zur-projektstrategie","17":"product_tag-beratungsdienste","18":"product_tag-business-analyse","19":"product_tag-business-losungen","20":"product_tag-geschaftsstrategie","21":"product_tag-professionelle-beratung","22":"product_tag-projekt-beratungsdienste","23":"product_tag-projekt-koordination","24":"product_tag-projekt-risikomanagement","25":"product_tag-projektdurchfuhrung","26":"product_tag-projektkostenmanagement","27":"product_tag-projektleitung","28":"product_tag-projektmanagement-dienstleistungen","29":"product_tag-projektplanung","30":"product_tag-projektzeitplan-management","31":"product_tag-unternehmensberatung","32":"product_tag-unternehmensberatungslosungen","33":"product_tag-verbesserung-der-geschaftsprozesse","34":"pmpro-has-access","36":"first","37":"instock","38":"virtual","39":"taxable","40":"purchasable","41":"product-type-simple"},"yoast_head":"<!-- This site is optimized with the Yoast SEO plugin v25.8 - https:\/\/yoast.com\/wordpress\/plugins\/seo\/ -->\n<title>3-Stunden-Beratung \u2013 Praxisnah &amp; individuell umsetzbar!<\/title>\n<meta name=\"description\" content=\"Nutzen Sie unser 3-st\u00fcndiges Beratungspaket, um das Gelernte direkt in Ihren Projekten anzuwenden. Ma\u00dfgeschneiderte L\u00f6sungen f\u00fcr nachhaltigen Erfolg!\" \/>\n<meta name=\"robots\" content=\"index, follow, max-snippet:-1, max-image-preview:large, max-video-preview:-1\" \/>\n<link rel=\"canonical\" href=\"https:\/\/agadopro-academy.com\/de\/produkt\/3-stunden-beratung-praxisnah-individuell-umsetzbar\/\" \/>\n<meta property=\"og:locale\" content=\"de_DE\" \/>\n<meta property=\"og:type\" content=\"article\" \/>\n<meta property=\"og:title\" content=\"3-Stunden-Beratung \u2013 Praxisnah &amp; individuell umsetzbar!\" \/>\n<meta property=\"og:description\" content=\"Nutzen Sie unser 3-st\u00fcndiges Beratungspaket, um das Gelernte direkt in Ihren Projekten anzuwenden. Ma\u00dfgeschneiderte L\u00f6sungen f\u00fcr nachhaltigen Erfolg!\" \/>\n<meta property=\"og:url\" content=\"https:\/\/agadopro-academy.com\/de\/produkt\/3-stunden-beratung-praxisnah-individuell-umsetzbar\/\" \/>\n<meta property=\"og:site_name\" content=\"AgadoPro-Academy\" \/>\n<meta property=\"article:modified_time\" content=\"2025-03-05T19:45:56+00:00\" \/>\n<meta property=\"og:image\" content=\"https:\/\/agadopro-academy.com\/wp-content\/uploads\/2024\/02\/89.png\" \/>\n\t<meta property=\"og:image:width\" content=\"1920\" \/>\n\t<meta property=\"og:image:height\" content=\"1080\" \/>\n\t<meta property=\"og:image:type\" content=\"image\/png\" \/>\n<script type=\"application\/ld+json\" class=\"yoast-schema-graph\">{\"@context\":\"https:\/\/schema.org\",\"@graph\":[{\"@type\":\"WebPage\",\"@id\":\"https:\/\/agadopro-academy.com\/de\/produkt\/3-stunden-beratung-praxisnah-individuell-umsetzbar\/\",\"url\":\"https:\/\/agadopro-academy.com\/de\/produkt\/3-stunden-beratung-praxisnah-individuell-umsetzbar\/\",\"name\":\"3-Stunden-Beratung \u2013 Praxisnah & individuell umsetzbar!\",\"isPartOf\":{\"@id\":\"https:\/\/agadopro-academy.com\/de\/#website\"},\"primaryImageOfPage\":{\"@id\":\"https:\/\/agadopro-academy.com\/de\/produkt\/3-stunden-beratung-praxisnah-individuell-umsetzbar\/#primaryimage\"},\"image\":{\"@id\":\"https:\/\/agadopro-academy.com\/de\/produkt\/3-stunden-beratung-praxisnah-individuell-umsetzbar\/#primaryimage\"},\"thumbnailUrl\":\"https:\/\/i0.wp.com\/agadopro-academy.com\/wp-content\/uploads\/2024\/02\/89.png?fit=1920%2C1080&ssl=1\",\"datePublished\":\"2025-03-05T19:29:46+00:00\",\"dateModified\":\"2025-03-05T19:45:56+00:00\",\"description\":\"Nutzen Sie unser 3-st\u00fcndiges Beratungspaket, um das Gelernte direkt in Ihren Projekten anzuwenden. Ma\u00dfgeschneiderte L\u00f6sungen f\u00fcr nachhaltigen Erfolg!\",\"breadcrumb\":{\"@id\":\"https:\/\/agadopro-academy.com\/de\/produkt\/3-stunden-beratung-praxisnah-individuell-umsetzbar\/#breadcrumb\"},\"inLanguage\":\"de\",\"potentialAction\":[{\"@type\":\"ReadAction\",\"target\":[\"https:\/\/agadopro-academy.com\/de\/produkt\/3-stunden-beratung-praxisnah-individuell-umsetzbar\/\"]}]},{\"@type\":\"ImageObject\",\"inLanguage\":\"de\",\"@id\":\"https:\/\/agadopro-academy.com\/de\/produkt\/3-stunden-beratung-praxisnah-individuell-umsetzbar\/#primaryimage\",\"url\":\"https:\/\/i0.wp.com\/agadopro-academy.com\/wp-content\/uploads\/2024\/02\/89.png?fit=1920%2C1080&ssl=1\",\"contentUrl\":\"https:\/\/i0.wp.com\/agadopro-academy.com\/wp-content\/uploads\/2024\/02\/89.png?fit=1920%2C1080&ssl=1\",\"width\":1920,\"height\":1080},{\"@type\":\"BreadcrumbList\",\"@id\":\"https:\/\/agadopro-academy.com\/de\/produkt\/3-stunden-beratung-praxisnah-individuell-umsetzbar\/#breadcrumb\",\"itemListElement\":[{\"@type\":\"ListItem\",\"position\":1,\"name\":\"Startseite\",\"item\":\"https:\/\/agadopro-academy.com\/de\/startseite\/\"},{\"@type\":\"ListItem\",\"position\":2,\"name\":\"Shop\",\"item\":\"https:\/\/agadopro-academy.com\/de\/shop\/\"},{\"@type\":\"ListItem\",\"position\":3,\"name\":\"3-st\u00fcndiges projektbasiertes Beratungspaket: St\u00e4rken Sie Ihr Team mit fachkundiger Anleitung\"}]},{\"@type\":\"WebSite\",\"@id\":\"https:\/\/agadopro-academy.com\/de\/#website\",\"url\":\"https:\/\/agadopro-academy.com\/de\/\",\"name\":\"AgadoPro-Academy\",\"description\":\"Empowering Minds, Unlocking Potential\",\"publisher\":{\"@id\":\"https:\/\/agadopro-academy.com\/de\/#organization\"},\"potentialAction\":[{\"@type\":\"SearchAction\",\"target\":{\"@type\":\"EntryPoint\",\"urlTemplate\":\"https:\/\/agadopro-academy.com\/de\/?s={search_term_string}\"},\"query-input\":{\"@type\":\"PropertyValueSpecification\",\"valueRequired\":true,\"valueName\":\"search_term_string\"}}],\"inLanguage\":\"de\"},{\"@type\":\"Organization\",\"@id\":\"https:\/\/agadopro-academy.com\/de\/#organization\",\"name\":\"AgadoPro-Akademie\",\"url\":\"https:\/\/agadopro-academy.com\/de\/\",\"logo\":{\"@type\":\"ImageObject\",\"inLanguage\":\"de\",\"@id\":\"https:\/\/agadopro-academy.com\/de\/#\/schema\/logo\/image\/\",\"url\":\"https:\/\/i0.wp.com\/agadopro-academy.com\/wp-content\/uploads\/2024\/11\/image003-e1732794537988.png?fit=500%2C207&ssl=1\",\"contentUrl\":\"https:\/\/i0.wp.com\/agadopro-academy.com\/wp-content\/uploads\/2024\/11\/image003-e1732794537988.png?fit=500%2C207&ssl=1\",\"width\":500,\"height\":207,\"caption\":\"AgadoPro-Akademie\"},\"image\":{\"@id\":\"https:\/\/agadopro-academy.com\/de\/#\/schema\/logo\/image\/\"},\"sameAs\":[\"https:\/\/www.linkedin.com\/company\/agadopro-academy\/about\/?viewAsMember=true\"]}]}<\/script>\n<!-- \/ Yoast SEO plugin. -->","yoast_head_json":{"title":"3-Stunden-Beratung \u2013 Praxisnah & individuell umsetzbar!","description":"Nutzen Sie unser 3-st\u00fcndiges Beratungspaket, um das Gelernte direkt in Ihren Projekten anzuwenden. Ma\u00dfgeschneiderte L\u00f6sungen f\u00fcr nachhaltigen Erfolg!","robots":{"index":"index","follow":"follow","max-snippet":"max-snippet:-1","max-image-preview":"max-image-preview:large","max-video-preview":"max-video-preview:-1"},"canonical":"https:\/\/agadopro-academy.com\/de\/produkt\/3-stunden-beratung-praxisnah-individuell-umsetzbar\/","og_locale":"de_DE","og_type":"article","og_title":"3-Stunden-Beratung \u2013 Praxisnah & individuell umsetzbar!","og_description":"Nutzen Sie unser 3-st\u00fcndiges Beratungspaket, um das Gelernte direkt in Ihren Projekten anzuwenden. Ma\u00dfgeschneiderte L\u00f6sungen f\u00fcr nachhaltigen Erfolg!","og_url":"https:\/\/agadopro-academy.com\/de\/produkt\/3-stunden-beratung-praxisnah-individuell-umsetzbar\/","og_site_name":"AgadoPro-Academy","article_modified_time":"2025-03-05T19:45:56+00:00","og_image":[{"width":1920,"height":1080,"url":"https:\/\/agadopro-academy.com\/wp-content\/uploads\/2024\/02\/89.png","type":"image\/png"}],"schema":{"@context":"https:\/\/schema.org","@graph":[{"@type":"WebPage","@id":"https:\/\/agadopro-academy.com\/de\/produkt\/3-stunden-beratung-praxisnah-individuell-umsetzbar\/","url":"https:\/\/agadopro-academy.com\/de\/produkt\/3-stunden-beratung-praxisnah-individuell-umsetzbar\/","name":"3-Stunden-Beratung \u2013 Praxisnah & individuell umsetzbar!","isPartOf":{"@id":"https:\/\/agadopro-academy.com\/de\/#website"},"primaryImageOfPage":{"@id":"https:\/\/agadopro-academy.com\/de\/produkt\/3-stunden-beratung-praxisnah-individuell-umsetzbar\/#primaryimage"},"image":{"@id":"https:\/\/agadopro-academy.com\/de\/produkt\/3-stunden-beratung-praxisnah-individuell-umsetzbar\/#primaryimage"},"thumbnailUrl":"https:\/\/i0.wp.com\/agadopro-academy.com\/wp-content\/uploads\/2024\/02\/89.png?fit=1920%2C1080&ssl=1","datePublished":"2025-03-05T19:29:46+00:00","dateModified":"2025-03-05T19:45:56+00:00","description":"Nutzen Sie unser 3-st\u00fcndiges Beratungspaket, um das Gelernte direkt in Ihren Projekten anzuwenden. Ma\u00dfgeschneiderte L\u00f6sungen f\u00fcr nachhaltigen Erfolg!","breadcrumb":{"@id":"https:\/\/agadopro-academy.com\/de\/produkt\/3-stunden-beratung-praxisnah-individuell-umsetzbar\/#breadcrumb"},"inLanguage":"de","potentialAction":[{"@type":"ReadAction","target":["https:\/\/agadopro-academy.com\/de\/produkt\/3-stunden-beratung-praxisnah-individuell-umsetzbar\/"]}]},{"@type":"ImageObject","inLanguage":"de","@id":"https:\/\/agadopro-academy.com\/de\/produkt\/3-stunden-beratung-praxisnah-individuell-umsetzbar\/#primaryimage","url":"https:\/\/i0.wp.com\/agadopro-academy.com\/wp-content\/uploads\/2024\/02\/89.png?fit=1920%2C1080&ssl=1","contentUrl":"https:\/\/i0.wp.com\/agadopro-academy.com\/wp-content\/uploads\/2024\/02\/89.png?fit=1920%2C1080&ssl=1","width":1920,"height":1080},{"@type":"BreadcrumbList","@id":"https:\/\/agadopro-academy.com\/de\/produkt\/3-stunden-beratung-praxisnah-individuell-umsetzbar\/#breadcrumb","itemListElement":[{"@type":"ListItem","position":1,"name":"Startseite","item":"https:\/\/agadopro-academy.com\/de\/startseite\/"},{"@type":"ListItem","position":2,"name":"Shop","item":"https:\/\/agadopro-academy.com\/de\/shop\/"},{"@type":"ListItem","position":3,"name":"3-st\u00fcndiges projektbasiertes Beratungspaket: St\u00e4rken Sie Ihr Team mit fachkundiger Anleitung"}]},{"@type":"WebSite","@id":"https:\/\/agadopro-academy.com\/de\/#website","url":"https:\/\/agadopro-academy.com\/de\/","name":"AgadoPro-Academy","description":"Empowering Minds, Unlocking Potential","publisher":{"@id":"https:\/\/agadopro-academy.com\/de\/#organization"},"potentialAction":[{"@type":"SearchAction","target":{"@type":"EntryPoint","urlTemplate":"https:\/\/agadopro-academy.com\/de\/?s={search_term_string}"},"query-input":{"@type":"PropertyValueSpecification","valueRequired":true,"valueName":"search_term_string"}}],"inLanguage":"de"},{"@type":"Organization","@id":"https:\/\/agadopro-academy.com\/de\/#organization","name":"AgadoPro-Akademie","url":"https:\/\/agadopro-academy.com\/de\/","logo":{"@type":"ImageObject","inLanguage":"de","@id":"https:\/\/agadopro-academy.com\/de\/#\/schema\/logo\/image\/","url":"https:\/\/i0.wp.com\/agadopro-academy.com\/wp-content\/uploads\/2024\/11\/image003-e1732794537988.png?fit=500%2C207&ssl=1","contentUrl":"https:\/\/i0.wp.com\/agadopro-academy.com\/wp-content\/uploads\/2024\/11\/image003-e1732794537988.png?fit=500%2C207&ssl=1","width":500,"height":207,"caption":"AgadoPro-Akademie"},"image":{"@id":"https:\/\/agadopro-academy.com\/de\/#\/schema\/logo\/image\/"},"sameAs":["https:\/\/www.linkedin.com\/company\/agadopro-academy\/about\/?viewAsMember=true"]}]}},"jetpack_sharing_enabled":true,"jetpack-related-posts":[],"_links":{"self":[{"href":"https:\/\/agadopro-academy.com\/de\/wp-json\/wp\/v2\/product\/33313","targetHints":{"allow":["GET"]}}],"collection":[{"href":"https:\/\/agadopro-academy.com\/de\/wp-json\/wp\/v2\/product"}],"about":[{"href":"https:\/\/agadopro-academy.com\/de\/wp-json\/wp\/v2\/types\/product"}],"replies":[{"embeddable":true,"href":"https:\/\/agadopro-academy.com\/de\/wp-json\/wp\/v2\/comments?post=33313"}],"version-history":[{"count":3,"href":"https:\/\/agadopro-academy.com\/de\/wp-json\/wp\/v2\/product\/33313\/revisions"}],"predecessor-version":[{"id":33316,"href":"https:\/\/agadopro-academy.com\/de\/wp-json\/wp\/v2\/product\/33313\/revisions\/33316"}],"wp:featuredmedia":[{"embeddable":true,"href":"https:\/\/agadopro-academy.com\/de\/wp-json\/wp\/v2\/media\/15689"}],"wp:attachment":[{"href":"https:\/\/agadopro-academy.com\/de\/wp-json\/wp\/v2\/media?parent=33313"}],"wp:term":[{"taxonomy":"product_brand","embeddable":true,"href":"https:\/\/agadopro-academy.com\/de\/wp-json\/wp\/v2\/product_brand?post=33313"},{"taxonomy":"product_cat","embeddable":true,"href":"https:\/\/agadopro-academy.com\/de\/wp-json\/wp\/v2\/product_cat?post=33313"},{"taxonomy":"product_tag","embeddable":true,"href":"https:\/\/agadopro-academy.com\/de\/wp-json\/wp\/v2\/product_tag?post=33313"}],"curies":[{"name":"wp","href":"https:\/\/api.w.org\/{rel}","templated":true}]}}