{"id":32485,"date":"2025-04-01T17:00:18","date_gmt":"2025-04-01T15:00:18","guid":{"rendered":"https:\/\/agadopro-academy.com\/?post_type=product&#038;p=32485"},"modified":"2025-04-22T12:40:07","modified_gmt":"2025-04-22T10:40:07","slug":"meisterkurs-grundlagen-der-fuehrung","status":"publish","type":"product","link":"https:\/\/agadopro-academy.com\/de\/produkt\/meisterkurs-grundlagen-der-fuehrung\/","title":{"rendered":"Meisterkurs Grundlagen der F\u00fchrung"},"content":{"rendered":"<div class=\"flex max-w-full flex-col flex-grow\">\n<div class=\"min-h-8 text-message relative flex w-full flex-col items-end gap-2 whitespace-normal break-words text-start [.text-message+&amp;]:mt-5\" dir=\"auto\" data-message-author-role=\"assistant\" data-message-id=\"9791721f-d55f-4a61-8605-a44d3575a658\" data-message-model-slug=\"gpt-4o-mini\">\n<div class=\"flex w-full flex-col gap-1 empty:hidden first:pt-[3px]\">\n<div class=\"markdown prose w-full break-words dark:prose-invert light\">\n<h1 data-start=\"210\" data-end=\"503\"><strong data-start=\"210\" data-end=\"311\">Willkommen zum \u201eMeisterkurs Grundlagen der F\u00fchrung \u2013 Soft und Hard Skills auf Meister-Niveau\u201c! \ud83c\udf1f<\/strong><\/h1>\n<p class=\"\" data-start=\"133\" data-end=\"266\">Ein <strong data-start=\"137\" data-end=\"188\">6-monatiges F\u00fchrungskr\u00e4fte-Entwicklungspaket \ud83c\udf81<\/strong>, das echte Ergebnisse liefert \u2013 nicht nur Theorie, sondern umsetzbare Praxis.<\/p>\n<p class=\"\" data-start=\"268\" data-end=\"545\">Dieses Programm richtet sich an F\u00fchrungskr\u00e4fte, die wirklich wachsen wollen \u2013 und sich nicht mit halben L\u00f6sungen zufriedengeben. Die Ausbildung gliedert sich in zwei aufeinander aufbauende Phasen und stellt sicher, dass Wissen nicht nur vermittelt, sondern auch verankert wird.<\/p>\n<p class=\"\" data-start=\"547\" data-end=\"679\">\ud83d\udc65 <strong data-start=\"550\" data-end=\"586\">Gruppengr\u00f6\u00dfe: max. 12 Teilnehmer<\/strong><br data-start=\"586\" data-end=\"589\" \/>Die kleine Gruppengr\u00f6\u00dfe garantiert pers\u00f6nliche Aufmerksamkeit und ein sicheres Lernumfeld.<\/p>\n<hr class=\"\" data-start=\"681\" data-end=\"684\" \/>\n<h4 data-start=\"686\" data-end=\"734\">\ud83d\udd37 <strong data-start=\"689\" data-end=\"734\">12-w\u00f6chiges Live-Online-Training (12&#215;1,5 Stunde)<\/strong><\/h4>\n<p class=\"\" data-start=\"736\" data-end=\"865\">\u00dcber drei Monate hinweg arbeiten wir w\u00f6chentlich an praxisnahen F\u00fchrungsthemen \u2013 mit echten Beispielen und interaktiven Formaten.<\/p>\n<p class=\"\" data-start=\"867\" data-end=\"914\"><strong data-start=\"867\" data-end=\"914\">Themen\u00fcbersicht \u2013 12 Wochen, 12 Kernthemen:<\/strong><\/p>\n<ol>\n<li>Woche \u2013 F\u00fchrungsgrundlagen und Rollenverst\u00e4ndnis<\/li>\n<li data-start=\"973\" data-end=\"1015\">Woche \u2013 Kommunikation und Pers\u00f6nlichkeit<\/li>\n<li data-start=\"1019\" data-end=\"1068\">Woche \u2013 Pers\u00f6nliche Effektivit\u00e4t und Motivation<\/li>\n<li data-start=\"1072\" data-end=\"1108\">Woche \u2013 Flow und Stressbew\u00e4ltigung<\/li>\n<li data-start=\"1112\" data-end=\"1145\">Woche \u2013 Teamarbeit und Empathie<\/li>\n<li data-start=\"1149\" data-end=\"1217\">Woche \u2013 Management-Kontrolle-System Vorstellung, Prozesssteuerung und KPI-Integration<\/li>\n<li data-start=\"1221\" data-end=\"1289\">Woche \u2013 Prozesskontrolle, Probleml\u00f6sung und Einf\u00fchrung von Messung<\/li>\n<li data-start=\"1293\" data-end=\"1336\">Woche \u2013 Leistungsbeurteilung und Feedback<\/li>\n<li data-start=\"1340\" data-end=\"1388\">Woche \u2013 Konfliktl\u00f6sung und Menschenverst\u00e4ndnis<\/li>\n<li data-start=\"1393\" data-end=\"1450\">Woche \u2013 Mitarbeiterentwicklung und Schl\u00fcsselkompetenzen<\/li>\n<li data-start=\"1455\" data-end=\"1508\">Woche \u2013 Change Management und interne Kommunikation<\/li>\n<li data-start=\"1513\" data-end=\"1567\">Woche \u2013 Ver\u00e4nderungsprozesse und Umgang mit Widerstand<\/li>\n<\/ol>\n<p>&nbsp;<\/p>\n<p class=\"\" data-start=\"1569\" data-end=\"1881\">Jede Einheit baut auf einem zentralen F\u00fchrungsthema auf. Soft- und Hard Skills werden systematisch, schrittweise aufgebaut. <strong>Regelm\u00e4\u00dfige Partner\u00fcbungen<\/strong> st\u00e4rken gezielt das Coaching-Mindset und basieren auf den realen Erfahrungen der Teilnehmer. <strong>Das Gelernte wird sofort anwendbar in den F\u00fchrungsalltag integriert.<\/strong><\/p>\n<hr class=\"\" data-start=\"1883\" data-end=\"1886\" \/>\n<h4 data-start=\"1888\" data-end=\"1935\"><span style=\"color: #ff0000;\">\ud83c\udf81 <strong data-start=\"1891\" data-end=\"1935\">Paketangebot \u2013 echte Mehrwert-Begleitung<\/strong><\/span><\/h4>\n<p class=\"\" data-start=\"1937\" data-end=\"2040\">Das Training wird durch ein umfassendes Begleitpaket erg\u00e4nzt, das die nachhaltige Umsetzung garantiert:<\/p>\n<p class=\"\" data-start=\"2042\" data-end=\"2226\">\u2b50 <strong data-start=\"2044\" data-end=\"2102\"><span style=\"color: #ff0000;\">+ 4 Coaching-Sessions<\/span> (in Kleingruppen oder im Tandem) (4&#215;1 Stunde)<\/strong><br data-start=\"2102\" data-end=\"2105\" \/>\u2013 Individuelle Fallbearbeitung mit gezieltem Feedback<br data-start=\"2158\" data-end=\"2161\" \/>\u2013 Tiefere Reflexion, neue Perspektiven, pers\u00f6nliche Unterst\u00fctzung<\/p>\n<p class=\"\" data-start=\"2228\" data-end=\"2416\">\u2b50 <strong data-start=\"2230\" data-end=\"2266\"><span style=\"color: #ff0000;\">+ 3-monatiges MentoRING-Programm<\/span> (6&#215;1 Stunde)<\/strong><br data-start=\"2266\" data-end=\"2269\" \/>\u2013 Praxisbegleitung und kontinuierliches Follow-up<br data-start=\"2318\" data-end=\"2321\" \/>\u2013 Unterst\u00fctzung bei der Anwendung im F\u00fchrungsalltag<br data-start=\"2372\" data-end=\"2375\" \/>\u2013 Laufender Austausch und Fragestellungen<\/p>\n<hr class=\"\" data-start=\"2418\" data-end=\"2421\" \/>\n<h4 data-start=\"2423\" data-end=\"2466\">\ud83c\udfaf <strong data-start=\"2426\" data-end=\"2464\">F\u00fcr wen ist das Programm geeignet?<\/strong><\/h4>\n<p class=\"\" data-start=\"2468\" data-end=\"2715\">\ud83d\udd39 F\u00fcr F\u00fchrungskr\u00e4fte, die ihre Wirkung bewusst weiterentwickeln m\u00f6chten<br data-start=\"2540\" data-end=\"2543\" \/>\ud83d\udd39 F\u00fcr Entscheider:innen, die systemisch denken und handeln wollen<br data-start=\"2609\" data-end=\"2612\" \/>\ud83d\udd39 F\u00fcr alle, die praktische Werkzeuge f\u00fcr ihre pers\u00f6nliche und organisationale Weiterentwicklung suchen<\/p>\n<p class=\"\" data-start=\"2717\" data-end=\"2773\">\ud83d\udcc5 <strong data-start=\"2720\" data-end=\"2743\">Start: 6. Mai 2025<\/strong><br data-start=\"2743\" data-end=\"2746\" \/>\u23f3 <strong data-start=\"2748\" data-end=\"2773\">Gesamtdauer: 6 Monate<\/strong><\/p>\n<p class=\"\" data-start=\"2775\" data-end=\"2863\">\u2705 Resultate: klarere Kommunikation, souver\u00e4nes Konfliktmanagement, leistungsstarke Teams<\/p>\n<h4 data-start=\"2865\" data-end=\"2986\">\ud83d\ude80 <strong data-start=\"2868\" data-end=\"2986\">Das ist mehr als ein Training. Es ist ein n\u00e4chster Level f\u00fcr Ihre F\u00fchrung \u2013 mit Unterst\u00fctzung, Praxis und Wirkung.<\/strong><\/h4>\n<p class=\"\" data-start=\"2988\" data-end=\"3051\">\ud83d\udc49 <strong data-start=\"2991\" data-end=\"3051\">Jetzt anmelden \u2013 und Ihre F\u00fchrungsreise bewusst starten!<\/strong><\/p>\n<\/div>\n<\/div>\n<\/div>\n<\/div>\n","protected":false},"excerpt":{"rendered":"<h1>\ud83c\udf93 The Art of Leadership &#8211; 6-monatiges Programm zur Entwicklung von F\u00fchrungskr\u00e4ften<\/h1>\n<p>Praxisnahes Live-Training in einer kleinen Gruppe (max. 12 Personen), bei dem Soft- und Hard Skills aufeinander aufbauen.<br \/>\nIn den 12 w\u00f6chentlichen Sitzungen arbeiten wir mit gepaarten und interaktiven \u00dcbungen, die bewusst einen Coaching-Ansatz einbeziehen.<\/p>\n<p>\ud83d\udcd8 <span style=\"color: #ff0000;\"><strong>Inhalt des Paketangebots<\/strong>:<\/span><br \/>\n&#8211; <strong><span style=\"color: #ff0000;\">3 Monate<\/span> thematisches Training<\/strong> (12 F\u00fchrungsthemen) (12&#215;1,5 Stunde)<br \/>\n&#8211; + <span style=\"color: #ff0000;\"><strong>4 geeignete Coaching-Sitzungen<\/strong><\/span> in Kleingruppen oder Paaren (4&#215;1 Stunde)<br \/>\n&#8211; + <span style=\"color: #ff0000;\"><strong>3 Monate MentoRING-Programm<\/strong><\/span> zur praktischen Integration (6&#215;1 Stunde)<\/p>\n<p><strong>\ud83d\udcc5 Starttermin: 6. Mai 2025.<\/strong><br \/>\n<strong>\u23f3 Dauer: 6 Monate<\/strong><\/p>\n<p><strong>\ud83d\ude80 Wissen, das funktioniert &#8211; unterst\u00fctzt, systemisch, personalisiert.<\/strong><\/p>\n","protected":false},"featured_media":23942,"comment_status":"open","ping_status":"closed","template":"","meta":{"pmpro_default_level":""},"product_brand":[],"product_cat":[1955,2590,1957,1962,2862],"product_tag":[2477,2471,2476,2470,2701,2702,2703,2469,2464,2712,2713,2729,2468,2453,2692,2452],"class_list":{"0":"post-32485","1":"product","2":"type-product","3":"status-publish","4":"has-post-thumbnail","6":"product_cat-coaching-de","7":"product_cat-deutsch","8":"product_cat-kurze","9":"product_cat-leadership-development-de","10":"product_cat-online-de","11":"product_tag-1zu1-coaching","12":"product_tag-berufliche-entwicklung","13":"product_tag-coaching-de","14":"product_tag-coaching-fur-fuhrungskrafte","15":"product_tag-confidence-building-de","16":"product_tag-emotional-intelligence-de","17":"product_tag-individual-coaching-de","18":"product_tag-kommunikationsfahigkeiten","19":"product_tag-operative-effizienz","20":"product_tag-personal-goals-de","21":"product_tag-personal-growth-de","22":"product_tag-personal-progress-de","23":"product_tag-projekt-beratungsdienste","24":"product_tag-unternehmensberatung","25":"product_tag-unternehmensumwandlung","26":"product_tag-verbesserung-der-geschaftsprozesse","27":"pmpro-has-access","29":"first","30":"instock","31":"virtual","32":"sold-individually","33":"taxable","34":"purchasable","35":"product-type-course"},"yoast_head":"<!-- This site is optimized with the Yoast SEO plugin v25.8 - https:\/\/yoast.com\/wordpress\/plugins\/seo\/ -->\n<title>Meisterkurs Grundlagen der F\u00fchrung - AgadoPro-Academy<\/title>\n<meta name=\"description\" content=\"Steigern Sie Ihre F\u00fchrungskompetenzen! Erlernen Sie Soft- und Hard Skills in 12 Wochen, um Teams und Prozesse erfolgreich zu f\u00fchren. Jetzt anmelden!\" \/>\n<meta name=\"robots\" content=\"index, follow, max-snippet:-1, max-image-preview:large, max-video-preview:-1\" \/>\n<link rel=\"canonical\" href=\"https:\/\/agadopro-academy.com\/de\/produkt\/meisterkurs-grundlagen-der-fuehrung\/\" \/>\n<meta property=\"og:locale\" content=\"de_DE\" \/>\n<meta property=\"og:type\" content=\"article\" \/>\n<meta property=\"og:title\" content=\"Meisterkurs Grundlagen der F\u00fchrung - AgadoPro-Academy\" \/>\n<meta property=\"og:description\" content=\"Steigern Sie Ihre F\u00fchrungskompetenzen! Erlernen Sie Soft- und Hard Skills in 12 Wochen, um Teams und Prozesse erfolgreich zu f\u00fchren. Jetzt anmelden!\" \/>\n<meta property=\"og:url\" content=\"https:\/\/agadopro-academy.com\/de\/produkt\/meisterkurs-grundlagen-der-fuehrung\/\" \/>\n<meta property=\"og:site_name\" content=\"AgadoPro-Academy\" \/>\n<meta property=\"article:modified_time\" content=\"2025-04-22T10:40:07+00:00\" \/>\n<meta property=\"og:image\" content=\"https:\/\/agadopro-academy.com\/wp-content\/uploads\/2024\/09\/98.jpg\" \/>\n\t<meta property=\"og:image:width\" content=\"1920\" \/>\n\t<meta property=\"og:image:height\" content=\"1080\" \/>\n\t<meta property=\"og:image:type\" content=\"image\/jpeg\" \/>\n<script type=\"application\/ld+json\" class=\"yoast-schema-graph\">{\"@context\":\"https:\/\/schema.org\",\"@graph\":[{\"@type\":\"WebPage\",\"@id\":\"https:\/\/agadopro-academy.com\/de\/produkt\/meisterkurs-grundlagen-der-fuehrung\/\",\"url\":\"https:\/\/agadopro-academy.com\/de\/produkt\/meisterkurs-grundlagen-der-fuehrung\/\",\"name\":\"Meisterkurs Grundlagen der F\u00fchrung - AgadoPro-Academy\",\"isPartOf\":{\"@id\":\"https:\/\/agadopro-academy.com\/de\/#website\"},\"primaryImageOfPage\":{\"@id\":\"https:\/\/agadopro-academy.com\/de\/produkt\/meisterkurs-grundlagen-der-fuehrung\/#primaryimage\"},\"image\":{\"@id\":\"https:\/\/agadopro-academy.com\/de\/produkt\/meisterkurs-grundlagen-der-fuehrung\/#primaryimage\"},\"thumbnailUrl\":\"https:\/\/i0.wp.com\/agadopro-academy.com\/wp-content\/uploads\/2024\/09\/98.jpg?fit=1920%2C1080&ssl=1\",\"datePublished\":\"2025-04-01T15:00:18+00:00\",\"dateModified\":\"2025-04-22T10:40:07+00:00\",\"description\":\"Steigern Sie Ihre F\u00fchrungskompetenzen! Erlernen Sie Soft- und Hard Skills in 12 Wochen, um Teams und Prozesse erfolgreich zu f\u00fchren. Jetzt anmelden!\",\"breadcrumb\":{\"@id\":\"https:\/\/agadopro-academy.com\/de\/produkt\/meisterkurs-grundlagen-der-fuehrung\/#breadcrumb\"},\"inLanguage\":\"de\",\"potentialAction\":[{\"@type\":\"ReadAction\",\"target\":[\"https:\/\/agadopro-academy.com\/de\/produkt\/meisterkurs-grundlagen-der-fuehrung\/\"]}]},{\"@type\":\"ImageObject\",\"inLanguage\":\"de\",\"@id\":\"https:\/\/agadopro-academy.com\/de\/produkt\/meisterkurs-grundlagen-der-fuehrung\/#primaryimage\",\"url\":\"https:\/\/i0.wp.com\/agadopro-academy.com\/wp-content\/uploads\/2024\/09\/98.jpg?fit=1920%2C1080&ssl=1\",\"contentUrl\":\"https:\/\/i0.wp.com\/agadopro-academy.com\/wp-content\/uploads\/2024\/09\/98.jpg?fit=1920%2C1080&ssl=1\",\"width\":1920,\"height\":1080},{\"@type\":\"BreadcrumbList\",\"@id\":\"https:\/\/agadopro-academy.com\/de\/produkt\/meisterkurs-grundlagen-der-fuehrung\/#breadcrumb\",\"itemListElement\":[{\"@type\":\"ListItem\",\"position\":1,\"name\":\"Startseite\",\"item\":\"https:\/\/agadopro-academy.com\/de\/startseite\/\"},{\"@type\":\"ListItem\",\"position\":2,\"name\":\"Shop\",\"item\":\"https:\/\/agadopro-academy.com\/de\/shop\/\"},{\"@type\":\"ListItem\",\"position\":3,\"name\":\"Meisterkurs Grundlagen der F\u00fchrung\"}]},{\"@type\":\"WebSite\",\"@id\":\"https:\/\/agadopro-academy.com\/de\/#website\",\"url\":\"https:\/\/agadopro-academy.com\/de\/\",\"name\":\"AgadoPro-Academy\",\"description\":\"Empowering Minds, Unlocking Potential\",\"publisher\":{\"@id\":\"https:\/\/agadopro-academy.com\/de\/#organization\"},\"potentialAction\":[{\"@type\":\"SearchAction\",\"target\":{\"@type\":\"EntryPoint\",\"urlTemplate\":\"https:\/\/agadopro-academy.com\/de\/?s={search_term_string}\"},\"query-input\":{\"@type\":\"PropertyValueSpecification\",\"valueRequired\":true,\"valueName\":\"search_term_string\"}}],\"inLanguage\":\"de\"},{\"@type\":\"Organization\",\"@id\":\"https:\/\/agadopro-academy.com\/de\/#organization\",\"name\":\"AgadoPro-Akademie\",\"url\":\"https:\/\/agadopro-academy.com\/de\/\",\"logo\":{\"@type\":\"ImageObject\",\"inLanguage\":\"de\",\"@id\":\"https:\/\/agadopro-academy.com\/de\/#\/schema\/logo\/image\/\",\"url\":\"https:\/\/i0.wp.com\/agadopro-academy.com\/wp-content\/uploads\/2024\/11\/image003-e1732794537988.png?fit=500%2C207&ssl=1\",\"contentUrl\":\"https:\/\/i0.wp.com\/agadopro-academy.com\/wp-content\/uploads\/2024\/11\/image003-e1732794537988.png?fit=500%2C207&ssl=1\",\"width\":500,\"height\":207,\"caption\":\"AgadoPro-Akademie\"},\"image\":{\"@id\":\"https:\/\/agadopro-academy.com\/de\/#\/schema\/logo\/image\/\"},\"sameAs\":[\"https:\/\/www.linkedin.com\/company\/agadopro-academy\/about\/?viewAsMember=true\"]}]}<\/script>\n<!-- \/ Yoast SEO plugin. -->","yoast_head_json":{"title":"Meisterkurs Grundlagen der F\u00fchrung - AgadoPro-Academy","description":"Steigern Sie Ihre F\u00fchrungskompetenzen! Erlernen Sie Soft- und Hard Skills in 12 Wochen, um Teams und Prozesse erfolgreich zu f\u00fchren. Jetzt anmelden!","robots":{"index":"index","follow":"follow","max-snippet":"max-snippet:-1","max-image-preview":"max-image-preview:large","max-video-preview":"max-video-preview:-1"},"canonical":"https:\/\/agadopro-academy.com\/de\/produkt\/meisterkurs-grundlagen-der-fuehrung\/","og_locale":"de_DE","og_type":"article","og_title":"Meisterkurs Grundlagen der F\u00fchrung - AgadoPro-Academy","og_description":"Steigern Sie Ihre F\u00fchrungskompetenzen! Erlernen Sie Soft- und Hard Skills in 12 Wochen, um Teams und Prozesse erfolgreich zu f\u00fchren. Jetzt anmelden!","og_url":"https:\/\/agadopro-academy.com\/de\/produkt\/meisterkurs-grundlagen-der-fuehrung\/","og_site_name":"AgadoPro-Academy","article_modified_time":"2025-04-22T10:40:07+00:00","og_image":[{"width":1920,"height":1080,"url":"https:\/\/agadopro-academy.com\/wp-content\/uploads\/2024\/09\/98.jpg","type":"image\/jpeg"}],"schema":{"@context":"https:\/\/schema.org","@graph":[{"@type":"WebPage","@id":"https:\/\/agadopro-academy.com\/de\/produkt\/meisterkurs-grundlagen-der-fuehrung\/","url":"https:\/\/agadopro-academy.com\/de\/produkt\/meisterkurs-grundlagen-der-fuehrung\/","name":"Meisterkurs Grundlagen der F\u00fchrung - AgadoPro-Academy","isPartOf":{"@id":"https:\/\/agadopro-academy.com\/de\/#website"},"primaryImageOfPage":{"@id":"https:\/\/agadopro-academy.com\/de\/produkt\/meisterkurs-grundlagen-der-fuehrung\/#primaryimage"},"image":{"@id":"https:\/\/agadopro-academy.com\/de\/produkt\/meisterkurs-grundlagen-der-fuehrung\/#primaryimage"},"thumbnailUrl":"https:\/\/i0.wp.com\/agadopro-academy.com\/wp-content\/uploads\/2024\/09\/98.jpg?fit=1920%2C1080&ssl=1","datePublished":"2025-04-01T15:00:18+00:00","dateModified":"2025-04-22T10:40:07+00:00","description":"Steigern Sie Ihre F\u00fchrungskompetenzen! Erlernen Sie Soft- und Hard Skills in 12 Wochen, um Teams und Prozesse erfolgreich zu f\u00fchren. Jetzt anmelden!","breadcrumb":{"@id":"https:\/\/agadopro-academy.com\/de\/produkt\/meisterkurs-grundlagen-der-fuehrung\/#breadcrumb"},"inLanguage":"de","potentialAction":[{"@type":"ReadAction","target":["https:\/\/agadopro-academy.com\/de\/produkt\/meisterkurs-grundlagen-der-fuehrung\/"]}]},{"@type":"ImageObject","inLanguage":"de","@id":"https:\/\/agadopro-academy.com\/de\/produkt\/meisterkurs-grundlagen-der-fuehrung\/#primaryimage","url":"https:\/\/i0.wp.com\/agadopro-academy.com\/wp-content\/uploads\/2024\/09\/98.jpg?fit=1920%2C1080&ssl=1","contentUrl":"https:\/\/i0.wp.com\/agadopro-academy.com\/wp-content\/uploads\/2024\/09\/98.jpg?fit=1920%2C1080&ssl=1","width":1920,"height":1080},{"@type":"BreadcrumbList","@id":"https:\/\/agadopro-academy.com\/de\/produkt\/meisterkurs-grundlagen-der-fuehrung\/#breadcrumb","itemListElement":[{"@type":"ListItem","position":1,"name":"Startseite","item":"https:\/\/agadopro-academy.com\/de\/startseite\/"},{"@type":"ListItem","position":2,"name":"Shop","item":"https:\/\/agadopro-academy.com\/de\/shop\/"},{"@type":"ListItem","position":3,"name":"Meisterkurs Grundlagen der F\u00fchrung"}]},{"@type":"WebSite","@id":"https:\/\/agadopro-academy.com\/de\/#website","url":"https:\/\/agadopro-academy.com\/de\/","name":"AgadoPro-Academy","description":"Empowering Minds, Unlocking Potential","publisher":{"@id":"https:\/\/agadopro-academy.com\/de\/#organization"},"potentialAction":[{"@type":"SearchAction","target":{"@type":"EntryPoint","urlTemplate":"https:\/\/agadopro-academy.com\/de\/?s={search_term_string}"},"query-input":{"@type":"PropertyValueSpecification","valueRequired":true,"valueName":"search_term_string"}}],"inLanguage":"de"},{"@type":"Organization","@id":"https:\/\/agadopro-academy.com\/de\/#organization","name":"AgadoPro-Akademie","url":"https:\/\/agadopro-academy.com\/de\/","logo":{"@type":"ImageObject","inLanguage":"de","@id":"https:\/\/agadopro-academy.com\/de\/#\/schema\/logo\/image\/","url":"https:\/\/i0.wp.com\/agadopro-academy.com\/wp-content\/uploads\/2024\/11\/image003-e1732794537988.png?fit=500%2C207&ssl=1","contentUrl":"https:\/\/i0.wp.com\/agadopro-academy.com\/wp-content\/uploads\/2024\/11\/image003-e1732794537988.png?fit=500%2C207&ssl=1","width":500,"height":207,"caption":"AgadoPro-Akademie"},"image":{"@id":"https:\/\/agadopro-academy.com\/de\/#\/schema\/logo\/image\/"},"sameAs":["https:\/\/www.linkedin.com\/company\/agadopro-academy\/about\/?viewAsMember=true"]}]}},"jetpack_sharing_enabled":true,"jetpack-related-posts":[],"_links":{"self":[{"href":"https:\/\/agadopro-academy.com\/de\/wp-json\/wp\/v2\/product\/32485","targetHints":{"allow":["GET"]}}],"collection":[{"href":"https:\/\/agadopro-academy.com\/de\/wp-json\/wp\/v2\/product"}],"about":[{"href":"https:\/\/agadopro-academy.com\/de\/wp-json\/wp\/v2\/types\/product"}],"replies":[{"embeddable":true,"href":"https:\/\/agadopro-academy.com\/de\/wp-json\/wp\/v2\/comments?post=32485"}],"version-history":[{"count":23,"href":"https:\/\/agadopro-academy.com\/de\/wp-json\/wp\/v2\/product\/32485\/revisions"}],"predecessor-version":[{"id":32525,"href":"https:\/\/agadopro-academy.com\/de\/wp-json\/wp\/v2\/product\/32485\/revisions\/32525"}],"wp:featuredmedia":[{"embeddable":true,"href":"https:\/\/agadopro-academy.com\/de\/wp-json\/wp\/v2\/media\/23942"}],"wp:attachment":[{"href":"https:\/\/agadopro-academy.com\/de\/wp-json\/wp\/v2\/media?parent=32485"}],"wp:term":[{"taxonomy":"product_brand","embeddable":true,"href":"https:\/\/agadopro-academy.com\/de\/wp-json\/wp\/v2\/product_brand?post=32485"},{"taxonomy":"product_cat","embeddable":true,"href":"https:\/\/agadopro-academy.com\/de\/wp-json\/wp\/v2\/product_cat?post=32485"},{"taxonomy":"product_tag","embeddable":true,"href":"https:\/\/agadopro-academy.com\/de\/wp-json\/wp\/v2\/product_tag?post=32485"}],"curies":[{"name":"wp","href":"https:\/\/api.w.org\/{rel}","templated":true}]}}