{"id":22261,"date":"2024-08-15T18:08:35","date_gmt":"2024-08-15T16:08:35","guid":{"rendered":"https:\/\/agadopro-academy.com\/?post_type=product&#038;p=22261"},"modified":"2025-03-02T15:32:07","modified_gmt":"2025-03-02T14:32:07","slug":"silber-agadopro-academy","status":"publish","type":"product","link":"https:\/\/agadopro-academy.com\/de\/produkt\/silber-agadopro-academy\/","title":{"rendered":"Silber &#8211; AgadoPro Academy Monatsabonnement"},"content":{"rendered":"<p data-start=\"0\" data-end=\"79\"><strong data-start=\"0\" data-end=\"77\">AgadoPro-Academy Silber-Programm \u2013 Der Schl\u00fcssel zum beruflichen Erfolg<\/strong><\/p>\n<p data-start=\"81\" data-end=\"282\">Das Silber-Programm der AgadoPro-Academy kombiniert Coaching und projektbasierte Beratung, um Fachkr\u00e4ften und Unternehmen messbare Erfolge zu erm\u00f6glichen. Dieses Programm richtet sich an alle, die:<\/p>\n<ul data-start=\"284\" data-end=\"666\">\n<li data-start=\"284\" data-end=\"411\"><strong data-start=\"286\" data-end=\"320\">Individuelle Weiterentwicklung<\/strong> suchen: Ma\u00dfgeschneidertes Coaching zur Erreichung pers\u00f6nlicher und beruflicher Ziele.<\/li>\n<li data-start=\"412\" data-end=\"524\"><strong data-start=\"414\" data-end=\"437\">Praktische L\u00f6sungen<\/strong> ben\u00f6tigen: Projektbasierte Beratung mit umsetzbaren und nachhaltigen Ergebnissen.<\/li>\n<li data-start=\"525\" data-end=\"666\"><strong data-start=\"527\" data-end=\"550\">Wettbewerbsvorteile<\/strong> erzielen m\u00f6chten: Eine integrierte Strategie, um sich erfolgreich an dynamische Marktver\u00e4nderungen anzupassen.<\/li>\n<\/ul>\n<p data-start=\"668\" data-end=\"719\"><strong data-start=\"668\" data-end=\"717\">Warum das AgadoPro-Academy Silber-Programm?<\/strong><\/p>\n<ul data-start=\"721\" data-end=\"1108\">\n<li data-start=\"721\" data-end=\"857\"><strong data-start=\"723\" data-end=\"755\">Ganzheitliche Unterst\u00fctzung:<\/strong> Die Kombination aus Coaching und Beratung f\u00f6rdert individuelle und organisatorische Entwicklung.<\/li>\n<li data-start=\"858\" data-end=\"951\"><strong data-start=\"860\" data-end=\"892\">Ergebnisorientierter Ansatz:<\/strong> Fokus auf messbare Erfolge und nachhaltiges Wachstum.<\/li>\n<li data-start=\"952\" data-end=\"1108\"><strong data-start=\"954\" data-end=\"995\">Flexibilit\u00e4t und Anpassungsf\u00e4higkeit:<\/strong> Das Programm wird an spezifische Bed\u00fcrfnisse und Ziele angepasst, um maximale Wirksamkeit zu gew\u00e4hrleisten.<\/li>\n<\/ul>\n<p data-start=\"1110\" data-end=\"1293\" data-is-last-node=\"\" data-is-only-node=\"\">Erfahren Sie, wie das AgadoPro-Academy Silber-Programm Ihnen helfen kann, Ihre beruflichen und gesch\u00e4ftlichen Ziele zu erreichen \u2013 und heben Sie Ihre Leistung auf das n\u00e4chste Level!<\/p>\n<p data-start=\"1110\" data-end=\"1293\" data-is-last-node=\"\" data-is-only-node=\"\">Inhalt:<\/p>\n<ul style=\"font-weight: 400;\">\n<li><strong>2 x Q&amp;A-Sitzungen\/Monat<\/strong> &#8211; die f\u00fcr beliebige Q&amp;A genutzt werden k\u00f6nnen<\/li>\n<li><strong>2 x Projektunterst\u00fctzungs-Sitzungen\/Monat<\/strong><\/li>\n<li><strong>1 x Coaching-Sitzung\/Monat<\/strong><\/li>\n<li>Zugang zum AgadoPro Academy Shop<\/li>\n<li>Zugang zu unserem Blog und unseren Podcasts, <strong>Community<\/strong><\/li>\n<li>Zugang zu unserem Youtube-Kanal<\/li>\n<li data-leveltext=\"\uf0b7\" data-font=\"Symbol\" data-listid=\"4\" data-list-defn-props=\"{\" data-aria-posinset=\"1\" data-aria-level=\"1\"><strong>5% Rabatt auf alle Kurse<\/strong><\/li>\n<\/ul>\n","protected":false},"excerpt":{"rendered":"<p>Das Silber-Programm der AgadoPro-Academy kombiniert Coaching und projektbasierte Beratung, um Fachkr\u00e4ften und Unternehmen messbare Erfolge zu erm\u00f6glichen.<\/p>\n<p data-start=\"1110\" data-end=\"1293\" data-is-last-node=\"\" data-is-only-node=\"\">Inhalt:<\/p>\n<ul style=\"font-weight: 400;\">\n<li><strong>2 x Q&amp;A-Sitzungen\/Monat<\/strong> &#8211; die f\u00fcr beliebige Q&amp;A genutzt werden k\u00f6nnen<\/li>\n<li><strong>2 x Projektunterst\u00fctzungs-Sitzungen\/Monat<\/strong><\/li>\n<li><strong>1 x Coaching-Sitzung\/Monat<\/strong><\/li>\n<li>Zugang zum AgadoPro Academy Shop<\/li>\n<li>Zugang zu unserem Blog und unseren Podcasts, <strong>Community<\/strong><\/li>\n<li>Zugang zu unserem Youtube-Kanal<\/li>\n<li data-leveltext=\"\uf0b7\" data-font=\"Symbol\" data-listid=\"4\" data-list-defn-props=\"{\" data-aria-posinset=\"1\" data-aria-level=\"1\"><strong>5% Rabatt auf alle Kurse<\/strong><\/li>\n<\/ul>\n","protected":false},"featured_media":15623,"comment_status":"open","ping_status":"closed","template":"","meta":{"pmpro_default_level":""},"product_brand":[],"product_cat":[2310,2748,1960,1955,2590,1964,1962,2862],"product_tag":[2477,2467,2471,2474,2476,2470,2450,2469,2464,2462,2472,2453,2455,2452],"class_list":{"0":"post-22261","1":"product","2":"type-product","3":"status-publish","4":"has-post-thumbnail","6":"product_cat-abonnement","7":"product_cat-beratung","8":"product_cat-business-und-management","9":"product_cat-coaching-de","10":"product_cat-deutsch","11":"product_cat-fertigungsentwicklung","12":"product_cat-leadership-development-de","13":"product_cat-online-de","14":"product_tag-1zu1-coaching","15":"product_tag-beratungsdienste","16":"product_tag-berufliche-entwicklung","17":"product_tag-business-losungen","18":"product_tag-coaching-de","19":"product_tag-coaching-fur-fuhrungskrafte","20":"product_tag-geschaftsstrategie","21":"product_tag-kommunikationsfahigkeiten","22":"product_tag-operative-effizienz","23":"product_tag-professionelle-beratung","24":"product_tag-prozesskontrolle","25":"product_tag-unternehmensberatung","26":"product_tag-unternehmensberatungslosungen","27":"product_tag-verbesserung-der-geschaftsprozesse","28":"pmpro-has-access","30":"first","31":"instock","32":"featured","33":"virtual","34":"taxable","35":"purchasable","36":"product-type-subscription"},"yoast_head":"<!-- This site is optimized with the Yoast SEO plugin v25.8 - https:\/\/yoast.com\/wordpress\/plugins\/seo\/ -->\n<title>Silber - AgadoPro Academy Monatsabonnement - AgadoPro-Academy<\/title>\n<meta name=\"description\" content=\"Das Silber-Programm der AgadoPro Academy \u2013 ideal f\u00fcr Fachkr\u00e4fte &amp; Unternehmen, die erstklassiges Coaching &amp; Beratung f\u00fcr nachhaltigen Erfolg suchen!\" \/>\n<meta name=\"robots\" content=\"index, follow, max-snippet:-1, max-image-preview:large, max-video-preview:-1\" \/>\n<link rel=\"canonical\" href=\"https:\/\/agadopro-academy.com\/de\/produkt\/silber-agadopro-academy\/\" \/>\n<meta property=\"og:locale\" content=\"de_DE\" \/>\n<meta property=\"og:type\" content=\"article\" \/>\n<meta property=\"og:title\" content=\"Silber - AgadoPro Academy Monatsabonnement - AgadoPro-Academy\" \/>\n<meta property=\"og:description\" content=\"Das Silber-Programm der AgadoPro Academy \u2013 ideal f\u00fcr Fachkr\u00e4fte &amp; Unternehmen, die erstklassiges Coaching &amp; Beratung f\u00fcr nachhaltigen Erfolg suchen!\" \/>\n<meta property=\"og:url\" content=\"https:\/\/agadopro-academy.com\/de\/produkt\/silber-agadopro-academy\/\" \/>\n<meta property=\"og:site_name\" content=\"AgadoPro-Academy\" \/>\n<meta property=\"article:modified_time\" content=\"2025-03-02T14:32:07+00:00\" \/>\n<meta property=\"og:image\" content=\"https:\/\/agadopro-academy.com\/wp-content\/uploads\/2024\/01\/57.png\" \/>\n\t<meta property=\"og:image:width\" content=\"1920\" \/>\n\t<meta property=\"og:image:height\" content=\"1080\" \/>\n\t<meta property=\"og:image:type\" content=\"image\/png\" \/>\n<script type=\"application\/ld+json\" class=\"yoast-schema-graph\">{\"@context\":\"https:\/\/schema.org\",\"@graph\":[{\"@type\":\"WebPage\",\"@id\":\"https:\/\/agadopro-academy.com\/de\/produkt\/silber-agadopro-academy\/\",\"url\":\"https:\/\/agadopro-academy.com\/de\/produkt\/silber-agadopro-academy\/\",\"name\":\"Silber - AgadoPro Academy Monatsabonnement - AgadoPro-Academy\",\"isPartOf\":{\"@id\":\"https:\/\/agadopro-academy.com\/de\/#website\"},\"primaryImageOfPage\":{\"@id\":\"https:\/\/agadopro-academy.com\/de\/produkt\/silber-agadopro-academy\/#primaryimage\"},\"image\":{\"@id\":\"https:\/\/agadopro-academy.com\/de\/produkt\/silber-agadopro-academy\/#primaryimage\"},\"thumbnailUrl\":\"https:\/\/i0.wp.com\/agadopro-academy.com\/wp-content\/uploads\/2024\/01\/57.png?fit=1920%2C1080&ssl=1\",\"datePublished\":\"2024-08-15T16:08:35+00:00\",\"dateModified\":\"2025-03-02T14:32:07+00:00\",\"description\":\"Das Silber-Programm der AgadoPro Academy \u2013 ideal f\u00fcr Fachkr\u00e4fte & Unternehmen, die erstklassiges Coaching & Beratung f\u00fcr nachhaltigen Erfolg suchen!\",\"breadcrumb\":{\"@id\":\"https:\/\/agadopro-academy.com\/de\/produkt\/silber-agadopro-academy\/#breadcrumb\"},\"inLanguage\":\"de\",\"potentialAction\":[{\"@type\":\"ReadAction\",\"target\":[\"https:\/\/agadopro-academy.com\/de\/produkt\/silber-agadopro-academy\/\"]}]},{\"@type\":\"ImageObject\",\"inLanguage\":\"de\",\"@id\":\"https:\/\/agadopro-academy.com\/de\/produkt\/silber-agadopro-academy\/#primaryimage\",\"url\":\"https:\/\/i0.wp.com\/agadopro-academy.com\/wp-content\/uploads\/2024\/01\/57.png?fit=1920%2C1080&ssl=1\",\"contentUrl\":\"https:\/\/i0.wp.com\/agadopro-academy.com\/wp-content\/uploads\/2024\/01\/57.png?fit=1920%2C1080&ssl=1\",\"width\":1920,\"height\":1080},{\"@type\":\"BreadcrumbList\",\"@id\":\"https:\/\/agadopro-academy.com\/de\/produkt\/silber-agadopro-academy\/#breadcrumb\",\"itemListElement\":[{\"@type\":\"ListItem\",\"position\":1,\"name\":\"Startseite\",\"item\":\"https:\/\/agadopro-academy.com\/de\/startseite\/\"},{\"@type\":\"ListItem\",\"position\":2,\"name\":\"Shop\",\"item\":\"https:\/\/agadopro-academy.com\/de\/shop\/\"},{\"@type\":\"ListItem\",\"position\":3,\"name\":\"Silber &#8211; AgadoPro Academy Monatsabonnement\"}]},{\"@type\":\"WebSite\",\"@id\":\"https:\/\/agadopro-academy.com\/de\/#website\",\"url\":\"https:\/\/agadopro-academy.com\/de\/\",\"name\":\"AgadoPro-Academy\",\"description\":\"Empowering Minds, Unlocking Potential\",\"publisher\":{\"@id\":\"https:\/\/agadopro-academy.com\/de\/#organization\"},\"potentialAction\":[{\"@type\":\"SearchAction\",\"target\":{\"@type\":\"EntryPoint\",\"urlTemplate\":\"https:\/\/agadopro-academy.com\/de\/?s={search_term_string}\"},\"query-input\":{\"@type\":\"PropertyValueSpecification\",\"valueRequired\":true,\"valueName\":\"search_term_string\"}}],\"inLanguage\":\"de\"},{\"@type\":\"Organization\",\"@id\":\"https:\/\/agadopro-academy.com\/de\/#organization\",\"name\":\"AgadoPro-Akademie\",\"url\":\"https:\/\/agadopro-academy.com\/de\/\",\"logo\":{\"@type\":\"ImageObject\",\"inLanguage\":\"de\",\"@id\":\"https:\/\/agadopro-academy.com\/de\/#\/schema\/logo\/image\/\",\"url\":\"https:\/\/i0.wp.com\/agadopro-academy.com\/wp-content\/uploads\/2024\/11\/image003-e1732794537988.png?fit=500%2C207&ssl=1\",\"contentUrl\":\"https:\/\/i0.wp.com\/agadopro-academy.com\/wp-content\/uploads\/2024\/11\/image003-e1732794537988.png?fit=500%2C207&ssl=1\",\"width\":500,\"height\":207,\"caption\":\"AgadoPro-Akademie\"},\"image\":{\"@id\":\"https:\/\/agadopro-academy.com\/de\/#\/schema\/logo\/image\/\"},\"sameAs\":[\"https:\/\/www.linkedin.com\/company\/agadopro-academy\/about\/?viewAsMember=true\"]}]}<\/script>\n<!-- \/ Yoast SEO plugin. -->","yoast_head_json":{"title":"Silber - AgadoPro Academy Monatsabonnement - AgadoPro-Academy","description":"Das Silber-Programm der AgadoPro Academy \u2013 ideal f\u00fcr Fachkr\u00e4fte & Unternehmen, die erstklassiges Coaching & Beratung f\u00fcr nachhaltigen Erfolg suchen!","robots":{"index":"index","follow":"follow","max-snippet":"max-snippet:-1","max-image-preview":"max-image-preview:large","max-video-preview":"max-video-preview:-1"},"canonical":"https:\/\/agadopro-academy.com\/de\/produkt\/silber-agadopro-academy\/","og_locale":"de_DE","og_type":"article","og_title":"Silber - AgadoPro Academy Monatsabonnement - AgadoPro-Academy","og_description":"Das Silber-Programm der AgadoPro Academy \u2013 ideal f\u00fcr Fachkr\u00e4fte & Unternehmen, die erstklassiges Coaching & Beratung f\u00fcr nachhaltigen Erfolg suchen!","og_url":"https:\/\/agadopro-academy.com\/de\/produkt\/silber-agadopro-academy\/","og_site_name":"AgadoPro-Academy","article_modified_time":"2025-03-02T14:32:07+00:00","og_image":[{"width":1920,"height":1080,"url":"https:\/\/agadopro-academy.com\/wp-content\/uploads\/2024\/01\/57.png","type":"image\/png"}],"schema":{"@context":"https:\/\/schema.org","@graph":[{"@type":"WebPage","@id":"https:\/\/agadopro-academy.com\/de\/produkt\/silber-agadopro-academy\/","url":"https:\/\/agadopro-academy.com\/de\/produkt\/silber-agadopro-academy\/","name":"Silber - AgadoPro Academy Monatsabonnement - AgadoPro-Academy","isPartOf":{"@id":"https:\/\/agadopro-academy.com\/de\/#website"},"primaryImageOfPage":{"@id":"https:\/\/agadopro-academy.com\/de\/produkt\/silber-agadopro-academy\/#primaryimage"},"image":{"@id":"https:\/\/agadopro-academy.com\/de\/produkt\/silber-agadopro-academy\/#primaryimage"},"thumbnailUrl":"https:\/\/i0.wp.com\/agadopro-academy.com\/wp-content\/uploads\/2024\/01\/57.png?fit=1920%2C1080&ssl=1","datePublished":"2024-08-15T16:08:35+00:00","dateModified":"2025-03-02T14:32:07+00:00","description":"Das Silber-Programm der AgadoPro Academy \u2013 ideal f\u00fcr Fachkr\u00e4fte & Unternehmen, die erstklassiges Coaching & Beratung f\u00fcr nachhaltigen Erfolg suchen!","breadcrumb":{"@id":"https:\/\/agadopro-academy.com\/de\/produkt\/silber-agadopro-academy\/#breadcrumb"},"inLanguage":"de","potentialAction":[{"@type":"ReadAction","target":["https:\/\/agadopro-academy.com\/de\/produkt\/silber-agadopro-academy\/"]}]},{"@type":"ImageObject","inLanguage":"de","@id":"https:\/\/agadopro-academy.com\/de\/produkt\/silber-agadopro-academy\/#primaryimage","url":"https:\/\/i0.wp.com\/agadopro-academy.com\/wp-content\/uploads\/2024\/01\/57.png?fit=1920%2C1080&ssl=1","contentUrl":"https:\/\/i0.wp.com\/agadopro-academy.com\/wp-content\/uploads\/2024\/01\/57.png?fit=1920%2C1080&ssl=1","width":1920,"height":1080},{"@type":"BreadcrumbList","@id":"https:\/\/agadopro-academy.com\/de\/produkt\/silber-agadopro-academy\/#breadcrumb","itemListElement":[{"@type":"ListItem","position":1,"name":"Startseite","item":"https:\/\/agadopro-academy.com\/de\/startseite\/"},{"@type":"ListItem","position":2,"name":"Shop","item":"https:\/\/agadopro-academy.com\/de\/shop\/"},{"@type":"ListItem","position":3,"name":"Silber &#8211; AgadoPro Academy Monatsabonnement"}]},{"@type":"WebSite","@id":"https:\/\/agadopro-academy.com\/de\/#website","url":"https:\/\/agadopro-academy.com\/de\/","name":"AgadoPro-Academy","description":"Empowering Minds, Unlocking Potential","publisher":{"@id":"https:\/\/agadopro-academy.com\/de\/#organization"},"potentialAction":[{"@type":"SearchAction","target":{"@type":"EntryPoint","urlTemplate":"https:\/\/agadopro-academy.com\/de\/?s={search_term_string}"},"query-input":{"@type":"PropertyValueSpecification","valueRequired":true,"valueName":"search_term_string"}}],"inLanguage":"de"},{"@type":"Organization","@id":"https:\/\/agadopro-academy.com\/de\/#organization","name":"AgadoPro-Akademie","url":"https:\/\/agadopro-academy.com\/de\/","logo":{"@type":"ImageObject","inLanguage":"de","@id":"https:\/\/agadopro-academy.com\/de\/#\/schema\/logo\/image\/","url":"https:\/\/i0.wp.com\/agadopro-academy.com\/wp-content\/uploads\/2024\/11\/image003-e1732794537988.png?fit=500%2C207&ssl=1","contentUrl":"https:\/\/i0.wp.com\/agadopro-academy.com\/wp-content\/uploads\/2024\/11\/image003-e1732794537988.png?fit=500%2C207&ssl=1","width":500,"height":207,"caption":"AgadoPro-Akademie"},"image":{"@id":"https:\/\/agadopro-academy.com\/de\/#\/schema\/logo\/image\/"},"sameAs":["https:\/\/www.linkedin.com\/company\/agadopro-academy\/about\/?viewAsMember=true"]}]}},"jetpack_sharing_enabled":true,"jetpack-related-posts":[],"_links":{"self":[{"href":"https:\/\/agadopro-academy.com\/de\/wp-json\/wp\/v2\/product\/22261","targetHints":{"allow":["GET"]}}],"collection":[{"href":"https:\/\/agadopro-academy.com\/de\/wp-json\/wp\/v2\/product"}],"about":[{"href":"https:\/\/agadopro-academy.com\/de\/wp-json\/wp\/v2\/types\/product"}],"replies":[{"embeddable":true,"href":"https:\/\/agadopro-academy.com\/de\/wp-json\/wp\/v2\/comments?post=22261"}],"version-history":[{"count":6,"href":"https:\/\/agadopro-academy.com\/de\/wp-json\/wp\/v2\/product\/22261\/revisions"}],"predecessor-version":[{"id":32542,"href":"https:\/\/agadopro-academy.com\/de\/wp-json\/wp\/v2\/product\/22261\/revisions\/32542"}],"wp:featuredmedia":[{"embeddable":true,"href":"https:\/\/agadopro-academy.com\/de\/wp-json\/wp\/v2\/media\/15623"}],"wp:attachment":[{"href":"https:\/\/agadopro-academy.com\/de\/wp-json\/wp\/v2\/media?parent=22261"}],"wp:term":[{"taxonomy":"product_brand","embeddable":true,"href":"https:\/\/agadopro-academy.com\/de\/wp-json\/wp\/v2\/product_brand?post=22261"},{"taxonomy":"product_cat","embeddable":true,"href":"https:\/\/agadopro-academy.com\/de\/wp-json\/wp\/v2\/product_cat?post=22261"},{"taxonomy":"product_tag","embeddable":true,"href":"https:\/\/agadopro-academy.com\/de\/wp-json\/wp\/v2\/product_tag?post=22261"}],"curies":[{"name":"wp","href":"https:\/\/api.w.org\/{rel}","templated":true}]}}