{"id":22259,"date":"2024-08-15T18:06:56","date_gmt":"2024-08-15T16:06:56","guid":{"rendered":"https:\/\/agadopro-academy.com\/?post_type=product&#038;p=22259"},"modified":"2025-04-03T17:59:38","modified_gmt":"2025-04-03T15:59:38","slug":"starter-agadopro-academy-monatsabonnement-2","status":"publish","type":"product","link":"https:\/\/agadopro-academy.com\/de\/produkt\/starter-agadopro-academy-monatsabonnement-2\/","title":{"rendered":"Starter &#8211; AgadoPro Academy Monatsabonnement"},"content":{"rendered":"<h1>Merkmale:<\/h1>\n<ul>\n<li><strong>Q&amp;A-Sitzungen:<\/strong> 2x monatlich Gruppensitzungen (jeweils 1 Stunde). <strong>(Sie k\u00f6nnen w\u00e4hlen, an welchen Q&amp;A Sie teilnehmen m\u00f6chten.)<\/strong><\/li>\n<li><strong>Zus\u00e4tzliche Vorteile<\/strong>: Webinare, YouTube-Inhalte, Podcasts, Blogs, Community<\/li>\n<\/ul>\n","protected":false},"excerpt":{"rendered":"<p>Merkmale: Q&amp;A-Sitzungen: 2x monatlich Gruppensitzungen (jeweils 1 Stunde). (Sie k\u00f6nnen w\u00e4hlen, an welchen Q&amp;A Sie teilnehmen m\u00f6chten.) Zus\u00e4tzliche Vorteile: Webinare, YouTube-Inhalte, Podcasts, Blogs, Community<\/p>\n","protected":false},"featured_media":15647,"comment_status":"open","ping_status":"closed","template":"","meta":{"pmpro_default_level":""},"product_brand":[],"product_cat":[2310,2748,1955,2590],"product_tag":[],"class_list":{"0":"post-22259","1":"product","2":"type-product","3":"status-publish","4":"has-post-thumbnail","6":"product_cat-abonnement","7":"product_cat-beratung","8":"product_cat-coaching-de","9":"product_cat-deutsch","10":"pmpro-has-access","12":"first","13":"instock","14":"featured","15":"virtual","16":"taxable","17":"purchasable","18":"product-type-subscription"},"yoast_head":"<!-- This site is optimized with the Yoast SEO plugin v25.8 - https:\/\/yoast.com\/wordpress\/plugins\/seo\/ -->\n<title>Starter - AgadoPro Academy Monatsabonnement - AgadoPro-Academy<\/title>\n<meta name=\"robots\" content=\"index, follow, max-snippet:-1, max-image-preview:large, max-video-preview:-1\" \/>\n<link rel=\"canonical\" href=\"https:\/\/agadopro-academy.com\/de\/produkt\/starter-agadopro-academy-monatsabonnement-2\/\" \/>\n<meta property=\"og:locale\" content=\"de_DE\" \/>\n<meta property=\"og:type\" content=\"article\" \/>\n<meta property=\"og:title\" content=\"Starter - AgadoPro Academy Monatsabonnement - AgadoPro-Academy\" \/>\n<meta property=\"og:description\" content=\"Merkmale: Q&amp;A-Sitzungen: 2x monatlich Gruppensitzungen (jeweils 1 Stunde). (Sie k\u00f6nnen w\u00e4hlen, an welchen Q&amp;A Sie teilnehmen m\u00f6chten.) Zus\u00e4tzliche Vorteile: Webinare, YouTube-Inhalte, Podcasts, Blogs, Community\" \/>\n<meta property=\"og:url\" content=\"https:\/\/agadopro-academy.com\/de\/produkt\/starter-agadopro-academy-monatsabonnement-2\/\" \/>\n<meta property=\"og:site_name\" content=\"AgadoPro-Academy\" \/>\n<meta property=\"article:modified_time\" content=\"2025-04-03T15:59:38+00:00\" \/>\n<meta property=\"og:image\" content=\"https:\/\/agadopro-academy.com\/wp-content\/uploads\/2024\/01\/69.png\" \/>\n\t<meta property=\"og:image:width\" content=\"1920\" \/>\n\t<meta property=\"og:image:height\" content=\"1080\" \/>\n\t<meta property=\"og:image:type\" content=\"image\/png\" \/>\n<script type=\"application\/ld+json\" class=\"yoast-schema-graph\">{\"@context\":\"https:\/\/schema.org\",\"@graph\":[{\"@type\":\"WebPage\",\"@id\":\"https:\/\/agadopro-academy.com\/de\/produkt\/starter-agadopro-academy-monatsabonnement-2\/\",\"url\":\"https:\/\/agadopro-academy.com\/de\/produkt\/starter-agadopro-academy-monatsabonnement-2\/\",\"name\":\"Starter - AgadoPro Academy Monatsabonnement - AgadoPro-Academy\",\"isPartOf\":{\"@id\":\"https:\/\/agadopro-academy.com\/de\/#website\"},\"primaryImageOfPage\":{\"@id\":\"https:\/\/agadopro-academy.com\/de\/produkt\/starter-agadopro-academy-monatsabonnement-2\/#primaryimage\"},\"image\":{\"@id\":\"https:\/\/agadopro-academy.com\/de\/produkt\/starter-agadopro-academy-monatsabonnement-2\/#primaryimage\"},\"thumbnailUrl\":\"https:\/\/i0.wp.com\/agadopro-academy.com\/wp-content\/uploads\/2024\/01\/69.png?fit=1920%2C1080&ssl=1\",\"datePublished\":\"2024-08-15T16:06:56+00:00\",\"dateModified\":\"2025-04-03T15:59:38+00:00\",\"breadcrumb\":{\"@id\":\"https:\/\/agadopro-academy.com\/de\/produkt\/starter-agadopro-academy-monatsabonnement-2\/#breadcrumb\"},\"inLanguage\":\"de\",\"potentialAction\":[{\"@type\":\"ReadAction\",\"target\":[\"https:\/\/agadopro-academy.com\/de\/produkt\/starter-agadopro-academy-monatsabonnement-2\/\"]}]},{\"@type\":\"ImageObject\",\"inLanguage\":\"de\",\"@id\":\"https:\/\/agadopro-academy.com\/de\/produkt\/starter-agadopro-academy-monatsabonnement-2\/#primaryimage\",\"url\":\"https:\/\/i0.wp.com\/agadopro-academy.com\/wp-content\/uploads\/2024\/01\/69.png?fit=1920%2C1080&ssl=1\",\"contentUrl\":\"https:\/\/i0.wp.com\/agadopro-academy.com\/wp-content\/uploads\/2024\/01\/69.png?fit=1920%2C1080&ssl=1\",\"width\":1920,\"height\":1080},{\"@type\":\"BreadcrumbList\",\"@id\":\"https:\/\/agadopro-academy.com\/de\/produkt\/starter-agadopro-academy-monatsabonnement-2\/#breadcrumb\",\"itemListElement\":[{\"@type\":\"ListItem\",\"position\":1,\"name\":\"Startseite\",\"item\":\"https:\/\/agadopro-academy.com\/de\/startseite\/\"},{\"@type\":\"ListItem\",\"position\":2,\"name\":\"Shop\",\"item\":\"https:\/\/agadopro-academy.com\/de\/shop\/\"},{\"@type\":\"ListItem\",\"position\":3,\"name\":\"Starter &#8211; AgadoPro Academy Monatsabonnement\"}]},{\"@type\":\"WebSite\",\"@id\":\"https:\/\/agadopro-academy.com\/de\/#website\",\"url\":\"https:\/\/agadopro-academy.com\/de\/\",\"name\":\"AgadoPro-Academy\",\"description\":\"Empowering Minds, Unlocking Potential\",\"publisher\":{\"@id\":\"https:\/\/agadopro-academy.com\/de\/#organization\"},\"potentialAction\":[{\"@type\":\"SearchAction\",\"target\":{\"@type\":\"EntryPoint\",\"urlTemplate\":\"https:\/\/agadopro-academy.com\/de\/?s={search_term_string}\"},\"query-input\":{\"@type\":\"PropertyValueSpecification\",\"valueRequired\":true,\"valueName\":\"search_term_string\"}}],\"inLanguage\":\"de\"},{\"@type\":\"Organization\",\"@id\":\"https:\/\/agadopro-academy.com\/de\/#organization\",\"name\":\"AgadoPro-Akademie\",\"url\":\"https:\/\/agadopro-academy.com\/de\/\",\"logo\":{\"@type\":\"ImageObject\",\"inLanguage\":\"de\",\"@id\":\"https:\/\/agadopro-academy.com\/de\/#\/schema\/logo\/image\/\",\"url\":\"https:\/\/i0.wp.com\/agadopro-academy.com\/wp-content\/uploads\/2024\/11\/image003-e1732794537988.png?fit=500%2C207&ssl=1\",\"contentUrl\":\"https:\/\/i0.wp.com\/agadopro-academy.com\/wp-content\/uploads\/2024\/11\/image003-e1732794537988.png?fit=500%2C207&ssl=1\",\"width\":500,\"height\":207,\"caption\":\"AgadoPro-Akademie\"},\"image\":{\"@id\":\"https:\/\/agadopro-academy.com\/de\/#\/schema\/logo\/image\/\"},\"sameAs\":[\"https:\/\/www.linkedin.com\/company\/agadopro-academy\/about\/?viewAsMember=true\"]}]}<\/script>\n<!-- \/ Yoast SEO plugin. -->","yoast_head_json":{"title":"Starter - AgadoPro Academy Monatsabonnement - AgadoPro-Academy","robots":{"index":"index","follow":"follow","max-snippet":"max-snippet:-1","max-image-preview":"max-image-preview:large","max-video-preview":"max-video-preview:-1"},"canonical":"https:\/\/agadopro-academy.com\/de\/produkt\/starter-agadopro-academy-monatsabonnement-2\/","og_locale":"de_DE","og_type":"article","og_title":"Starter - AgadoPro Academy Monatsabonnement - AgadoPro-Academy","og_description":"Merkmale: Q&amp;A-Sitzungen: 2x monatlich Gruppensitzungen (jeweils 1 Stunde). (Sie k\u00f6nnen w\u00e4hlen, an welchen Q&amp;A Sie teilnehmen m\u00f6chten.) Zus\u00e4tzliche Vorteile: Webinare, YouTube-Inhalte, Podcasts, Blogs, Community","og_url":"https:\/\/agadopro-academy.com\/de\/produkt\/starter-agadopro-academy-monatsabonnement-2\/","og_site_name":"AgadoPro-Academy","article_modified_time":"2025-04-03T15:59:38+00:00","og_image":[{"width":1920,"height":1080,"url":"https:\/\/agadopro-academy.com\/wp-content\/uploads\/2024\/01\/69.png","type":"image\/png"}],"schema":{"@context":"https:\/\/schema.org","@graph":[{"@type":"WebPage","@id":"https:\/\/agadopro-academy.com\/de\/produkt\/starter-agadopro-academy-monatsabonnement-2\/","url":"https:\/\/agadopro-academy.com\/de\/produkt\/starter-agadopro-academy-monatsabonnement-2\/","name":"Starter - AgadoPro Academy Monatsabonnement - AgadoPro-Academy","isPartOf":{"@id":"https:\/\/agadopro-academy.com\/de\/#website"},"primaryImageOfPage":{"@id":"https:\/\/agadopro-academy.com\/de\/produkt\/starter-agadopro-academy-monatsabonnement-2\/#primaryimage"},"image":{"@id":"https:\/\/agadopro-academy.com\/de\/produkt\/starter-agadopro-academy-monatsabonnement-2\/#primaryimage"},"thumbnailUrl":"https:\/\/i0.wp.com\/agadopro-academy.com\/wp-content\/uploads\/2024\/01\/69.png?fit=1920%2C1080&ssl=1","datePublished":"2024-08-15T16:06:56+00:00","dateModified":"2025-04-03T15:59:38+00:00","breadcrumb":{"@id":"https:\/\/agadopro-academy.com\/de\/produkt\/starter-agadopro-academy-monatsabonnement-2\/#breadcrumb"},"inLanguage":"de","potentialAction":[{"@type":"ReadAction","target":["https:\/\/agadopro-academy.com\/de\/produkt\/starter-agadopro-academy-monatsabonnement-2\/"]}]},{"@type":"ImageObject","inLanguage":"de","@id":"https:\/\/agadopro-academy.com\/de\/produkt\/starter-agadopro-academy-monatsabonnement-2\/#primaryimage","url":"https:\/\/i0.wp.com\/agadopro-academy.com\/wp-content\/uploads\/2024\/01\/69.png?fit=1920%2C1080&ssl=1","contentUrl":"https:\/\/i0.wp.com\/agadopro-academy.com\/wp-content\/uploads\/2024\/01\/69.png?fit=1920%2C1080&ssl=1","width":1920,"height":1080},{"@type":"BreadcrumbList","@id":"https:\/\/agadopro-academy.com\/de\/produkt\/starter-agadopro-academy-monatsabonnement-2\/#breadcrumb","itemListElement":[{"@type":"ListItem","position":1,"name":"Startseite","item":"https:\/\/agadopro-academy.com\/de\/startseite\/"},{"@type":"ListItem","position":2,"name":"Shop","item":"https:\/\/agadopro-academy.com\/de\/shop\/"},{"@type":"ListItem","position":3,"name":"Starter &#8211; AgadoPro Academy Monatsabonnement"}]},{"@type":"WebSite","@id":"https:\/\/agadopro-academy.com\/de\/#website","url":"https:\/\/agadopro-academy.com\/de\/","name":"AgadoPro-Academy","description":"Empowering Minds, Unlocking Potential","publisher":{"@id":"https:\/\/agadopro-academy.com\/de\/#organization"},"potentialAction":[{"@type":"SearchAction","target":{"@type":"EntryPoint","urlTemplate":"https:\/\/agadopro-academy.com\/de\/?s={search_term_string}"},"query-input":{"@type":"PropertyValueSpecification","valueRequired":true,"valueName":"search_term_string"}}],"inLanguage":"de"},{"@type":"Organization","@id":"https:\/\/agadopro-academy.com\/de\/#organization","name":"AgadoPro-Akademie","url":"https:\/\/agadopro-academy.com\/de\/","logo":{"@type":"ImageObject","inLanguage":"de","@id":"https:\/\/agadopro-academy.com\/de\/#\/schema\/logo\/image\/","url":"https:\/\/i0.wp.com\/agadopro-academy.com\/wp-content\/uploads\/2024\/11\/image003-e1732794537988.png?fit=500%2C207&ssl=1","contentUrl":"https:\/\/i0.wp.com\/agadopro-academy.com\/wp-content\/uploads\/2024\/11\/image003-e1732794537988.png?fit=500%2C207&ssl=1","width":500,"height":207,"caption":"AgadoPro-Akademie"},"image":{"@id":"https:\/\/agadopro-academy.com\/de\/#\/schema\/logo\/image\/"},"sameAs":["https:\/\/www.linkedin.com\/company\/agadopro-academy\/about\/?viewAsMember=true"]}]}},"jetpack_sharing_enabled":true,"jetpack-related-posts":[],"_links":{"self":[{"href":"https:\/\/agadopro-academy.com\/de\/wp-json\/wp\/v2\/product\/22259","targetHints":{"allow":["GET"]}}],"collection":[{"href":"https:\/\/agadopro-academy.com\/de\/wp-json\/wp\/v2\/product"}],"about":[{"href":"https:\/\/agadopro-academy.com\/de\/wp-json\/wp\/v2\/types\/product"}],"replies":[{"embeddable":true,"href":"https:\/\/agadopro-academy.com\/de\/wp-json\/wp\/v2\/comments?post=22259"}],"version-history":[{"count":2,"href":"https:\/\/agadopro-academy.com\/de\/wp-json\/wp\/v2\/product\/22259\/revisions"}],"predecessor-version":[{"id":26879,"href":"https:\/\/agadopro-academy.com\/de\/wp-json\/wp\/v2\/product\/22259\/revisions\/26879"}],"wp:featuredmedia":[{"embeddable":true,"href":"https:\/\/agadopro-academy.com\/de\/wp-json\/wp\/v2\/media\/15647"}],"wp:attachment":[{"href":"https:\/\/agadopro-academy.com\/de\/wp-json\/wp\/v2\/media?parent=22259"}],"wp:term":[{"taxonomy":"product_brand","embeddable":true,"href":"https:\/\/agadopro-academy.com\/de\/wp-json\/wp\/v2\/product_brand?post=22259"},{"taxonomy":"product_cat","embeddable":true,"href":"https:\/\/agadopro-academy.com\/de\/wp-json\/wp\/v2\/product_cat?post=22259"},{"taxonomy":"product_tag","embeddable":true,"href":"https:\/\/agadopro-academy.com\/de\/wp-json\/wp\/v2\/product_tag?post=22259"}],"curies":[{"name":"wp","href":"https:\/\/api.w.org\/{rel}","templated":true}]}}